{"id":840,"date":"2022-12-11T08:38:52","date_gmt":"2022-12-11T07:38:52","guid":{"rendered":"https:\/\/blogsaverroes.juntadeandalucia.es\/pre\/plantilla-pencil\/?page_id=840"},"modified":"2022-12-11T18:00:24","modified_gmt":"2022-12-11T17:00:24","slug":"ampa","status":"publish","type":"page","link":"https:\/\/blogsaverroes.juntadeandalucia.es\/iesboliches\/ampa\/","title":{"rendered":"AMPA"},"content":{"rendered":"<p>[et_pb_section fb_built=&#8221;1&#8243; _builder_version=&#8221;3.23.3&#8243; custom_padding=&#8221;0px||0px|&#8221; z_index_tablet=&#8221;500&#8243; box_shadow_horizontal_tablet=&#8221;0px&#8221; box_shadow_vertical_tablet=&#8221;0px&#8221; box_shadow_blur_tablet=&#8221;40px&#8221; box_shadow_spread_tablet=&#8221;0px&#8221; global_colors_info=&#8221;{}&#8221;][et_pb_row _builder_version=&#8221;3.25&#8243; background_size=&#8221;initial&#8221; background_position=&#8221;top_left&#8221; background_repeat=&#8221;repeat&#8221; hover_enabled=&#8221;0&#8243; global_colors_info=&#8221;{}&#8221; sticky_enabled=&#8221;0&#8243;][et_pb_column type=&#8221;4_4&#8243; _builder_version=&#8221;3.25&#8243; custom_padding=&#8221;|||&#8221; global_colors_info=&#8221;{}&#8221; custom_padding__hover=&#8221;|||&#8221;][et_pb_image src=&#8221;https:\/\/blogsaverroes.juntadeandalucia.es\/iesboliches\/files\/2020\/01\/pencils-1.png&#8221; title_text=&#8221;L\u00e1pices&#8221; admin_label=&#8221;Imagen de la portada&#8221; _builder_version=&#8221;4.14.5&#8243; hover_enabled=&#8221;0&#8243; z_index_tablet=&#8221;500&#8243; box_shadow_horizontal_tablet=&#8221;0px&#8221; box_shadow_vertical_tablet=&#8221;0px&#8221; box_shadow_blur_tablet=&#8221;40px&#8221; box_shadow_spread_tablet=&#8221;0px&#8221; global_colors_info=&#8221;{}&#8221; sticky_enabled=&#8221;0&#8243; alt=&#8221;L\u00e1pices&#8221;][\/et_pb_image][et_pb_text _builder_version=&#8221;4.14.5&#8243; _module_preset=&#8221;default&#8221; hover_enabled=&#8221;0&#8243; sticky_enabled=&#8221;0&#8243; custom_margin=&#8221;-200px||200px||false|false&#8221; min_height=&#8221;43px&#8221;]<\/p>\n<h1 style=\"text-align: center\"><strong>AMPA FEIJOO<\/strong><\/h1>\n<p>[\/et_pb_text][et_pb_text admin_label=&#8221;Texto descriptivo&#8221; _builder_version=&#8221;4.14.5&#8243; hover_enabled=&#8221;0&#8243; z_index_tablet=&#8221;500&#8243; text_text_shadow_horizontal_length_tablet=&#8221;0px&#8221; text_text_shadow_vertical_length_tablet=&#8221;0px&#8221; text_text_shadow_blur_strength_tablet=&#8221;1px&#8221; link_text_shadow_horizontal_length_tablet=&#8221;0px&#8221; link_text_shadow_vertical_length_tablet=&#8221;0px&#8221; link_text_shadow_blur_strength_tablet=&#8221;1px&#8221; ul_text_shadow_horizontal_length_tablet=&#8221;0px&#8221; ul_text_shadow_vertical_length_tablet=&#8221;0px&#8221; ul_text_shadow_blur_strength_tablet=&#8221;1px&#8221; ol_text_shadow_horizontal_length_tablet=&#8221;0px&#8221; ol_text_shadow_vertical_length_tablet=&#8221;0px&#8221; ol_text_shadow_blur_strength_tablet=&#8221;1px&#8221; quote_text_shadow_horizontal_length_tablet=&#8221;0px&#8221; quote_text_shadow_vertical_length_tablet=&#8221;0px&#8221; quote_text_shadow_blur_strength_tablet=&#8221;1px&#8221; header_text_shadow_horizontal_length_tablet=&#8221;0px&#8221; header_text_shadow_vertical_length_tablet=&#8221;0px&#8221; header_text_shadow_blur_strength_tablet=&#8221;1px&#8221; header_2_text_shadow_horizontal_length_tablet=&#8221;0px&#8221; header_2_text_shadow_vertical_length_tablet=&#8221;0px&#8221; header_2_text_shadow_blur_strength_tablet=&#8221;1px&#8221; header_3_text_shadow_horizontal_length_tablet=&#8221;0px&#8221; header_3_text_shadow_vertical_length_tablet=&#8221;0px&#8221; header_3_text_shadow_blur_strength_tablet=&#8221;1px&#8221; header_4_text_shadow_horizontal_length_tablet=&#8221;0px&#8221; header_4_text_shadow_vertical_length_tablet=&#8221;0px&#8221; header_4_text_shadow_blur_strength_tablet=&#8221;1px&#8221; header_5_text_shadow_horizontal_length_tablet=&#8221;0px&#8221; header_5_text_shadow_vertical_length_tablet=&#8221;0px&#8221; header_5_text_shadow_blur_strength_tablet=&#8221;1px&#8221; header_6_text_shadow_horizontal_length_tablet=&#8221;0px&#8221; header_6_text_shadow_vertical_length_tablet=&#8221;0px&#8221; header_6_text_shadow_blur_strength_tablet=&#8221;1px&#8221; box_shadow_horizontal_tablet=&#8221;0px&#8221; box_shadow_vertical_tablet=&#8221;0px&#8221; box_shadow_blur_tablet=&#8221;40px&#8221; box_shadow_spread_tablet=&#8221;0px&#8221; global_colors_info=&#8221;{}&#8221; sticky_enabled=&#8221;0&#8243;]<\/p>\n<h3 id=\"sites-page-title-header\" align=\"left\"><span id=\"sites-page-title\" dir=\"ltr\">\u00bfQui\u00e9nes somos?<\/span><\/h3>\n<div id=\"sites-canvas-main\" class=\"sites-canvas-main\">\n<div id=\"sites-canvas-main-content\">\n<table cellspacing=\"0\" class=\"sites-layout-name-one-column sites-layout-hbox\">\n<tbody>\n<tr>\n<td class=\"sites-layout-tile sites-tile-name-content-1\">\n<div dir=\"ltr\">\n<p>1.-<span>\u00a0<\/span><b>Somos una asociaci\u00f3n apol\u00edtica<\/b><span>\u00a0<\/span>y que trabaja de forma voluntaria y sin \u00e1nimo de lucro, formada por padres y madres de alumnos del centro que hemos decidido implicarnos activamente en la educaci\u00f3n de nuestros hijos.<\/p>\n<p>2.-<span>\u00a0<\/span><b>Nuestras principales finalidades son:<\/b><\/p>\n<ul>\n<li>Asistir e informar a los padres pertenecientes a la asociaci\u00f3n de todo lo que concierne a la educaci\u00f3n de sus hijos.<\/li>\n<li>Colaborar con las actividades educativas del centro (actividades extraescolares, organizaci\u00f3n de fiestas, proyectos internos, jornadas deportivas, etc.).<\/li>\n<li>Promover la presentaci\u00f3n y participaci\u00f3n de los padres en\u00a0 la gesti\u00f3n del centro, en el Consejo Escolar.<\/li>\n<\/ul>\n<p>Nosotros como padres\/madres\/tutores tenemos una responsabilidad importante, que es la de interesarnos y estar informados del proceso educativo de nuestros hijos.\u00a0 Esto lo podemos hacer de manera individual (a trav\u00e9s de las tutor\u00edas) o de forma colectiva (a trav\u00e9s de la Asociaci\u00f3n de Padres y Madres \u2013AMPA-).<\/p>\n<p>Desde nuestra condici\u00f3n de Padres\/Tutores\/Educadores, queremos que la AMPA sea el punto de conexi\u00f3n entre familia y escuela. Todo lo que hagamos por mejorar la calidad de la educaci\u00f3n de nuestros hijos, ser\u00e1 la mejor inversi\u00f3n y la \u00fanica herencia segura que les podamos dejar.<\/p>\n<p>Nos gustar\u00eda intentar cambiar la cultura de la \u201cqueja\u201d por la de la \u201cparticipaci\u00f3n\u201d para poder hacer muchas m\u00e1s cosas y con m\u00e1s \u00e1nimo. Para ello necesitamos estar en contacto y agradecer\u00edamos recibir vuestras aportaciones o sugerencias, bien a trav\u00e9s de nuestra direcci\u00f3n de correo ampa@iesboliches.com\u00a0 o\u00a0 en el buz\u00f3n de la AMPA que se encuentra en el recibidor del Instituto.<\/p>\n<p>Os animamos a todos a formar parte de la aventura\u00a0 \u00a1vale la pena!\u00a0\u00a0\u00a0\u00a0\u00a0\u00a0<\/p>\n<p>\u00a0\u00a0\u00a0\u00a0\u00a0\u00a0\u00a0\u00a0\u00a0\u00a0\u00a0\u00a0\u00a0\u00a0\u00a0\u00a0\u00a0\u00a0\u00a0\u00a0\u00a0\u00a0\u00a0\u00a0\u00a0\u00a0\u00a0\u00a0\u00a0\u00a0\u00a0\u00a0\u00a0\u00a0\u00a0\u00a0\u00a0\u00a0\u00a0\u00a0\u00a0\u00a0\u00a0\u00a0\u00a0\u00a0\u00a0\u00a0\u00a0\u00a0\u00a0\u00a0\u00a0\u00a0\u00a0\u00a0\u00a0\u00a0\u00a0\u00a0\u00a0\u00a0\u00a0\u00a0\u00a0\u00a0\u00a0<strong><span>\u00a0<\/span>LA\u00a0 JUNTA DIRECTIVA<\/strong><\/p>\n<\/div>\n<\/td>\n<\/tr>\n<\/tbody>\n<\/table>\n<\/div>\n<\/div>\n<p>[\/et_pb_text][\/et_pb_column][\/et_pb_row][et_pb_row _builder_version=&#8221;4.14.5&#8243; _module_preset=&#8221;default&#8221;][et_pb_column _builder_version=&#8221;4.14.5&#8243; _module_preset=&#8221;default&#8221; type=&#8221;4_4&#8243;][et_pb_blurb title=&#8221;P\u00e1gina web del AMPA Feijoo&#8221; _builder_version=&#8221;4.14.5&#8243; _module_preset=&#8221;default&#8221; url=&#8221;https:\/\/sites.google.com\/a\/iesboliches.org\/ampa\/inicio&#8221; url_new_window=&#8221;on&#8221; link_option_url=&#8221;https:\/\/sites.google.com\/a\/iesboliches.org\/ampa\/inicio&#8221; link_option_url_new_window=&#8221;on&#8221; hover_enabled=&#8221;0&#8243; sticky_enabled=&#8221;0&#8243; use_icon=&#8221;on&#8221; font_icon=&#8221;&#x52;||divi||400&#8243; header_text_align=&#8221;center&#8221; image_icon_width=&#8221;32px&#8221; background_color=&#8221;#e8e8e8&#8243;][\/et_pb_blurb][\/et_pb_column][\/et_pb_row][\/et_pb_section]<\/p>\n","protected":false},"excerpt":{"rendered":"<p>AMPA FEIJOO\u00bfQui\u00e9nes somos? 1.-\u00a0Somos una asociaci\u00f3n apol\u00edtica\u00a0y que trabaja de forma voluntaria y sin \u00e1nimo de lucro, formada por padres y madres de alumnos del centro que hemos decidido implicarnos activamente en la educaci\u00f3n de nuestros hijos. 2.-\u00a0Nuestras principales finalidades son: Asistir e informar a los padres pertenecientes a la asociaci\u00f3n de todo lo que [&hellip;]<\/p>\n","protected":false},"author":5370,"featured_media":0,"parent":0,"menu_order":0,"comment_status":"closed","ping_status":"closed","template":"","meta":{"_et_pb_use_builder":"on","_et_pb_old_content":"","_et_gb_content_width":"","ngg_post_thumbnail":0,"footnotes":""},"aioseo_notices":[],"_links":{"self":[{"href":"https:\/\/blogsaverroes.juntadeandalucia.es\/iesboliches\/wp-json\/wp\/v2\/pages\/840"}],"collection":[{"href":"https:\/\/blogsaverroes.juntadeandalucia.es\/iesboliches\/wp-json\/wp\/v2\/pages"}],"about":[{"href":"https:\/\/blogsaverroes.juntadeandalucia.es\/iesboliches\/wp-json\/wp\/v2\/types\/page"}],"author":[{"embeddable":true,"href":"https:\/\/blogsaverroes.juntadeandalucia.es\/iesboliches\/wp-json\/wp\/v2\/users\/5370"}],"replies":[{"embeddable":true,"href":"https:\/\/blogsaverroes.juntadeandalucia.es\/iesboliches\/wp-json\/wp\/v2\/comments?post=840"}],"version-history":[{"count":3,"href":"https:\/\/blogsaverroes.juntadeandalucia.es\/iesboliches\/wp-json\/wp\/v2\/pages\/840\/revisions"}],"predecessor-version":[{"id":1752,"href":"https:\/\/blogsaverroes.juntadeandalucia.es\/iesboliches\/wp-json\/wp\/v2\/pages\/840\/revisions\/1752"}],"wp:attachment":[{"href":"https:\/\/blogsaverroes.juntadeandalucia.es\/iesboliches\/wp-json\/wp\/v2\/media?parent=840"}],"curies":[{"name":"wp","href":"https:\/\/api.w.org\/{rel}","templated":true}]}}