{"id":35,"date":"2015-03-13T08:21:43","date_gmt":"2015-03-13T08:21:43","guid":{"rendered":"http:\/\/blogsaverroes.juntadeandalucia.es\/pre\/ceip\/?page_id=35"},"modified":"2023-05-22T09:35:11","modified_gmt":"2023-05-22T09:35:11","slug":"el-centro-2","status":"publish","type":"page","link":"https:\/\/blogsaverroes.juntadeandalucia.es\/iesbotanicosanlucar\/","title":{"rendered":"Datos del centro &#8211; IES BOT\u00c1NICO"},"content":{"rendered":"<p style=\"text-align: center\"><a href=\"https:\/\/blogsaverroes.juntadeandalucia.es\/iesbotanicosanlucar\/files\/2018\/10\/cropped-BOTANICO-1819-20181002_095430.jpg\"><img loading=\"lazy\" decoding=\"async\" class=\"alignnone size-medium wp-image-2347\" src=\"https:\/\/blogsaverroes.juntadeandalucia.es\/iesbotanicosanlucar\/files\/2018\/10\/cropped-BOTANICO-1819-20181002_095430-300x300.jpg\" alt=\"\" width=\"300\" height=\"300\" srcset=\"https:\/\/blogsaverroes.juntadeandalucia.es\/iesbotanicosanlucar\/files\/2018\/10\/cropped-BOTANICO-1819-20181002_095430-300x300.jpg 300w, https:\/\/blogsaverroes.juntadeandalucia.es\/iesbotanicosanlucar\/files\/2018\/10\/cropped-BOTANICO-1819-20181002_095430-150x150.jpg 150w, https:\/\/blogsaverroes.juntadeandalucia.es\/iesbotanicosanlucar\/files\/2018\/10\/cropped-BOTANICO-1819-20181002_095430-100x100.jpg 100w, https:\/\/blogsaverroes.juntadeandalucia.es\/iesbotanicosanlucar\/files\/2018\/10\/cropped-BOTANICO-1819-20181002_095430-24x24.jpg 24w, https:\/\/blogsaverroes.juntadeandalucia.es\/iesbotanicosanlucar\/files\/2018\/10\/cropped-BOTANICO-1819-20181002_095430-36x36.jpg 36w, https:\/\/blogsaverroes.juntadeandalucia.es\/iesbotanicosanlucar\/files\/2018\/10\/cropped-BOTANICO-1819-20181002_095430-48x48.jpg 48w, https:\/\/blogsaverroes.juntadeandalucia.es\/iesbotanicosanlucar\/files\/2018\/10\/cropped-BOTANICO-1819-20181002_095430-270x270.jpg 270w, https:\/\/blogsaverroes.juntadeandalucia.es\/iesbotanicosanlucar\/files\/2018\/10\/cropped-BOTANICO-1819-20181002_095430-192x192.jpg 192w, https:\/\/blogsaverroes.juntadeandalucia.es\/iesbotanicosanlucar\/files\/2018\/10\/cropped-BOTANICO-1819-20181002_095430-180x180.jpg 180w, https:\/\/blogsaverroes.juntadeandalucia.es\/iesbotanicosanlucar\/files\/2018\/10\/cropped-BOTANICO-1819-20181002_095430-32x32.jpg 32w, https:\/\/blogsaverroes.juntadeandalucia.es\/iesbotanicosanlucar\/files\/2018\/10\/cropped-BOTANICO-1819-20181002_095430.jpg 512w\" sizes=\"(max-width: 300px) 100vw, 300px\" \/><\/a><\/p>\n<p><em><strong>Datos de contacto:<\/strong><\/em><\/p>\n<p>&nbsp; &nbsp; &nbsp; &nbsp; &nbsp; &nbsp;<span style=\"text-decoration: underline\"><em><strong>DATOS DEL CENTRO<\/strong><\/em><\/span><\/p>\n<ul style=\"list-style-type: circle\">\n<li><strong>&nbsp; &nbsp;Direcci\u00f3n:<\/strong>&nbsp; Avda. Pozo de las Vacas, s\/n. 11.540. Sanl\u00facar de Barrameda (C\u00e1diz)<\/li>\n<li><strong>&nbsp; &nbsp;Tel\u00e9fono:<\/strong><strong>&nbsp;<\/strong>956 38 69 93<\/li>\n<\/ul>\n<p><strong>&nbsp; &nbsp; &nbsp; &nbsp; &nbsp;<span style=\"text-decoration: underline\"><em> HORARIOS<\/em><\/span><\/strong><\/p>\n<p>&nbsp; &nbsp; &nbsp; El horario del centro educativo es el que se muestra a continuaci\u00f3n:<\/p>\n<ul style=\"list-style-type: circle\">\n<li>&nbsp; &nbsp; &nbsp;Horario lectivo:&nbsp;&nbsp;8:30h-15:00h<\/li>\n<li>&nbsp; &nbsp; &nbsp;Horario tutor\u00edas: Lunes de&nbsp;16:00h-17:00h<\/li>\n<\/ul>\n<p><strong><em>&nbsp; &nbsp; &nbsp; &nbsp;<u>OFERTA EDUCATIVA<\/u><\/em><\/strong><\/p>\n<p style=\"text-align: left\">&nbsp; &nbsp; &nbsp;La oferta educativa que se ofrece en el centro es la ense\u00f1anza obligatoria de secundaria desde 1\u00ba hasta 4\u00ba de ESO.<\/p>\n<p><strong><em>&nbsp; &nbsp; &nbsp; &nbsp;<u>INSTALACIONES<\/u><\/em><\/strong><\/p>\n<ul style=\"list-style-type: circle\">\n<li style=\"text-align: left\">El centro est\u00e1 dotado de las instalaciones que se muestran a continuaci\u00f3n:<\/li>\n<\/ul>\n<div id=\"attachment_2416\" style=\"width: 514px\" class=\"wp-caption aligncenter\"><a href=\"https:\/\/blogsaverroes.juntadeandalucia.es\/iesbotanicosanlucar\/files\/2015\/03\/IMG_20181011_090640.jpg\"><img loading=\"lazy\" decoding=\"async\" aria-describedby=\"caption-attachment-2416\" class=\" wp-image-2416\" src=\"https:\/\/blogsaverroes.juntadeandalucia.es\/iesbotanicosanlucar\/files\/2015\/03\/IMG_20181011_090640-300x225.jpg\" alt=\"\" width=\"504\" height=\"378\" srcset=\"https:\/\/blogsaverroes.juntadeandalucia.es\/iesbotanicosanlucar\/files\/2015\/03\/IMG_20181011_090640-300x225.jpg 300w, https:\/\/blogsaverroes.juntadeandalucia.es\/iesbotanicosanlucar\/files\/2015\/03\/IMG_20181011_090640-1024x768.jpg 1024w, https:\/\/blogsaverroes.juntadeandalucia.es\/iesbotanicosanlucar\/files\/2015\/03\/IMG_20181011_090640-24x18.jpg 24w, https:\/\/blogsaverroes.juntadeandalucia.es\/iesbotanicosanlucar\/files\/2015\/03\/IMG_20181011_090640-36x27.jpg 36w, https:\/\/blogsaverroes.juntadeandalucia.es\/iesbotanicosanlucar\/files\/2015\/03\/IMG_20181011_090640-48x36.jpg 48w, https:\/\/blogsaverroes.juntadeandalucia.es\/iesbotanicosanlucar\/files\/2015\/03\/IMG_20181011_090640.jpg 1600w\" sizes=\"(max-width: 504px) 100vw, 504px\" \/><\/a><p id=\"caption-attachment-2416\" class=\"wp-caption-text\">&nbsp; &nbsp; &nbsp; &nbsp; &nbsp; &nbsp; &nbsp; &nbsp; &nbsp; &nbsp; &nbsp; &nbsp; &nbsp; &nbsp; &nbsp; &nbsp; &nbsp; &nbsp;<em><strong>&nbsp; &nbsp; &nbsp; &nbsp; &nbsp; &nbsp; &nbsp; &nbsp; &nbsp; &nbsp; &nbsp; &nbsp; &nbsp; &nbsp; &nbsp;Biblioteca<\/strong><\/em><\/p><\/div>\n<div id=\"attachment_2407\" style=\"width: 507px\" class=\"wp-caption aligncenter\"><a href=\"https:\/\/blogsaverroes.juntadeandalucia.es\/iesbotanicosanlucar\/files\/2015\/03\/IMG_20181011_090035.jpg\"><img loading=\"lazy\" decoding=\"async\" aria-describedby=\"caption-attachment-2407\" class=\" wp-image-2407\" src=\"https:\/\/blogsaverroes.juntadeandalucia.es\/iesbotanicosanlucar\/files\/2015\/03\/IMG_20181011_090035-300x225.jpg\" alt=\"\" width=\"497\" height=\"373\" srcset=\"https:\/\/blogsaverroes.juntadeandalucia.es\/iesbotanicosanlucar\/files\/2015\/03\/IMG_20181011_090035-300x225.jpg 300w, https:\/\/blogsaverroes.juntadeandalucia.es\/iesbotanicosanlucar\/files\/2015\/03\/IMG_20181011_090035-1024x768.jpg 1024w, https:\/\/blogsaverroes.juntadeandalucia.es\/iesbotanicosanlucar\/files\/2015\/03\/IMG_20181011_090035-24x18.jpg 24w, https:\/\/blogsaverroes.juntadeandalucia.es\/iesbotanicosanlucar\/files\/2015\/03\/IMG_20181011_090035-36x27.jpg 36w, https:\/\/blogsaverroes.juntadeandalucia.es\/iesbotanicosanlucar\/files\/2015\/03\/IMG_20181011_090035-48x36.jpg 48w, https:\/\/blogsaverroes.juntadeandalucia.es\/iesbotanicosanlucar\/files\/2015\/03\/IMG_20181011_090035.jpg 1600w\" sizes=\"(max-width: 497px) 100vw, 497px\" \/><\/a><p id=\"caption-attachment-2407\" class=\"wp-caption-text\"><em><strong>&nbsp; &nbsp; &nbsp; &nbsp; &nbsp; &nbsp; &nbsp; &nbsp; &nbsp; &nbsp; &nbsp; &nbsp; &nbsp; &nbsp; &nbsp; &nbsp; &nbsp; &nbsp; &nbsp; &nbsp; &nbsp; &nbsp; &nbsp; &nbsp; &nbsp; &nbsp; &nbsp; &nbsp; &nbsp; Laboratorio<\/strong><\/em><\/p><\/div>\n<div id=\"attachment_2405\" style=\"width: 498px\" class=\"wp-caption aligncenter\"><a href=\"https:\/\/blogsaverroes.juntadeandalucia.es\/iesbotanicosanlucar\/files\/2015\/03\/IMG_20181011_085450.jpg\"><img loading=\"lazy\" decoding=\"async\" aria-describedby=\"caption-attachment-2405\" class=\" wp-image-2405\" src=\"https:\/\/blogsaverroes.juntadeandalucia.es\/iesbotanicosanlucar\/files\/2015\/03\/IMG_20181011_085450-300x225.jpg\" alt=\"\" width=\"488\" height=\"366\" srcset=\"https:\/\/blogsaverroes.juntadeandalucia.es\/iesbotanicosanlucar\/files\/2015\/03\/IMG_20181011_085450-300x225.jpg 300w, https:\/\/blogsaverroes.juntadeandalucia.es\/iesbotanicosanlucar\/files\/2015\/03\/IMG_20181011_085450-1024x768.jpg 1024w, https:\/\/blogsaverroes.juntadeandalucia.es\/iesbotanicosanlucar\/files\/2015\/03\/IMG_20181011_085450-24x18.jpg 24w, https:\/\/blogsaverroes.juntadeandalucia.es\/iesbotanicosanlucar\/files\/2015\/03\/IMG_20181011_085450-36x27.jpg 36w, https:\/\/blogsaverroes.juntadeandalucia.es\/iesbotanicosanlucar\/files\/2015\/03\/IMG_20181011_085450-48x36.jpg 48w, https:\/\/blogsaverroes.juntadeandalucia.es\/iesbotanicosanlucar\/files\/2015\/03\/IMG_20181011_085450.jpg 1600w\" sizes=\"(max-width: 488px) 100vw, 488px\" \/><\/a><p id=\"caption-attachment-2405\" class=\"wp-caption-text\">&nbsp; &nbsp; &nbsp; &nbsp; &nbsp; &nbsp; &nbsp; &nbsp; &nbsp; &nbsp; &nbsp; &nbsp; &nbsp; &nbsp; &nbsp; &nbsp; &nbsp; &nbsp; &nbsp; &nbsp; &nbsp;&nbsp; &nbsp; &nbsp; &nbsp; &nbsp; &nbsp; &nbsp;<em><strong>Aula de Tecnolog\u00eda<\/strong><\/em><\/p><\/div>\n<div id=\"attachment_2408\" style=\"width: 504px\" class=\"wp-caption aligncenter\"><a href=\"https:\/\/blogsaverroes.juntadeandalucia.es\/iesbotanicosanlucar\/files\/2015\/03\/IMG_20181011_090210.jpg\"><img loading=\"lazy\" decoding=\"async\" aria-describedby=\"caption-attachment-2408\" class=\" wp-image-2408\" src=\"https:\/\/blogsaverroes.juntadeandalucia.es\/iesbotanicosanlucar\/files\/2015\/03\/IMG_20181011_090210-300x225.jpg\" alt=\"\" width=\"494\" height=\"371\" srcset=\"https:\/\/blogsaverroes.juntadeandalucia.es\/iesbotanicosanlucar\/files\/2015\/03\/IMG_20181011_090210-300x225.jpg 300w, https:\/\/blogsaverroes.juntadeandalucia.es\/iesbotanicosanlucar\/files\/2015\/03\/IMG_20181011_090210-1024x768.jpg 1024w, https:\/\/blogsaverroes.juntadeandalucia.es\/iesbotanicosanlucar\/files\/2015\/03\/IMG_20181011_090210-24x18.jpg 24w, https:\/\/blogsaverroes.juntadeandalucia.es\/iesbotanicosanlucar\/files\/2015\/03\/IMG_20181011_090210-36x27.jpg 36w, https:\/\/blogsaverroes.juntadeandalucia.es\/iesbotanicosanlucar\/files\/2015\/03\/IMG_20181011_090210-48x36.jpg 48w, https:\/\/blogsaverroes.juntadeandalucia.es\/iesbotanicosanlucar\/files\/2015\/03\/IMG_20181011_090210.jpg 1600w\" sizes=\"(max-width: 494px) 100vw, 494px\" \/><\/a><p id=\"caption-attachment-2408\" class=\"wp-caption-text\">&nbsp; &nbsp; &nbsp; &nbsp; &nbsp; &nbsp; &nbsp; &nbsp; &nbsp; &nbsp; &nbsp; &nbsp; &nbsp; &nbsp; &nbsp; &nbsp; &nbsp; &nbsp; &nbsp; &nbsp; &nbsp; &nbsp; &nbsp; &nbsp; &nbsp; &nbsp; &nbsp; &nbsp; &nbsp; &nbsp; &nbsp;&nbsp;<em><strong>Aula de Pl\u00e1stica<\/strong><\/em><\/p><\/div>\n<p><a href=\"https:\/\/blogsaverroes.juntadeandalucia.es\/iesbotanicosanlucar\/files\/2015\/03\/IMG-20181012-WA0006.jpg\"><img loading=\"lazy\" decoding=\"async\" class=\"wp-image-2420 aligncenter\" src=\"https:\/\/blogsaverroes.juntadeandalucia.es\/iesbotanicosanlucar\/files\/2015\/03\/IMG-20181012-WA0006-300x225.jpg\" alt=\"\" width=\"481\" height=\"361\" srcset=\"https:\/\/blogsaverroes.juntadeandalucia.es\/iesbotanicosanlucar\/files\/2015\/03\/IMG-20181012-WA0006-300x225.jpg 300w, https:\/\/blogsaverroes.juntadeandalucia.es\/iesbotanicosanlucar\/files\/2015\/03\/IMG-20181012-WA0006-1024x768.jpg 1024w, https:\/\/blogsaverroes.juntadeandalucia.es\/iesbotanicosanlucar\/files\/2015\/03\/IMG-20181012-WA0006-24x18.jpg 24w, https:\/\/blogsaverroes.juntadeandalucia.es\/iesbotanicosanlucar\/files\/2015\/03\/IMG-20181012-WA0006-36x27.jpg 36w, https:\/\/blogsaverroes.juntadeandalucia.es\/iesbotanicosanlucar\/files\/2015\/03\/IMG-20181012-WA0006-48x36.jpg 48w, https:\/\/blogsaverroes.juntadeandalucia.es\/iesbotanicosanlucar\/files\/2015\/03\/IMG-20181012-WA0006.jpg 1600w\" sizes=\"(max-width: 481px) 100vw, 481px\" \/><\/a><\/p>\n<p><em><strong>&nbsp; &nbsp; &nbsp; &nbsp; &nbsp; &nbsp; &nbsp; &nbsp; &nbsp; &nbsp; &nbsp; &nbsp; &nbsp; &nbsp; &nbsp; &nbsp; &nbsp; &nbsp; &nbsp; &nbsp; &nbsp; &nbsp; &nbsp; &nbsp; &nbsp; &nbsp; &nbsp; &nbsp; &nbsp; &nbsp; &nbsp; &nbsp; &nbsp; &nbsp; &nbsp; &nbsp; &nbsp; &nbsp; &nbsp; &nbsp; Aula de M\u00fasica<\/strong><\/em><\/p>\n<p style=\"text-align: center\"><a href=\"https:\/\/blogsaverroes.juntadeandalucia.es\/iesbotanicosanlucar\/files\/2015\/03\/IMG-20181022-WA0001.jpg\"><img loading=\"lazy\" decoding=\"async\" class=\"alignnone wp-image-2449\" src=\"https:\/\/blogsaverroes.juntadeandalucia.es\/iesbotanicosanlucar\/files\/2015\/03\/IMG-20181022-WA0001-300x225.jpg\" alt=\"\" width=\"476\" height=\"357\" srcset=\"https:\/\/blogsaverroes.juntadeandalucia.es\/iesbotanicosanlucar\/files\/2015\/03\/IMG-20181022-WA0001-300x225.jpg 300w, https:\/\/blogsaverroes.juntadeandalucia.es\/iesbotanicosanlucar\/files\/2015\/03\/IMG-20181022-WA0001-1024x768.jpg 1024w, https:\/\/blogsaverroes.juntadeandalucia.es\/iesbotanicosanlucar\/files\/2015\/03\/IMG-20181022-WA0001-24x18.jpg 24w, https:\/\/blogsaverroes.juntadeandalucia.es\/iesbotanicosanlucar\/files\/2015\/03\/IMG-20181022-WA0001-36x27.jpg 36w, https:\/\/blogsaverroes.juntadeandalucia.es\/iesbotanicosanlucar\/files\/2015\/03\/IMG-20181022-WA0001-48x36.jpg 48w, https:\/\/blogsaverroes.juntadeandalucia.es\/iesbotanicosanlucar\/files\/2015\/03\/IMG-20181022-WA0001.jpg 1600w\" sizes=\"(max-width: 476px) 100vw, 476px\" \/><\/a><\/p>\n<p style=\"text-align: center\"><em><strong>Gimnasio<\/strong><\/em><\/p>\n","protected":false},"excerpt":{"rendered":"<p>Datos de contacto: &nbsp; &nbsp; &nbsp; &nbsp; &nbsp; &nbsp;DATOS DEL CENTRO &nbsp; &nbsp;Direcci\u00f3n:&nbsp; Avda. Pozo de las Vacas, s\/n. 11.540. Sanl\u00facar de Barrameda (C\u00e1diz) &nbsp; &nbsp;Tel\u00e9fono:&nbsp;956 38 69 93 &nbsp; &nbsp; &nbsp; &nbsp; &nbsp;&#46;&#46;&#46;<\/p>\n","protected":false},"author":1,"featured_media":0,"parent":869,"menu_order":0,"comment_status":"open","ping_status":"open","template":"","meta":{"ngg_post_thumbnail":0,"footnotes":"","_mc_calendar":[]},"aioseo_notices":[],"_links":{"self":[{"href":"https:\/\/blogsaverroes.juntadeandalucia.es\/iesbotanicosanlucar\/wp-json\/wp\/v2\/pages\/35"}],"collection":[{"href":"https:\/\/blogsaverroes.juntadeandalucia.es\/iesbotanicosanlucar\/wp-json\/wp\/v2\/pages"}],"about":[{"href":"https:\/\/blogsaverroes.juntadeandalucia.es\/iesbotanicosanlucar\/wp-json\/wp\/v2\/types\/page"}],"author":[{"embeddable":true,"href":"https:\/\/blogsaverroes.juntadeandalucia.es\/iesbotanicosanlucar\/wp-json\/wp\/v2\/users\/1"}],"replies":[{"embeddable":true,"href":"https:\/\/blogsaverroes.juntadeandalucia.es\/iesbotanicosanlucar\/wp-json\/wp\/v2\/comments?post=35"}],"version-history":[{"count":37,"href":"https:\/\/blogsaverroes.juntadeandalucia.es\/iesbotanicosanlucar\/wp-json\/wp\/v2\/pages\/35\/revisions"}],"predecessor-version":[{"id":2584,"href":"https:\/\/blogsaverroes.juntadeandalucia.es\/iesbotanicosanlucar\/wp-json\/wp\/v2\/pages\/35\/revisions\/2584"}],"up":[{"embeddable":true,"href":"https:\/\/blogsaverroes.juntadeandalucia.es\/iesbotanicosanlucar\/wp-json\/wp\/v2\/pages\/869"}],"wp:attachment":[{"href":"https:\/\/blogsaverroes.juntadeandalucia.es\/iesbotanicosanlucar\/wp-json\/wp\/v2\/media?parent=35"}],"curies":[{"name":"wp","href":"https:\/\/api.w.org\/{rel}","templated":true}]}}