{"id":365,"date":"2015-03-18T10:24:37","date_gmt":"2015-03-18T10:24:37","guid":{"rendered":"http:\/\/blogsaverroes.juntadeandalucia.es\/pre\/ceip\/?page_id=365"},"modified":"2019-02-26T08:59:56","modified_gmt":"2019-02-26T08:59:56","slug":"materiales-recursos","status":"publish","type":"page","link":"https:\/\/blogsaverroes.juntadeandalucia.es\/iesbotanicosanlucar\/ingles-2\/materiales-recursos\/","title":{"rendered":"Departamento de Idiomas"},"content":{"rendered":"<p>&nbsp;<\/p>\n<p>Durante el curso 2018\/2019, nuestro Departamento de Idiomas est\u00e1 compuesto por los compa\u00f1eros:<\/p>\n<p>INGL\u00c9S:<\/p>\n<div class=\"iDevice_inner\">\n<div id=\"ta3_21_4\" class=\"block\">\n<ul>\n<li>Juana Aguado Puig<\/li>\n<li>Cristina Medina Luna<\/li>\n<li>Ar\u00e1nzazu P\u00e9rez T\u00e9llez<\/li>\n<\/ul>\n<p>FRANC\u00c9S<\/p>\n<ul>\n<li>Isabel Irene Collado Rojas (Jefa del Departamento)<\/li>\n<li>Ana Abel Fuentes Casta\u00f1o<\/li>\n<\/ul>\n<\/div>\n<\/div>\n","protected":false},"excerpt":{"rendered":"<p>&nbsp; Durante el curso 2018\/2019, nuestro Departamento de Idiomas est\u00e1 compuesto por los compa\u00f1eros: INGL\u00c9S: Juana Aguado Puig Cristina Medina Luna Ar\u00e1nzazu P\u00e9rez T\u00e9llez FRANC\u00c9S Isabel Irene Collado Rojas (Jefa del Departamento) Ana Abel&#46;&#46;&#46;<\/p>\n","protected":false},"author":1,"featured_media":0,"parent":164,"menu_order":0,"comment_status":"open","ping_status":"open","template":"","meta":{"ngg_post_thumbnail":0,"footnotes":"","_mc_calendar":[]},"aioseo_notices":[],"_links":{"self":[{"href":"https:\/\/blogsaverroes.juntadeandalucia.es\/iesbotanicosanlucar\/wp-json\/wp\/v2\/pages\/365"}],"collection":[{"href":"https:\/\/blogsaverroes.juntadeandalucia.es\/iesbotanicosanlucar\/wp-json\/wp\/v2\/pages"}],"about":[{"href":"https:\/\/blogsaverroes.juntadeandalucia.es\/iesbotanicosanlucar\/wp-json\/wp\/v2\/types\/page"}],"author":[{"embeddable":true,"href":"https:\/\/blogsaverroes.juntadeandalucia.es\/iesbotanicosanlucar\/wp-json\/wp\/v2\/users\/1"}],"replies":[{"embeddable":true,"href":"https:\/\/blogsaverroes.juntadeandalucia.es\/iesbotanicosanlucar\/wp-json\/wp\/v2\/comments?post=365"}],"version-history":[{"count":5,"href":"https:\/\/blogsaverroes.juntadeandalucia.es\/iesbotanicosanlucar\/wp-json\/wp\/v2\/pages\/365\/revisions"}],"predecessor-version":[{"id":2510,"href":"https:\/\/blogsaverroes.juntadeandalucia.es\/iesbotanicosanlucar\/wp-json\/wp\/v2\/pages\/365\/revisions\/2510"}],"up":[{"embeddable":true,"href":"https:\/\/blogsaverroes.juntadeandalucia.es\/iesbotanicosanlucar\/wp-json\/wp\/v2\/pages\/164"}],"wp:attachment":[{"href":"https:\/\/blogsaverroes.juntadeandalucia.es\/iesbotanicosanlucar\/wp-json\/wp\/v2\/media?parent=365"}],"curies":[{"name":"wp","href":"https:\/\/api.w.org\/{rel}","templated":true}]}}