{"id":42,"date":"2015-03-13T08:40:47","date_gmt":"2015-03-13T08:40:47","guid":{"rendered":"http:\/\/blogsaverroes.juntadeandalucia.es\/pre\/ceip\/?page_id=42"},"modified":"2018-10-02T17:17:50","modified_gmt":"2018-10-02T17:17:50","slug":"equipo-directivo","status":"publish","type":"page","link":"https:\/\/blogsaverroes.juntadeandalucia.es\/iesbotanicosanlucar\/equipo-directivo\/","title":{"rendered":"Equipo directivo"},"content":{"rendered":"<p>El Equipo Directivo del Centro est\u00e1 compuesto por los siguientes compa\u00f1eros:<\/p>\n<p><strong>Direcci\u00f3n:&nbsp;<\/strong>D. Rafael Prieto Alc\u00f3n<\/p>\n<p><strong>Jefatura de estudios: <\/strong>D\u00aa Natividad Garc\u00eda Lara<\/p>\n<p><strong>Secretar\u00eda:&nbsp;<\/strong>D\u00aa Maria Pilar Aguayo Falc\u00f3n<\/p>\n","protected":false},"excerpt":{"rendered":"<p>El Equipo Directivo del Centro est\u00e1 compuesto por los siguientes compa\u00f1eros: Direcci\u00f3n:&nbsp;D. Rafael Prieto Alc\u00f3n Jefatura de estudios: D\u00aa Natividad Garc\u00eda Lara Secretar\u00eda:&nbsp;D\u00aa Maria Pilar Aguayo Falc\u00f3n<\/p>\n","protected":false},"author":1,"featured_media":0,"parent":0,"menu_order":0,"comment_status":"open","ping_status":"open","template":"","meta":{"ngg_post_thumbnail":0,"footnotes":"","_mc_calendar":[]},"aioseo_notices":[],"_links":{"self":[{"href":"https:\/\/blogsaverroes.juntadeandalucia.es\/iesbotanicosanlucar\/wp-json\/wp\/v2\/pages\/42"}],"collection":[{"href":"https:\/\/blogsaverroes.juntadeandalucia.es\/iesbotanicosanlucar\/wp-json\/wp\/v2\/pages"}],"about":[{"href":"https:\/\/blogsaverroes.juntadeandalucia.es\/iesbotanicosanlucar\/wp-json\/wp\/v2\/types\/page"}],"author":[{"embeddable":true,"href":"https:\/\/blogsaverroes.juntadeandalucia.es\/iesbotanicosanlucar\/wp-json\/wp\/v2\/users\/1"}],"replies":[{"embeddable":true,"href":"https:\/\/blogsaverroes.juntadeandalucia.es\/iesbotanicosanlucar\/wp-json\/wp\/v2\/comments?post=42"}],"version-history":[{"count":4,"href":"https:\/\/blogsaverroes.juntadeandalucia.es\/iesbotanicosanlucar\/wp-json\/wp\/v2\/pages\/42\/revisions"}],"predecessor-version":[{"id":2374,"href":"https:\/\/blogsaverroes.juntadeandalucia.es\/iesbotanicosanlucar\/wp-json\/wp\/v2\/pages\/42\/revisions\/2374"}],"wp:attachment":[{"href":"https:\/\/blogsaverroes.juntadeandalucia.es\/iesbotanicosanlucar\/wp-json\/wp\/v2\/media?parent=42"}],"curies":[{"name":"wp","href":"https:\/\/api.w.org\/{rel}","templated":true}]}}