{"id":49,"date":"2015-03-13T08:47:05","date_gmt":"2015-03-13T08:47:05","guid":{"rendered":"http:\/\/blogsaverroes.juntadeandalucia.es\/pre\/ceip\/?page_id=49"},"modified":"2018-10-10T08:04:19","modified_gmt":"2018-10-10T08:04:19","slug":"proyecto-educativo","status":"publish","type":"page","link":"https:\/\/blogsaverroes.juntadeandalucia.es\/iesbotanicosanlucar\/proyecto-educativo\/","title":{"rendered":"Proyecto Educativo"},"content":{"rendered":"<p><em><img loading=\"lazy\" decoding=\"async\" class=\"alignnone size-medium wp-image-1662\" src=\"http:\/\/blogsaverroes.juntadeandalucia.es\/temahuemanies\/files\/2015\/03\/proyecto-300x266.png\" alt=\"proyecto\" width=\"300\" height=\"266\" srcset=\"https:\/\/blogsaverroes.juntadeandalucia.es\/iesbotanicosanlucar\/files\/2015\/03\/proyecto-300x266.png 300w, https:\/\/blogsaverroes.juntadeandalucia.es\/iesbotanicosanlucar\/files\/2015\/03\/proyecto.png 640w\" sizes=\"(max-width: 300px) 100vw, 300px\" \/><\/em><\/p>\n<p><em>Un centro se define en gran medida por su <strong>Proyecto Educativo<\/strong>. En \u00e9l se plasma el modelo educativo y la concreci\u00f3n de la normativa que un centro realiza respecto a las ense\u00f1anzas que imparte. Aspectos tales como las finales educativas, objetivos, atenci\u00f3n a la diversidad, etc.<\/em><\/p>\n<p><em>Que la web de un centro informe de su Proyecto Educativo es una apuesta clara por la <strong>transparencia<\/strong>.<\/em><\/p>\n<p><em>Este espacio puede mostrar tanto mostrar los aspectos esenciales de Proyecto como enlazar a otros documentos o secciones con informaci\u00f3n m\u00e1s detallada.<\/em><\/p>\n<p>&nbsp;<\/p>\n<p style=\"text-align: center\"><a href=\"https:\/\/blogsaverroes.juntadeandalucia.es\/iesbotanicosanlucar\/files\/2015\/03\/autobus.png\"><img loading=\"lazy\" decoding=\"async\" class=\"alignnone size-medium wp-image-564\" src=\"https:\/\/blogsaverroes.juntadeandalucia.es\/iesbotanicosanlucar\/files\/2015\/03\/autobus-300x215.png\" alt=\"\" width=\"300\" height=\"215\" srcset=\"https:\/\/blogsaverroes.juntadeandalucia.es\/iesbotanicosanlucar\/files\/2015\/03\/autobus-300x215.png 300w, https:\/\/blogsaverroes.juntadeandalucia.es\/iesbotanicosanlucar\/files\/2015\/03\/autobus-1024x736.png 1024w, https:\/\/blogsaverroes.juntadeandalucia.es\/iesbotanicosanlucar\/files\/2015\/03\/autobus.png 1280w\" sizes=\"(max-width: 300px) 100vw, 300px\" \/><\/a><\/p>\n<p style=\"text-align: center\"><em><strong>P\u00c1GINA EN CONSTRUCCI\u00d3N<\/strong><\/em><\/p>\n","protected":false},"excerpt":{"rendered":"<p>Un centro se define en gran medida por su Proyecto Educativo. En \u00e9l se plasma el modelo educativo y la concreci\u00f3n de la normativa que un centro realiza respecto a las ense\u00f1anzas que imparte.&#46;&#46;&#46;<\/p>\n","protected":false},"author":1,"featured_media":0,"parent":0,"menu_order":0,"comment_status":"open","ping_status":"open","template":"","meta":{"ngg_post_thumbnail":0,"footnotes":"","_mc_calendar":[]},"aioseo_notices":[],"_links":{"self":[{"href":"https:\/\/blogsaverroes.juntadeandalucia.es\/iesbotanicosanlucar\/wp-json\/wp\/v2\/pages\/49"}],"collection":[{"href":"https:\/\/blogsaverroes.juntadeandalucia.es\/iesbotanicosanlucar\/wp-json\/wp\/v2\/pages"}],"about":[{"href":"https:\/\/blogsaverroes.juntadeandalucia.es\/iesbotanicosanlucar\/wp-json\/wp\/v2\/types\/page"}],"author":[{"embeddable":true,"href":"https:\/\/blogsaverroes.juntadeandalucia.es\/iesbotanicosanlucar\/wp-json\/wp\/v2\/users\/1"}],"replies":[{"embeddable":true,"href":"https:\/\/blogsaverroes.juntadeandalucia.es\/iesbotanicosanlucar\/wp-json\/wp\/v2\/comments?post=49"}],"version-history":[{"count":7,"href":"https:\/\/blogsaverroes.juntadeandalucia.es\/iesbotanicosanlucar\/wp-json\/wp\/v2\/pages\/49\/revisions"}],"predecessor-version":[{"id":2398,"href":"https:\/\/blogsaverroes.juntadeandalucia.es\/iesbotanicosanlucar\/wp-json\/wp\/v2\/pages\/49\/revisions\/2398"}],"wp:attachment":[{"href":"https:\/\/blogsaverroes.juntadeandalucia.es\/iesbotanicosanlucar\/wp-json\/wp\/v2\/media?parent=49"}],"curies":[{"name":"wp","href":"https:\/\/api.w.org\/{rel}","templated":true}]}}