{"id":150,"date":"2015-03-17T07:48:04","date_gmt":"2015-03-17T06:48:04","guid":{"rendered":"http:\/\/blogsaverroes.juntadeandalucia.es\/pre\/ceip\/?page_id=150"},"modified":"2025-12-19T09:28:11","modified_gmt":"2025-12-19T08:28:11","slug":"frances","status":"publish","type":"page","link":"https:\/\/blogsaverroes.juntadeandalucia.es\/iesbulyana\/?page_id=150","title":{"rendered":"Franc\u00e9s"},"content":{"rendered":"<p><img loading=\"lazy\" decoding=\"async\" class=\"aligncenter size-medium wp-image-2099\" src=\"http:\/\/blogsaverroes.juntadeandalucia.es\/iesbulyana\/files\/2015\/03\/frances-300x160.jpg\" alt=\"frances\" width=\"300\" height=\"160\" srcset=\"https:\/\/blogsaverroes.juntadeandalucia.es\/iesbulyana\/files\/2015\/03\/frances-300x160.jpg 300w, https:\/\/blogsaverroes.juntadeandalucia.es\/iesbulyana\/files\/2015\/03\/frances.jpg 640w\" sizes=\"(max-width: 300px) 100vw, 300px\" \/><\/p>\n<p><strong><span style=\"font-family: sans-serif\"><span style=\"font-size: medium\">Segunda Lengua Extranjera <\/span><\/span><\/strong><\/p>\n<p><span style=\"font-family: sans-serif\"><span style=\"font-size: medium\">El pluriling\u00fcismo es una de las se\u00f1as de identidad de la ciudadan\u00eda en una Europa multiling\u00fce y multicultural, cuya diversidad no debe suponer un obst\u00e1culo a la movilidad y la cooperaci\u00f3n sino constituir una fuente de riqueza personal, social y cultural y un factor de progreso. A este fin, el Consejo Europeo reunido en Barcelona en 2002 recoge entre sus conclusiones la necesidad de coordinar esfuerzos en pos de una econom\u00eda competitiva basada en el conocimiento, e insta a los Estados miembros de la Uni\u00f3n Europea a desarrollar acciones educativas conducentes a la mejora del dominio de las competencias clave, en particular mediante la ense\u00f1anza de al menos dos lenguas extranjeras desde una edad muy temprana.<\/span><\/span><\/p>\n<p>&nbsp;<\/p>\n<p>Los docentes que integran este departamento durante el curso escolar 2025-2026 son los siguientes:<\/p>\n<ul>\n<li>Tom\u00e9 Fiz, Mari \u00c1ngeles<\/li>\n<\/ul>\n","protected":false},"excerpt":{"rendered":"<p>Segunda Lengua Extranjera El pluriling\u00fcismo es una de las se\u00f1as de identidad de la ciudadan\u00eda en una Europa multiling\u00fce y multicultural, cuya diversidad no debe suponer un obst\u00e1culo a la movilidad y la cooperaci\u00f3n sino constituir una fuente de riqueza personal, social y cultural y un factor de progreso. A este fin, el Consejo Europeo &hellip; <\/p>\n<p><a class=\"more-link btn\" href=\"https:\/\/blogsaverroes.juntadeandalucia.es\/iesbulyana\/?page_id=150\">Seguir leyendo<\/a><\/p>\n","protected":false},"author":1,"featured_media":0,"parent":0,"menu_order":3,"comment_status":"open","ping_status":"closed","template":"","meta":{"_exactmetrics_skip_tracking":false,"_exactmetrics_sitenote_active":false,"_exactmetrics_sitenote_note":"","_exactmetrics_sitenote_category":0,"ngg_post_thumbnail":0,"footnotes":"","_mc_calendar":[]},"aioseo_notices":[],"_links":{"self":[{"href":"https:\/\/blogsaverroes.juntadeandalucia.es\/iesbulyana\/index.php?rest_route=\/wp\/v2\/pages\/150"}],"collection":[{"href":"https:\/\/blogsaverroes.juntadeandalucia.es\/iesbulyana\/index.php?rest_route=\/wp\/v2\/pages"}],"about":[{"href":"https:\/\/blogsaverroes.juntadeandalucia.es\/iesbulyana\/index.php?rest_route=\/wp\/v2\/types\/page"}],"author":[{"embeddable":true,"href":"https:\/\/blogsaverroes.juntadeandalucia.es\/iesbulyana\/index.php?rest_route=\/wp\/v2\/users\/1"}],"replies":[{"embeddable":true,"href":"https:\/\/blogsaverroes.juntadeandalucia.es\/iesbulyana\/index.php?rest_route=%2Fwp%2Fv2%2Fcomments&post=150"}],"version-history":[{"count":6,"href":"https:\/\/blogsaverroes.juntadeandalucia.es\/iesbulyana\/index.php?rest_route=\/wp\/v2\/pages\/150\/revisions"}],"predecessor-version":[{"id":7826,"href":"https:\/\/blogsaverroes.juntadeandalucia.es\/iesbulyana\/index.php?rest_route=\/wp\/v2\/pages\/150\/revisions\/7826"}],"wp:attachment":[{"href":"https:\/\/blogsaverroes.juntadeandalucia.es\/iesbulyana\/index.php?rest_route=%2Fwp%2Fv2%2Fmedia&parent=150"}],"curies":[{"name":"wp","href":"https:\/\/api.w.org\/{rel}","templated":true}]}}