{"id":176,"date":"2015-03-17T07:56:30","date_gmt":"2015-03-17T06:56:30","guid":{"rendered":"http:\/\/blogsaverroes.juntadeandalucia.es\/pre\/ceip\/?page_id=176"},"modified":"2025-12-19T09:41:04","modified_gmt":"2025-12-19T08:41:04","slug":"educacion-fisica","status":"publish","type":"page","link":"https:\/\/blogsaverroes.juntadeandalucia.es\/iesbulyana\/?page_id=176","title":{"rendered":"Educaci\u00f3n F\u00edsica"},"content":{"rendered":"<p><a href=\"http:\/\/blogsaverroes.juntadeandalucia.es\/iesbulyana\/files\/2015\/03\/educacion_fisica.png\"><img loading=\"lazy\" decoding=\"async\" class=\"aligncenter size-medium wp-image-2052\" src=\"http:\/\/blogsaverroes.juntadeandalucia.es\/iesbulyana\/files\/2015\/03\/educacion_fisica-300x287.png\" alt=\"educacion_fisica\" width=\"300\" height=\"287\" srcset=\"https:\/\/blogsaverroes.juntadeandalucia.es\/iesbulyana\/files\/2015\/03\/educacion_fisica-300x287.png 300w, https:\/\/blogsaverroes.juntadeandalucia.es\/iesbulyana\/files\/2015\/03\/educacion_fisica.png 640w\" sizes=\"(max-width: 300px) 100vw, 300px\" \/><\/a><\/p>\n<p><strong>Educaci\u00f3n F\u00edsica<\/strong><br \/>\nLa educaci\u00f3n basada en competencias permite definir los resultados del aprendizaje esperados desde un planteamiento integrador, dirigido a la aplicaci\u00f3n de los saberes adquiridos para que los alumnos y las alumnas consigan un desarrollo personal satisfactorio, el ejercicio de la ciudadan\u00eda activa y la participaci\u00f3n en el aprendizaje permanente a lo largo de la vida.<br \/>\nLa materia Educaci\u00f3n F\u00edsica tiene como finalidad principal desarrollar en las personas su competencia motriz, entendida como la integraci\u00f3n de los conocimientos, los procedimientos, las actitudes y los sentimientos vinculados sobre todo a la conducta motora; para su consecuci\u00f3n no es suficiente con la mera pr\u00e1ctica, sino que es necesario el an\u00e1lisis cr\u00edtico que afiance actitudes, valores referenciados al cuerpo, al movimiento y a la relaci\u00f3n con el entorno: de este modo, el alumnado lograr\u00e1 controlar y dar sentido a las propias acciones motrices, comprender los aspectos perceptivos, emotivos y cognitivos relacionados con dichas acciones y gestionar los sentimientos vinculados a las mismas, adem\u00e1s de integrar conocimientos y habilidades transversales como el trabajo en equipo, el juego limpio, el respeto a las normas, y la seguridad entre otras. Asimismo, la Educaci\u00f3n F\u00edsica est\u00e1 vinculada a la adquisici\u00f3n de competencias relacionadas con la salud, a trav\u00e9s de acciones que ayuden a la adquisici\u00f3n y consolidaci\u00f3n de h\u00e1bitos responsables de actividad f\u00edsica regular y la adopci\u00f3n de actitudes cr\u00edticas ante pr\u00e1cticas individuales, grupales y sociales no saludables, fundamentalmente en lo relacionado con las enfermedades de origen cardiovascular.<\/p>\n<p>&nbsp;<\/p>\n<p>El docente que integra este departamento durante el curso escolar 2025-2026 es:<\/p>\n<ul>\n<li>Vazquez Nieto, Fernando<\/li>\n<\/ul>\n","protected":false},"excerpt":{"rendered":"<p>Educaci\u00f3n F\u00edsica La educaci\u00f3n basada en competencias permite definir los resultados del aprendizaje esperados desde un planteamiento integrador, dirigido a la aplicaci\u00f3n de los saberes adquiridos para que los alumnos y las alumnas consigan un desarrollo personal satisfactorio, el ejercicio de la ciudadan\u00eda activa y la participaci\u00f3n en el aprendizaje permanente a lo largo de &hellip; <\/p>\n<p><a class=\"more-link btn\" href=\"https:\/\/blogsaverroes.juntadeandalucia.es\/iesbulyana\/?page_id=176\">Seguir leyendo<\/a><\/p>\n","protected":false},"author":1,"featured_media":0,"parent":0,"menu_order":2,"comment_status":"open","ping_status":"closed","template":"","meta":{"_exactmetrics_skip_tracking":false,"_exactmetrics_sitenote_active":false,"_exactmetrics_sitenote_note":"","_exactmetrics_sitenote_category":0,"ngg_post_thumbnail":0,"footnotes":"","_mc_calendar":[]},"aioseo_notices":[],"_links":{"self":[{"href":"https:\/\/blogsaverroes.juntadeandalucia.es\/iesbulyana\/index.php?rest_route=\/wp\/v2\/pages\/176"}],"collection":[{"href":"https:\/\/blogsaverroes.juntadeandalucia.es\/iesbulyana\/index.php?rest_route=\/wp\/v2\/pages"}],"about":[{"href":"https:\/\/blogsaverroes.juntadeandalucia.es\/iesbulyana\/index.php?rest_route=\/wp\/v2\/types\/page"}],"author":[{"embeddable":true,"href":"https:\/\/blogsaverroes.juntadeandalucia.es\/iesbulyana\/index.php?rest_route=\/wp\/v2\/users\/1"}],"replies":[{"embeddable":true,"href":"https:\/\/blogsaverroes.juntadeandalucia.es\/iesbulyana\/index.php?rest_route=%2Fwp%2Fv2%2Fcomments&post=176"}],"version-history":[{"count":7,"href":"https:\/\/blogsaverroes.juntadeandalucia.es\/iesbulyana\/index.php?rest_route=\/wp\/v2\/pages\/176\/revisions"}],"predecessor-version":[{"id":7833,"href":"https:\/\/blogsaverroes.juntadeandalucia.es\/iesbulyana\/index.php?rest_route=\/wp\/v2\/pages\/176\/revisions\/7833"}],"wp:attachment":[{"href":"https:\/\/blogsaverroes.juntadeandalucia.es\/iesbulyana\/index.php?rest_route=%2Fwp%2Fv2%2Fmedia&parent=176"}],"curies":[{"name":"wp","href":"https:\/\/api.w.org\/{rel}","templated":true}]}}