{"id":42,"date":"2015-03-13T08:40:47","date_gmt":"2015-03-13T08:40:47","guid":{"rendered":"http:\/\/blogsaverroes.juntadeandalucia.es\/pre\/ceip\/?page_id=42"},"modified":"2024-02-21T11:55:55","modified_gmt":"2024-02-21T10:55:55","slug":"equipo-directivo","status":"publish","type":"page","link":"https:\/\/blogsaverroes.juntadeandalucia.es\/iesbulyana\/?page_id=42","title":{"rendered":"Equipo directivo"},"content":{"rendered":"<p>El equipo directivo del I.E.S Bulyana est\u00e1 compuesto por:<\/p>\n<ul>\n<li><strong>Direcci\u00f3n: <\/strong>D\u00aa. Alicia Mart\u00ednez Mart\u00ednez<\/li>\n<li><strong>Jefatura de estudios: <\/strong>D. Jos\u00e9 Antonio Garc\u00eda Madrid<strong><br \/>\n<\/strong><\/li>\n<li><strong>Secretar\u00eda: <\/strong>D\u00aa. Mar\u00eda Teresa Valero G\u00f3mez<\/li>\n<\/ul>\n","protected":false},"excerpt":{"rendered":"<p>El equipo directivo del I.E.S Bulyana est\u00e1 compuesto por: Direcci\u00f3n: D\u00aa. Alicia Mart\u00ednez Mart\u00ednez Jefatura de estudios: D. Jos\u00e9 Antonio Garc\u00eda Madrid Secretar\u00eda: D\u00aa. Mar\u00eda Teresa Valero G\u00f3mez<\/p>\n","protected":false},"author":1,"featured_media":0,"parent":0,"menu_order":0,"comment_status":"open","ping_status":"open","template":"","meta":{"_exactmetrics_skip_tracking":false,"_exactmetrics_sitenote_active":false,"_exactmetrics_sitenote_note":"","_exactmetrics_sitenote_category":0,"ngg_post_thumbnail":0,"footnotes":"","_mc_calendar":[]},"aioseo_notices":[],"_links":{"self":[{"href":"https:\/\/blogsaverroes.juntadeandalucia.es\/iesbulyana\/index.php?rest_route=\/wp\/v2\/pages\/42"}],"collection":[{"href":"https:\/\/blogsaverroes.juntadeandalucia.es\/iesbulyana\/index.php?rest_route=\/wp\/v2\/pages"}],"about":[{"href":"https:\/\/blogsaverroes.juntadeandalucia.es\/iesbulyana\/index.php?rest_route=\/wp\/v2\/types\/page"}],"author":[{"embeddable":true,"href":"https:\/\/blogsaverroes.juntadeandalucia.es\/iesbulyana\/index.php?rest_route=\/wp\/v2\/users\/1"}],"replies":[{"embeddable":true,"href":"https:\/\/blogsaverroes.juntadeandalucia.es\/iesbulyana\/index.php?rest_route=%2Fwp%2Fv2%2Fcomments&post=42"}],"version-history":[{"count":13,"href":"https:\/\/blogsaverroes.juntadeandalucia.es\/iesbulyana\/index.php?rest_route=\/wp\/v2\/pages\/42\/revisions"}],"predecessor-version":[{"id":7387,"href":"https:\/\/blogsaverroes.juntadeandalucia.es\/iesbulyana\/index.php?rest_route=\/wp\/v2\/pages\/42\/revisions\/7387"}],"wp:attachment":[{"href":"https:\/\/blogsaverroes.juntadeandalucia.es\/iesbulyana\/index.php?rest_route=%2Fwp%2Fv2%2Fmedia&parent=42"}],"curies":[{"name":"wp","href":"https:\/\/api.w.org\/{rel}","templated":true}]}}