{"id":5307,"date":"2019-11-18T14:21:40","date_gmt":"2019-11-18T13:21:40","guid":{"rendered":"https:\/\/blogsaverroes.juntadeandalucia.es\/iesbulyana\/?page_id=5307"},"modified":"2025-12-19T09:47:20","modified_gmt":"2025-12-19T08:47:20","slug":"comercio","status":"publish","type":"page","link":"https:\/\/blogsaverroes.juntadeandalucia.es\/iesbulyana\/?page_id=5307","title":{"rendered":"Comercio"},"content":{"rendered":"<p align=\"center\"><u><span lang=\"en-US\"><i><b>DEPARTAMENTO DE COMERCIO 2025-2026<\/b><\/i><\/span><\/u><\/p>\n<p>Te damos la bienvenida a la p\u00e1gina del departamento de comercio del I.E.S. Bulyana. Aqu\u00ed encontrar\u00e1s toda la informaci\u00f3n de nuestro Ciclo Formativo en Actividades Comerciales.<\/p>\n<p>La competencia general de este t\u00edtulo consiste en desarrollar actividades de distribuci\u00f3n y comercializaci\u00f3n de bienes y\/o servicios, y en gestionar un peque\u00f1o establecimiento comercial, aplicando las normas de calidad y seguridad establecidas y respetando la legislaci\u00f3n vigente. Las ocupaciones y puestos de trabajo m\u00e1s relevantes son los siguientes:<\/p>\n<p>&#8211; Vendedor.<br \/>\n&#8211; Vendedor\/a t\u00e9cnico\/a.<br \/>\n&#8211; Representante comercial.<br \/>\n&#8211; Orientador\/a comercial.<br \/>\n&#8211; Televendedor\/a.<br \/>\n&#8211; Venta a distancia.<br \/>\n&#8211; Teleoperador\/a (call center).<br \/>\n&#8211; Informaci\u00f3n\/atenci\u00f3n al cliente.<br \/>\n&#8211; Cajero\/a o reponedor\/a.<br \/>\n&#8211; Operador de contact-center.<br \/>\n&#8211; Administrador de contenidos online.<br \/>\n&#8211; Comerciante de tienda.<br \/>\n&#8211; Gerente de peque\u00f1o comercio.<br \/>\n&#8211; T\u00e9cnico en gesti\u00f3n de stocks y almac\u00e9n.<br \/>\n&#8211; Jefe de almac\u00e9n.<br \/>\n&#8211; Responsable de recepci\u00f3n de mercanc\u00edas.<br \/>\n&#8211; Responsable de expedici\u00f3n de mercanc\u00edas.<br \/>\n&#8211; T\u00e9cnico en log\u00edstica de almacenes.<br \/>\n&#8211; T\u00e9cnico de informaci\u00f3n\/atenci\u00f3n al cliente en empresas.<\/p>\n<p><strong>Miembros de nuestro departamento:<\/strong><\/p>\n<ul>\n<li>Garc\u00eda Madrid, Jose Antonio (Jefe de estudios, Coordinador FP Dual)<\/li>\n<li>Mesa Garrido, Cristina (Tutora 2\u00ba Comercio, Coordinadora Innicia)<\/li>\n<li>Valero Aguilera, Beatriz (Tutora de 1\u00ba Comercio)&nbsp;<\/li>\n<li>Ben\u00edtez Y\u00e1\u00f1ez, Jos\u00e9 Antonio (Coordinador TDE)<\/li>\n<\/ul>\n<p>&nbsp;<\/p>\n<p>Puedes encontrar m\u00e1s informaci\u00f3n del ciclo en la p\u00e1gina de Todo FP: <a href=\"https:\/\/todofp.es\/que-estudiar\/loe\/comercio-marketing\/actividades-comerciales.html\">https:\/\/todofp.es\/que-estudiar\/loe\/comercio-marketing\/actividades-comerciales.html&nbsp;<\/a><\/p>\n","protected":false},"excerpt":{"rendered":"<p>DEPARTAMENTO DE COMERCIO 2025-2026 Te damos la bienvenida a la p\u00e1gina del departamento de comercio del I.E.S. Bulyana. Aqu\u00ed encontrar\u00e1s toda la informaci\u00f3n de nuestro Ciclo Formativo en Actividades Comerciales. La competencia general de este t\u00edtulo consiste en desarrollar actividades de distribuci\u00f3n y comercializaci\u00f3n de bienes y\/o servicios, y en gestionar un peque\u00f1o establecimiento comercial, &hellip; <\/p>\n<p><a class=\"more-link btn\" href=\"https:\/\/blogsaverroes.juntadeandalucia.es\/iesbulyana\/?page_id=5307\">Seguir leyendo<\/a><\/p>\n","protected":false},"author":2220,"featured_media":0,"parent":0,"menu_order":0,"comment_status":"closed","ping_status":"closed","template":"","meta":{"_exactmetrics_skip_tracking":false,"_exactmetrics_sitenote_active":false,"_exactmetrics_sitenote_note":"","_exactmetrics_sitenote_category":0,"ngg_post_thumbnail":0,"footnotes":"","_mc_calendar":[]},"aioseo_notices":[],"_links":{"self":[{"href":"https:\/\/blogsaverroes.juntadeandalucia.es\/iesbulyana\/index.php?rest_route=\/wp\/v2\/pages\/5307"}],"collection":[{"href":"https:\/\/blogsaverroes.juntadeandalucia.es\/iesbulyana\/index.php?rest_route=\/wp\/v2\/pages"}],"about":[{"href":"https:\/\/blogsaverroes.juntadeandalucia.es\/iesbulyana\/index.php?rest_route=\/wp\/v2\/types\/page"}],"author":[{"embeddable":true,"href":"https:\/\/blogsaverroes.juntadeandalucia.es\/iesbulyana\/index.php?rest_route=\/wp\/v2\/users\/2220"}],"replies":[{"embeddable":true,"href":"https:\/\/blogsaverroes.juntadeandalucia.es\/iesbulyana\/index.php?rest_route=%2Fwp%2Fv2%2Fcomments&post=5307"}],"version-history":[{"count":9,"href":"https:\/\/blogsaverroes.juntadeandalucia.es\/iesbulyana\/index.php?rest_route=\/wp\/v2\/pages\/5307\/revisions"}],"predecessor-version":[{"id":7838,"href":"https:\/\/blogsaverroes.juntadeandalucia.es\/iesbulyana\/index.php?rest_route=\/wp\/v2\/pages\/5307\/revisions\/7838"}],"wp:attachment":[{"href":"https:\/\/blogsaverroes.juntadeandalucia.es\/iesbulyana\/index.php?rest_route=%2Fwp%2Fv2%2Fmedia&parent=5307"}],"curies":[{"name":"wp","href":"https:\/\/api.w.org\/{rel}","templated":true}]}}