{"id":6490,"date":"2021-04-23T10:27:37","date_gmt":"2021-04-23T08:27:37","guid":{"rendered":"https:\/\/blogsaverroes.juntadeandalucia.es\/iesbulyana\/?page_id=6490"},"modified":"2024-10-30T11:17:56","modified_gmt":"2024-10-30T10:17:56","slug":"areas-de-competencia","status":"publish","type":"page","link":"https:\/\/blogsaverroes.juntadeandalucia.es\/iesbulyana\/?page_id=6490","title":{"rendered":"\u00c1reas de Competencia"},"content":{"rendered":"<div class=\"osc-res-tab tabbable   osc-tabs-center\"><div style=\"clear:both;width: 100%;\"><ul class=\"nav osc-res-nav nav-pills osc-tabs-center-ul\" id=\"oscitas-restabs-1-areas-de-competencia-16639\"><li class=\"active\"><a href=\"#ert_pane1-0\" data-toggle=\"tab\">Socio-ling\u00fc\u00edstica<\/a><\/li><li class=\"\"><a href=\"#ert_pane1-1\" data-toggle=\"tab\">Cient\u00edfico-tecnol\u00f3gica<\/a><\/li><li class=\"\"><a href=\"#ert_pane1-2\" data-toggle=\"tab\">Art\u00edstica<\/a><\/li><li class=\"\"><a href=\"#ert_pane1-3\" data-toggle=\"tab\">F.P.<\/a><\/li><li class=\"\"><a href=\"#ert_pane1-4\" data-toggle=\"tab\">Otras<\/a><\/li><\/ul><\/div><div style=\"clear:both;width: 100%;\"><ul class=\"tab-content\" id=\"oscitas-restabcontent-1-areas-de-competencia-16639\"><li class=\"tab-pane active\" id=\"ert_pane1-0\"><p><strong>Departamento de Lengua Castellana y Literatura<\/strong><\/p>\n<ul>\n<li>Echeverr\u00eda Cienfuegos, Emma<\/li>\n<li>Garc\u00eda Mendoza, Sara&nbsp;(<strong>Jefa de departamento F.E.I.E.<\/strong>)&nbsp;(<strong>Coordinadora Escuela Espacio de Paz<\/strong>)&nbsp;(<strong>Coordinadora Plan de Igualdad<\/strong>) <strong>(Jefa de departamento de Convivencia)<\/strong><\/li>\n<li>Valero Rodr\u00edguez, Antonio (<strong>Jefe de departamento)&nbsp;<\/strong>(<strong>Jefe \u00c1rea Ling\u00fc\u00edstica)<\/strong><\/li>\n<\/ul>\n<p>&nbsp;<\/p>\n<p><strong>Departamento de Ingl\u00e9s<\/strong><\/p>\n<ul>\n<li>Castillo Mart\u00ednez, Julia&nbsp;(<strong>Jefe de departamento<\/strong>)<\/li>\n<li>Gait\u00e1n Fern\u00e1ndez, Nazaret<\/li>\n<li>M\u00e1rquez Collazo, Mar\u00eda&nbsp;<\/li>\n<\/ul>\n<p>&nbsp;<\/p>\n<p><strong>Departamento de Franc\u00e9s<\/strong><\/p>\n<ul>\n<li>Pe\u00f1a Fern\u00e1ndez, Francisca (<strong>Jefe de departamento<\/strong>)<\/li>\n<\/ul>\n<p>&nbsp;<\/p><\/li><li class=\"tab-pane \" id=\"ert_pane1-1\"><p><strong>Departamento de Matem\u00e1ticas<\/strong><\/p>\n<ul>\n<li>Maillo Ayala, Araceli&nbsp;(<strong>Jefe \u00c1rea Cient\u00edfico-tecnol\u00f3gica, Jefa de departamento)<\/strong><\/li>\n<li>Mesa Garc\u00eda, Manuela&nbsp;(<strong>D.A.C.E)<\/strong><\/li>\n<li>Valero G\u00f3mez, Mar\u00eda Teresa&nbsp;(<strong>Secretaria<\/strong>)<\/li>\n<\/ul>\n<p>&nbsp;<\/p>\n<p><strong>Departamento de Tecnolog\u00eda<\/strong><\/p>\n<ul>\n<li>Ar\u00e1n P\u00e9rez, Antonia<\/li>\n<li>Mart\u00ednez Mart\u00ednez, Alicia&nbsp;(<strong>Jefa de departamento<\/strong>)&nbsp;(<strong>Directora<\/strong>)&nbsp;(<strong>Coordinadora PARCES<\/strong>)&nbsp;(<strong>Coordinadora PRACTICUM<\/strong>)<\/li>\n<\/ul>\n<p>&nbsp;<\/p>\n<p><strong>Departamento de Ciencias Naturales<\/strong><\/p>\n<ul>\n<li>Castro Arco, Ra\u00fal (<strong>Jefa de departamento<\/strong>)<\/li>\n<li>Guerrero Rosas, Ra\u00fal<\/li>\n<\/ul>\n<p>&nbsp;<\/p><\/li><li class=\"tab-pane \" id=\"ert_pane1-2\"><p><strong>Departamento de Geograf\u00eda e Historia<\/strong><\/p>\n<ul>\n<li>Escolar Odas, Jos\u00e9 Luis&nbsp;(<strong>Jefe de departamento)&nbsp;<\/strong>(<strong>Jefe de \u00c1rea Social-Art\u00edstica)&nbsp;<\/strong><\/li>\n<li>Molina \u00c1lvarez, Francisco Javier<\/li>\n<\/ul>\n<p>&nbsp;<\/p>\n<p><strong>Departamento de Educaci\u00f3n F\u00edsica<\/strong><\/p>\n<ul>\n<li>V\u00e1zquez Nieto, Fernando V.&nbsp; (<strong>Coordinador P.R.L<\/strong>)<\/li>\n<\/ul>\n<p>&nbsp;<\/p>\n<p><strong>Departamento de M\u00fasica y Educaci\u00f3n Pl\u00e1stica Visual y Audiovisual<\/strong><\/p>\n<ul>\n<li>Guarnido Ariza, Pablo&nbsp;(<strong>Jefe de departamento<\/strong>)<\/li>\n<\/ul>\n<p>&nbsp;<\/p><\/li><li class=\"tab-pane \" id=\"ert_pane1-3\"><p><strong>Departamento de Comercio<\/strong><\/p>\n<ul>\n<li>Cerrillo Ruiz, Pablo (<strong>Coordinador T.D.E.<\/strong>)<\/li>\n<li>Garc\u00eda Madrid, Jos\u00e9 Antonio&nbsp;(<strong>Jefe de departamento<\/strong>)&nbsp;(<strong>Jefe de estudios<\/strong>)<strong> (Coordinador FP Dual)<\/strong><\/li>\n<li>G\u00f3mez Herv\u00e1s, Josefina&nbsp;<\/li>\n<li>Mesa Garrido, Cristina&nbsp;<\/li>\n<\/ul>\n<p>&nbsp;<\/p><\/li><li class=\"tab-pane \" id=\"ert_pane1-4\"><p><strong>Departamento de Orientaci\u00f3n<\/strong><\/p>\n<ul>\n<li>Galindo Hern\u00e1ndez, Agust\u00edn (<strong>Jefe de departamento<\/strong>) &nbsp;(<strong>Coordinador Biblioteca<\/strong>)<\/li>\n<li>Mar\u00edn S\u00e1nchez, Alba (<strong>Orientadora<\/strong>)&nbsp;<\/li>\n<\/ul>\n<p>&nbsp;<\/p>\n<p><strong>Departamento de Religi\u00f3n<\/strong><\/p>\n<ul>\n<li>Fern\u00e1ndez Rodr\u00edguez, Jose Manuel&nbsp;<\/li>\n<li>S\u00e1nchez Vico, Juan Diego<\/li>\n<\/ul>\n<p>&nbsp;<\/p>\n<p><strong>Personal de Administraci\u00f3n y Servicios<\/strong><\/p>\n<ul>\n<li>Maya Rom\u00e1n, Inma<\/li>\n<li>Mir\u00f3n Valdivieso, Lola<\/li>\n<\/ul>\n<p>&nbsp;<\/p><\/li><\/ul><\/div><\/div>\n","protected":false},"excerpt":{"rendered":"","protected":false},"author":10561,"featured_media":0,"parent":0,"menu_order":0,"comment_status":"closed","ping_status":"closed","template":"","meta":{"_exactmetrics_skip_tracking":false,"_exactmetrics_sitenote_active":false,"_exactmetrics_sitenote_note":"","_exactmetrics_sitenote_category":0,"ngg_post_thumbnail":0,"footnotes":"","_mc_calendar":[]},"aioseo_notices":[],"_links":{"self":[{"href":"https:\/\/blogsaverroes.juntadeandalucia.es\/iesbulyana\/index.php?rest_route=\/wp\/v2\/pages\/6490"}],"collection":[{"href":"https:\/\/blogsaverroes.juntadeandalucia.es\/iesbulyana\/index.php?rest_route=\/wp\/v2\/pages"}],"about":[{"href":"https:\/\/blogsaverroes.juntadeandalucia.es\/iesbulyana\/index.php?rest_route=\/wp\/v2\/types\/page"}],"author":[{"embeddable":true,"href":"https:\/\/blogsaverroes.juntadeandalucia.es\/iesbulyana\/index.php?rest_route=\/wp\/v2\/users\/10561"}],"replies":[{"embeddable":true,"href":"https:\/\/blogsaverroes.juntadeandalucia.es\/iesbulyana\/index.php?rest_route=%2Fwp%2Fv2%2Fcomments&post=6490"}],"version-history":[{"count":55,"href":"https:\/\/blogsaverroes.juntadeandalucia.es\/iesbulyana\/index.php?rest_route=\/wp\/v2\/pages\/6490\/revisions"}],"predecessor-version":[{"id":7571,"href":"https:\/\/blogsaverroes.juntadeandalucia.es\/iesbulyana\/index.php?rest_route=\/wp\/v2\/pages\/6490\/revisions\/7571"}],"wp:attachment":[{"href":"https:\/\/blogsaverroes.juntadeandalucia.es\/iesbulyana\/index.php?rest_route=%2Fwp%2Fv2%2Fmedia&parent=6490"}],"curies":[{"name":"wp","href":"https:\/\/api.w.org\/{rel}","templated":true}]}}