{"id":7502,"date":"2024-06-14T13:54:16","date_gmt":"2024-06-14T11:54:16","guid":{"rendered":"https:\/\/blogsaverroes.juntadeandalucia.es\/iesbulyana\/?page_id=7502"},"modified":"2024-06-14T13:54:16","modified_gmt":"2024-06-14T11:54:16","slug":"plan-de-igualdad-objetivos-centro","status":"publish","type":"page","link":"https:\/\/blogsaverroes.juntadeandalucia.es\/iesbulyana\/?page_id=7502","title":{"rendered":"Plan de Igualdad &#8211; Objetivos Centro"},"content":{"rendered":"<p align=\"justify\">A continuaci\u00f3n se detallan los objetivos generales del I.E.S Bulyana en relaci\u00f3n con el Plan de Igualdad:<\/p>\n<p align=\"justify\"><b>Objetivos Generales de Nuestro Centro: <\/b><\/p>\n<ol>\n<li>\n<p align=\"justify\">Detectar las actitudes sexistas que a\u00fan prevalecen en el centro y modificarlas en positivo.<\/p>\n<\/li>\n<li>\n<p align=\"justify\">Plantear nuestro trabajo durante el presente curso como proyecto de reflexi\u00f3n en los valores de coeducaci\u00f3n sobre la propia pr\u00e1ctica educativa diaria.<\/p>\n<\/li>\n<li>\n<p align=\"justify\">Concienciar al alumnado sobre las limitaciones que los estereotipos sexistas representan para la realizaci\u00f3n de su vida personal, profesional y laboral.<\/p>\n<\/li>\n<li>\n<p align=\"justify\">Introducir en la escuela conceptos, procedimientos y actitudes relativas a la igualdad de oportunidades, la conciliaci\u00f3n de la vida personal y familiar con la laboral.<\/p>\n<\/li>\n<li>\n<p align=\"justify\">Prevenir la violencia de g\u00e9nero.<\/p>\n<\/li>\n<li>\n<p align=\"justify\">Ofrecer orientaciones y pautas para el alumnado no conforme con su identidad de g\u00e9nero, si los hubiera, garantizando el libre desarrollo de su personalidad.<\/p>\n<\/li>\n<li>\n<p align=\"justify\">Favorecer la implicaci\u00f3n de padres y madres en el desarrollo de este proyecto.<\/p>\n<\/li>\n<li>\n<p align=\"justify\">Informar a todos los miembros de la comunidad escolar (profesorado, alumnado, familias y P.A.S.) sobre las convocatorias y actividades que se propongan desde las instituciones que trabajan la Igualdad de G\u00e9nero y fomentar la participaci\u00f3n en ellas.<\/p>\n<\/li>\n<li>\n<p align=\"justify\">Formar un grupo de alumnos\/as \u201cEquipo por la Igualdad\u201d que colaboren junto al profesorado en la planificaci\u00f3n y puesta en pr\u00e1ctica de las diferentes actividades desarrolladas en este Plan.<\/p>\n<\/li>\n<li>\n<p align=\"justify\">Establecer relaciones con organismos y asociaciones que nos ayuden a la realizaci\u00f3n de actividades para el desarrollo de la coeducaci\u00f3n.<\/p>\n<\/li>\n<li>\n<p align=\"justify\">Orientar al alumnado vocacional y profesionalmente evitando que su elecci\u00f3n est\u00e9 motivada por convencionalismos o roles de g\u00e9nero tradicionalmente aceptados.<\/p>\n<\/li>\n<li>\n<p align=\"justify\">Colgar el documento del proyecto en el espacio de web del centro reservado para el Plan de Igualdad.<\/p>\n<\/li>\n<li>\n<p align=\"justify\">Colgar en el Instagram del centro las actuaciones llevadas a cabo.<\/p>\n<\/li>\n<li>\n<p align=\"justify\">Trabajar en coordinaci\u00f3n con el departamento de Orientaci\u00f3n para integrar la perspectiva de g\u00e9nero en el Plan de Acci\u00f3n Tutorial. Facilitar a los\/as tutores\/as propuestas y recursos para el desarrollo de actividades coeducativas.<\/p>\n<\/li>\n<li>\n<p align=\"justify\">Enriquecer el Plan de Convivencia con propuestas que ayuden a la mejora de las relaciones afectivo-emocionales y a la disminuci\u00f3n de los conflictos entre iguales.<\/p>\n<\/li>\n<li>\n<p align=\"justify\">Solicitar que en los partes de incidencias se especifiquen motivos relacionados con la desigualdad de g\u00e9nero, el machismo (expl\u00edcito o impl\u00edcito), la violencia y la homofobia o transfobia. Se recomienda incluir instrumentos de registro con el siguiente contenido en MOTIVOS:<\/p>\n<ol>\n<li>\n<p align=\"justify\">Insulto sexista<\/p>\n<\/li>\n<li>\n<p align=\"justify\">Agresi\u00f3n sexista<\/p>\n<\/li>\n<li>\n<p align=\"justify\">Homofobia<\/p>\n<\/li>\n<li>\n<p align=\"justify\">Transfobia<\/p>\n<\/li>\n<li>\n<p align=\"justify\">Discriminaci\u00f3n sexista<\/p>\n<\/li>\n<\/ol>\n<\/li>\n<li>\n<p align=\"justify\">Trabajar en coordinaci\u00f3n con el Equipo Directivo del centro e informar de todas las acciones que se lleven a cabo en relaci\u00f3n a este Plan.<\/p>\n<\/li>\n<li>\n<p align=\"justify\">Dar a conocer entre el profesorado \u201cProtocolo de actuaci\u00f3n ante casos de violencia de g\u00e9nero en el \u00e1mbito educativo\u201d.<\/p>\n<\/li>\n<li>\n<p align=\"justify\">Promover el desarrollo de juegos y actividades deportivas mixtas. Para ello se trabajar\u00e1 con el Jefe de Departamento de Educaci\u00f3n F\u00edsica.<\/p>\n<\/li>\n<li>\n<p align=\"justify\">Promover el desarrollo de las \u201cTertulias Inclusivas\u201d en los recreos.<\/p>\n<\/li>\n<li>\n<p align=\"justify\">Promover en toda la comunidad educativa la pr\u00e1ctica de la corresponsabilidad en las tareas de casa y en todos los \u00e1mbitos de su vida.<\/p>\n<\/li>\n<li>\n<p align=\"justify\">Dar a conocer las aportaciones de las mujeres y hombres al desarrollo de la Humanidad.<\/p>\n<\/li>\n<li>\n<p align=\"justify\">Dar a conocer otros modelos de masculinidad alejados del estereotipo tradicional, y que est\u00e9n basados en la corresponsabilidad, la igualdad, la solidaridad y el respeto.<\/p>\n<\/li>\n<li>\n<p align=\"justify\">Proporcionar informaci\u00f3n sobre el Plan de Igualdad a los distintos departamentos y potenciar que se desarrollen actividades relacionadas con esta tem\u00e1tica desde todas las materias.<\/p>\n<\/li>\n<li>\n<p align=\"justify\">Trabajar de forma coordinada con las Asociaciones que colaboran con el centro en la organizaci\u00f3n de talleres y charlas en relaci\u00f3n con la coeducaci\u00f3n o diversidad.<\/p>\n<\/li>\n<li>\n<p align=\"justify\">Informar a todos los miembros de la comunidad escolar sobre las convocatorias y actividades que se propongan desde las instituciones que trabajan la Igualdad de G\u00e9nero y fomentar la participaci\u00f3n en ellas.<\/p>\n<\/li>\n<\/ol>\n","protected":false},"excerpt":{"rendered":"<p>A continuaci\u00f3n se detallan los objetivos generales del I.E.S Bulyana en relaci\u00f3n con el Plan de Igualdad: Objetivos Generales de Nuestro Centro: Detectar las actitudes sexistas que a\u00fan prevalecen en el centro y modificarlas en positivo. Plantear nuestro trabajo durante el presente curso como proyecto de reflexi\u00f3n en los valores de coeducaci\u00f3n sobre la propia &hellip; <\/p>\n<p><a class=\"more-link btn\" href=\"https:\/\/blogsaverroes.juntadeandalucia.es\/iesbulyana\/?page_id=7502\">Seguir leyendo<\/a><\/p>\n","protected":false},"author":2209,"featured_media":0,"parent":0,"menu_order":0,"comment_status":"closed","ping_status":"closed","template":"","meta":{"_exactmetrics_skip_tracking":false,"_exactmetrics_sitenote_active":false,"_exactmetrics_sitenote_note":"","_exactmetrics_sitenote_category":0,"ngg_post_thumbnail":0,"footnotes":"","_mc_calendar":[]},"aioseo_notices":[],"_links":{"self":[{"href":"https:\/\/blogsaverroes.juntadeandalucia.es\/iesbulyana\/index.php?rest_route=\/wp\/v2\/pages\/7502"}],"collection":[{"href":"https:\/\/blogsaverroes.juntadeandalucia.es\/iesbulyana\/index.php?rest_route=\/wp\/v2\/pages"}],"about":[{"href":"https:\/\/blogsaverroes.juntadeandalucia.es\/iesbulyana\/index.php?rest_route=\/wp\/v2\/types\/page"}],"author":[{"embeddable":true,"href":"https:\/\/blogsaverroes.juntadeandalucia.es\/iesbulyana\/index.php?rest_route=\/wp\/v2\/users\/2209"}],"replies":[{"embeddable":true,"href":"https:\/\/blogsaverroes.juntadeandalucia.es\/iesbulyana\/index.php?rest_route=%2Fwp%2Fv2%2Fcomments&post=7502"}],"version-history":[{"count":1,"href":"https:\/\/blogsaverroes.juntadeandalucia.es\/iesbulyana\/index.php?rest_route=\/wp\/v2\/pages\/7502\/revisions"}],"predecessor-version":[{"id":7503,"href":"https:\/\/blogsaverroes.juntadeandalucia.es\/iesbulyana\/index.php?rest_route=\/wp\/v2\/pages\/7502\/revisions\/7503"}],"wp:attachment":[{"href":"https:\/\/blogsaverroes.juntadeandalucia.es\/iesbulyana\/index.php?rest_route=%2Fwp%2Fv2%2Fmedia&parent=7502"}],"curies":[{"name":"wp","href":"https:\/\/api.w.org\/{rel}","templated":true}]}}