{"id":7703,"date":"2025-05-06T09:02:07","date_gmt":"2025-05-06T07:02:07","guid":{"rendered":"https:\/\/blogsaverroes.juntadeandalucia.es\/iesbulyana\/?page_id=7703"},"modified":"2025-05-06T10:04:29","modified_gmt":"2025-05-06T08:04:29","slug":"practicum-grados-master-secundaria","status":"publish","type":"page","link":"https:\/\/blogsaverroes.juntadeandalucia.es\/iesbulyana\/?page_id=7703","title":{"rendered":"Practicum CC E &#8211; Psicolog\u00eda &#8211; M\u00e1ster Secundaria"},"content":{"rendered":"<p>Con el objeto de que el alumnado universitario de las titulaciones vinculadas con la docencia, de<br \/>\nGrado, de M\u00e1ster Universitario en Formaci\u00f3n del Profesorado de Educaci\u00f3n Secundaria Obligatoria y<br \/>\nBachillerato, Formaci\u00f3n Profesional y Ense\u00f1anzas de Idiomas, y el Certificado Oficial de Formaci\u00f3n<br \/>\nPedag\u00f3gica y Did\u00e1ctica Equivalente (COFPyDE), adquieran las competencias profesionales necesarias para<br \/>\nobtener la titulaci\u00f3n correspondiente, y en aras de colaborar en el con la formaci\u00f3n inicial del futuro<br \/>\nprofesorado y ajustarla a las necesidades de cualificaci\u00f3n requeridas por el Sistema Educativo Andaluz, la<br \/>\nAdministraci\u00f3n educativa asume la tarea de establecer un marco de actuaci\u00f3n que permita al futuro<br \/>\nprofesorado realizar una fase de pr\u00e1cticas en la que desarrolle y adquiera parte de las competencias<br \/>\nprofesionales que le sean necesarias para el ejercicio de la docencia, facilitando una red de centros para su<br \/>\nrealizaci\u00f3n, as\u00ed como su tutela por parte de personal docente experimentado.<\/p>\n<p>Normativa curso 2024-2025: <a href=\"https:\/\/portales.ced.junta-andalucia.es\/educacion\/portales\/web\/inspeccion-educativa\/w\/practicum-en-centros-docentes-sostenidos-con-fondos-publicos-en-el-curso-2024\/2025\">https:\/\/portales.ced.junta-andalucia.es\/educacion\/portales\/web\/inspeccion-educativa\/w\/practicum-en-centros-docentes-sostenidos-con-fondos-publicos-en-el-curso-2024\/2025<\/a>&nbsp;<\/p>\n","protected":false},"excerpt":{"rendered":"<p>Con el objeto de que el alumnado universitario de las titulaciones vinculadas con la docencia, de Grado, de M\u00e1ster Universitario en Formaci\u00f3n del Profesorado de Educaci\u00f3n Secundaria Obligatoria y Bachillerato, Formaci\u00f3n Profesional y Ense\u00f1anzas de Idiomas, y el Certificado Oficial de Formaci\u00f3n Pedag\u00f3gica y Did\u00e1ctica Equivalente (COFPyDE), adquieran las competencias profesionales necesarias para obtener la &hellip; <\/p>\n<p><a class=\"more-link btn\" href=\"https:\/\/blogsaverroes.juntadeandalucia.es\/iesbulyana\/?page_id=7703\">Seguir leyendo<\/a><\/p>\n","protected":false},"author":2209,"featured_media":0,"parent":0,"menu_order":0,"comment_status":"closed","ping_status":"closed","template":"","meta":{"_exactmetrics_skip_tracking":false,"_exactmetrics_sitenote_active":false,"_exactmetrics_sitenote_note":"","_exactmetrics_sitenote_category":0,"ngg_post_thumbnail":0,"footnotes":"","_mc_calendar":[]},"aioseo_notices":[],"_links":{"self":[{"href":"https:\/\/blogsaverroes.juntadeandalucia.es\/iesbulyana\/index.php?rest_route=\/wp\/v2\/pages\/7703"}],"collection":[{"href":"https:\/\/blogsaverroes.juntadeandalucia.es\/iesbulyana\/index.php?rest_route=\/wp\/v2\/pages"}],"about":[{"href":"https:\/\/blogsaverroes.juntadeandalucia.es\/iesbulyana\/index.php?rest_route=\/wp\/v2\/types\/page"}],"author":[{"embeddable":true,"href":"https:\/\/blogsaverroes.juntadeandalucia.es\/iesbulyana\/index.php?rest_route=\/wp\/v2\/users\/2209"}],"replies":[{"embeddable":true,"href":"https:\/\/blogsaverroes.juntadeandalucia.es\/iesbulyana\/index.php?rest_route=%2Fwp%2Fv2%2Fcomments&post=7703"}],"version-history":[{"count":4,"href":"https:\/\/blogsaverroes.juntadeandalucia.es\/iesbulyana\/index.php?rest_route=\/wp\/v2\/pages\/7703\/revisions"}],"predecessor-version":[{"id":7713,"href":"https:\/\/blogsaverroes.juntadeandalucia.es\/iesbulyana\/index.php?rest_route=\/wp\/v2\/pages\/7703\/revisions\/7713"}],"wp:attachment":[{"href":"https:\/\/blogsaverroes.juntadeandalucia.es\/iesbulyana\/index.php?rest_route=%2Fwp%2Fv2%2Fmedia&parent=7703"}],"curies":[{"name":"wp","href":"https:\/\/api.w.org\/{rel}","templated":true}]}}