{"id":7719,"date":"2025-05-06T10:19:56","date_gmt":"2025-05-06T08:19:56","guid":{"rendered":"https:\/\/blogsaverroes.juntadeandalucia.es\/iesbulyana\/?page_id=7719"},"modified":"2025-05-06T10:19:56","modified_gmt":"2025-05-06T08:19:56","slug":"organizacion-y-funcionamiento-de-las-bibliotecas-escolares","status":"publish","type":"page","link":"https:\/\/blogsaverroes.juntadeandalucia.es\/iesbulyana\/?page_id=7719","title":{"rendered":"Organizaci\u00f3n y Funcionamiento de las Bibliotecas Escolares"},"content":{"rendered":"<p>Los centros educativos elaborar\u00e1n un plan de trabajo de la biblioteca escolar que contemple actuaciones para el fomento de la lectura, el tratamiento y uso de la informaci\u00f3n, la competencia digital y el desarrollo de habilidades intelectuales que deber\u00e1 incorporarse al Proyecto Educativo de Centro.<\/p>\n<p>La persona responsable de la biblioteca escolar ser\u00e1 la encargada, en colaboraci\u00f3n con el equipo directivo y el equipo de apoyo, de elaborar el plan de trabajo anual de la biblioteca, que posibilite el uso de la misma por el alumnado y profesorado de todas las \u00e1reas y etapas educativas.<\/p>\n<p>La Consejer\u00eda de Educaci\u00f3n reconocer\u00e1 la labor de las personas encargadas de la organizaci\u00f3n y&nbsp;funcionamiento de la biblioteca escolar (responsable y miembros del equipo de apoyo). Finalizado el curso escolar y cumplimentada la memoria anual en S\u00e9neca por la persona responsable, esta cumplimentar\u00e1 el acta de certificaci\u00f3n de la participaci\u00f3n con el visto bueno del director o directora del centro, que requerir\u00e1 firma electr\u00f3nica de ambos.<\/p>\n<p><a href=\"https:\/\/portals.ced.junta-andalucia.es\/educacion\/portals\/web\/lecturas-bibliotecas-escolares\/organizacion-y-funcionamiento-de-las-bibliotecas-escolares\">https:\/\/portals.ced.junta-andalucia.es\/educacion\/portals\/web\/lecturas-bibliotecas-escolares\/organizacion-y-funcionamiento-de-las-bibliotecas-escolares<\/a><\/p>\n","protected":false},"excerpt":{"rendered":"<p>Los centros educativos elaborar\u00e1n un plan de trabajo de la biblioteca escolar que contemple actuaciones para el fomento de la lectura, el tratamiento y uso de la informaci\u00f3n, la competencia digital y el desarrollo de habilidades intelectuales que deber\u00e1 incorporarse al Proyecto Educativo de Centro. La persona responsable de la biblioteca escolar ser\u00e1 la encargada, &hellip; <\/p>\n<p><a class=\"more-link btn\" href=\"https:\/\/blogsaverroes.juntadeandalucia.es\/iesbulyana\/?page_id=7719\">Seguir leyendo<\/a><\/p>\n","protected":false},"author":2209,"featured_media":0,"parent":0,"menu_order":0,"comment_status":"closed","ping_status":"closed","template":"","meta":{"_exactmetrics_skip_tracking":false,"_exactmetrics_sitenote_active":false,"_exactmetrics_sitenote_note":"","_exactmetrics_sitenote_category":0,"ngg_post_thumbnail":0,"footnotes":"","_mc_calendar":[]},"aioseo_notices":[],"_links":{"self":[{"href":"https:\/\/blogsaverroes.juntadeandalucia.es\/iesbulyana\/index.php?rest_route=\/wp\/v2\/pages\/7719"}],"collection":[{"href":"https:\/\/blogsaverroes.juntadeandalucia.es\/iesbulyana\/index.php?rest_route=\/wp\/v2\/pages"}],"about":[{"href":"https:\/\/blogsaverroes.juntadeandalucia.es\/iesbulyana\/index.php?rest_route=\/wp\/v2\/types\/page"}],"author":[{"embeddable":true,"href":"https:\/\/blogsaverroes.juntadeandalucia.es\/iesbulyana\/index.php?rest_route=\/wp\/v2\/users\/2209"}],"replies":[{"embeddable":true,"href":"https:\/\/blogsaverroes.juntadeandalucia.es\/iesbulyana\/index.php?rest_route=%2Fwp%2Fv2%2Fcomments&post=7719"}],"version-history":[{"count":1,"href":"https:\/\/blogsaverroes.juntadeandalucia.es\/iesbulyana\/index.php?rest_route=\/wp\/v2\/pages\/7719\/revisions"}],"predecessor-version":[{"id":7720,"href":"https:\/\/blogsaverroes.juntadeandalucia.es\/iesbulyana\/index.php?rest_route=\/wp\/v2\/pages\/7719\/revisions\/7720"}],"wp:attachment":[{"href":"https:\/\/blogsaverroes.juntadeandalucia.es\/iesbulyana\/index.php?rest_route=%2Fwp%2Fv2%2Fmedia&parent=7719"}],"curies":[{"name":"wp","href":"https:\/\/api.w.org\/{rel}","templated":true}]}}