{"id":7728,"date":"2025-05-06T10:31:27","date_gmt":"2025-05-06T08:31:27","guid":{"rendered":"https:\/\/blogsaverroes.juntadeandalucia.es\/iesbulyana\/?page_id=7728"},"modified":"2025-05-06T10:31:27","modified_gmt":"2025-05-06T08:31:27","slug":"proa-modalidad-parces","status":"publish","type":"page","link":"https:\/\/blogsaverroes.juntadeandalucia.es\/iesbulyana\/?page_id=7728","title":{"rendered":"PROA &#8211; Modalidad PARCES"},"content":{"rendered":"<p>El Plan de Apoyo y Refuerzo en Centros de Educaci\u00f3n Secundaria (PARCES) se concibe como un proyecto<br \/>\nglobal que, integrado dentro del Plan de Centro, pone en pr\u00e1ctica un conjunto de actuaciones<br \/>\nencaminadas a la mejora de la calidad y cantidad de los aprendizajes, de la relaci\u00f3n del alumnado con el<br \/>\ncentro, de la participaci\u00f3n de las familias y de las posibilidades educativas del entorno del centro. De<br \/>\nmanera espec\u00edfica, el PARCES contribuye de manera directa a la reducci\u00f3n del absentismo escolar y del<br \/>\nabandono escolar temprano.<\/p>\n","protected":false},"excerpt":{"rendered":"<p>El Plan de Apoyo y Refuerzo en Centros de Educaci\u00f3n Secundaria (PARCES) se concibe como un proyecto global que, integrado dentro del Plan de Centro, pone en pr\u00e1ctica un conjunto de actuaciones encaminadas a la mejora de la calidad y cantidad de los aprendizajes, de la relaci\u00f3n del alumnado con el centro, de la participaci\u00f3n &hellip; <\/p>\n<p><a class=\"more-link btn\" href=\"https:\/\/blogsaverroes.juntadeandalucia.es\/iesbulyana\/?page_id=7728\">Seguir leyendo<\/a><\/p>\n","protected":false},"author":2209,"featured_media":0,"parent":0,"menu_order":0,"comment_status":"closed","ping_status":"closed","template":"","meta":{"_exactmetrics_skip_tracking":false,"_exactmetrics_sitenote_active":false,"_exactmetrics_sitenote_note":"","_exactmetrics_sitenote_category":0,"ngg_post_thumbnail":0,"footnotes":"","_mc_calendar":[]},"aioseo_notices":[],"_links":{"self":[{"href":"https:\/\/blogsaverroes.juntadeandalucia.es\/iesbulyana\/index.php?rest_route=\/wp\/v2\/pages\/7728"}],"collection":[{"href":"https:\/\/blogsaverroes.juntadeandalucia.es\/iesbulyana\/index.php?rest_route=\/wp\/v2\/pages"}],"about":[{"href":"https:\/\/blogsaverroes.juntadeandalucia.es\/iesbulyana\/index.php?rest_route=\/wp\/v2\/types\/page"}],"author":[{"embeddable":true,"href":"https:\/\/blogsaverroes.juntadeandalucia.es\/iesbulyana\/index.php?rest_route=\/wp\/v2\/users\/2209"}],"replies":[{"embeddable":true,"href":"https:\/\/blogsaverroes.juntadeandalucia.es\/iesbulyana\/index.php?rest_route=%2Fwp%2Fv2%2Fcomments&post=7728"}],"version-history":[{"count":1,"href":"https:\/\/blogsaverroes.juntadeandalucia.es\/iesbulyana\/index.php?rest_route=\/wp\/v2\/pages\/7728\/revisions"}],"predecessor-version":[{"id":7729,"href":"https:\/\/blogsaverroes.juntadeandalucia.es\/iesbulyana\/index.php?rest_route=\/wp\/v2\/pages\/7728\/revisions\/7729"}],"wp:attachment":[{"href":"https:\/\/blogsaverroes.juntadeandalucia.es\/iesbulyana\/index.php?rest_route=%2Fwp%2Fv2%2Fmedia&parent=7728"}],"curies":[{"name":"wp","href":"https:\/\/api.w.org\/{rel}","templated":true}]}}