{"id":8976,"date":"2023-01-09T23:15:25","date_gmt":"2023-01-09T23:15:25","guid":{"rendered":"https:\/\/blogsaverroes.juntadeandalucia.es\/iesburguillos\/?page_id=8976"},"modified":"2023-10-17T14:07:50","modified_gmt":"2023-10-17T14:07:50","slug":"equipo-directivo","status":"publish","type":"page","link":"https:\/\/blogsaverroes.juntadeandalucia.es\/iesburguillos\/equipo-directivo\/","title":{"rendered":"Equipo directivo"},"content":{"rendered":"<p><strong>Direcci\u00f3n: Francisco Javier Ballesteros Garc\u00eda<\/strong><\/p>\n<p><strong>Vicedirectora: Mar\u00eda del&nbsp; Carmen Ca\u00f1izares Hidalgo<\/strong><\/p>\n<p><strong>Jefe de Estudios: Rafael Gonz\u00e1lez Gil<\/strong><\/p>\n<p><strong>Jefa de Estudios Adjunta: Vanessa Mar\u00eda Rodr\u00edguez Garz\u00f3n<\/strong><\/p>\n<p><strong>Secretario: Guillermo N\u00fa\u00f1ez Crespo<\/strong><\/p>\n","protected":false},"excerpt":{"rendered":"<p>Direcci\u00f3n: Francisco Javier Ballesteros Garc\u00eda Vicedirectora: Mar\u00eda del&nbsp; Carmen Ca\u00f1izares Hidalgo Jefe de Estudios: Rafael Gonz\u00e1lez Gil Jefa de Estudios Adjunta: Vanessa Mar\u00eda Rodr\u00edguez Garz\u00f3n Secretario: Guillermo N\u00fa\u00f1ez Crespo<\/p>\n","protected":false},"author":2616,"featured_media":0,"parent":0,"menu_order":0,"comment_status":"closed","ping_status":"closed","template":"","meta":{"ngg_post_thumbnail":0,"footnotes":"","_mc_calendar":[]},"aioseo_notices":[],"_links":{"self":[{"href":"https:\/\/blogsaverroes.juntadeandalucia.es\/iesburguillos\/wp-json\/wp\/v2\/pages\/8976"}],"collection":[{"href":"https:\/\/blogsaverroes.juntadeandalucia.es\/iesburguillos\/wp-json\/wp\/v2\/pages"}],"about":[{"href":"https:\/\/blogsaverroes.juntadeandalucia.es\/iesburguillos\/wp-json\/wp\/v2\/types\/page"}],"author":[{"embeddable":true,"href":"https:\/\/blogsaverroes.juntadeandalucia.es\/iesburguillos\/wp-json\/wp\/v2\/users\/2616"}],"replies":[{"embeddable":true,"href":"https:\/\/blogsaverroes.juntadeandalucia.es\/iesburguillos\/wp-json\/wp\/v2\/comments?post=8976"}],"version-history":[{"count":5,"href":"https:\/\/blogsaverroes.juntadeandalucia.es\/iesburguillos\/wp-json\/wp\/v2\/pages\/8976\/revisions"}],"predecessor-version":[{"id":9866,"href":"https:\/\/blogsaverroes.juntadeandalucia.es\/iesburguillos\/wp-json\/wp\/v2\/pages\/8976\/revisions\/9866"}],"wp:attachment":[{"href":"https:\/\/blogsaverroes.juntadeandalucia.es\/iesburguillos\/wp-json\/wp\/v2\/media?parent=8976"}],"curies":[{"name":"wp","href":"https:\/\/api.w.org\/{rel}","templated":true}]}}