{"id":8984,"date":"2023-01-09T23:27:17","date_gmt":"2023-01-09T23:27:17","guid":{"rendered":"https:\/\/blogsaverroes.juntadeandalucia.es\/iesburguillos\/?page_id=8984"},"modified":"2023-01-10T16:54:52","modified_gmt":"2023-01-10T16:54:52","slug":"pas","status":"publish","type":"page","link":"https:\/\/blogsaverroes.juntadeandalucia.es\/iesburguillos\/pas\/","title":{"rendered":"PAS"},"content":{"rendered":"<p>Personal de Administraci\u00f3n y Servicios&nbsp;(PAS), integrado por toda la plantilla no asignada a labores docentes es parte del Consejo Escolar y de otros \u00f3rganos de representaci\u00f3n:<\/p>\n<p><strong>&nbsp;Administrativa:<\/strong><\/p>\n<ul>\n<li>Mar\u00eda Auxiliadora Cuesta Escoresca<\/li>\n<\/ul>\n<p><strong>Ordenanzas:<\/strong><\/p>\n<ul>\n<li>Dolores Cuesta Falc\u00f3n<\/li>\n<li>Encarnaci\u00f3n Cano Gallardo<\/li>\n<\/ul>\n","protected":false},"excerpt":{"rendered":"<p>Personal de Administraci\u00f3n y Servicios&nbsp;(PAS), integrado por toda la plantilla no asignada a labores docentes es parte del Consejo Escolar y de otros \u00f3rganos de representaci\u00f3n: &nbsp;Administrativa: Mar\u00eda Auxiliadora Cuesta Escoresca Ordenanzas: Dolores Cuesta&#46;&#46;&#46;<\/p>\n","protected":false},"author":2616,"featured_media":0,"parent":0,"menu_order":0,"comment_status":"closed","ping_status":"closed","template":"","meta":{"ngg_post_thumbnail":0,"footnotes":"","_mc_calendar":[]},"aioseo_notices":[],"_links":{"self":[{"href":"https:\/\/blogsaverroes.juntadeandalucia.es\/iesburguillos\/wp-json\/wp\/v2\/pages\/8984"}],"collection":[{"href":"https:\/\/blogsaverroes.juntadeandalucia.es\/iesburguillos\/wp-json\/wp\/v2\/pages"}],"about":[{"href":"https:\/\/blogsaverroes.juntadeandalucia.es\/iesburguillos\/wp-json\/wp\/v2\/types\/page"}],"author":[{"embeddable":true,"href":"https:\/\/blogsaverroes.juntadeandalucia.es\/iesburguillos\/wp-json\/wp\/v2\/users\/2616"}],"replies":[{"embeddable":true,"href":"https:\/\/blogsaverroes.juntadeandalucia.es\/iesburguillos\/wp-json\/wp\/v2\/comments?post=8984"}],"version-history":[{"count":4,"href":"https:\/\/blogsaverroes.juntadeandalucia.es\/iesburguillos\/wp-json\/wp\/v2\/pages\/8984\/revisions"}],"predecessor-version":[{"id":9053,"href":"https:\/\/blogsaverroes.juntadeandalucia.es\/iesburguillos\/wp-json\/wp\/v2\/pages\/8984\/revisions\/9053"}],"wp:attachment":[{"href":"https:\/\/blogsaverroes.juntadeandalucia.es\/iesburguillos\/wp-json\/wp\/v2\/media?parent=8984"}],"curies":[{"name":"wp","href":"https:\/\/api.w.org\/{rel}","templated":true}]}}