{"id":9011,"date":"2023-01-09T23:42:25","date_gmt":"2023-01-09T23:42:25","guid":{"rendered":"https:\/\/blogsaverroes.juntadeandalucia.es\/iesburguillos\/?page_id=9011"},"modified":"2023-01-09T23:44:23","modified_gmt":"2023-01-09T23:44:23","slug":"datos-generales","status":"publish","type":"page","link":"https:\/\/blogsaverroes.juntadeandalucia.es\/iesburguillos\/datos-generales\/","title":{"rendered":"Datos generales"},"content":{"rendered":"<p style=\"text-align: justify\">Os damos la bienvenida a la p\u00e1gina web del IES Burguillos, centro ubicado en la localidad de Burguillos (Sevilla), esperamos que sea de inter\u00e9s y de utilidad para toda la comunidad educativa del Instituto.<\/p>\n<p style=\"text-align: justify\">Queremos que esta p\u00e1gina sea un portal de intercambio de informaci\u00f3n y un instrumento de comunicaci\u00f3n, de ideas, de proyectos, de iniciativas y de todo lo que mejore la labor educativa del centro.<\/p>\n<p><a href=\"https:\/\/blogsaverroes.juntadeandalucia.es\/iesburguillos\/files\/2023\/01\/311580373_109376871967496_881156709960664134_n.jpg\"><img fetchpriority=\"high\" decoding=\"async\" class=\"aligncenter  wp-image-8922\" src=\"https:\/\/blogsaverroes.juntadeandalucia.es\/iesburguillos\/files\/2023\/01\/311580373_109376871967496_881156709960664134_n.jpg\" alt=\"\" width=\"355\" height=\"331\" srcset=\"https:\/\/blogsaverroes.juntadeandalucia.es\/iesburguillos\/files\/2023\/01\/311580373_109376871967496_881156709960664134_n.jpg 417w, https:\/\/blogsaverroes.juntadeandalucia.es\/iesburguillos\/files\/2023\/01\/311580373_109376871967496_881156709960664134_n-300x280.jpg 300w\" sizes=\"(max-width: 355px) 100vw, 355px\" \/><\/a><\/p>\n","protected":false},"excerpt":{"rendered":"<p>Os damos la bienvenida a la p\u00e1gina web del IES Burguillos, centro ubicado en la localidad de Burguillos (Sevilla), esperamos que sea de inter\u00e9s y de utilidad para toda la comunidad educativa del Instituto.&#46;&#46;&#46;<\/p>\n","protected":false},"author":2616,"featured_media":0,"parent":0,"menu_order":0,"comment_status":"closed","ping_status":"closed","template":"","meta":{"ngg_post_thumbnail":0,"footnotes":"","_mc_calendar":[]},"aioseo_notices":[],"_links":{"self":[{"href":"https:\/\/blogsaverroes.juntadeandalucia.es\/iesburguillos\/wp-json\/wp\/v2\/pages\/9011"}],"collection":[{"href":"https:\/\/blogsaverroes.juntadeandalucia.es\/iesburguillos\/wp-json\/wp\/v2\/pages"}],"about":[{"href":"https:\/\/blogsaverroes.juntadeandalucia.es\/iesburguillos\/wp-json\/wp\/v2\/types\/page"}],"author":[{"embeddable":true,"href":"https:\/\/blogsaverroes.juntadeandalucia.es\/iesburguillos\/wp-json\/wp\/v2\/users\/2616"}],"replies":[{"embeddable":true,"href":"https:\/\/blogsaverroes.juntadeandalucia.es\/iesburguillos\/wp-json\/wp\/v2\/comments?post=9011"}],"version-history":[{"count":3,"href":"https:\/\/blogsaverroes.juntadeandalucia.es\/iesburguillos\/wp-json\/wp\/v2\/pages\/9011\/revisions"}],"predecessor-version":[{"id":9017,"href":"https:\/\/blogsaverroes.juntadeandalucia.es\/iesburguillos\/wp-json\/wp\/v2\/pages\/9011\/revisions\/9017"}],"wp:attachment":[{"href":"https:\/\/blogsaverroes.juntadeandalucia.es\/iesburguillos\/wp-json\/wp\/v2\/media?parent=9011"}],"curies":[{"name":"wp","href":"https:\/\/api.w.org\/{rel}","templated":true}]}}