{"id":9028,"date":"2023-01-10T08:43:42","date_gmt":"2023-01-10T08:43:42","guid":{"rendered":"https:\/\/blogsaverroes.juntadeandalucia.es\/iesburguillos\/?page_id=9028"},"modified":"2023-01-10T21:41:04","modified_gmt":"2023-01-10T21:41:04","slug":"planes-y-proyectos","status":"publish","type":"page","link":"https:\/\/blogsaverroes.juntadeandalucia.es\/iesburguillos\/planes-y-proyectos\/","title":{"rendered":"Planes y Proyectos"},"content":{"rendered":"<p><span style=\"text-decoration: underline\"><em><strong>Planes de Centro<\/strong><\/em><\/span><\/p>\n<div style=\"text-align: justify\">El <strong>Plan de Centro<\/strong> &nbsp;es el documento donde se recogen las intenciones, propuestas y concreciones en relaci\u00f3n a esta autonom\u00eda pedag\u00f3gica y de gesti\u00f3n. El <strong>Plan de centro<\/strong> tiene car\u00e1cter plurianual, obliga a todo el personal del centro y se puede actualizar o modificar, tras los procesos de autoevaluaci\u00f3n o a propuesta del director en funci\u00f3n de su proyecto de direcci\u00f3n. El Plan de centro es un documento p\u00fablico.&nbsp;<\/div>\n<div>&nbsp;<\/div>\n<ul>\n<li><strong><a href=\"https:\/\/blogsaverroes.juntadeandalucia.es\/iesburguillos\/files\/2023\/01\/Plan-Autoprotecci\u00f3n-1.pdf\">Plan Autoprotecci\u00f3n<\/a><\/strong><\/li>\n<li><strong><a href=\"https:\/\/blogsaverroes.juntadeandalucia.es\/iesburguillos\/files\/2023\/01\/Plan-Formaci\u00f3n-Profesorado.pdf\">Plan Formaci\u00f3n Profesorado<\/a><\/strong><img decoding=\"async\" class=\"size-full wp-image-9045 alignright\" src=\"https:\/\/blogsaverroes.juntadeandalucia.es\/iesburguillos\/files\/2023\/01\/planes-y-programas.jpg\" alt=\"\" width=\"295\" height=\"150\"\/><\/li>\n<li><strong><a href=\"https:\/\/blogsaverroes.juntadeandalucia.es\/iesburguillos\/files\/2023\/01\/Plan-de-Mejora.pdf\">Plan de Mejora<\/a><\/strong><\/li>\n<li><strong><a href=\"https:\/\/blogsaverroes.juntadeandalucia.es\/iesburguillos\/files\/2023\/01\/Plan-de-Convivencia.pdf\">Plan de Convivencia<\/a><\/strong><\/li>\n<li><strong><a href=\"https:\/\/blogsaverroes.juntadeandalucia.es\/iesburguillos\/files\/2023\/01\/Proyecto-Educativo.pdf\">Proyecto Educativo<\/a> <\/strong><\/li>\n<li><strong><a href=\"https:\/\/blogsaverroes.juntadeandalucia.es\/iesburguillos\/files\/2023\/01\/Proyecto-Gesti\u00f3n.pdf\">Proyecto Gesti\u00f3n<\/a> <\/strong><\/li>\n<li><strong><a href=\"https:\/\/blogsaverroes.juntadeandalucia.es\/iesburguillos\/files\/2023\/01\/ROF.pdf\">ROF<\/a><\/strong><\/li>\n<\/ul>\n<p>&nbsp;<\/p>\n<p><span style=\"text-decoration: underline\"><em><strong>Planes, programas y proyectos del centro<\/strong><\/em><\/span><\/p>\n<p style=\"text-align: justify\">En nuestro centro se desarrollan los siguientes planes, programas y proyectos:<\/p>\n<ul>\n<li><strong>Igualdad<\/strong><\/li>\n<li><strong>Convivencia<\/strong><\/li>\n<li><strong>Plan Escuela TIC 2.0<\/strong><\/li>\n<li><strong>Plan Autoprotecci\u00f3n (PRL)<\/strong><\/li>\n<li><strong><img decoding=\"async\" class=\"wp-image-9033 alignright\" style=\"font-weight: 400;color: #0000ee\" src=\"https:\/\/blogsaverroes.juntadeandalucia.es\/iesburguillos\/files\/2023\/01\/planes-educativos.jpg\" alt=\"\" width=\"269\" height=\"154\"\/>Plan Lecturas y Bibliotecas<\/strong><\/li>\n<li><strong>Plan de Higiene<\/strong><\/li>\n<li><strong>FP DUAL<\/strong><\/li>\n<li><strong>Erasmus+ (FP)<\/strong><\/li>\n<li><strong>Erasmus+ (Bachillerato)<\/strong><\/li>\n<li><strong>Programa Ecoescuela<\/strong><\/li>\n<li><strong>Escuela espacio de paz<\/strong><\/li>\n<li><strong>Forma Joven<\/strong><\/li>\n<li><strong>Tutor\u00eda pendientes<\/strong><\/li>\n<li><strong>P\u00e1gina web y redes<\/strong><\/li>\n<li><strong>PROA<\/strong><\/li>\n<li><strong>PRACTICUM<\/strong><\/li>\n<li><strong>Aula Djaque<\/strong><\/li>\n<li><strong>Programa STEAM Tecnolog\u00eda<\/strong><\/li>\n<\/ul>\n<p>&nbsp;<\/p>\n<p>&nbsp;<\/p>\n<p>&nbsp;<\/p>\n<p>&nbsp;<\/p>\n<p style=\"padding-left: 640px\">&nbsp;<\/p>\n","protected":false},"excerpt":{"rendered":"<p>Planes de Centro El Plan de Centro &nbsp;es el documento donde se recogen las intenciones, propuestas y concreciones en relaci\u00f3n a esta autonom\u00eda pedag\u00f3gica y de gesti\u00f3n. El Plan de centro tiene car\u00e1cter plurianual,&#46;&#46;&#46;<\/p>\n","protected":false},"author":2616,"featured_media":0,"parent":0,"menu_order":0,"comment_status":"closed","ping_status":"closed","template":"","meta":{"ngg_post_thumbnail":0,"footnotes":"","_mc_calendar":[]},"aioseo_notices":[],"_links":{"self":[{"href":"https:\/\/blogsaverroes.juntadeandalucia.es\/iesburguillos\/wp-json\/wp\/v2\/pages\/9028"}],"collection":[{"href":"https:\/\/blogsaverroes.juntadeandalucia.es\/iesburguillos\/wp-json\/wp\/v2\/pages"}],"about":[{"href":"https:\/\/blogsaverroes.juntadeandalucia.es\/iesburguillos\/wp-json\/wp\/v2\/types\/page"}],"author":[{"embeddable":true,"href":"https:\/\/blogsaverroes.juntadeandalucia.es\/iesburguillos\/wp-json\/wp\/v2\/users\/2616"}],"replies":[{"embeddable":true,"href":"https:\/\/blogsaverroes.juntadeandalucia.es\/iesburguillos\/wp-json\/wp\/v2\/comments?post=9028"}],"version-history":[{"count":21,"href":"https:\/\/blogsaverroes.juntadeandalucia.es\/iesburguillos\/wp-json\/wp\/v2\/pages\/9028\/revisions"}],"predecessor-version":[{"id":9133,"href":"https:\/\/blogsaverroes.juntadeandalucia.es\/iesburguillos\/wp-json\/wp\/v2\/pages\/9028\/revisions\/9133"}],"wp:attachment":[{"href":"https:\/\/blogsaverroes.juntadeandalucia.es\/iesburguillos\/wp-json\/wp\/v2\/media?parent=9028"}],"curies":[{"name":"wp","href":"https:\/\/api.w.org\/{rel}","templated":true}]}}