{"id":9054,"date":"2023-01-10T17:00:21","date_gmt":"2023-01-10T17:00:21","guid":{"rendered":"https:\/\/blogsaverroes.juntadeandalucia.es\/iesburguillos\/?page_id=9054"},"modified":"2023-01-10T18:02:49","modified_gmt":"2023-01-10T18:02:49","slug":"documentos","status":"publish","type":"page","link":"https:\/\/blogsaverroes.juntadeandalucia.es\/iesburguillos\/documentos\/","title":{"rendered":"Padres \/ Madres \/ Tutores"},"content":{"rendered":"<p>&nbsp;<\/p>\n<ul>\n<li>Solicitud copias de ex\u00e1menes: <a href=\"https:\/\/blogsaverroes.juntadeandalucia.es\/iesburguillos\/files\/2023\/01\/Petici\u00f3n-copia-ex\u00e1menes.pdf\">Petici\u00f3n copia ex\u00e1menes<\/a><\/li>\n<li>Desautorizaci\u00f3n de im\u00e1genes de alumnos: <a href=\"https:\/\/blogsaverroes.juntadeandalucia.es\/iesburguillos\/files\/2023\/01\/Desautorizaci\u00f3n-Imagen.pdf\">Desautorizaci\u00f3n Imagen<\/a><\/li>\n<li>Autorizaci\u00f3n para acompa\u00f1ar al alumnado en las entradas y salidas del centro por personal distinto a sus padres\/madres o tutores legales: <a href=\"https:\/\/blogsaverroes.juntadeandalucia.es\/iesburguillos\/files\/2023\/01\/Autorizaci\u00f3n-alumnos.pdf\">Autorizaci\u00f3n alumnos<\/a><\/li>\n<\/ul>\n<p>&nbsp;<\/p>\n","protected":false},"excerpt":{"rendered":"<p>&nbsp; Solicitud copias de ex\u00e1menes: Petici\u00f3n copia ex\u00e1menes Desautorizaci\u00f3n de im\u00e1genes de alumnos: Desautorizaci\u00f3n Imagen Autorizaci\u00f3n para acompa\u00f1ar al alumnado en las entradas y salidas del centro por personal distinto a sus padres\/madres o&#46;&#46;&#46;<\/p>\n","protected":false},"author":2616,"featured_media":0,"parent":0,"menu_order":0,"comment_status":"closed","ping_status":"closed","template":"","meta":{"ngg_post_thumbnail":0,"footnotes":"","_mc_calendar":[]},"aioseo_notices":[],"_links":{"self":[{"href":"https:\/\/blogsaverroes.juntadeandalucia.es\/iesburguillos\/wp-json\/wp\/v2\/pages\/9054"}],"collection":[{"href":"https:\/\/blogsaverroes.juntadeandalucia.es\/iesburguillos\/wp-json\/wp\/v2\/pages"}],"about":[{"href":"https:\/\/blogsaverroes.juntadeandalucia.es\/iesburguillos\/wp-json\/wp\/v2\/types\/page"}],"author":[{"embeddable":true,"href":"https:\/\/blogsaverroes.juntadeandalucia.es\/iesburguillos\/wp-json\/wp\/v2\/users\/2616"}],"replies":[{"embeddable":true,"href":"https:\/\/blogsaverroes.juntadeandalucia.es\/iesburguillos\/wp-json\/wp\/v2\/comments?post=9054"}],"version-history":[{"count":7,"href":"https:\/\/blogsaverroes.juntadeandalucia.es\/iesburguillos\/wp-json\/wp\/v2\/pages\/9054\/revisions"}],"predecessor-version":[{"id":9074,"href":"https:\/\/blogsaverroes.juntadeandalucia.es\/iesburguillos\/wp-json\/wp\/v2\/pages\/9054\/revisions\/9074"}],"wp:attachment":[{"href":"https:\/\/blogsaverroes.juntadeandalucia.es\/iesburguillos\/wp-json\/wp\/v2\/media?parent=9054"}],"curies":[{"name":"wp","href":"https:\/\/api.w.org\/{rel}","templated":true}]}}