{"id":9086,"date":"2023-01-10T18:19:10","date_gmt":"2023-01-10T18:19:10","guid":{"rendered":"https:\/\/blogsaverroes.juntadeandalucia.es\/iesburguillos\/?page_id=9086"},"modified":"2023-01-10T18:22:49","modified_gmt":"2023-01-10T18:22:49","slug":"miembros","status":"publish","type":"page","link":"https:\/\/blogsaverroes.juntadeandalucia.es\/iesburguillos\/miembros\/","title":{"rendered":"\u00bfQui\u00e9nes forma AMPA El Ejido?"},"content":{"rendered":"<p><strong><span style=\"text-decoration: underline\">Presidenta:<\/span><\/strong><\/p>\n<p>Esther Arrabal Blanca<\/p>\n<p><span style=\"text-decoration: underline\"><strong>Secretaria:<\/strong><\/span><\/p>\n<p>Sonia Mart\u00ednez Falc\u00f3n<\/p>\n<p><span style=\"text-decoration: underline\"><strong>Tesorer\u00eda:<\/strong><\/span><\/p>\n<p>Vanessa Toro Rom\u00e1n<\/p>\n","protected":false},"excerpt":{"rendered":"<p>Presidenta: Esther Arrabal Blanca Secretaria: Sonia Mart\u00ednez Falc\u00f3n Tesorer\u00eda: Vanessa Toro Rom\u00e1n<\/p>\n","protected":false},"author":2616,"featured_media":0,"parent":0,"menu_order":0,"comment_status":"closed","ping_status":"closed","template":"","meta":{"ngg_post_thumbnail":0,"footnotes":"","_mc_calendar":[]},"aioseo_notices":[],"_links":{"self":[{"href":"https:\/\/blogsaverroes.juntadeandalucia.es\/iesburguillos\/wp-json\/wp\/v2\/pages\/9086"}],"collection":[{"href":"https:\/\/blogsaverroes.juntadeandalucia.es\/iesburguillos\/wp-json\/wp\/v2\/pages"}],"about":[{"href":"https:\/\/blogsaverroes.juntadeandalucia.es\/iesburguillos\/wp-json\/wp\/v2\/types\/page"}],"author":[{"embeddable":true,"href":"https:\/\/blogsaverroes.juntadeandalucia.es\/iesburguillos\/wp-json\/wp\/v2\/users\/2616"}],"replies":[{"embeddable":true,"href":"https:\/\/blogsaverroes.juntadeandalucia.es\/iesburguillos\/wp-json\/wp\/v2\/comments?post=9086"}],"version-history":[{"count":2,"href":"https:\/\/blogsaverroes.juntadeandalucia.es\/iesburguillos\/wp-json\/wp\/v2\/pages\/9086\/revisions"}],"predecessor-version":[{"id":9091,"href":"https:\/\/blogsaverroes.juntadeandalucia.es\/iesburguillos\/wp-json\/wp\/v2\/pages\/9086\/revisions\/9091"}],"wp:attachment":[{"href":"https:\/\/blogsaverroes.juntadeandalucia.es\/iesburguillos\/wp-json\/wp\/v2\/media?parent=9086"}],"curies":[{"name":"wp","href":"https:\/\/api.w.org\/{rel}","templated":true}]}}