{"id":9095,"date":"2023-01-10T18:32:22","date_gmt":"2023-01-10T18:32:22","guid":{"rendered":"https:\/\/blogsaverroes.juntadeandalucia.es\/iesburguillos\/?page_id=9095"},"modified":"2023-01-10T18:38:10","modified_gmt":"2023-01-10T18:38:10","slug":"calendario-escolar-curso-2022-2023","status":"publish","type":"page","link":"https:\/\/blogsaverroes.juntadeandalucia.es\/iesburguillos\/calendario-escolar-curso-2022-2023\/","title":{"rendered":"Calendario Escolar Curso 2022\/2023"},"content":{"rendered":"<p><a href=\"https:\/\/blogsaverroes.juntadeandalucia.es\/iesburguillos\/files\/2023\/01\/Calendario-Escolar-Sevilla.jpg\"><img fetchpriority=\"high\" decoding=\"async\" class=\"aligncenter size-large wp-image-9101\" src=\"https:\/\/blogsaverroes.juntadeandalucia.es\/iesburguillos\/files\/2023\/01\/Calendario-Escolar-Sevilla-680x1024.jpg\" alt=\"\" width=\"680\" height=\"1024\" srcset=\"https:\/\/blogsaverroes.juntadeandalucia.es\/iesburguillos\/files\/2023\/01\/Calendario-Escolar-Sevilla-680x1024.jpg 680w, https:\/\/blogsaverroes.juntadeandalucia.es\/iesburguillos\/files\/2023\/01\/Calendario-Escolar-Sevilla-199x300.jpg 199w, https:\/\/blogsaverroes.juntadeandalucia.es\/iesburguillos\/files\/2023\/01\/Calendario-Escolar-Sevilla-768x1157.jpg 768w, https:\/\/blogsaverroes.juntadeandalucia.es\/iesburguillos\/files\/2023\/01\/Calendario-Escolar-Sevilla.jpg 1004w\" sizes=\"(max-width: 680px) 100vw, 680px\" \/><\/a><\/p>\n<p>&nbsp;<\/p>\n<p><strong>Viernes 7 de Octubre, Fiesta Local<\/strong><\/p>\n<p><strong>Lunes 10 de Octubre, Libre disposici\u00f3n<\/strong><\/p>\n<p><strong>Lunes 5 de Diciembre, Libre disposici\u00f3n<\/strong><\/p>\n<p><strong>Lunes 27 de Febrero, D\u00eda de la Comunidad Educativa<\/strong><\/p>\n<p><strong>Viernes 28 de Abril, Libre disposici\u00f3n<\/strong><\/p>\n","protected":false},"excerpt":{"rendered":"<p>&nbsp; Viernes 7 de Octubre, Fiesta Local Lunes 10 de Octubre, Libre disposici\u00f3n Lunes 5 de Diciembre, Libre disposici\u00f3n Lunes 27 de Febrero, D\u00eda de la Comunidad Educativa Viernes 28 de Abril, Libre disposici\u00f3n<\/p>\n","protected":false},"author":2616,"featured_media":0,"parent":0,"menu_order":0,"comment_status":"closed","ping_status":"closed","template":"","meta":{"ngg_post_thumbnail":0,"footnotes":"","_mc_calendar":[]},"aioseo_notices":[],"_links":{"self":[{"href":"https:\/\/blogsaverroes.juntadeandalucia.es\/iesburguillos\/wp-json\/wp\/v2\/pages\/9095"}],"collection":[{"href":"https:\/\/blogsaverroes.juntadeandalucia.es\/iesburguillos\/wp-json\/wp\/v2\/pages"}],"about":[{"href":"https:\/\/blogsaverroes.juntadeandalucia.es\/iesburguillos\/wp-json\/wp\/v2\/types\/page"}],"author":[{"embeddable":true,"href":"https:\/\/blogsaverroes.juntadeandalucia.es\/iesburguillos\/wp-json\/wp\/v2\/users\/2616"}],"replies":[{"embeddable":true,"href":"https:\/\/blogsaverroes.juntadeandalucia.es\/iesburguillos\/wp-json\/wp\/v2\/comments?post=9095"}],"version-history":[{"count":5,"href":"https:\/\/blogsaverroes.juntadeandalucia.es\/iesburguillos\/wp-json\/wp\/v2\/pages\/9095\/revisions"}],"predecessor-version":[{"id":9104,"href":"https:\/\/blogsaverroes.juntadeandalucia.es\/iesburguillos\/wp-json\/wp\/v2\/pages\/9095\/revisions\/9104"}],"wp:attachment":[{"href":"https:\/\/blogsaverroes.juntadeandalucia.es\/iesburguillos\/wp-json\/wp\/v2\/media?parent=9095"}],"curies":[{"name":"wp","href":"https:\/\/api.w.org\/{rel}","templated":true}]}}