{"id":9722,"date":"2023-06-23T09:33:51","date_gmt":"2023-06-23T09:33:51","guid":{"rendered":"https:\/\/blogsaverroes.juntadeandalucia.es\/iesburguillos\/?page_id=9722"},"modified":"2023-06-23T09:33:51","modified_gmt":"2023-06-23T09:33:51","slug":"cumplimentacion-matricula-1o-bachillerato-ciencias-y-tecnologia","status":"publish","type":"page","link":"https:\/\/blogsaverroes.juntadeandalucia.es\/iesburguillos\/cumplimentacion-matricula-1o-bachillerato-ciencias-y-tecnologia\/","title":{"rendered":"Cumplimentaci\u00f3n matr\u00edcula 1\u00ba Bachillerato Ciencias y Tecnolog\u00eda"},"content":{"rendered":"<p><a href=\"https:\/\/blogsaverroes.juntadeandalucia.es\/iesburguillos\/files\/2023\/06\/CUMPLIMENTACI\u00d3N-MATR\u00cdCULA-BTO1-CIENCIAS-Y-TECNOLOG\u00cdA_page-0001.jpg\"><img fetchpriority=\"high\" decoding=\"async\" class=\"aligncenter size-large wp-image-9723\" src=\"https:\/\/blogsaverroes.juntadeandalucia.es\/iesburguillos\/files\/2023\/06\/CUMPLIMENTACI\u00d3N-MATR\u00cdCULA-BTO1-CIENCIAS-Y-TECNOLOG\u00cdA_page-0001-1024x724.jpg\" alt=\"\" width=\"1024\" height=\"724\" srcset=\"https:\/\/blogsaverroes.juntadeandalucia.es\/iesburguillos\/files\/2023\/06\/CUMPLIMENTACI\u00d3N-MATR\u00cdCULA-BTO1-CIENCIAS-Y-TECNOLOG\u00cdA_page-0001-1024x724.jpg 1024w, https:\/\/blogsaverroes.juntadeandalucia.es\/iesburguillos\/files\/2023\/06\/CUMPLIMENTACI\u00d3N-MATR\u00cdCULA-BTO1-CIENCIAS-Y-TECNOLOG\u00cdA_page-0001-300x212.jpg 300w, https:\/\/blogsaverroes.juntadeandalucia.es\/iesburguillos\/files\/2023\/06\/CUMPLIMENTACI\u00d3N-MATR\u00cdCULA-BTO1-CIENCIAS-Y-TECNOLOG\u00cdA_page-0001-768x543.jpg 768w, https:\/\/blogsaverroes.juntadeandalucia.es\/iesburguillos\/files\/2023\/06\/CUMPLIMENTACI\u00d3N-MATR\u00cdCULA-BTO1-CIENCIAS-Y-TECNOLOG\u00cdA_page-0001-1536x1085.jpg 1536w, https:\/\/blogsaverroes.juntadeandalucia.es\/iesburguillos\/files\/2023\/06\/CUMPLIMENTACI\u00d3N-MATR\u00cdCULA-BTO1-CIENCIAS-Y-TECNOLOG\u00cdA_page-0001.jpg 1600w\" sizes=\"(max-width: 1024px) 100vw, 1024px\" \/><\/a> <a href=\"https:\/\/blogsaverroes.juntadeandalucia.es\/iesburguillos\/files\/2023\/06\/CUMPLIMENTACI\u00d3N-MATR\u00cdCULA-BTO1-CIENCIAS-Y-TECNOLOG\u00cdA_page-0002.jpg\"><img decoding=\"async\" class=\"aligncenter size-large wp-image-9724\" src=\"https:\/\/blogsaverroes.juntadeandalucia.es\/iesburguillos\/files\/2023\/06\/CUMPLIMENTACI\u00d3N-MATR\u00cdCULA-BTO1-CIENCIAS-Y-TECNOLOG\u00cdA_page-0002-1024x724.jpg\" alt=\"\" width=\"1024\" height=\"724\" srcset=\"https:\/\/blogsaverroes.juntadeandalucia.es\/iesburguillos\/files\/2023\/06\/CUMPLIMENTACI\u00d3N-MATR\u00cdCULA-BTO1-CIENCIAS-Y-TECNOLOG\u00cdA_page-0002-1024x724.jpg 1024w, https:\/\/blogsaverroes.juntadeandalucia.es\/iesburguillos\/files\/2023\/06\/CUMPLIMENTACI\u00d3N-MATR\u00cdCULA-BTO1-CIENCIAS-Y-TECNOLOG\u00cdA_page-0002-300x212.jpg 300w, https:\/\/blogsaverroes.juntadeandalucia.es\/iesburguillos\/files\/2023\/06\/CUMPLIMENTACI\u00d3N-MATR\u00cdCULA-BTO1-CIENCIAS-Y-TECNOLOG\u00cdA_page-0002-768x543.jpg 768w, https:\/\/blogsaverroes.juntadeandalucia.es\/iesburguillos\/files\/2023\/06\/CUMPLIMENTACI\u00d3N-MATR\u00cdCULA-BTO1-CIENCIAS-Y-TECNOLOG\u00cdA_page-0002-1536x1085.jpg 1536w, https:\/\/blogsaverroes.juntadeandalucia.es\/iesburguillos\/files\/2023\/06\/CUMPLIMENTACI\u00d3N-MATR\u00cdCULA-BTO1-CIENCIAS-Y-TECNOLOG\u00cdA_page-0002.jpg 1600w\" sizes=\"(max-width: 1024px) 100vw, 1024px\" \/><\/a> <a href=\"https:\/\/blogsaverroes.juntadeandalucia.es\/iesburguillos\/files\/2023\/06\/CUMPLIMENTACI\u00d3N-MATR\u00cdCULA-BTO1-CIENCIAS-Y-TECNOLOG\u00cdA_page-0003.jpg\"><img decoding=\"async\" class=\"aligncenter size-large wp-image-9725\" src=\"https:\/\/blogsaverroes.juntadeandalucia.es\/iesburguillos\/files\/2023\/06\/CUMPLIMENTACI\u00d3N-MATR\u00cdCULA-BTO1-CIENCIAS-Y-TECNOLOG\u00cdA_page-0003-1024x724.jpg\" alt=\"\" width=\"1024\" height=\"724\" srcset=\"https:\/\/blogsaverroes.juntadeandalucia.es\/iesburguillos\/files\/2023\/06\/CUMPLIMENTACI\u00d3N-MATR\u00cdCULA-BTO1-CIENCIAS-Y-TECNOLOG\u00cdA_page-0003-1024x724.jpg 1024w, https:\/\/blogsaverroes.juntadeandalucia.es\/iesburguillos\/files\/2023\/06\/CUMPLIMENTACI\u00d3N-MATR\u00cdCULA-BTO1-CIENCIAS-Y-TECNOLOG\u00cdA_page-0003-300x212.jpg 300w, https:\/\/blogsaverroes.juntadeandalucia.es\/iesburguillos\/files\/2023\/06\/CUMPLIMENTACI\u00d3N-MATR\u00cdCULA-BTO1-CIENCIAS-Y-TECNOLOG\u00cdA_page-0003-768x543.jpg 768w, https:\/\/blogsaverroes.juntadeandalucia.es\/iesburguillos\/files\/2023\/06\/CUMPLIMENTACI\u00d3N-MATR\u00cdCULA-BTO1-CIENCIAS-Y-TECNOLOG\u00cdA_page-0003-1536x1085.jpg 1536w, https:\/\/blogsaverroes.juntadeandalucia.es\/iesburguillos\/files\/2023\/06\/CUMPLIMENTACI\u00d3N-MATR\u00cdCULA-BTO1-CIENCIAS-Y-TECNOLOG\u00cdA_page-0003.jpg 1600w\" sizes=\"(max-width: 1024px) 100vw, 1024px\" \/><\/a> <a href=\"https:\/\/blogsaverroes.juntadeandalucia.es\/iesburguillos\/files\/2023\/06\/CUMPLIMENTACI\u00d3N-MATR\u00cdCULA-BTO1-CIENCIAS-Y-TECNOLOG\u00cdA_page-0004.jpg\"><img loading=\"lazy\" decoding=\"async\" class=\"aligncenter size-large wp-image-9726\" src=\"https:\/\/blogsaverroes.juntadeandalucia.es\/iesburguillos\/files\/2023\/06\/CUMPLIMENTACI\u00d3N-MATR\u00cdCULA-BTO1-CIENCIAS-Y-TECNOLOG\u00cdA_page-0004-1024x724.jpg\" alt=\"\" width=\"1024\" height=\"724\" srcset=\"https:\/\/blogsaverroes.juntadeandalucia.es\/iesburguillos\/files\/2023\/06\/CUMPLIMENTACI\u00d3N-MATR\u00cdCULA-BTO1-CIENCIAS-Y-TECNOLOG\u00cdA_page-0004-1024x724.jpg 1024w, https:\/\/blogsaverroes.juntadeandalucia.es\/iesburguillos\/files\/2023\/06\/CUMPLIMENTACI\u00d3N-MATR\u00cdCULA-BTO1-CIENCIAS-Y-TECNOLOG\u00cdA_page-0004-300x212.jpg 300w, https:\/\/blogsaverroes.juntadeandalucia.es\/iesburguillos\/files\/2023\/06\/CUMPLIMENTACI\u00d3N-MATR\u00cdCULA-BTO1-CIENCIAS-Y-TECNOLOG\u00cdA_page-0004-768x543.jpg 768w, https:\/\/blogsaverroes.juntadeandalucia.es\/iesburguillos\/files\/2023\/06\/CUMPLIMENTACI\u00d3N-MATR\u00cdCULA-BTO1-CIENCIAS-Y-TECNOLOG\u00cdA_page-0004-1536x1085.jpg 1536w, https:\/\/blogsaverroes.juntadeandalucia.es\/iesburguillos\/files\/2023\/06\/CUMPLIMENTACI\u00d3N-MATR\u00cdCULA-BTO1-CIENCIAS-Y-TECNOLOG\u00cdA_page-0004.jpg 1600w\" sizes=\"(max-width: 1024px) 100vw, 1024px\" \/><\/a> <a href=\"https:\/\/blogsaverroes.juntadeandalucia.es\/iesburguillos\/files\/2023\/06\/CUMPLIMENTACI\u00d3N-MATR\u00cdCULA-BTO1-CIENCIAS-Y-TECNOLOG\u00cdA_page-0005.jpg\"><img loading=\"lazy\" decoding=\"async\" class=\"aligncenter size-large wp-image-9727\" src=\"https:\/\/blogsaverroes.juntadeandalucia.es\/iesburguillos\/files\/2023\/06\/CUMPLIMENTACI\u00d3N-MATR\u00cdCULA-BTO1-CIENCIAS-Y-TECNOLOG\u00cdA_page-0005-1024x724.jpg\" alt=\"\" width=\"1024\" height=\"724\" srcset=\"https:\/\/blogsaverroes.juntadeandalucia.es\/iesburguillos\/files\/2023\/06\/CUMPLIMENTACI\u00d3N-MATR\u00cdCULA-BTO1-CIENCIAS-Y-TECNOLOG\u00cdA_page-0005-1024x724.jpg 1024w, https:\/\/blogsaverroes.juntadeandalucia.es\/iesburguillos\/files\/2023\/06\/CUMPLIMENTACI\u00d3N-MATR\u00cdCULA-BTO1-CIENCIAS-Y-TECNOLOG\u00cdA_page-0005-300x212.jpg 300w, https:\/\/blogsaverroes.juntadeandalucia.es\/iesburguillos\/files\/2023\/06\/CUMPLIMENTACI\u00d3N-MATR\u00cdCULA-BTO1-CIENCIAS-Y-TECNOLOG\u00cdA_page-0005-768x543.jpg 768w, https:\/\/blogsaverroes.juntadeandalucia.es\/iesburguillos\/files\/2023\/06\/CUMPLIMENTACI\u00d3N-MATR\u00cdCULA-BTO1-CIENCIAS-Y-TECNOLOG\u00cdA_page-0005-1536x1085.jpg 1536w, https:\/\/blogsaverroes.juntadeandalucia.es\/iesburguillos\/files\/2023\/06\/CUMPLIMENTACI\u00d3N-MATR\u00cdCULA-BTO1-CIENCIAS-Y-TECNOLOG\u00cdA_page-0005.jpg 1600w\" sizes=\"(max-width: 1024px) 100vw, 1024px\" \/><\/a> <a href=\"https:\/\/blogsaverroes.juntadeandalucia.es\/iesburguillos\/files\/2023\/06\/CUMPLIMENTACI\u00d3N-MATR\u00cdCULA-BTO1-CIENCIAS-Y-TECNOLOG\u00cdA_page-0006.jpg\"><img loading=\"lazy\" decoding=\"async\" class=\"aligncenter size-large wp-image-9728\" src=\"https:\/\/blogsaverroes.juntadeandalucia.es\/iesburguillos\/files\/2023\/06\/CUMPLIMENTACI\u00d3N-MATR\u00cdCULA-BTO1-CIENCIAS-Y-TECNOLOG\u00cdA_page-0006-1024x724.jpg\" alt=\"\" width=\"1024\" height=\"724\" srcset=\"https:\/\/blogsaverroes.juntadeandalucia.es\/iesburguillos\/files\/2023\/06\/CUMPLIMENTACI\u00d3N-MATR\u00cdCULA-BTO1-CIENCIAS-Y-TECNOLOG\u00cdA_page-0006-1024x724.jpg 1024w, https:\/\/blogsaverroes.juntadeandalucia.es\/iesburguillos\/files\/2023\/06\/CUMPLIMENTACI\u00d3N-MATR\u00cdCULA-BTO1-CIENCIAS-Y-TECNOLOG\u00cdA_page-0006-300x212.jpg 300w, https:\/\/blogsaverroes.juntadeandalucia.es\/iesburguillos\/files\/2023\/06\/CUMPLIMENTACI\u00d3N-MATR\u00cdCULA-BTO1-CIENCIAS-Y-TECNOLOG\u00cdA_page-0006-768x543.jpg 768w, https:\/\/blogsaverroes.juntadeandalucia.es\/iesburguillos\/files\/2023\/06\/CUMPLIMENTACI\u00d3N-MATR\u00cdCULA-BTO1-CIENCIAS-Y-TECNOLOG\u00cdA_page-0006-1536x1085.jpg 1536w, https:\/\/blogsaverroes.juntadeandalucia.es\/iesburguillos\/files\/2023\/06\/CUMPLIMENTACI\u00d3N-MATR\u00cdCULA-BTO1-CIENCIAS-Y-TECNOLOG\u00cdA_page-0006.jpg 1600w\" sizes=\"(max-width: 1024px) 100vw, 1024px\" \/><\/a> <a href=\"https:\/\/blogsaverroes.juntadeandalucia.es\/iesburguillos\/files\/2023\/06\/CUMPLIMENTACI\u00d3N-MATR\u00cdCULA-BTO1-CIENCIAS-Y-TECNOLOG\u00cdA_page-0007.jpg\"><img loading=\"lazy\" decoding=\"async\" class=\"aligncenter size-large wp-image-9729\" src=\"https:\/\/blogsaverroes.juntadeandalucia.es\/iesburguillos\/files\/2023\/06\/CUMPLIMENTACI\u00d3N-MATR\u00cdCULA-BTO1-CIENCIAS-Y-TECNOLOG\u00cdA_page-0007-1024x724.jpg\" alt=\"\" width=\"1024\" height=\"724\" srcset=\"https:\/\/blogsaverroes.juntadeandalucia.es\/iesburguillos\/files\/2023\/06\/CUMPLIMENTACI\u00d3N-MATR\u00cdCULA-BTO1-CIENCIAS-Y-TECNOLOG\u00cdA_page-0007-1024x724.jpg 1024w, https:\/\/blogsaverroes.juntadeandalucia.es\/iesburguillos\/files\/2023\/06\/CUMPLIMENTACI\u00d3N-MATR\u00cdCULA-BTO1-CIENCIAS-Y-TECNOLOG\u00cdA_page-0007-300x212.jpg 300w, https:\/\/blogsaverroes.juntadeandalucia.es\/iesburguillos\/files\/2023\/06\/CUMPLIMENTACI\u00d3N-MATR\u00cdCULA-BTO1-CIENCIAS-Y-TECNOLOG\u00cdA_page-0007-768x543.jpg 768w, https:\/\/blogsaverroes.juntadeandalucia.es\/iesburguillos\/files\/2023\/06\/CUMPLIMENTACI\u00d3N-MATR\u00cdCULA-BTO1-CIENCIAS-Y-TECNOLOG\u00cdA_page-0007-1536x1085.jpg 1536w, https:\/\/blogsaverroes.juntadeandalucia.es\/iesburguillos\/files\/2023\/06\/CUMPLIMENTACI\u00d3N-MATR\u00cdCULA-BTO1-CIENCIAS-Y-TECNOLOG\u00cdA_page-0007.jpg 1600w\" sizes=\"(max-width: 1024px) 100vw, 1024px\" \/><\/a> <a href=\"https:\/\/blogsaverroes.juntadeandalucia.es\/iesburguillos\/files\/2023\/06\/CUMPLIMENTACI\u00d3N-MATR\u00cdCULA-BTO1-CIENCIAS-Y-TECNOLOG\u00cdA_page-0008.jpg\"><img loading=\"lazy\" decoding=\"async\" class=\"aligncenter size-large wp-image-9730\" src=\"https:\/\/blogsaverroes.juntadeandalucia.es\/iesburguillos\/files\/2023\/06\/CUMPLIMENTACI\u00d3N-MATR\u00cdCULA-BTO1-CIENCIAS-Y-TECNOLOG\u00cdA_page-0008-725x1024.jpg\" alt=\"\" width=\"725\" height=\"1024\" srcset=\"https:\/\/blogsaverroes.juntadeandalucia.es\/iesburguillos\/files\/2023\/06\/CUMPLIMENTACI\u00d3N-MATR\u00cdCULA-BTO1-CIENCIAS-Y-TECNOLOG\u00cdA_page-0008-725x1024.jpg 725w, https:\/\/blogsaverroes.juntadeandalucia.es\/iesburguillos\/files\/2023\/06\/CUMPLIMENTACI\u00d3N-MATR\u00cdCULA-BTO1-CIENCIAS-Y-TECNOLOG\u00cdA_page-0008-212x300.jpg 212w, https:\/\/blogsaverroes.juntadeandalucia.es\/iesburguillos\/files\/2023\/06\/CUMPLIMENTACI\u00d3N-MATR\u00cdCULA-BTO1-CIENCIAS-Y-TECNOLOG\u00cdA_page-0008-768x1085.jpg 768w, https:\/\/blogsaverroes.juntadeandalucia.es\/iesburguillos\/files\/2023\/06\/CUMPLIMENTACI\u00d3N-MATR\u00cdCULA-BTO1-CIENCIAS-Y-TECNOLOG\u00cdA_page-0008-1087x1536.jpg 1087w, https:\/\/blogsaverroes.juntadeandalucia.es\/iesburguillos\/files\/2023\/06\/CUMPLIMENTACI\u00d3N-MATR\u00cdCULA-BTO1-CIENCIAS-Y-TECNOLOG\u00cdA_page-0008.jpg 1132w\" sizes=\"(max-width: 725px) 100vw, 725px\" \/><\/a> <a href=\"https:\/\/blogsaverroes.juntadeandalucia.es\/iesburguillos\/files\/2023\/06\/CUMPLIMENTACI\u00d3N-MATR\u00cdCULA-BTO1-CIENCIAS-Y-TECNOLOG\u00cdA_page-0009.jpg\"><img loading=\"lazy\" decoding=\"async\" class=\"aligncenter size-large wp-image-9731\" src=\"https:\/\/blogsaverroes.juntadeandalucia.es\/iesburguillos\/files\/2023\/06\/CUMPLIMENTACI\u00d3N-MATR\u00cdCULA-BTO1-CIENCIAS-Y-TECNOLOG\u00cdA_page-0009-725x1024.jpg\" alt=\"\" width=\"725\" height=\"1024\" srcset=\"https:\/\/blogsaverroes.juntadeandalucia.es\/iesburguillos\/files\/2023\/06\/CUMPLIMENTACI\u00d3N-MATR\u00cdCULA-BTO1-CIENCIAS-Y-TECNOLOG\u00cdA_page-0009-725x1024.jpg 725w, https:\/\/blogsaverroes.juntadeandalucia.es\/iesburguillos\/files\/2023\/06\/CUMPLIMENTACI\u00d3N-MATR\u00cdCULA-BTO1-CIENCIAS-Y-TECNOLOG\u00cdA_page-0009-212x300.jpg 212w, https:\/\/blogsaverroes.juntadeandalucia.es\/iesburguillos\/files\/2023\/06\/CUMPLIMENTACI\u00d3N-MATR\u00cdCULA-BTO1-CIENCIAS-Y-TECNOLOG\u00cdA_page-0009-768x1085.jpg 768w, https:\/\/blogsaverroes.juntadeandalucia.es\/iesburguillos\/files\/2023\/06\/CUMPLIMENTACI\u00d3N-MATR\u00cdCULA-BTO1-CIENCIAS-Y-TECNOLOG\u00cdA_page-0009-1087x1536.jpg 1087w, https:\/\/blogsaverroes.juntadeandalucia.es\/iesburguillos\/files\/2023\/06\/CUMPLIMENTACI\u00d3N-MATR\u00cdCULA-BTO1-CIENCIAS-Y-TECNOLOG\u00cdA_page-0009.jpg 1132w\" sizes=\"(max-width: 725px) 100vw, 725px\" \/><\/a> <a href=\"https:\/\/blogsaverroes.juntadeandalucia.es\/iesburguillos\/files\/2023\/06\/CUMPLIMENTACI\u00d3N-MATR\u00cdCULA-BTO1-CIENCIAS-Y-TECNOLOG\u00cdA_page-0010.jpg\"><img loading=\"lazy\" decoding=\"async\" class=\"aligncenter size-large wp-image-9732\" src=\"https:\/\/blogsaverroes.juntadeandalucia.es\/iesburguillos\/files\/2023\/06\/CUMPLIMENTACI\u00d3N-MATR\u00cdCULA-BTO1-CIENCIAS-Y-TECNOLOG\u00cdA_page-0010-725x1024.jpg\" alt=\"\" width=\"725\" height=\"1024\" srcset=\"https:\/\/blogsaverroes.juntadeandalucia.es\/iesburguillos\/files\/2023\/06\/CUMPLIMENTACI\u00d3N-MATR\u00cdCULA-BTO1-CIENCIAS-Y-TECNOLOG\u00cdA_page-0010-725x1024.jpg 725w, https:\/\/blogsaverroes.juntadeandalucia.es\/iesburguillos\/files\/2023\/06\/CUMPLIMENTACI\u00d3N-MATR\u00cdCULA-BTO1-CIENCIAS-Y-TECNOLOG\u00cdA_page-0010-212x300.jpg 212w, https:\/\/blogsaverroes.juntadeandalucia.es\/iesburguillos\/files\/2023\/06\/CUMPLIMENTACI\u00d3N-MATR\u00cdCULA-BTO1-CIENCIAS-Y-TECNOLOG\u00cdA_page-0010-768x1085.jpg 768w, https:\/\/blogsaverroes.juntadeandalucia.es\/iesburguillos\/files\/2023\/06\/CUMPLIMENTACI\u00d3N-MATR\u00cdCULA-BTO1-CIENCIAS-Y-TECNOLOG\u00cdA_page-0010-1087x1536.jpg 1087w, https:\/\/blogsaverroes.juntadeandalucia.es\/iesburguillos\/files\/2023\/06\/CUMPLIMENTACI\u00d3N-MATR\u00cdCULA-BTO1-CIENCIAS-Y-TECNOLOG\u00cdA_page-0010.jpg 1132w\" sizes=\"(max-width: 725px) 100vw, 725px\" \/><\/a> <a href=\"https:\/\/blogsaverroes.juntadeandalucia.es\/iesburguillos\/files\/2023\/06\/CUMPLIMENTACI\u00d3N-MATR\u00cdCULA-BTO1-CIENCIAS-Y-TECNOLOG\u00cdA_page-0011.jpg\"><img loading=\"lazy\" decoding=\"async\" class=\"aligncenter size-large wp-image-9733\" src=\"https:\/\/blogsaverroes.juntadeandalucia.es\/iesburguillos\/files\/2023\/06\/CUMPLIMENTACI\u00d3N-MATR\u00cdCULA-BTO1-CIENCIAS-Y-TECNOLOG\u00cdA_page-0011-725x1024.jpg\" alt=\"\" width=\"725\" height=\"1024\" srcset=\"https:\/\/blogsaverroes.juntadeandalucia.es\/iesburguillos\/files\/2023\/06\/CUMPLIMENTACI\u00d3N-MATR\u00cdCULA-BTO1-CIENCIAS-Y-TECNOLOG\u00cdA_page-0011-725x1024.jpg 725w, https:\/\/blogsaverroes.juntadeandalucia.es\/iesburguillos\/files\/2023\/06\/CUMPLIMENTACI\u00d3N-MATR\u00cdCULA-BTO1-CIENCIAS-Y-TECNOLOG\u00cdA_page-0011-212x300.jpg 212w, https:\/\/blogsaverroes.juntadeandalucia.es\/iesburguillos\/files\/2023\/06\/CUMPLIMENTACI\u00d3N-MATR\u00cdCULA-BTO1-CIENCIAS-Y-TECNOLOG\u00cdA_page-0011-768x1085.jpg 768w, https:\/\/blogsaverroes.juntadeandalucia.es\/iesburguillos\/files\/2023\/06\/CUMPLIMENTACI\u00d3N-MATR\u00cdCULA-BTO1-CIENCIAS-Y-TECNOLOG\u00cdA_page-0011-1087x1536.jpg 1087w, https:\/\/blogsaverroes.juntadeandalucia.es\/iesburguillos\/files\/2023\/06\/CUMPLIMENTACI\u00d3N-MATR\u00cdCULA-BTO1-CIENCIAS-Y-TECNOLOG\u00cdA_page-0011.jpg 1132w\" sizes=\"(max-width: 725px) 100vw, 725px\" \/><\/a> <a href=\"https:\/\/blogsaverroes.juntadeandalucia.es\/iesburguillos\/files\/2023\/06\/CUMPLIMENTACI\u00d3N-MATR\u00cdCULA-BTO1-CIENCIAS-Y-TECNOLOG\u00cdA_page-0012.jpg\"><img loading=\"lazy\" decoding=\"async\" class=\"aligncenter size-large wp-image-9734\" src=\"https:\/\/blogsaverroes.juntadeandalucia.es\/iesburguillos\/files\/2023\/06\/CUMPLIMENTACI\u00d3N-MATR\u00cdCULA-BTO1-CIENCIAS-Y-TECNOLOG\u00cdA_page-0012-725x1024.jpg\" alt=\"\" width=\"725\" height=\"1024\" srcset=\"https:\/\/blogsaverroes.juntadeandalucia.es\/iesburguillos\/files\/2023\/06\/CUMPLIMENTACI\u00d3N-MATR\u00cdCULA-BTO1-CIENCIAS-Y-TECNOLOG\u00cdA_page-0012-725x1024.jpg 725w, https:\/\/blogsaverroes.juntadeandalucia.es\/iesburguillos\/files\/2023\/06\/CUMPLIMENTACI\u00d3N-MATR\u00cdCULA-BTO1-CIENCIAS-Y-TECNOLOG\u00cdA_page-0012-212x300.jpg 212w, https:\/\/blogsaverroes.juntadeandalucia.es\/iesburguillos\/files\/2023\/06\/CUMPLIMENTACI\u00d3N-MATR\u00cdCULA-BTO1-CIENCIAS-Y-TECNOLOG\u00cdA_page-0012-768x1085.jpg 768w, https:\/\/blogsaverroes.juntadeandalucia.es\/iesburguillos\/files\/2023\/06\/CUMPLIMENTACI\u00d3N-MATR\u00cdCULA-BTO1-CIENCIAS-Y-TECNOLOG\u00cdA_page-0012-1087x1536.jpg 1087w, https:\/\/blogsaverroes.juntadeandalucia.es\/iesburguillos\/files\/2023\/06\/CUMPLIMENTACI\u00d3N-MATR\u00cdCULA-BTO1-CIENCIAS-Y-TECNOLOG\u00cdA_page-0012.jpg 1132w\" sizes=\"(max-width: 725px) 100vw, 725px\" \/><\/a><\/p>\n","protected":false},"excerpt":{"rendered":"","protected":false},"author":2616,"featured_media":0,"parent":0,"menu_order":0,"comment_status":"closed","ping_status":"closed","template":"","meta":{"ngg_post_thumbnail":0,"footnotes":"","_mc_calendar":[]},"aioseo_notices":[],"_links":{"self":[{"href":"https:\/\/blogsaverroes.juntadeandalucia.es\/iesburguillos\/wp-json\/wp\/v2\/pages\/9722"}],"collection":[{"href":"https:\/\/blogsaverroes.juntadeandalucia.es\/iesburguillos\/wp-json\/wp\/v2\/pages"}],"about":[{"href":"https:\/\/blogsaverroes.juntadeandalucia.es\/iesburguillos\/wp-json\/wp\/v2\/types\/page"}],"author":[{"embeddable":true,"href":"https:\/\/blogsaverroes.juntadeandalucia.es\/iesburguillos\/wp-json\/wp\/v2\/users\/2616"}],"replies":[{"embeddable":true,"href":"https:\/\/blogsaverroes.juntadeandalucia.es\/iesburguillos\/wp-json\/wp\/v2\/comments?post=9722"}],"version-history":[{"count":1,"href":"https:\/\/blogsaverroes.juntadeandalucia.es\/iesburguillos\/wp-json\/wp\/v2\/pages\/9722\/revisions"}],"predecessor-version":[{"id":9735,"href":"https:\/\/blogsaverroes.juntadeandalucia.es\/iesburguillos\/wp-json\/wp\/v2\/pages\/9722\/revisions\/9735"}],"wp:attachment":[{"href":"https:\/\/blogsaverroes.juntadeandalucia.es\/iesburguillos\/wp-json\/wp\/v2\/media?parent=9722"}],"curies":[{"name":"wp","href":"https:\/\/api.w.org\/{rel}","templated":true}]}}