{"id":2833,"date":"2021-12-22T11:20:20","date_gmt":"2021-12-22T11:20:20","guid":{"rendered":"https:\/\/blogsaverroes.juntadeandalucia.es\/iesburyalhamma\/?page_id=2833"},"modified":"2021-12-22T13:28:19","modified_gmt":"2021-12-22T13:28:19","slug":"recursos-co-educacion","status":"publish","type":"page","link":"https:\/\/blogsaverroes.juntadeandalucia.es\/iesburyalhamma\/co-educacion\/recursos-co-educacion\/","title":{"rendered":"Recursos Co-Educaci\u00f3n"},"content":{"rendered":"<p><span style=\"color: #ff0000\"><strong>Actividades, dentro del pacto de estado contra la violencia de g\u00e9nero.<\/strong><\/span><\/p>\n<p><em>Ofrecemos las distintas actividades y talleres dise\u00f1ados y programados desde el Centro:<\/em><\/p>\n<p><strong>D\u00eda internacional de la ni\u00f1a y la Ciencia.<\/strong><\/p>\n[googleapps domain=\u00bbdrive\u00bb dir=\u00bbfile\/d\/1bDdbXHe5SEQy6mtriAcex215KVdoolsb\/preview\u00bb query=\u00bb\u00bb width=\u00bb640&#8243; height=\u00bb480&#8243; \/]\n<p><strong>&nbsp;Iguala-T, trivial Coeducativo interactivo.<\/strong><\/p>\n[googleapps domain=\u00bbdrive\u00bb dir=\u00bbfile\/d\/1YXCIZL4D8wUrUiRtHwwXv5cx5a3KNdrJ\/preview\u00bb query=\u00bb\u00bb width=\u00bb640&#8243; height=\u00bb480&#8243; \/]\n<p><strong>Audiorelatos.<\/strong><\/p>\n[googleapps domain=\u00bbdrive\u00bb dir=\u00bbfile\/d\/1hPGZHsoeB0cDCfCTeQRZjbkTaRGvtejg\/preview\u00bb query=\u00bb\u00bb width=\u00bb640&#8243; height=\u00bb480&#8243; \/]\n<p><strong>Tictoc<\/strong><\/p>\n[googleapps domain=\u00bbdrive\u00bb dir=\u00bbfile\/d\/11Z3nIzT9X_YygQ3tzNm6FiMMs0Y-iv-c\/preview\u00bb query=\u00bb\u00bb width=\u00bb640&#8243; height=\u00bb480&#8243; \/]\n<p><strong>Cortos.<\/strong><\/p>\n[googleapps domain=\u00bbdrive\u00bb dir=\u00bbfile\/d\/1cDPeHEp4lPCNKNSpwpFCG8Pc2q5CWEZP\/preview\u00bb query=\u00bb\u00bb width=\u00bb640&#8243; height=\u00bb480&#8243; \/]\n<p><strong>Diccionario Igualitario.<\/strong><\/p>\n[googleapps domain=\u00bbdrive\u00bb dir=\u00bbfile\/d\/1Vb8nhnaWk9liy1_bI8zl3-jZe52xWfnV\/preview\u00bb query=\u00bb\u00bb width=\u00bb640&#8243; height=\u00bb480&#8243; \/]\n<p><strong>A ti mujer.<\/strong><\/p>\n[googleapps domain=\u00bbdrive\u00bb dir=\u00bbfile\/d\/1Fnzq-BfDme2BNzxXjM2csBRE9L3vS_Iy\/preview\u00bb query=\u00bb\u00bb width=\u00bb640&#8243; height=\u00bb480&#8243; \/]\n<p><strong>Pepa y Pepe.<\/strong><\/p>\n[googleapps domain=\u00bbdrive\u00bb dir=\u00bbfile\/d\/1xe_n-8RdeaymJXcgpqQo2qXpr5yHOM-l\/preview\u00bb query=\u00bb\u00bb width=\u00bb640&#8243; height=\u00bb480&#8243; \/]\n<p><strong>Preguntas y Kahoot.<\/strong><\/p>\n[googleapps domain=\u00bbdrive\u00bb dir=\u00bbfile\/d\/1F1Y5t95lFPeMMa8t0pq4CxbSC57b9Ka8\/preview\u00bb query=\u00bb\u00bb width=\u00bb640&#8243; height=\u00bb480&#8243; \/]\n<p><strong>Maud Lewis.<\/strong><\/p>\n[googleapps domain=\u00bbdrive\u00bb dir=\u00bbfile\/d\/1l56UCKZhHZmtRVsF3P0ZcxP4Fx8SPxLG\/preview\u00bb query=\u00bb\u00bb width=\u00bb640&#8243; height=\u00bb480&#8243; \/]\n<p><strong>Mujeres emprendedoras<\/strong><\/p>\n[googleapps domain=\u00bbdrive\u00bb dir=\u00bbfile\/d\/105yLuIz5xZTqE0EsZn8OOovII9iEeThn\/preview\u00bb query=\u00bb\u00bb width=\u00bb640&#8243; height=\u00bb480&#8243; \/]\n<p><strong>Podcast.<\/strong><\/p>\n[googleapps domain=\u00bbdrive\u00bb dir=\u00bbfile\/d\/1IOGCdYGwSu5omk9IZb6WLW3SfiG_46bO\/preview\u00bb query=\u00bb\u00bb width=\u00bb640&#8243; height=\u00bb480&#8243; \/]\n<p><strong>Rosalind Franklin<\/strong><\/p>\n[googleapps domain=\u00bbdrive\u00bb dir=\u00bbfile\/d\/14m3D1ltIzZzhK0Ml1Z1v9xlAOmxo9pcW\/preview\u00bb query=\u00bb\u00bb width=\u00bb640&#8243; height=\u00bb480&#8243; \/]\n<p><strong>Mujeres en el deporte<\/strong><\/p>\n[googleapps domain=\u00bbdrive\u00bb dir=\u00bbfile\/d\/1YfLQfUcRR48H6Ou26v-gC_wrXoYun9Jg\/preview\u00bb query=\u00bb\u00bb width=\u00bb640&#8243; height=\u00bb480&#8243; \/]\n<p><strong>Violencia en la m\u00fasica.<\/strong><\/p>\n[googleapps domain=\u00bbdrive\u00bb dir=\u00bbfile\/d\/1fXbxb53p82HZhgKOh4Bnr6VhUiZ7RHPu\/preview\u00bb query=\u00bb\u00bb width=\u00bb640&#8243; height=\u00bb480&#8243; \/]\n","protected":false},"excerpt":{"rendered":"<p>Actividades, dentro del pacto de estado contra la violencia de g\u00e9nero. Ofrecemos las distintas actividades y talleres dise\u00f1ados y programados desde el Centro: D\u00eda internacional de la ni\u00f1a y la Ciencia. [googleapps domain=\u00bbdrive\u00bb dir=\u00bbfile\/d\/1bDdbXHe5SEQy6mtriAcex215KVdoolsb\/preview\u00bb&#46;&#46;&#46;<\/p>\n","protected":false},"author":10520,"featured_media":0,"parent":2827,"menu_order":0,"comment_status":"closed","ping_status":"closed","template":"","meta":{"ngg_post_thumbnail":0,"footnotes":"","_mc_calendar":[]},"aioseo_notices":[],"_links":{"self":[{"href":"https:\/\/blogsaverroes.juntadeandalucia.es\/iesburyalhamma\/wp-json\/wp\/v2\/pages\/2833"}],"collection":[{"href":"https:\/\/blogsaverroes.juntadeandalucia.es\/iesburyalhamma\/wp-json\/wp\/v2\/pages"}],"about":[{"href":"https:\/\/blogsaverroes.juntadeandalucia.es\/iesburyalhamma\/wp-json\/wp\/v2\/types\/page"}],"author":[{"embeddable":true,"href":"https:\/\/blogsaverroes.juntadeandalucia.es\/iesburyalhamma\/wp-json\/wp\/v2\/users\/10520"}],"replies":[{"embeddable":true,"href":"https:\/\/blogsaverroes.juntadeandalucia.es\/iesburyalhamma\/wp-json\/wp\/v2\/comments?post=2833"}],"version-history":[{"count":5,"href":"https:\/\/blogsaverroes.juntadeandalucia.es\/iesburyalhamma\/wp-json\/wp\/v2\/pages\/2833\/revisions"}],"predecessor-version":[{"id":2848,"href":"https:\/\/blogsaverroes.juntadeandalucia.es\/iesburyalhamma\/wp-json\/wp\/v2\/pages\/2833\/revisions\/2848"}],"up":[{"embeddable":true,"href":"https:\/\/blogsaverroes.juntadeandalucia.es\/iesburyalhamma\/wp-json\/wp\/v2\/pages\/2827"}],"wp:attachment":[{"href":"https:\/\/blogsaverroes.juntadeandalucia.es\/iesburyalhamma\/wp-json\/wp\/v2\/media?parent=2833"}],"curies":[{"name":"wp","href":"https:\/\/api.w.org\/{rel}","templated":true}]}}