{"id":3194,"date":"2022-01-18T09:37:13","date_gmt":"2022-01-18T09:37:13","guid":{"rendered":"https:\/\/blogsaverroes.juntadeandalucia.es\/iesburyalhamma\/?page_id=3194"},"modified":"2022-01-18T09:37:13","modified_gmt":"2022-01-18T09:37:13","slug":"fyq2opmar","status":"publish","type":"page","link":"https:\/\/blogsaverroes.juntadeandalucia.es\/iesburyalhamma\/fyq2opmar\/","title":{"rendered":"FYQ2\u00baPMAR"},"content":{"rendered":"<p><!--td {border: 1px solid #ccc;}br {mso-data-placement:same-cell;}--><\/p>\n<table dir=\"ltr\" border=\"1\" cellspacing=\"0\" cellpadding=\"0\">\n<colgroup>\n<col width=\"75\">\n<col width=\"1275\"><\/colgroup>\n<tbody>\n<tr>\n<td data-sheets-value=\"{&quot;1&quot;:2,&quot;2&quot;:&quot;N\u00ba Bloque&quot;}\">N\u00ba Bloque<\/td>\n<td data-sheets-value=\"{&quot;1&quot;:2,&quot;2&quot;:&quot;Denominaci\u00f3n&quot;}\">Denominaci\u00f3n<\/td>\n<\/tr>\n<tr>\n<td data-sheets-value=\"{&quot;1&quot;:3,&quot;3&quot;:1}\">1<\/td>\n<td data-sheets-value=\"{&quot;1&quot;:2,&quot;2&quot;:&quot;Reconocer e identificar las caracter\u00edsticas del m\u00e9todo cient\u00edfico.&quot;}\">Reconocer e identificar las caracter\u00edsticas del m\u00e9todo cient\u00edfico.<\/td>\n<\/tr>\n<tr>\n<td data-sheets-value=\"{&quot;1&quot;:3,&quot;3&quot;:1}\">1<\/td>\n<td data-sheets-value=\"{&quot;1&quot;:2,&quot;2&quot;:&quot;Valorar la investigaci\u00f3n cient\u00edfica y su impacto en la industria y en el desarrollo de la sociedad. &quot;}\">Valorar la investigaci\u00f3n cient\u00edfica y su impacto en la industria y en el desarrollo de la sociedad.<\/td>\n<\/tr>\n<tr>\n<td data-sheets-value=\"{&quot;1&quot;:3,&quot;3&quot;:1}\">1<\/td>\n<td data-sheets-value=\"{&quot;1&quot;:2,&quot;2&quot;:&quot;Conocer los procedimientos cient\u00edficos para determinar magnitudes. &quot;}\">Conocer los procedimientos cient\u00edficos para determinar magnitudes.<\/td>\n<\/tr>\n<tr>\n<td data-sheets-value=\"{&quot;1&quot;:3,&quot;3&quot;:1}\">1<\/td>\n<td data-sheets-value=\"{&quot;1&quot;:2,&quot;2&quot;:&quot;Reconocer los materiales, e instrumentos b\u00e1sicos del laboratorio de F\u00edsica y de Qu\u00edmica; conocer y respetar las normas de seguridad y de eliminaci\u00f3n de residuos para la protecci\u00f3n del medio ambiente.&quot;}\">Reconocer los materiales, e instrumentos b\u00e1sicos del laboratorio de F\u00edsica y de Qu\u00edmica; conocer y respetar las normas de seguridad y de eliminaci\u00f3n de residuos para la protecci\u00f3n del medio ambiente.<\/td>\n<\/tr>\n<tr>\n<td data-sheets-value=\"{&quot;1&quot;:3,&quot;3&quot;:1}\">1<\/td>\n<td data-sheets-value=\"{&quot;1&quot;:2,&quot;2&quot;:&quot;Interpretar la informaci\u00f3n sobre temas cient\u00edficos de car\u00e1cter divulgativo que aparece en publicaciones y medios de comunicaci\u00f3n.&quot;}\">Interpretar la informaci\u00f3n sobre temas cient\u00edficos de car\u00e1cter divulgativo que aparece en publicaciones y medios de comunicaci\u00f3n.<\/td>\n<\/tr>\n<tr>\n<td data-sheets-value=\"{&quot;1&quot;:3,&quot;3&quot;:1}\">1<\/td>\n<td data-sheets-value=\"{&quot;1&quot;:2,&quot;2&quot;:&quot;Desarrollar peque\u00f1os trabajos de investigaci\u00f3n en los que se ponga en pr\u00e1ctica la aplicaci\u00f3n del m\u00e9todo cient\u00edfico y la utilizaci\u00f3n de las TIC. &quot;}\">Desarrollar peque\u00f1os trabajos de investigaci\u00f3n en los que se ponga en pr\u00e1ctica la aplicaci\u00f3n del m\u00e9todo cient\u00edfico y la utilizaci\u00f3n de las TIC.<\/td>\n<\/tr>\n<tr>\n<td data-sheets-value=\"{&quot;1&quot;:3,&quot;3&quot;:2}\">2<\/td>\n<td data-sheets-value=\"{&quot;1&quot;:2,&quot;2&quot;:&quot;Reconocer las propiedades generales y caracter\u00edsticas de la materia y relacionarlas con su naturaleza y sus aplicaciones.&quot;}\">Reconocer las propiedades generales y caracter\u00edsticas de la materia y relacionarlas con su naturaleza y sus aplicaciones.<\/td>\n<\/tr>\n<tr>\n<td data-sheets-value=\"{&quot;1&quot;:3,&quot;3&quot;:2}\">2<\/td>\n<td data-sheets-value=\"{&quot;1&quot;:2,&quot;2&quot;:&quot;Justificar las propiedades de los diferentes estados de agregaci\u00f3n de la materia y sus cambios de estado, a trav\u00e9s del modelo cin\u00e9tico-molecular.&quot;}\">Justificar las propiedades de los diferentes estados de agregaci\u00f3n de la materia y sus cambios de estado, a trav\u00e9s del modelo cin\u00e9tico-molecular.<\/td>\n<\/tr>\n<tr>\n<td data-sheets-value=\"{&quot;1&quot;:3,&quot;3&quot;:2}\">2<\/td>\n<td data-sheets-value=\"{&quot;1&quot;:2,&quot;2&quot;:&quot;Establecer las relaciones entre las variables de las que depende el estado de un gas a partir de representaciones gr\u00e1ficas y\/o tablas de resultados obtenidos en experiencias de laboratorio o simulaciones por ordenador. &quot;}\">Establecer las relaciones entre las variables de las que depende el estado de un gas a partir de representaciones gr\u00e1ficas y\/o tablas de resultados obtenidos en experiencias de laboratorio o simulaciones por ordenador.<\/td>\n<\/tr>\n<tr>\n<td data-sheets-value=\"{&quot;1&quot;:3,&quot;3&quot;:2}\">2<\/td>\n<td data-sheets-value=\"{&quot;1&quot;:2,&quot;2&quot;:&quot;Identificar sistemas materiales como sustancias puras o mezclas y valorar la importancia y las aplicaciones de mezclas de especial inter\u00e9s. &quot;}\">Identificar sistemas materiales como sustancias puras o mezclas y valorar la importancia y las aplicaciones de mezclas de especial inter\u00e9s.<\/td>\n<\/tr>\n<tr>\n<td data-sheets-value=\"{&quot;1&quot;:3,&quot;3&quot;:2}\">2<\/td>\n<td data-sheets-value=\"{&quot;1&quot;:2,&quot;2&quot;:&quot;Proponer m\u00e9todos de separaci\u00f3n de los componentes de una mezcla.&quot;}\">Proponer m\u00e9todos de separaci\u00f3n de los componentes de una mezcla.<\/td>\n<\/tr>\n<tr>\n<td data-sheets-value=\"{&quot;1&quot;:3,&quot;3&quot;:3}\">3<\/td>\n<td data-sheets-value=\"{&quot;1&quot;:2,&quot;2&quot;:&quot;Distinguir entre cambios f\u00edsicos y qu\u00edmicos mediante la realizaci\u00f3n de experiencias sencillas que pongan de manifiesto si se forman o no nuevas sustancias.&quot;}\">Distinguir entre cambios f\u00edsicos y qu\u00edmicos mediante la realizaci\u00f3n de experiencias sencillas que pongan de manifiesto si se forman o no nuevas sustancias.<\/td>\n<\/tr>\n<tr>\n<td data-sheets-value=\"{&quot;1&quot;:3,&quot;3&quot;:3}\">3<\/td>\n<td data-sheets-value=\"{&quot;1&quot;:2,&quot;2&quot;:&quot;Caracterizar las reacciones qu\u00edmicas como cambios de unas sustancias en otras.&quot;}\">Caracterizar las reacciones qu\u00edmicas como cambios de unas sustancias en otras.<\/td>\n<\/tr>\n<tr>\n<td data-sheets-value=\"{&quot;1&quot;:3,&quot;3&quot;:3}\">3<\/td>\n<td data-sheets-value=\"{&quot;1&quot;:2,&quot;2&quot;:&quot;Reconocer la importancia de la qu\u00edmica en la obtenci\u00f3n de nuevas sustancias y su importancia en la mejora de la calidad de vida de las personas.&quot;}\">Reconocer la importancia de la qu\u00edmica en la obtenci\u00f3n de nuevas sustancias y su importancia en la mejora de la calidad de vida de las personas.<\/td>\n<\/tr>\n<tr>\n<td data-sheets-value=\"{&quot;1&quot;:3,&quot;3&quot;:3}\">3<\/td>\n<td data-sheets-value=\"{&quot;1&quot;:2,&quot;2&quot;:&quot;Valorar la importancia de la industria qu\u00edmica en la sociedad y su influencia en el medio ambiente.&quot;}\">Valorar la importancia de la industria qu\u00edmica en la sociedad y su influencia en el medio ambiente.<\/td>\n<\/tr>\n<tr>\n<td data-sheets-value=\"{&quot;1&quot;:3,&quot;3&quot;:4}\">4<\/td>\n<td data-sheets-value=\"{&quot;1&quot;:2,&quot;2&quot;:&quot;Establecer la velocidad de un cuerpo como la relaci\u00f3n entre el espacio recorrido y el tiempo invertido en recorrerlo.&quot;}\">Establecer la velocidad de un cuerpo como la relaci\u00f3n entre el espacio recorrido y el tiempo invertido en recorrerlo.<\/td>\n<\/tr>\n<tr>\n<td data-sheets-value=\"{&quot;1&quot;:3,&quot;3&quot;:4}\">4<\/td>\n<td data-sheets-value=\"{&quot;1&quot;:2,&quot;2&quot;:&quot;Diferenciar entre velocidad media e instant\u00e1nea a partir de gr\u00e1ficas espacio\/tiempo y velocidad\/tiempo, y deducir el valor de la aceleraci\u00f3n utilizando estas \u00faltimas.&quot;}\">Diferenciar entre velocidad media e instant\u00e1nea a partir de gr\u00e1ficas espacio\/tiempo y velocidad\/tiempo, y deducir el valor de la aceleraci\u00f3n utilizando estas \u00faltimas.<\/td>\n<\/tr>\n<tr>\n<td data-sheets-value=\"{&quot;1&quot;:3,&quot;3&quot;:4}\">4<\/td>\n<td data-sheets-value=\"{&quot;1&quot;:2,&quot;2&quot;:&quot;Valorar la utilidad de las m\u00e1quinas simples en la transformaci\u00f3n de un movimiento en otro diferente, y la reducci\u00f3n de la fuerza aplicada necesaria.&quot;}\">Valorar la utilidad de las m\u00e1quinas simples en la transformaci\u00f3n de un movimiento en otro diferente, y la reducci\u00f3n de la fuerza aplicada necesaria.<\/td>\n<\/tr>\n<tr>\n<td data-sheets-value=\"{&quot;1&quot;:3,&quot;3&quot;:4}\">4<\/td>\n<td data-sheets-value=\"{&quot;1&quot;:2,&quot;2&quot;:&quot;Identificar los diferentes niveles de agrupaci\u00f3n entre cuerpos celestes, desde los c\u00famulos de galaxias a los sistemas planetarios, y analizar el orden de magnitud de las distancias implicadas.&quot;}\">Identificar los diferentes niveles de agrupaci\u00f3n entre cuerpos celestes, desde los c\u00famulos de galaxias a los sistemas planetarios, y analizar el orden de magnitud de las distancias implicadas.<\/td>\n<\/tr>\n<tr>\n<td data-sheets-value=\"{&quot;1&quot;:3,&quot;3&quot;:5}\">5<\/td>\n<td data-sheets-value=\"{&quot;1&quot;:2,&quot;2&quot;:&quot;Reconocer que la energ\u00eda es la capacidad de producir transformaciones o cambios.&quot;}\">Reconocer que la energ\u00eda es la capacidad de producir transformaciones o cambios.<\/td>\n<\/tr>\n<tr>\n<td data-sheets-value=\"{&quot;1&quot;:3,&quot;3&quot;:5}\">5<\/td>\n<td data-sheets-value=\"{&quot;1&quot;:2,&quot;2&quot;:&quot;Identificar los diferentes tipos de energ\u00eda puestos de manifiesto en fen\u00f3menos cotidianos y en experiencias sencillas realizadas en el laboratorio.&quot;}\">Identificar los diferentes tipos de energ\u00eda puestos de manifiesto en fen\u00f3menos cotidianos y en experiencias sencillas realizadas en el laboratorio.<\/td>\n<\/tr>\n<tr>\n<td data-sheets-value=\"{&quot;1&quot;:3,&quot;3&quot;:5}\">5<\/td>\n<td data-sheets-value=\"{&quot;1&quot;:2,&quot;2&quot;:&quot;Relacionar los conceptos de energ\u00eda, calor y temperatura en t\u00e9rminos de la teor\u00eda cin\u00e9tico-molecular y describir los mecanismos por los que se transfiere la energ\u00eda t\u00e9rmica en diferentes situaciones cotidianas. &quot;}\">Relacionar los conceptos de energ\u00eda, calor y temperatura en t\u00e9rminos de la teor\u00eda cin\u00e9tico-molecular y describir los mecanismos por los que se transfiere la energ\u00eda t\u00e9rmica en diferentes situaciones cotidianas.<\/td>\n<\/tr>\n<tr>\n<td data-sheets-value=\"{&quot;1&quot;:3,&quot;3&quot;:5}\">5<\/td>\n<td data-sheets-value=\"{&quot;1&quot;:2,&quot;2&quot;:&quot;Interpretar los efectos de la energ\u00eda t\u00e9rmica sobre los cuerpos en situaciones cotidianas y en experiencias de laboratorio.&quot;}\">Interpretar los efectos de la energ\u00eda t\u00e9rmica sobre los cuerpos en situaciones cotidianas y en experiencias de laboratorio.<\/td>\n<\/tr>\n<tr>\n<td data-sheets-value=\"{&quot;1&quot;:3,&quot;3&quot;:5}\">5<\/td>\n<td data-sheets-value=\"{&quot;1&quot;:2,&quot;2&quot;:&quot;Valorar el papel de la energ\u00eda en nuestras vidas, identificar las diferentes fuentes, comparar el impacto medioambiental de las mismas y reconocer la importancia del ahorro energ\u00e9tico para un desarrollo sostenible. &quot;}\">Valorar el papel de la energ\u00eda en nuestras vidas, identificar las diferentes fuentes, comparar el impacto medioambiental de las mismas y reconocer la importancia del ahorro energ\u00e9tico para un desarrollo sostenible.<\/td>\n<\/tr>\n<tr>\n<td data-sheets-value=\"{&quot;1&quot;:3,&quot;3&quot;:5}\">5<\/td>\n<td data-sheets-value=\"{&quot;1&quot;:2,&quot;2&quot;:&quot;Conocer y comparar las diferentes fuentes de energ\u00eda empleadas en la vida diaria en un contexto global que implique aspectos econ\u00f3micos y medioambientales.&quot;}\">Conocer y comparar las diferentes fuentes de energ\u00eda empleadas en la vida diaria en un contexto global que implique aspectos econ\u00f3micos y medioambientales.<\/td>\n<\/tr>\n<tr>\n<td data-sheets-value=\"{&quot;1&quot;:3,&quot;3&quot;:5}\">5<\/td>\n<td data-sheets-value=\"{&quot;1&quot;:2,&quot;2&quot;:&quot;Valorar la importancia de realizar un consumo responsable de las fuentes energ\u00e9ticas y reconocer la importancia que las energ\u00edas renovables tienen en Andaluc\u00eda.&quot;}\">Valorar la importancia de realizar un consumo responsable de las fuentes energ\u00e9ticas y reconocer la importancia que las energ\u00edas renovables tienen en Andaluc\u00eda.<\/td>\n<\/tr>\n<\/tbody>\n<\/table>\n","protected":false},"excerpt":{"rendered":"<p>N\u00ba Bloque Denominaci\u00f3n 1 Reconocer e identificar las caracter\u00edsticas del m\u00e9todo cient\u00edfico. 1 Valorar la investigaci\u00f3n cient\u00edfica y su impacto en la industria y en el desarrollo de la sociedad. 1 Conocer los procedimientos&#46;&#46;&#46;<\/p>\n","protected":false},"author":10520,"featured_media":0,"parent":0,"menu_order":0,"comment_status":"closed","ping_status":"closed","template":"","meta":{"ngg_post_thumbnail":0,"footnotes":"","_mc_calendar":[]},"aioseo_notices":[],"_links":{"self":[{"href":"https:\/\/blogsaverroes.juntadeandalucia.es\/iesburyalhamma\/wp-json\/wp\/v2\/pages\/3194"}],"collection":[{"href":"https:\/\/blogsaverroes.juntadeandalucia.es\/iesburyalhamma\/wp-json\/wp\/v2\/pages"}],"about":[{"href":"https:\/\/blogsaverroes.juntadeandalucia.es\/iesburyalhamma\/wp-json\/wp\/v2\/types\/page"}],"author":[{"embeddable":true,"href":"https:\/\/blogsaverroes.juntadeandalucia.es\/iesburyalhamma\/wp-json\/wp\/v2\/users\/10520"}],"replies":[{"embeddable":true,"href":"https:\/\/blogsaverroes.juntadeandalucia.es\/iesburyalhamma\/wp-json\/wp\/v2\/comments?post=3194"}],"version-history":[{"count":1,"href":"https:\/\/blogsaverroes.juntadeandalucia.es\/iesburyalhamma\/wp-json\/wp\/v2\/pages\/3194\/revisions"}],"predecessor-version":[{"id":3195,"href":"https:\/\/blogsaverroes.juntadeandalucia.es\/iesburyalhamma\/wp-json\/wp\/v2\/pages\/3194\/revisions\/3195"}],"wp:attachment":[{"href":"https:\/\/blogsaverroes.juntadeandalucia.es\/iesburyalhamma\/wp-json\/wp\/v2\/media?parent=3194"}],"curies":[{"name":"wp","href":"https:\/\/api.w.org\/{rel}","templated":true}]}}