{"id":3368,"date":"2022-09-16T18:51:43","date_gmt":"2022-09-16T18:51:43","guid":{"rendered":"https:\/\/blogsaverroes.juntadeandalucia.es\/iesburyalhamma\/?page_id=3368"},"modified":"2022-09-16T20:50:33","modified_gmt":"2022-09-16T20:50:33","slug":"aspectos-generales","status":"publish","type":"page","link":"https:\/\/blogsaverroes.juntadeandalucia.es\/iesburyalhamma\/aspectos-generales\/","title":{"rendered":"Normas sobre aspectos generales"},"content":{"rendered":"<p style=\"text-align: justify\">Las normas que se deben seguir en este punto son las siguientes:<\/p>\n<table class=\" aligncenter\" style=\"height: 576px;width: 84.1188%;border-collapse: collapse\">\n<tbody>\n<tr style=\"background-color: #10c9c3\">\n<td style=\"width: 27.7356%;height: 24px;text-align: center\"><strong>Norma<\/strong><\/td>\n<td style=\"width: 62.6219%;height: 24px;text-align: center\"><strong>Descripci\u00f3n<\/strong><\/td>\n<\/tr>\n<tr style=\"height: 48px;text-align: justify\">\n<td style=\"width: 27.7356%;height: 48px;text-align: justify\"><strong>Supervisi\u00f3n del alumno<\/strong><\/td>\n<td style=\"width: 62.6219%;text-align: justify;height: 48px\">El profesorado evitar\u00e1 que los alumnos queden solos en el aula con el material TIC y\/o sin la necesaria supervisi\u00f3n.<\/td>\n<\/tr>\n<tr style=\"height: 144px\">\n<td style=\"width: 27.7356%;height: 144px;text-align: justify\"><strong>Alumnos responsables TIC<\/strong><\/td>\n<td style=\"width: 62.6219%;text-align: justify;height: 144px\">El profesorado contar\u00e1 con la colaboraci\u00f3n de dos ALUMNOS\/AS responsables TIC que lo ayuden en las tareas de entrega y recogida de carros de port\u00e1tiles. Dicha funci\u00f3n de responsable TIC debe recaer sobre alumnos y alumnas que demuestren esa responsabilidad, en caso contrario se sustituir\u00e1n. Debemos asegurarnos que se han nombrado dichos responsables TIC antes de usar los carros.<\/td>\n<\/tr>\n<tr style=\"height: 96px\">\n<td style=\"width: 27.7356%;height: 96px;text-align: justify\"><strong>Integraci\u00f3n de las TIC en el curr\u00edculo<\/strong><\/td>\n<td style=\"width: 62.6219%;height: 96px;text-align: justify\">El uso de las TIC, como cualquier otro recurso educativo, debe estar integrado en el curr\u00edculo de cada materia. El profesorado que vaya a utilizarlas en una de sus clases deber\u00eda hacerlo atendiendo a su programaci\u00f3n de aula y gui\u00e1ndose por ella en todo momento, evit\u00e1ndose su uso de forma deliberada.<\/td>\n<\/tr>\n<tr style=\"height: 120px\">\n<td style=\"width: 27.7356%;height: 120px;text-align: justify\"><strong>Comunicaci\u00f3n de las incidencias<\/strong><\/td>\n<td style=\"width: 62.6219%;height: 120px;text-align: justify\">Las incidencias que se detecten en cualquier material inform\u00e1tico ser\u00e1n comunicadas a trav\u00e9s de un formulario de incidencias al que se accede mediante c\u00f3digo QR, disponible en todas las dependencias y en la web del centro. Dichas incidencias se atender\u00e1n y se resolver\u00e1n por orden de llegada por el equipo de TDE.<\/td>\n<\/tr>\n<tr style=\"height: 96px\">\n<td style=\"width: 27.7356%;height: 96px;text-align: justify\"><strong>Deterioros intencionados<\/strong><\/td>\n<td style=\"width: 62.6219%;height: 96px;text-align: justify\">Si alguna incidencia se refiere a un deterioro intencionado de alg\u00fan recurso TIC, se aplicar\u00e1 al alumnado responsable la sanci\u00f3n correspondiente y se les prohibir\u00e1 el uso de los recursos TIC hasta que se lleve a cabo lo dispuesto en las normas de convivencia.<\/td>\n<\/tr>\n<tr style=\"height: 48px\">\n<td style=\"width: 27.7356%;height: 48px;text-align: justify\"><strong>Dispositivos apagados<\/strong><\/td>\n<td style=\"width: 62.6219%;height: 48px;text-align: justify\">Al finalizar cada clase, todos los dispositivos quedar\u00e1n apagados y no olvidar cerrar cuentas personales.<\/td>\n<\/tr>\n<\/tbody>\n<\/table>\n<p>&nbsp;<\/p>\n","protected":false},"excerpt":{"rendered":"<p>Las normas que se deben seguir en este punto son las siguientes: Norma Descripci\u00f3n Supervisi\u00f3n del alumno El profesorado evitar\u00e1 que los alumnos queden solos en el aula con el material TIC y\/o sin&#46;&#46;&#46;<\/p>\n","protected":false},"author":10520,"featured_media":0,"parent":0,"menu_order":0,"comment_status":"closed","ping_status":"closed","template":"","meta":{"ngg_post_thumbnail":0,"footnotes":"","_mc_calendar":[]},"aioseo_notices":[],"_links":{"self":[{"href":"https:\/\/blogsaverroes.juntadeandalucia.es\/iesburyalhamma\/wp-json\/wp\/v2\/pages\/3368"}],"collection":[{"href":"https:\/\/blogsaverroes.juntadeandalucia.es\/iesburyalhamma\/wp-json\/wp\/v2\/pages"}],"about":[{"href":"https:\/\/blogsaverroes.juntadeandalucia.es\/iesburyalhamma\/wp-json\/wp\/v2\/types\/page"}],"author":[{"embeddable":true,"href":"https:\/\/blogsaverroes.juntadeandalucia.es\/iesburyalhamma\/wp-json\/wp\/v2\/users\/10520"}],"replies":[{"embeddable":true,"href":"https:\/\/blogsaverroes.juntadeandalucia.es\/iesburyalhamma\/wp-json\/wp\/v2\/comments?post=3368"}],"version-history":[{"count":10,"href":"https:\/\/blogsaverroes.juntadeandalucia.es\/iesburyalhamma\/wp-json\/wp\/v2\/pages\/3368\/revisions"}],"predecessor-version":[{"id":3413,"href":"https:\/\/blogsaverroes.juntadeandalucia.es\/iesburyalhamma\/wp-json\/wp\/v2\/pages\/3368\/revisions\/3413"}],"wp:attachment":[{"href":"https:\/\/blogsaverroes.juntadeandalucia.es\/iesburyalhamma\/wp-json\/wp\/v2\/media?parent=3368"}],"curies":[{"name":"wp","href":"https:\/\/api.w.org\/{rel}","templated":true}]}}