{"id":3400,"date":"2022-09-16T18:40:54","date_gmt":"2022-09-16T18:40:54","guid":{"rendered":"https:\/\/blogsaverroes.juntadeandalucia.es\/iesburyalhamma\/?page_id=3400"},"modified":"2022-09-16T21:00:30","modified_gmt":"2022-09-16T21:00:30","slug":"uso-internet","status":"publish","type":"page","link":"https:\/\/blogsaverroes.juntadeandalucia.es\/iesburyalhamma\/uso-internet\/","title":{"rendered":"Normas sobre el uso adecuado de Internet"},"content":{"rendered":"<p>Las normas que se deben tener en cuenta sobre el uso adecuado de Internet son las siguientes:<\/p>\n<table class=\" aligncenter\" style=\"height: 120px;border-collapse: collapse;width: 85.2253%\">\n<tbody>\n<tr style=\"height: 24px;background-color: #10c9c3\">\n<td style=\"width: 18.6887%;text-align: center;height: 24px\"><strong>Norma<\/strong><\/td>\n<td style=\"width: 37.3518%;text-align: center;height: 24px\"><strong>Descripci\u00f3n<\/strong><\/td>\n<\/tr>\n<tr style=\"height: 24px\">\n<td style=\"width: 18.6887%;height: 24px;text-align: justify\"><strong>Navegaci\u00f3n ajustada a la Programaci\u00f3n<\/strong><\/td>\n<td style=\"width: 37.3518%;height: 24px;text-align: justify\">La navegaci\u00f3n libre por Internet est\u00e1 totalmente desaconsejada, y debe ajustarse a la Programaci\u00f3n. En el Decreto 25\/2007 encontramos las indicaciones sobre seguridad y protecci\u00f3n de los menores. Los sistemas proporcionados por la CEJA (Guadalinex) cuentan con sistemas de filtrado y control, operativos en todos los equipos que navegan mediante la red corporativa. Est\u00e1 prohibida pues, toda manipulaci\u00f3n, instalaci\u00f3n o pr\u00e1ctica de navegaci\u00f3n que modifique o anule estos filtros, permitiendo el acceso a las p\u00e1ginas que lo tuvieran vetado.<\/td>\n<\/tr>\n<tr style=\"height: 24px\">\n<td style=\"width: 18.6887%;height: 24px;text-align: justify\"><strong>Contenidos con finalidades educativas<\/strong><\/td>\n<td style=\"width: 37.3518%;height: 24px;text-align: justify\">No se deben instalar programas o aplicaciones en los ordenadores, que no sean los proporcionados por los servidores del CGA. De igual modo, tampoco pueden utilizarse los equipos para descargar, ejecutar o reproducir software cuyos contenidos carezcan de finalidades educativas.<\/td>\n<\/tr>\n<tr style=\"height: 24px\">\n<td style=\"width: 18.6887%;height: 24px;text-align: justify\"><strong>Respeto<\/strong><\/td>\n<td style=\"width: 37.3518%;height: 24px;text-align: justify\">En los sitios web, p\u00e1ginas, documentos o archivos que se consulten, se ejecuten, se trabajen o se usen, debe observarse siempre el respeto a los compa\u00f1eros, al profesorado, al personal del centro y, en general, a la dignidad y los derechos humanos de toda persona. Este aspecto se concreta en el Art\u00edculo 5 del mencionado Decreto 25\/2007, sobre contenidos inapropiados e il\u00edcitos, que este centro asume y generaliza a todo el alumnado usuario de la red y no solo a los menores.<\/td>\n<\/tr>\n<\/tbody>\n<\/table>\n<p>&nbsp;<\/p>\n","protected":false},"excerpt":{"rendered":"<p>Las normas que se deben tener en cuenta sobre el uso adecuado de Internet son las siguientes: Norma Descripci\u00f3n Navegaci\u00f3n ajustada a la Programaci\u00f3n La navegaci\u00f3n libre por Internet est\u00e1 totalmente desaconsejada, y debe&#46;&#46;&#46;<\/p>\n","protected":false},"author":10520,"featured_media":0,"parent":0,"menu_order":0,"comment_status":"closed","ping_status":"closed","template":"","meta":{"ngg_post_thumbnail":0,"footnotes":"","_mc_calendar":[]},"aioseo_notices":[],"_links":{"self":[{"href":"https:\/\/blogsaverroes.juntadeandalucia.es\/iesburyalhamma\/wp-json\/wp\/v2\/pages\/3400"}],"collection":[{"href":"https:\/\/blogsaverroes.juntadeandalucia.es\/iesburyalhamma\/wp-json\/wp\/v2\/pages"}],"about":[{"href":"https:\/\/blogsaverroes.juntadeandalucia.es\/iesburyalhamma\/wp-json\/wp\/v2\/types\/page"}],"author":[{"embeddable":true,"href":"https:\/\/blogsaverroes.juntadeandalucia.es\/iesburyalhamma\/wp-json\/wp\/v2\/users\/10520"}],"replies":[{"embeddable":true,"href":"https:\/\/blogsaverroes.juntadeandalucia.es\/iesburyalhamma\/wp-json\/wp\/v2\/comments?post=3400"}],"version-history":[{"count":9,"href":"https:\/\/blogsaverroes.juntadeandalucia.es\/iesburyalhamma\/wp-json\/wp\/v2\/pages\/3400\/revisions"}],"predecessor-version":[{"id":3437,"href":"https:\/\/blogsaverroes.juntadeandalucia.es\/iesburyalhamma\/wp-json\/wp\/v2\/pages\/3400\/revisions\/3437"}],"wp:attachment":[{"href":"https:\/\/blogsaverroes.juntadeandalucia.es\/iesburyalhamma\/wp-json\/wp\/v2\/media?parent=3400"}],"curies":[{"name":"wp","href":"https:\/\/api.w.org\/{rel}","templated":true}]}}