{"id":3490,"date":"2022-09-30T08:03:35","date_gmt":"2022-09-30T08:03:35","guid":{"rendered":"https:\/\/blogsaverroes.juntadeandalucia.es\/iesburyalhamma\/?page_id=3490"},"modified":"2022-09-30T08:56:44","modified_gmt":"2022-09-30T08:56:44","slug":"tecnicas-de-estudio","status":"publish","type":"page","link":"https:\/\/blogsaverroes.juntadeandalucia.es\/iesburyalhamma\/tecnicas-de-estudio\/","title":{"rendered":"T\u00e9cnicas de estudio"},"content":{"rendered":"<p style=\"text-align: justify\">A continuaci\u00f3n se muestran ocho enlaces a videos de Youtube que recogen los principales aspectos a tener en cuenta a la hora de planificar, organizar y poner en pr\u00e1ctica nuestro m\u00e9todo de estudio: qu\u00e9 debemos de tener en cuenta antes de ponernos a estudiar, la importancia de la higiene mental, la planificaci\u00f3n del estudio y finalmente cinco t\u00e9cnicas b\u00e1sicas de cualquier m\u00e9todo de estudio (lectura inicial, subrayado, lectura comprensiva, el esquema, los mapas conceptuales y la toma de apuntes).<\/p>\n<p style=\"text-align: justify\"><strong>1. Antes de ponernos a estudiar.<\/strong><\/p>\n<p style=\"text-align: center\"><iframe loading=\"lazy\" src=\"\/\/www.youtube.com\/embed\/d_Rwu4siW_k\" width=\"560\" height=\"314\"><\/iframe><\/p>\n<p style=\"text-align: center\">&nbsp;<\/p>\n<p><strong>2. Higiene mental.<\/strong><\/p>\n<p style=\"text-align: center\"><iframe loading=\"lazy\" src=\"\/\/www.youtube.com\/embed\/C-nlhJ5sOYM\" width=\"560\" height=\"314\"><\/iframe><\/p>\n<p style=\"text-align: center\">&nbsp;<\/p>\n<p><strong>3. La planificaci\u00f3n del estudio<\/strong><\/p>\n<p style=\"text-align: center\"><iframe loading=\"lazy\" src=\"\/\/www.youtube.com\/embed\/q2XS8oniPsc\" width=\"560\" height=\"314\"><\/iframe><\/p>\n<p style=\"text-align: justify\"><strong>4. La lectura comprensiva.<\/strong><\/p>\n<p style=\"text-align: center\"><iframe loading=\"lazy\" src=\"\/\/www.youtube.com\/embed\/Z7MoP931V9U\" width=\"560\" height=\"314\"><\/iframe><\/p>\n<p><strong>5. El subrayado.<\/strong><\/p>\n<p style=\"text-align: center\"><iframe loading=\"lazy\" src=\"\/\/www.youtube.com\/embed\/UOTMNe4nYUc\" width=\"560\" height=\"314\"><\/iframe><\/p>\n<p><strong>6. El esquema.<\/strong><\/p>\n<p style=\"text-align: center\"><iframe loading=\"lazy\" src=\"\/\/www.youtube.com\/embed\/uXGYmlblkKg\" width=\"560\" height=\"314\"><\/iframe><\/p>\n<p><strong>7. El mapa conceptual<\/strong><\/p>\n<p style=\"text-align: center\"><iframe loading=\"lazy\" src=\"\/\/www.youtube.com\/embed\/2MUyMBaiD7U\" width=\"560\" height=\"314\"><\/iframe><\/p>\n<p><strong>8. La toma de apuntes.<\/strong><\/p>\n<p style=\"text-align: center\"><iframe loading=\"lazy\" src=\"\/\/www.youtube.com\/embed\/3EkUoRSP6WM\" width=\"560\" height=\"314\"><\/iframe><\/p>\n<p>A continuaci\u00f3n aparecen los enlaces a tres webs:<\/p>\n<ul>\n<li><a href=\"http:\/\/habitosdeestudio.umh.es\/versiontexto.htm\">Web de la Universidad Miguel Hern\u00e1ndez<\/a>. Aunque est\u00e9 orientada a estudiantes universitarios, ofrece consejos pr\u00e1cticos muy interesantes para mejorar el h\u00e1bito de estudio y las estrategias de aprendizaje del alumnado de Secundaria\/Bachillerato. Consejos que mejorar\u00e1n nuestros h\u00e1bitos y m\u00e9todos de estudio.<\/li>\n<li><a href=\"https:\/\/www.aplicaciones.info\/utiles\/tecnicas.htm\">Web con cuestionarios varios sobre t\u00e9cnicas de estudio<\/a>. Incluye un cuestionario sobre la forma de estudiar, consejos pr\u00e1cticos sobre c\u00f3mo estudiar distintas materias escolares, etc.<\/li>\n<li><a href=\"https:\/\/www.aulafacil.com\/cursos\/autoayuda\/tecnicas-de-estudio-t544\">Web en la que accedemos a 28 aspectos claves relacionados con el estudio<\/a>.<\/li>\n<\/ul>\n","protected":false},"excerpt":{"rendered":"<p>A continuaci\u00f3n se muestran ocho enlaces a videos de Youtube que recogen los principales aspectos a tener en cuenta a la hora de planificar, organizar y poner en pr\u00e1ctica nuestro m\u00e9todo de estudio: qu\u00e9&#46;&#46;&#46;<\/p>\n","protected":false},"author":10520,"featured_media":0,"parent":0,"menu_order":0,"comment_status":"closed","ping_status":"closed","template":"","meta":{"ngg_post_thumbnail":0,"footnotes":"","_mc_calendar":[]},"aioseo_notices":[],"_links":{"self":[{"href":"https:\/\/blogsaverroes.juntadeandalucia.es\/iesburyalhamma\/wp-json\/wp\/v2\/pages\/3490"}],"collection":[{"href":"https:\/\/blogsaverroes.juntadeandalucia.es\/iesburyalhamma\/wp-json\/wp\/v2\/pages"}],"about":[{"href":"https:\/\/blogsaverroes.juntadeandalucia.es\/iesburyalhamma\/wp-json\/wp\/v2\/types\/page"}],"author":[{"embeddable":true,"href":"https:\/\/blogsaverroes.juntadeandalucia.es\/iesburyalhamma\/wp-json\/wp\/v2\/users\/10520"}],"replies":[{"embeddable":true,"href":"https:\/\/blogsaverroes.juntadeandalucia.es\/iesburyalhamma\/wp-json\/wp\/v2\/comments?post=3490"}],"version-history":[{"count":17,"href":"https:\/\/blogsaverroes.juntadeandalucia.es\/iesburyalhamma\/wp-json\/wp\/v2\/pages\/3490\/revisions"}],"predecessor-version":[{"id":3509,"href":"https:\/\/blogsaverroes.juntadeandalucia.es\/iesburyalhamma\/wp-json\/wp\/v2\/pages\/3490\/revisions\/3509"}],"wp:attachment":[{"href":"https:\/\/blogsaverroes.juntadeandalucia.es\/iesburyalhamma\/wp-json\/wp\/v2\/media?parent=3490"}],"curies":[{"name":"wp","href":"https:\/\/api.w.org\/{rel}","templated":true}]}}