{"id":35,"date":"2015-03-13T08:21:43","date_gmt":"2015-03-13T08:21:43","guid":{"rendered":"http:\/\/blogsaverroes.juntadeandalucia.es\/pre\/ceip\/?page_id=35"},"modified":"2020-11-26T20:12:03","modified_gmt":"2020-11-26T20:12:03","slug":"el-centro-2","status":"publish","type":"page","link":"https:\/\/blogsaverroes.juntadeandalucia.es\/iesburyalhamma\/el-centro-2\/","title":{"rendered":"Datos del centro"},"content":{"rendered":"[googlemaps https:\/\/www.google.com\/maps\/embed?pb=!1m18!1m12!1m3!1d2532.0447410996335!2d-3.7788838496479626!3d38.17579427958875!2m3!1f0!2f0!3f0!3m2!1i1024!2i768!4f13.1!3m3!1m2!1s0xd6c205555555555%3A0x60c2c65f7af3433c!2sIES%20B%C3%BBry%20Al-Hamma!5e1!3m2!1ses!2ses!4v1606388415539!5m2!1ses!2ses&amp;w=600&amp;h=450]\n<p><strong>I.E.S. B\u00dbRY AL- HAMMA<\/strong><br \/>\nAvda. Jos\u00e9 Lu\u00eds Mess\u00eda s\/n, 23.711. Ba\u00f1os de la Encina<br \/>\nTlfno. 671 535 986&nbsp;<br \/>\nCorporativo: 635986 &#8211; 635985<br \/>\nCorreos electr\u00f3nicos:<br \/>\n23700611.edu@juntadeandalucia.es<br \/>\niesbury1@gmail.com<\/p>\n","protected":false},"excerpt":{"rendered":"<p>[googlemaps https:\/\/www.google.com\/maps\/embed?pb=!1m18!1m12!1m3!1d2532.0447410996335!2d-3.7788838496479626!3d38.17579427958875!2m3!1f0!2f0!3f0!3m2!1i1024!2i768!4f13.1!3m3!1m2!1s0xd6c205555555555%3A0x60c2c65f7af3433c!2sIES%20B%C3%BBry%20Al-Hamma!5e1!3m2!1ses!2ses!4v1606388415539!5m2!1ses!2ses&amp;w=600&amp;h=450] I.E.S. B\u00dbRY AL- HAMMA Avda. Jos\u00e9 Lu\u00eds Mess\u00eda s\/n, 23.711. Ba\u00f1os de la Encina Tlfno. 671 535 986&nbsp; Corporativo: 635986 &#8211; 635985 Correos electr\u00f3nicos: 23700611.edu@juntadeandalucia.es iesbury1@gmail.com<\/p>\n","protected":false},"author":1,"featured_media":2602,"parent":0,"menu_order":0,"comment_status":"closed","ping_status":"open","template":"page-cs.php","meta":{"ngg_post_thumbnail":0,"footnotes":"","_mc_calendar":[]},"aioseo_notices":[],"_links":{"self":[{"href":"https:\/\/blogsaverroes.juntadeandalucia.es\/iesburyalhamma\/wp-json\/wp\/v2\/pages\/35"}],"collection":[{"href":"https:\/\/blogsaverroes.juntadeandalucia.es\/iesburyalhamma\/wp-json\/wp\/v2\/pages"}],"about":[{"href":"https:\/\/blogsaverroes.juntadeandalucia.es\/iesburyalhamma\/wp-json\/wp\/v2\/types\/page"}],"author":[{"embeddable":true,"href":"https:\/\/blogsaverroes.juntadeandalucia.es\/iesburyalhamma\/wp-json\/wp\/v2\/users\/1"}],"replies":[{"embeddable":true,"href":"https:\/\/blogsaverroes.juntadeandalucia.es\/iesburyalhamma\/wp-json\/wp\/v2\/comments?post=35"}],"version-history":[{"count":25,"href":"https:\/\/blogsaverroes.juntadeandalucia.es\/iesburyalhamma\/wp-json\/wp\/v2\/pages\/35\/revisions"}],"predecessor-version":[{"id":2612,"href":"https:\/\/blogsaverroes.juntadeandalucia.es\/iesburyalhamma\/wp-json\/wp\/v2\/pages\/35\/revisions\/2612"}],"wp:featuredmedia":[{"embeddable":true,"href":"https:\/\/blogsaverroes.juntadeandalucia.es\/iesburyalhamma\/wp-json\/wp\/v2\/media\/2602"}],"wp:attachment":[{"href":"https:\/\/blogsaverroes.juntadeandalucia.es\/iesburyalhamma\/wp-json\/wp\/v2\/media?parent=35"}],"curies":[{"name":"wp","href":"https:\/\/api.w.org\/{rel}","templated":true}]}}