{"id":3758,"date":"2022-11-10T08:42:33","date_gmt":"2022-11-10T08:42:33","guid":{"rendered":"https:\/\/blogsaverroes.juntadeandalucia.es\/iesburyalhamma\/?page_id=3758"},"modified":"2022-11-10T08:42:50","modified_gmt":"2022-11-10T08:42:50","slug":"criterios-de-evaluacion-epva-2o-e-s-o","status":"publish","type":"page","link":"https:\/\/blogsaverroes.juntadeandalucia.es\/iesburyalhamma\/criterios-de-evaluacion-epva-2o-e-s-o\/","title":{"rendered":"Criterios de evaluaci\u00f3n E.P.V.A. 2\u00ba E.S.O."},"content":{"rendered":"<p>Los criterios de evaluaci\u00f3n de la materia de E.P.V.A. de 2\u00ba E.S.O. son los siguientes:<\/p>\n<table class=\" aligncenter\" style=\"width: 79.3063%;border-collapse: collapse\">\n<tbody>\n<tr>\n<td style=\"width: 11.8677%;text-align: center\" width=\"258\"><strong>N\u00ba Criterio<\/strong><\/td>\n<td style=\"width: 54.6649%;text-align: center\" width=\"258\"><strong>Denominaci\u00f3n<\/strong><\/td>\n<td style=\"width: 10.3517%;text-align: center\" width=\"258\"><strong>Ponderaci\u00f3n %<\/strong><\/td>\n<\/tr>\n<tr>\n<td style=\"width: 11.8677%;text-align: center\" width=\"258\">EPVA1.1<\/td>\n<td style=\"width: 54.6649%;text-align: justify\" width=\"258\">Identificar los elementos configuradores de la imagen.<\/td>\n<td style=\"width: 10.3517%;text-align: center\">1,78<\/td>\n<\/tr>\n<tr>\n<td style=\"width: 11.8677%;text-align: center\" width=\"258\">EPVA1.2<\/td>\n<td style=\"width: 54.6649%;text-align: justify\" width=\"258\">Experimentar con las variaciones formales del punto, el plano y la l\u00ednea.<\/td>\n<td style=\"width: 10.3517%;text-align: center\">1,78<\/td>\n<\/tr>\n<tr>\n<td style=\"width: 11.8677%;text-align: center\" width=\"258\">EPVA1.3<\/td>\n<td style=\"width: 54.6649%;text-align: justify\" width=\"258\">Expresar emociones utilizando distintos elementos configurativos y recursos gr\u00e1ficos: l\u00ednea, puntos, colores, texturas, claroscuros.<\/td>\n<td style=\"width: 10.3517%;text-align: center\">1,78<\/td>\n<\/tr>\n<tr>\n<td style=\"width: 11.8677%;text-align: center\" width=\"258\">EPVA1.4<\/td>\n<td style=\"width: 54.6649%;text-align: justify\" width=\"258\">Identificar y aplicar los conceptos de equilibrio, proporci\u00f3n y ritmo en composiciones b\u00e1sicas.<\/td>\n<td style=\"width: 10.3517%;text-align: center\">1,78<\/td>\n<\/tr>\n<tr>\n<td style=\"width: 11.8677%;text-align: center\" width=\"258\">EPVA1.5<\/td>\n<td style=\"width: 54.6649%;text-align: justify\" width=\"258\">Experimentar con los colores primarios y secundarios.<\/td>\n<td style=\"width: 10.3517%;text-align: center\">1,78<\/td>\n<\/tr>\n<tr>\n<td style=\"width: 11.8677%;text-align: center\" width=\"258\">EPVA1.6<\/td>\n<td style=\"width: 54.6649%;text-align: justify\" width=\"258\">Identificar y diferenciar las propiedades del color luz y el color pigmento.<\/td>\n<td style=\"width: 10.3517%;text-align: center\">1,78<\/td>\n<\/tr>\n<tr>\n<td style=\"width: 11.8677%;text-align: center\" width=\"258\">EPVA1.7<\/td>\n<td style=\"width: 54.6649%;text-align: justify\" width=\"258\">Diferenciar las texturas naturales, artificiales, t\u00e1ctiles y visuales y valorar su capacidad expresiva.<\/td>\n<td style=\"width: 10.3517%;text-align: center\">1,78<\/td>\n<\/tr>\n<tr>\n<td style=\"width: 11.8677%;text-align: center\" width=\"258\">EPVA1.8<\/td>\n<td style=\"width: 54.6649%;text-align: justify\" width=\"258\">Conocer y aplicar los m\u00e9todos creativos gr\u00e1fico- pl\u00e1sticos aplicados a procesos de artes pl\u00e1sticas y dise\u00f1o<\/td>\n<td style=\"width: 10.3517%;text-align: center\">1,78<\/td>\n<\/tr>\n<tr>\n<td style=\"width: 11.8677%;text-align: center\" width=\"258\">EPVA1.9<\/td>\n<td style=\"width: 54.6649%;text-align: justify\" width=\"258\">Crear composiciones gr\u00e1fico-pl\u00e1sticas personales y colectivas.<\/td>\n<td style=\"width: 10.3517%;text-align: center\">1,78<\/td>\n<\/tr>\n<tr>\n<td style=\"width: 11.8677%;text-align: center\" width=\"258\">EPVA1.10<\/td>\n<td style=\"width: 54.6649%;text-align: justify\" width=\"258\">Dibujar con distintos niveles de iconicidad de la imagen.<\/td>\n<td style=\"width: 10.3517%;text-align: center\">1,78<\/td>\n<\/tr>\n<tr>\n<td style=\"width: 11.8677%;text-align: center\" width=\"258\">EPVA1.11<\/td>\n<td style=\"width: 54.6649%;text-align: justify\" width=\"258\">Conocer y aplicar las posibilidades expresivas de las t\u00e9cnicas gr\u00e1fico- pl\u00e1sticas secas, h\u00famedas y mixtas. La t\u00e9mpera, los l\u00e1pices de grafito y de color. El collage.<\/td>\n<td style=\"width: 10.3517%;text-align: center\">1,78<\/td>\n<\/tr>\n<tr>\n<td style=\"width: 11.8677%;text-align: center\" width=\"258\">EPVA2.1<\/td>\n<td style=\"width: 54.6649%;text-align: justify\" width=\"258\">Identificar los elementos y factores que intervienen en el proceso de percepci\u00f3n de im\u00e1genes.<\/td>\n<td style=\"width: 10.3517%;text-align: center\">1,78<\/td>\n<\/tr>\n<tr>\n<td style=\"width: 11.8677%;text-align: center\" width=\"258\">EPVA2.2<\/td>\n<td style=\"width: 54.6649%;text-align: justify\" width=\"258\">Reconocer las leyes visuales de la Gestalt que posibilitan las ilusiones \u00f3pticas y aplicar estas leyes en la elaboraci\u00f3n de obras propias.<\/td>\n<td style=\"width: 10.3517%;text-align: center\">1,78<\/td>\n<\/tr>\n<tr>\n<td style=\"width: 11.8677%;text-align: center\" width=\"258\">EPVA2.3<\/td>\n<td style=\"width: 54.6649%;text-align: justify\" width=\"258\">Identificar significante y significado en un signo visual.<\/td>\n<td style=\"width: 10.3517%;text-align: center\">1,78<\/td>\n<\/tr>\n<tr>\n<td style=\"width: 11.8677%;text-align: center\" width=\"258\">EPVA2.4<\/td>\n<td style=\"width: 54.6649%;text-align: justify\" width=\"258\">Reconocer los diferentes grados de iconicidad en im\u00e1genes presentes en el entorno comunicativo.<\/td>\n<td style=\"width: 10.3517%;text-align: center\">1,78<\/td>\n<\/tr>\n<tr>\n<td style=\"width: 11.8677%;text-align: center\" width=\"258\">EPVA2.5<\/td>\n<td style=\"width: 54.6649%;text-align: justify\" width=\"258\">Distinguir y crear distintos tipos de im\u00e1genes seg\u00fan su relaci\u00f3n significante- significado: s\u00edmbolos e iconos.<\/td>\n<td style=\"width: 10.3517%;text-align: center\">1,78<\/td>\n<\/tr>\n<tr>\n<td style=\"width: 11.8677%;text-align: center\" width=\"258\">EPVA2.6<\/td>\n<td style=\"width: 54.6649%;text-align: justify\" width=\"258\">Describir, analizar e interpretar una imagen distinguiendo los aspectos denotativo y connotativo de la misma.<\/td>\n<td style=\"width: 10.3517%;text-align: center\">1,78<\/td>\n<\/tr>\n<tr>\n<td style=\"width: 11.8677%;text-align: center\" width=\"258\">EPVA2.7<\/td>\n<td style=\"width: 54.6649%;text-align: justify\" width=\"258\">Analizar y realizar fotograf\u00edas comprendiendo y aplicando los fundamentos de la misma.<\/td>\n<td style=\"width: 10.3517%;text-align: center\">1,78<\/td>\n<\/tr>\n<tr>\n<td style=\"width: 11.8677%;text-align: center\" width=\"258\">EPVA2.8<\/td>\n<td style=\"width: 54.6649%;text-align: justify\" width=\"258\">Analizar y realizar c\u00f3mics aplicando los recursos de manera apropiada.<\/td>\n<td style=\"width: 10.3517%;text-align: center\">1,78<\/td>\n<\/tr>\n<tr>\n<td style=\"width: 11.8677%;text-align: center\" width=\"258\">EPVA2.9<\/td>\n<td style=\"width: 54.6649%;text-align: justify\" width=\"258\">Conocer los fundamentos de la imagen en movimiento, explorar sus posibilidades expresivas.<\/td>\n<td style=\"width: 10.3517%;text-align: center\">1,78<\/td>\n<\/tr>\n<tr>\n<td style=\"width: 11.8677%;text-align: center\" width=\"258\">EPVA2.10<\/td>\n<td style=\"width: 54.6649%;text-align: justify\" width=\"258\">Diferenciar y analizar los distintos elementos que intervienen en un acto de comunicaci\u00f3n.<\/td>\n<td style=\"width: 10.3517%;text-align: center\">1,78<\/td>\n<\/tr>\n<tr>\n<td style=\"width: 11.8677%;text-align: center\" width=\"258\">EPVA2.11<\/td>\n<td style=\"width: 54.6649%;text-align: justify\" width=\"258\">Reconocer las diferentes funciones de la comunicaci\u00f3n.<\/td>\n<td style=\"width: 10.3517%;text-align: center\">1,78<\/td>\n<\/tr>\n<tr>\n<td style=\"width: 11.8677%;text-align: center\" width=\"258\">EPVA2.12<\/td>\n<td style=\"width: 54.6649%;text-align: justify\" width=\"258\">Utilizar de manera adecuada los lenguajes visual y audiovisual con distintas funciones.<\/td>\n<td style=\"width: 10.3517%;text-align: center\">1,78<\/td>\n<\/tr>\n<tr>\n<td style=\"width: 11.8677%;text-align: center\" width=\"258\">EPVA2.13<\/td>\n<td style=\"width: 54.6649%;text-align: justify\" width=\"258\">Identificar y reconocer los diferentes lenguajes visuales apreciando los distintos estilos y tendencias, valorando, respetando y disfrutando del patrimonio hist\u00f3rico y cultural.<\/td>\n<td style=\"width: 10.3517%;text-align: center\">1,78<\/td>\n<\/tr>\n<tr>\n<td style=\"width: 11.8677%;text-align: center\" width=\"258\">EPVA2.14<\/td>\n<td style=\"width: 54.6649%;text-align: justify\" width=\"258\">Identificar y emplear recursos visuales como las figuras ret\u00f3ricas en el lenguaje publicitario.<\/td>\n<td style=\"width: 10.3517%;text-align: center\">1,78<\/td>\n<\/tr>\n<tr>\n<td style=\"width: 11.8677%;text-align: center\" width=\"258\">EPVA2.15<\/td>\n<td style=\"width: 54.6649%;text-align: justify\" width=\"258\">Apreciar el lenguaje del cine analizando obras de manera cr\u00edtica, ubic\u00e1ndolas en su contexto hist\u00f3rico y sociocultural, reflexionando sobre la relaci\u00f3n del lenguaje cinematogr\u00e1fico con el mensaje de la obra.<\/td>\n<td style=\"width: 10.3517%;text-align: center\">1,78<\/td>\n<\/tr>\n<tr>\n<td style=\"width: 11.8677%;text-align: center\" width=\"258\">EPVA2.16<\/td>\n<td style=\"width: 54.6649%;text-align: justify\" width=\"258\">Comprender los fundamentos del lenguaje multimedia, valorar las aportaciones de las tecnolog\u00edas digitales y ser capaz de elaborar documentos mediante el mismo.<\/td>\n<td style=\"width: 10.3517%;text-align: center\">1,78<\/td>\n<\/tr>\n<tr>\n<td style=\"width: 11.8677%;text-align: center\" width=\"258\">EPVA3.1<\/td>\n<td style=\"width: 54.6649%;text-align: justify\" width=\"258\">Comprender y emplear los conceptos espaciales del punto, la l\u00ednea y el plano.<\/td>\n<td style=\"width: 10.3517%;text-align: center\">1,78<\/td>\n<\/tr>\n<tr>\n<td style=\"width: 11.8677%;text-align: center\" width=\"258\">EPVA3.2<\/td>\n<td style=\"width: 54.6649%;text-align: justify\" width=\"258\">Analizar c\u00f3mo se puede definir una recta con dos puntos y un plano con tres puntos no alineados o con dos rectas secantes.<\/td>\n<td style=\"width: 10.3517%;text-align: center\">1,78<\/td>\n<\/tr>\n<tr>\n<td style=\"width: 11.8677%;text-align: center\" width=\"258\">EPVA3.3<\/td>\n<td style=\"width: 54.6649%;text-align: justify\" width=\"258\">Construir distintos tipos de rectas, utilizando la escuadra y el cartab\u00f3n, habiendo repasado previamente estos conceptos.<\/td>\n<td style=\"width: 10.3517%;text-align: center\">1,78<\/td>\n<\/tr>\n<tr>\n<td style=\"width: 11.8677%;text-align: center\" width=\"258\">EPVA3.4<\/td>\n<td style=\"width: 54.6649%;text-align: justify\" width=\"258\">Conocer con fluidez los conceptos de circunferencia, c\u00edrculo y arco.<\/td>\n<td style=\"width: 10.3517%;text-align: center\">1,78<\/td>\n<\/tr>\n<tr>\n<td style=\"width: 11.8677%;text-align: center\" width=\"258\">EPVA3.5<\/td>\n<td style=\"width: 54.6649%;text-align: justify\" width=\"258\">Utilizar el comp\u00e1s, realizando ejercicios variados para familiarizarse con esta herramienta.<\/td>\n<td style=\"width: 10.3517%;text-align: center\">1,78<\/td>\n<\/tr>\n<tr>\n<td style=\"width: 11.8677%;text-align: center\" width=\"258\">EPVA3.6<\/td>\n<td style=\"width: 54.6649%;text-align: justify\" width=\"258\">Comprender el concepto de \u00e1ngulo y bisectriz y la clasificaci\u00f3n de \u00e1ngulos agudos, rectos y obtusos.<\/td>\n<td style=\"width: 10.3517%;text-align: center\">1,78<\/td>\n<\/tr>\n<tr>\n<td style=\"width: 11.8677%;text-align: center\" width=\"258\">EPVA3.7<\/td>\n<td style=\"width: 54.6649%;text-align: justify\" width=\"258\">Estudiar la suma y resta de \u00e1ngulos y comprender la forma de medirlos.<\/td>\n<td style=\"width: 10.3517%;text-align: center\">1,78<\/td>\n<\/tr>\n<tr>\n<td style=\"width: 11.8677%;text-align: center\" width=\"258\">EPVA3.8<\/td>\n<td style=\"width: 54.6649%;text-align: justify\" width=\"258\">Estudiar el concepto de bisectriz y su proceso de construcci\u00f3n.<\/td>\n<td style=\"width: 10.3517%;text-align: center\">1,78<\/td>\n<\/tr>\n<tr>\n<td style=\"width: 11.8677%;text-align: center\" width=\"258\">EPVA3.9<\/td>\n<td style=\"width: 54.6649%;text-align: justify\" width=\"258\">Diferenciar claramente entre recta y segmento tomando medidas de segmentos con la regla o utilizando el comp\u00e1s.<\/td>\n<td style=\"width: 10.3517%;text-align: center\">1,78<\/td>\n<\/tr>\n<tr>\n<td style=\"width: 11.8677%;text-align: center\" width=\"258\">EPVA3.10<\/td>\n<td style=\"width: 54.6649%;text-align: justify\" width=\"258\">Trazar la mediatriz de un segmento utilizando comp\u00e1s y regla. Tambi\u00e9n utilizando regla, escuadra y cartab\u00f3n.<\/td>\n<td style=\"width: 10.3517%;text-align: center\">1,78<\/td>\n<\/tr>\n<tr>\n<td style=\"width: 11.8677%;text-align: center\" width=\"258\">EPVA3.11<\/td>\n<td style=\"width: 54.6649%;text-align: justify\" width=\"258\">Estudiar las aplicaciones del teorema de Thales.<\/td>\n<td style=\"width: 10.3517%;text-align: center\">1,78<\/td>\n<\/tr>\n<tr>\n<td style=\"width: 11.8677%;text-align: center\" width=\"258\">EPVA3.12<\/td>\n<td style=\"width: 54.6649%;text-align: justify\" width=\"258\">Conocer lugares geom\u00e9tricos y definirlos.<\/td>\n<td style=\"width: 10.3517%;text-align: center\">1,78<\/td>\n<\/tr>\n<tr>\n<td style=\"width: 11.8677%;text-align: center\" width=\"258\">EPVA3.13<\/td>\n<td style=\"width: 54.6649%;text-align: justify\" width=\"258\">Comprender la clasificaci\u00f3n de los tri\u00e1ngulos en funci\u00f3n de sus lados y de sus \u00e1ngulos.<\/td>\n<td style=\"width: 10.3517%;text-align: center\">1,78<\/td>\n<\/tr>\n<tr>\n<td style=\"width: 11.8677%;text-align: center\" width=\"258\">EPVA3.14<\/td>\n<td style=\"width: 54.6649%;text-align: justify\" width=\"258\">Construir tri\u00e1ngulos conociendo tres de sus datos (lados o \u00e1ngulos).<\/td>\n<td style=\"width: 10.3517%;text-align: center\">1,78<\/td>\n<\/tr>\n<tr>\n<td style=\"width: 11.8677%;text-align: center\" width=\"258\">EPVA3.15<\/td>\n<td style=\"width: 54.6649%;text-align: justify\" width=\"258\">Analizar las propiedades de los puntos y rectas caracter\u00edsticos de un tri\u00e1ngulo.<\/td>\n<td style=\"width: 10.3517%;text-align: center\">1,78<\/td>\n<\/tr>\n<tr>\n<td style=\"width: 11.8677%;text-align: center\" width=\"258\">EPVA3.16<\/td>\n<td style=\"width: 54.6649%;text-align: justify\" width=\"258\">Conocer las propiedades geom\u00e9tricas y matem\u00e1ticas de los tri\u00e1ngulos rect\u00e1ngulos, aplic\u00e1ndolas con propiedad a la construcci\u00f3n de los mismos<\/td>\n<td style=\"width: 10.3517%;text-align: center\">1,78<\/td>\n<\/tr>\n<tr>\n<td style=\"width: 11.8677%;text-align: center\" width=\"258\">EPVA3.17<\/td>\n<td style=\"width: 54.6649%;text-align: justify\" width=\"258\">Conocer los diferentes tipos de cuadril\u00e1teros.<\/td>\n<td style=\"width: 10.3517%;text-align: center\">1,78<\/td>\n<\/tr>\n<tr>\n<td style=\"width: 11.8677%;text-align: center\" width=\"258\">EPVA3.18<\/td>\n<td style=\"width: 54.6649%;text-align: justify\" width=\"258\">Ejecutar las construcciones m\u00e1s habituales de paralelogramos.<\/td>\n<td style=\"width: 10.3517%;text-align: center\">1,78<\/td>\n<\/tr>\n<tr>\n<td style=\"width: 11.8677%;text-align: center\" width=\"258\">EPVA3.19<\/td>\n<td style=\"width: 54.6649%;text-align: justify\" width=\"258\">Clasificar los pol\u00edgonos en funci\u00f3n de sus lados, reconociendo los regulares y los irregulares.<\/td>\n<td style=\"width: 10.3517%;text-align: center\">1,78<\/td>\n<\/tr>\n<tr>\n<td style=\"width: 11.8677%;text-align: center\" width=\"258\">EPVA3.20<\/td>\n<td style=\"width: 54.6649%;text-align: justify\" width=\"258\">Estudiar la construcci\u00f3n de los pol\u00edgonos regulares inscritos en la circunferencia.<\/td>\n<td style=\"width: 10.3517%;text-align: center\">1,78<\/td>\n<\/tr>\n<tr>\n<td style=\"width: 11.8677%;text-align: center\" width=\"258\">EPVA3.21<\/td>\n<td style=\"width: 54.6649%;text-align: justify\" width=\"258\">Estudiar la construcci\u00f3n de pol\u00edgonos regulares conociendo el lado.<\/td>\n<td style=\"width: 10.3517%;text-align: center\">1,78<\/td>\n<\/tr>\n<tr>\n<td style=\"width: 11.8677%;text-align: center\" width=\"258\">EPVA3.22<\/td>\n<td style=\"width: 54.6649%;text-align: justify\" width=\"258\">Comprender las condiciones de los centros y las rectas tangentes en los distintos casos de tangencia y enlaces.<\/td>\n<td style=\"width: 10.3517%;text-align: center\">1,78<\/td>\n<\/tr>\n<tr>\n<td style=\"width: 11.8677%;text-align: center\" width=\"258\">EPVA3.23<\/td>\n<td style=\"width: 54.6649%;text-align: justify\" width=\"258\">Comprender la construcci\u00f3n del \u00f3valo y del ovoide, aplicando las propiedades de las tangencias entre circunferencias.<\/td>\n<td style=\"width: 10.3517%;text-align: center\">1,78<\/td>\n<\/tr>\n<tr>\n<td style=\"width: 11.8677%;text-align: center\" width=\"258\">EPVA3.24<\/td>\n<td style=\"width: 54.6649%;text-align: justify\" width=\"258\">Analizar y estudiar las propiedades de las tangencias en los \u00f3valos y los ovoides.<\/td>\n<td style=\"width: 10.3517%;text-align: center\">1,78<\/td>\n<\/tr>\n<tr>\n<td style=\"width: 11.8677%;text-align: center\" width=\"258\">EPVA3.25<\/td>\n<td style=\"width: 54.6649%;text-align: justify\" width=\"258\">Aplicar las condiciones de las tangencias y enlaces para construir espirales de 2, 3, 4 y 5 centros.<\/td>\n<td style=\"width: 10.3517%;text-align: center\">1,78<\/td>\n<\/tr>\n<tr>\n<td style=\"width: 11.8677%;text-align: center\" width=\"258\">EPVA3.26<\/td>\n<td style=\"width: 54.6649%;text-align: justify\" width=\"258\">Estudiar los conceptos de simetr\u00edas, giros y traslaciones aplic\u00e1ndolos al dise\u00f1o de composiciones con m\u00f3dulos.<\/td>\n<td style=\"width: 10.3517%;text-align: center\">1,78<\/td>\n<\/tr>\n<tr>\n<td style=\"width: 11.8677%;text-align: center\" width=\"258\">EPVA3.27<\/td>\n<td style=\"width: 54.6649%;text-align: justify\" width=\"258\">Comprender el concepto de proyecci\u00f3n aplic\u00e1ndolo al dibujo de las vistas de objetos comprendiendo la utilidad de las acotaciones practicando sobre las tres vistas de objetos sencillos partiendo del an\u00e1lisis de sus vistas principales.<\/td>\n<td style=\"width: 10.3517%;text-align: center\">1,78<\/td>\n<\/tr>\n<tr>\n<td style=\"width: 11.8677%;text-align: center\" width=\"258\">EPVA3.28<\/td>\n<td style=\"width: 54.6649%;text-align: justify\" width=\"258\">Comprender y practicar el procedimiento de la perspectiva caballera aplicada a vol\u00famenes elementales.<\/td>\n<td style=\"width: 10.3517%;text-align: center\">1,78<\/td>\n<\/tr>\n<tr>\n<td style=\"width: 11.8677%;text-align: center\" width=\"258\">EPVA3.29<\/td>\n<td style=\"width: 54.6649%;text-align: justify\" width=\"258\">Comprender y practicar los procesos de construcci\u00f3n de perspectivas isom\u00e9tricas de vol\u00famenes sencillos.<\/td>\n<td style=\"width: 10.3517%;text-align: center\">2,1<\/td>\n<\/tr>\n<\/tbody>\n<\/table>\n","protected":false},"excerpt":{"rendered":"<p>Los criterios de evaluaci\u00f3n de la materia de E.P.V.A. de 2\u00ba E.S.O. son los siguientes: N\u00ba Criterio Denominaci\u00f3n Ponderaci\u00f3n % EPVA1.1 Identificar los elementos configuradores de la imagen. 1,78 EPVA1.2 Experimentar con las variaciones&#46;&#46;&#46;<\/p>\n","protected":false},"author":10520,"featured_media":0,"parent":0,"menu_order":0,"comment_status":"closed","ping_status":"closed","template":"","meta":{"ngg_post_thumbnail":0,"footnotes":"","_mc_calendar":[]},"aioseo_notices":[],"_links":{"self":[{"href":"https:\/\/blogsaverroes.juntadeandalucia.es\/iesburyalhamma\/wp-json\/wp\/v2\/pages\/3758"}],"collection":[{"href":"https:\/\/blogsaverroes.juntadeandalucia.es\/iesburyalhamma\/wp-json\/wp\/v2\/pages"}],"about":[{"href":"https:\/\/blogsaverroes.juntadeandalucia.es\/iesburyalhamma\/wp-json\/wp\/v2\/types\/page"}],"author":[{"embeddable":true,"href":"https:\/\/blogsaverroes.juntadeandalucia.es\/iesburyalhamma\/wp-json\/wp\/v2\/users\/10520"}],"replies":[{"embeddable":true,"href":"https:\/\/blogsaverroes.juntadeandalucia.es\/iesburyalhamma\/wp-json\/wp\/v2\/comments?post=3758"}],"version-history":[{"count":2,"href":"https:\/\/blogsaverroes.juntadeandalucia.es\/iesburyalhamma\/wp-json\/wp\/v2\/pages\/3758\/revisions"}],"predecessor-version":[{"id":3761,"href":"https:\/\/blogsaverroes.juntadeandalucia.es\/iesburyalhamma\/wp-json\/wp\/v2\/pages\/3758\/revisions\/3761"}],"wp:attachment":[{"href":"https:\/\/blogsaverroes.juntadeandalucia.es\/iesburyalhamma\/wp-json\/wp\/v2\/media?parent=3758"}],"curies":[{"name":"wp","href":"https:\/\/api.w.org\/{rel}","templated":true}]}}