{"id":12549,"date":"2025-10-22T17:51:00","date_gmt":"2025-10-22T16:51:00","guid":{"rendered":"https:\/\/blogsaverroes.juntadeandalucia.es\/iescaballerobonald\/?page_id=12549"},"modified":"2025-10-23T10:11:33","modified_gmt":"2025-10-23T09:11:33","slug":"nuestra-secretaria","status":"publish","type":"page","link":"https:\/\/blogsaverroes.juntadeandalucia.es\/iescaballerobonald\/nuestra-secretaria\/","title":{"rendered":"Secretar\u00eda"},"content":{"rendered":"<p>Todo un lujo contar con Inma y Consuelo en nuestra secretar\u00eda. Su profesionalidad, eficacia y amabilidad hacen que cada gesti\u00f3n sea sencilla y cercana. Siempre dispuestas a ayudar, convierten cualquier tr\u00e1mite en una experiencia r\u00e1pida y agradable. Sin duda, un pilar fundamental en el buen funcionamiento del centro.<\/p>\n<p>\ud83d\udc49 <a href=\"https:\/\/sites.google.com\/iescaballerobonald.com\/secretara-ies-caballero-bonald\/inicio\"><strong data-start=\"234\" data-end=\"274\">Acceso a Documentaci\u00f3n de Secretar\u00eda<\/strong><\/a><\/p>\n<p><a href=\"https:\/\/blogsaverroes.juntadeandalucia.es\/iescaballerobonald\/files\/2025\/10\/IMG20251022083910.jpg\"><img loading=\"lazy\" decoding=\"async\" class=\"aligncenter size-full wp-image-12554\" src=\"https:\/\/blogsaverroes.juntadeandalucia.es\/iescaballerobonald\/files\/2025\/10\/IMG20251022083910.jpg\" alt=\"\" width=\"4096\" height=\"3072\" srcset=\"https:\/\/blogsaverroes.juntadeandalucia.es\/iescaballerobonald\/files\/2025\/10\/IMG20251022083910.jpg 4096w, https:\/\/blogsaverroes.juntadeandalucia.es\/iescaballerobonald\/files\/2025\/10\/IMG20251022083910-300x225.jpg 300w, https:\/\/blogsaverroes.juntadeandalucia.es\/iescaballerobonald\/files\/2025\/10\/IMG20251022083910-1024x768.jpg 1024w, https:\/\/blogsaverroes.juntadeandalucia.es\/iescaballerobonald\/files\/2025\/10\/IMG20251022083910-768x576.jpg 768w, https:\/\/blogsaverroes.juntadeandalucia.es\/iescaballerobonald\/files\/2025\/10\/IMG20251022083910-1536x1152.jpg 1536w, https:\/\/blogsaverroes.juntadeandalucia.es\/iescaballerobonald\/files\/2025\/10\/IMG20251022083910-2048x1536.jpg 2048w\" sizes=\"(max-width: 4096px) 100vw, 4096px\" \/><\/a><\/p>\n<p><a href=\"https:\/\/blogsaverroes.juntadeandalucia.es\/iescaballerobonald\/files\/2025\/10\/IMG20251023110651.jpg\"><img loading=\"lazy\" decoding=\"async\" class=\"aligncenter size-full wp-image-12584\" src=\"https:\/\/blogsaverroes.juntadeandalucia.es\/iescaballerobonald\/files\/2025\/10\/IMG20251023110651.jpg\" alt=\"\" width=\"4096\" height=\"3072\" srcset=\"https:\/\/blogsaverroes.juntadeandalucia.es\/iescaballerobonald\/files\/2025\/10\/IMG20251023110651.jpg 4096w, https:\/\/blogsaverroes.juntadeandalucia.es\/iescaballerobonald\/files\/2025\/10\/IMG20251023110651-300x225.jpg 300w, https:\/\/blogsaverroes.juntadeandalucia.es\/iescaballerobonald\/files\/2025\/10\/IMG20251023110651-1024x768.jpg 1024w, https:\/\/blogsaverroes.juntadeandalucia.es\/iescaballerobonald\/files\/2025\/10\/IMG20251023110651-768x576.jpg 768w, https:\/\/blogsaverroes.juntadeandalucia.es\/iescaballerobonald\/files\/2025\/10\/IMG20251023110651-1536x1152.jpg 1536w, https:\/\/blogsaverroes.juntadeandalucia.es\/iescaballerobonald\/files\/2025\/10\/IMG20251023110651-2048x1536.jpg 2048w\" sizes=\"(max-width: 4096px) 100vw, 4096px\" \/><\/a><\/p>\n","protected":false},"excerpt":{"rendered":"<p>Todo un lujo contar con Inma y Consuelo en nuestra secretar\u00eda. Su profesionalidad, eficacia y amabilidad hacen que cada gesti\u00f3n sea sencilla y cercana. Siempre dispuestas a ayudar, convierten cualquier&#46;&#46;&#46;<\/p>\n","protected":false},"author":15560,"featured_media":0,"parent":0,"menu_order":0,"comment_status":"closed","ping_status":"closed","template":"","meta":{"ngg_post_thumbnail":0,"footnotes":"","_mc_calendar":[]},"aioseo_notices":[],"_links":{"self":[{"href":"https:\/\/blogsaverroes.juntadeandalucia.es\/iescaballerobonald\/wp-json\/wp\/v2\/pages\/12549"}],"collection":[{"href":"https:\/\/blogsaverroes.juntadeandalucia.es\/iescaballerobonald\/wp-json\/wp\/v2\/pages"}],"about":[{"href":"https:\/\/blogsaverroes.juntadeandalucia.es\/iescaballerobonald\/wp-json\/wp\/v2\/types\/page"}],"author":[{"embeddable":true,"href":"https:\/\/blogsaverroes.juntadeandalucia.es\/iescaballerobonald\/wp-json\/wp\/v2\/users\/15560"}],"replies":[{"embeddable":true,"href":"https:\/\/blogsaverroes.juntadeandalucia.es\/iescaballerobonald\/wp-json\/wp\/v2\/comments?post=12549"}],"version-history":[{"count":7,"href":"https:\/\/blogsaverroes.juntadeandalucia.es\/iescaballerobonald\/wp-json\/wp\/v2\/pages\/12549\/revisions"}],"predecessor-version":[{"id":12585,"href":"https:\/\/blogsaverroes.juntadeandalucia.es\/iescaballerobonald\/wp-json\/wp\/v2\/pages\/12549\/revisions\/12585"}],"wp:attachment":[{"href":"https:\/\/blogsaverroes.juntadeandalucia.es\/iescaballerobonald\/wp-json\/wp\/v2\/media?parent=12549"}],"curies":[{"name":"wp","href":"https:\/\/api.w.org\/{rel}","templated":true}]}}