{"id":12586,"date":"2025-10-23T10:18:56","date_gmt":"2025-10-23T09:18:56","guid":{"rendered":"https:\/\/blogsaverroes.juntadeandalucia.es\/iescaballerobonald\/?page_id=12586"},"modified":"2025-10-23T16:17:40","modified_gmt":"2025-10-23T15:17:40","slug":"cafeteria","status":"publish","type":"page","link":"https:\/\/blogsaverroes.juntadeandalucia.es\/iescaballerobonald\/cafeteria\/","title":{"rendered":"Cafeter\u00eda"},"content":{"rendered":"<p>La cafeter\u00eda del IES Caballero Bonald es un punto de encuentro lleno de energ\u00eda y buen ambiente. Gabriel, Cristina y M\u00aa Jos\u00e9 atienden cada d\u00eda con una sonrisa y una atenci\u00f3n cercana que se agradece. Sus deliciosos bocadillos \u2014de lomo con queso, salami, jam\u00f3n, tortilla de patata o incluso kebab\u2014 son ya una instituci\u00f3n en el centro. Profesores y alumnado disfrutan all\u00ed de un descanso reparador y sabroso. Un espacio donde se mezcla el buen gusto, la amabilidad y el mejor combustible para seguir aprendiendo.<\/p>\n<p><a href=\"https:\/\/blogsaverroes.juntadeandalucia.es\/iescaballerobonald\/files\/2025\/10\/IMG20251023105151.jpg\"><img loading=\"lazy\" decoding=\"async\" class=\"aligncenter size-full wp-image-12589\" src=\"https:\/\/blogsaverroes.juntadeandalucia.es\/iescaballerobonald\/files\/2025\/10\/IMG20251023105151.jpg\" alt=\"\" width=\"4096\" height=\"3072\" srcset=\"https:\/\/blogsaverroes.juntadeandalucia.es\/iescaballerobonald\/files\/2025\/10\/IMG20251023105151.jpg 1600w, https:\/\/blogsaverroes.juntadeandalucia.es\/iescaballerobonald\/files\/2025\/10\/IMG20251023105151-300x225.jpg 300w, https:\/\/blogsaverroes.juntadeandalucia.es\/iescaballerobonald\/files\/2025\/10\/IMG20251023105151-1024x768.jpg 1024w, https:\/\/blogsaverroes.juntadeandalucia.es\/iescaballerobonald\/files\/2025\/10\/IMG20251023105151-768x576.jpg 768w, https:\/\/blogsaverroes.juntadeandalucia.es\/iescaballerobonald\/files\/2025\/10\/IMG20251023105151-1536x1152.jpg 1536w, https:\/\/blogsaverroes.juntadeandalucia.es\/iescaballerobonald\/files\/2025\/10\/IMG20251023105151-2048x1536.jpg 2048w\" sizes=\"(max-width: 4096px) 100vw, 4096px\" \/><\/a><a href=\"https:\/\/blogsaverroes.juntadeandalucia.es\/iescaballerobonald\/files\/2025\/10\/IMG20251023105134.jpg\"><img loading=\"lazy\" decoding=\"async\" class=\"aligncenter size-full wp-image-12587\" src=\"https:\/\/blogsaverroes.juntadeandalucia.es\/iescaballerobonald\/files\/2025\/10\/IMG20251023105134.jpg\" alt=\"\" width=\"4096\" height=\"3072\" srcset=\"https:\/\/blogsaverroes.juntadeandalucia.es\/iescaballerobonald\/files\/2025\/10\/IMG20251023105134.jpg 1600w, https:\/\/blogsaverroes.juntadeandalucia.es\/iescaballerobonald\/files\/2025\/10\/IMG20251023105134-300x225.jpg 300w, https:\/\/blogsaverroes.juntadeandalucia.es\/iescaballerobonald\/files\/2025\/10\/IMG20251023105134-1024x768.jpg 1024w, https:\/\/blogsaverroes.juntadeandalucia.es\/iescaballerobonald\/files\/2025\/10\/IMG20251023105134-768x576.jpg 768w, https:\/\/blogsaverroes.juntadeandalucia.es\/iescaballerobonald\/files\/2025\/10\/IMG20251023105134-1536x1152.jpg 1536w, https:\/\/blogsaverroes.juntadeandalucia.es\/iescaballerobonald\/files\/2025\/10\/IMG20251023105134-2048x1536.jpg 2048w\" sizes=\"(max-width: 4096px) 100vw, 4096px\" \/><\/a> <a href=\"https:\/\/blogsaverroes.juntadeandalucia.es\/iescaballerobonald\/files\/2025\/10\/IMG20251023105210.jpg\"><img loading=\"lazy\" decoding=\"async\" class=\"aligncenter size-full wp-image-12588\" src=\"https:\/\/blogsaverroes.juntadeandalucia.es\/iescaballerobonald\/files\/2025\/10\/IMG20251023105210.jpg\" alt=\"\" width=\"3072\" height=\"4096\" srcset=\"https:\/\/blogsaverroes.juntadeandalucia.es\/iescaballerobonald\/files\/2025\/10\/IMG20251023105210.jpg 1200w, https:\/\/blogsaverroes.juntadeandalucia.es\/iescaballerobonald\/files\/2025\/10\/IMG20251023105210-225x300.jpg 225w, https:\/\/blogsaverroes.juntadeandalucia.es\/iescaballerobonald\/files\/2025\/10\/IMG20251023105210-768x1024.jpg 768w, https:\/\/blogsaverroes.juntadeandalucia.es\/iescaballerobonald\/files\/2025\/10\/IMG20251023105210-1152x1536.jpg 1152w, https:\/\/blogsaverroes.juntadeandalucia.es\/iescaballerobonald\/files\/2025\/10\/IMG20251023105210-1536x2048.jpg 1536w\" sizes=\"(max-width: 3072px) 100vw, 3072px\" \/><\/a><\/p>\n","protected":false},"excerpt":{"rendered":"<p>La cafeter\u00eda del IES Caballero Bonald es un punto de encuentro lleno de energ\u00eda y buen ambiente. Gabriel, Cristina y M\u00aa Jos\u00e9 atienden cada d\u00eda con una sonrisa y una&#46;&#46;&#46;<\/p>\n","protected":false},"author":15560,"featured_media":0,"parent":0,"menu_order":0,"comment_status":"closed","ping_status":"closed","template":"","meta":{"ngg_post_thumbnail":0,"footnotes":"","_mc_calendar":[]},"aioseo_notices":[],"_links":{"self":[{"href":"https:\/\/blogsaverroes.juntadeandalucia.es\/iescaballerobonald\/wp-json\/wp\/v2\/pages\/12586"}],"collection":[{"href":"https:\/\/blogsaverroes.juntadeandalucia.es\/iescaballerobonald\/wp-json\/wp\/v2\/pages"}],"about":[{"href":"https:\/\/blogsaverroes.juntadeandalucia.es\/iescaballerobonald\/wp-json\/wp\/v2\/types\/page"}],"author":[{"embeddable":true,"href":"https:\/\/blogsaverroes.juntadeandalucia.es\/iescaballerobonald\/wp-json\/wp\/v2\/users\/15560"}],"replies":[{"embeddable":true,"href":"https:\/\/blogsaverroes.juntadeandalucia.es\/iescaballerobonald\/wp-json\/wp\/v2\/comments?post=12586"}],"version-history":[{"count":2,"href":"https:\/\/blogsaverroes.juntadeandalucia.es\/iescaballerobonald\/wp-json\/wp\/v2\/pages\/12586\/revisions"}],"predecessor-version":[{"id":12592,"href":"https:\/\/blogsaverroes.juntadeandalucia.es\/iescaballerobonald\/wp-json\/wp\/v2\/pages\/12586\/revisions\/12592"}],"wp:attachment":[{"href":"https:\/\/blogsaverroes.juntadeandalucia.es\/iescaballerobonald\/wp-json\/wp\/v2\/media?parent=12586"}],"curies":[{"name":"wp","href":"https:\/\/api.w.org\/{rel}","templated":true}]}}