{"id":12595,"date":"2025-10-26T18:45:08","date_gmt":"2025-10-26T17:45:08","guid":{"rendered":"https:\/\/blogsaverroes.juntadeandalucia.es\/iescaballerobonald\/?page_id=12595"},"modified":"2025-10-26T22:43:14","modified_gmt":"2025-10-26T21:43:14","slug":"procedimiento-tipo-a","status":"publish","type":"page","link":"https:\/\/blogsaverroes.juntadeandalucia.es\/iescaballerobonald\/procedimiento-tipo-a\/","title":{"rendered":"PROCEDIMIENTO TIPO A"},"content":{"rendered":"<p data-start=\"665\" data-end=\"2050\">El instituto forma parte de los <strong data-start=\"697\" data-end=\"741\">Planes Tipo A de participaci\u00f3n de oficio<\/strong>, impulsados por la administraci\u00f3n educativa, lo que significa que estos programas se activan autom\u00e1ticamente en el centro sin necesidad de solicitud. Estos planes cubren \u00e1mbitos esenciales como la inclusi\u00f3n educativa, el bienestar emocional, la igualdad de g\u00e9nero, la digitalizaci\u00f3n o la apertura del centro al entorno. Cada programa viene con sus propias l\u00edneas de acci\u00f3n y se inserta en la vida del centro como una pol\u00edtica institucional general, no solo como una iniciativa puntual.<\/p>\n<p data-start=\"665\" data-end=\"2050\" data-wp-editing=\"1\">La labor del centro co<a href=\"https:\/\/blogsaverroes.juntadeandalucia.es\/iescaballerobonald\/files\/2025\/10\/ChatGPT-Image-26-oct-2025-22_38_05.png\"><img loading=\"lazy\" decoding=\"async\" class=\"wp-image-12673 size-medium alignleft\" src=\"https:\/\/blogsaverroes.juntadeandalucia.es\/iescaballerobonald\/files\/2025\/10\/ChatGPT-Image-26-oct-2025-22_38_05-300x200.png\" alt=\"\" width=\"300\" height=\"200\" srcset=\"https:\/\/blogsaverroes.juntadeandalucia.es\/iescaballerobonald\/files\/2025\/10\/ChatGPT-Image-26-oct-2025-22_38_05-300x200.png 300w, https:\/\/blogsaverroes.juntadeandalucia.es\/iescaballerobonald\/files\/2025\/10\/ChatGPT-Image-26-oct-2025-22_38_05-1024x683.png 1024w, https:\/\/blogsaverroes.juntadeandalucia.es\/iescaballerobonald\/files\/2025\/10\/ChatGPT-Image-26-oct-2025-22_38_05-768x512.png 768w, https:\/\/blogsaverroes.juntadeandalucia.es\/iescaballerobonald\/files\/2025\/10\/ChatGPT-Image-26-oct-2025-22_38_05.png 1536w\" sizes=\"(max-width: 300px) 100vw, 300px\" \/><\/a>nsiste en incorporarlos de forma coherente al proyecto educativo, facilitando su integraci\u00f3n en los departamentos did\u00e1cticos y en el funcionamiento cotidiano. La implicaci\u00f3n de alumnado, profesorado y familias ayuda a convertirlos en verdaderas palancas de mejora. Con estos planes se persigue, entre otros objetivos, asegurar que todos los estudiantes tengan las mismas oportunidades, que el centro est\u00e9 conectado con las nuevas tecnolog\u00edas, que la biblioteca sea un recurso vivo, y que el bienestar emocional y la igualdad de g\u00e9nero sean parte del tejido educativo. En definitiva, estos programas ayudan a que el instituto sea m\u00e1s inclusivo, digital, abierto y conectado con su comunidad. A continuaci\u00f3n, el listado concreto de los Planes Tipo A en los que participa autom\u00e1ticamente nuestro centro.<\/p>\n<p data-start=\"2052\" data-end=\"2099\"><strong data-start=\"2052\" data-end=\"2097\">Listado de los Programas Tipo A de Oficio<\/strong><\/p>\n<ol data-start=\"2100\" data-end=\"2357\">\n<li data-start=\"2100\" data-end=\"2124\">\n<p data-start=\"2103\" data-end=\"2124\">Bienestar Emocional<\/p>\n<\/li>\n<li data-start=\"2125\" data-end=\"2151\">\n<p data-start=\"2128\" data-end=\"2151\">Bibliotecas Escolares<\/p>\n<\/li>\n<li data-start=\"2152\" data-end=\"2175\">\n<p data-start=\"2155\" data-end=\"2175\">Escuela C\u00f3digo 4.0<\/p>\n<\/li>\n<li data-start=\"2176\" data-end=\"2206\">\n<p data-start=\"2179\" data-end=\"2206\">Plan de Actuaci\u00f3n Digital<\/p>\n<\/li>\n<li data-start=\"2207\" data-end=\"2231\">\n<p data-start=\"2210\" data-end=\"2231\">Educaci\u00f3n Inclusiva<\/p>\n<\/li>\n<li data-start=\"2232\" data-end=\"2257\">Plan de Apertura de Centros Docentes&nbsp;<\/li>\n<li data-start=\"2232\" data-end=\"2257\">Plan de Igualdad de G\u00e9nero en Educaci\u00f3n de Andaluc\u00eda<\/li>\n<\/ol>\n<p><a href=\"https:\/\/drive.google.com\/file\/d\/1OX3LYakNzjExnKVRu3GyFo3UGd5MCSw6\/view\">Dossier Informativo sobre Planes y Programas 2025\/2026<\/a><\/p>\n<p><iframe loading=\"lazy\" src=\"https:\/\/drive.google.com\/file\/d\/13yUd3qYrT9Zsa8VMecNDEdTV-0G3oxJI\/preview\" width=\"600\" height=\"400\"><\/iframe>&nbsp;<\/p>\n","protected":false},"excerpt":{"rendered":"<p>El instituto forma parte de los Planes Tipo A de participaci\u00f3n de oficio, impulsados por la administraci\u00f3n educativa, lo que significa que estos programas se activan autom\u00e1ticamente en el centro&#46;&#46;&#46;<\/p>\n","protected":false},"author":15560,"featured_media":0,"parent":0,"menu_order":0,"comment_status":"closed","ping_status":"closed","template":"","meta":{"ngg_post_thumbnail":0,"footnotes":"","_mc_calendar":[]},"aioseo_notices":[],"_links":{"self":[{"href":"https:\/\/blogsaverroes.juntadeandalucia.es\/iescaballerobonald\/wp-json\/wp\/v2\/pages\/12595"}],"collection":[{"href":"https:\/\/blogsaverroes.juntadeandalucia.es\/iescaballerobonald\/wp-json\/wp\/v2\/pages"}],"about":[{"href":"https:\/\/blogsaverroes.juntadeandalucia.es\/iescaballerobonald\/wp-json\/wp\/v2\/types\/page"}],"author":[{"embeddable":true,"href":"https:\/\/blogsaverroes.juntadeandalucia.es\/iescaballerobonald\/wp-json\/wp\/v2\/users\/15560"}],"replies":[{"embeddable":true,"href":"https:\/\/blogsaverroes.juntadeandalucia.es\/iescaballerobonald\/wp-json\/wp\/v2\/comments?post=12595"}],"version-history":[{"count":7,"href":"https:\/\/blogsaverroes.juntadeandalucia.es\/iescaballerobonald\/wp-json\/wp\/v2\/pages\/12595\/revisions"}],"predecessor-version":[{"id":12675,"href":"https:\/\/blogsaverroes.juntadeandalucia.es\/iescaballerobonald\/wp-json\/wp\/v2\/pages\/12595\/revisions\/12675"}],"wp:attachment":[{"href":"https:\/\/blogsaverroes.juntadeandalucia.es\/iescaballerobonald\/wp-json\/wp\/v2\/media?parent=12595"}],"curies":[{"name":"wp","href":"https:\/\/api.w.org\/{rel}","templated":true}]}}