{"id":12598,"date":"2025-10-26T18:45:20","date_gmt":"2025-10-26T17:45:20","guid":{"rendered":"https:\/\/blogsaverroes.juntadeandalucia.es\/iescaballerobonald\/?page_id=12598"},"modified":"2025-10-26T22:45:19","modified_gmt":"2025-10-26T21:45:19","slug":"procedimiento-tipo-b","status":"publish","type":"page","link":"https:\/\/blogsaverroes.juntadeandalucia.es\/iescaballerobonald\/procedimiento-tipo-b\/","title":{"rendered":"PROCEDIMIENTO TIPO B"},"content":{"rendered":"<p style=\"text-align: left\" data-start=\"240\" data-end=\"1282\">Nuestro instituto tambi\u00e9n se suma voluntariamente a los programas educativos Tipo B, aquellos en los que solicitamos participar de forma proactiva para reforzar \u00e1mbitos como la cultura, el emprendimiento, la vida saludable o la competencia digital. Estos planes implican al alumnado, al profesorado y, en muchos casos, a toda la comunidad educativa, y permiten dotar al centro de pr\u00e1cticas y proyectos adicionales m\u00e1s all\u00e1 de la rutina habitual. La clave est\u00e1 en que el centro elige implicarse, presenta la solicitud, y una vez aceptado, incorpora el proyecto al desarrollo del curso. As\u00ed conseguimos enriquecer la experiencia educativa, abrir nuevas puertas para la creatividad, promover h\u00e1bitos de vida saludable, fomentar la participaci\u00f3n activa del alumnado y vincularnos con el entorno. Esta opci\u00f3n de elecci\u00f3n demuestra que queremos m\u00e1s que \u201clo m\u00ednimo\u201d: aspiramos a que nuestro instituto sea innovador, din\u00e1mico y conectado con su realidad.&nbsp;<a href=\"https:\/\/blogsaverroes.juntadeandalucia.es\/iescaballerobonald\/files\/2025\/10\/ChatGPT-Image-26-oct-2025-22_40_52.png\"><img loading=\"lazy\" decoding=\"async\" class=\"aligncenter wp-image-12676 size-medium\" src=\"https:\/\/blogsaverroes.juntadeandalucia.es\/iescaballerobonald\/files\/2025\/10\/ChatGPT-Image-26-oct-2025-22_40_52-300x200.png\" alt=\"\" width=\"300\" height=\"200\" srcset=\"https:\/\/blogsaverroes.juntadeandalucia.es\/iescaballerobonald\/files\/2025\/10\/ChatGPT-Image-26-oct-2025-22_40_52-300x200.png 300w, https:\/\/blogsaverroes.juntadeandalucia.es\/iescaballerobonald\/files\/2025\/10\/ChatGPT-Image-26-oct-2025-22_40_52-1024x683.png 1024w, https:\/\/blogsaverroes.juntadeandalucia.es\/iescaballerobonald\/files\/2025\/10\/ChatGPT-Image-26-oct-2025-22_40_52-768x512.png 768w, https:\/\/blogsaverroes.juntadeandalucia.es\/iescaballerobonald\/files\/2025\/10\/ChatGPT-Image-26-oct-2025-22_40_52.png 1536w\" sizes=\"(max-width: 300px) 100vw, 300px\" \/><\/a><\/p>\n<p style=\"text-align: left\" data-start=\"240\" data-end=\"1282\">A continuaci\u00f3n aparece el listado con los programas Tipo B a los que puede adherirse el centro.<\/p>\n<p data-start=\"1284\" data-end=\"1322\"><strong data-start=\"1284\" data-end=\"1320\">Listado de los Programas Tipo B:<\/strong><\/p>\n<ol data-start=\"1323\" data-end=\"1673\">\n<li data-start=\"1323\" data-end=\"1353\">\n<p data-start=\"1326\" data-end=\"1353\">H\u00e1bitos de Vida Saludable<\/p>\n<\/li>\n<li data-start=\"1354\" data-end=\"1364\">\n<p data-start=\"1357\" data-end=\"1364\">ALDEA<\/p>\n<\/li>\n<li data-start=\"1424\" data-end=\"1437\">\n<p data-start=\"1427\" data-end=\"1437\">COMUNICA<\/p>\n<\/li>\n<li data-start=\"1438\" data-end=\"1453\">\n<p data-start=\"1441\" data-end=\"1453\">aulaDjaque<\/p>\n<\/li>\n<li data-start=\"1454\" data-end=\"1479\">\n<p data-start=\"1457\" data-end=\"1479\">Programas Culturales<\/p>\n<\/li>\n<li data-start=\"1480\" data-end=\"1509\">\n<p data-start=\"1483\" data-end=\"1509\">Emprendimiento Educativo<\/p>\n<\/li>\n<li data-start=\"1480\" data-end=\"1509\">\n<p data-start=\"1483\" data-end=\"1509\">Pr\u00e1cticum<\/p>\n<\/li>\n<\/ol>\n<p><a href=\"https:\/\/drive.google.com\/file\/d\/1OX3LYakNzjExnKVRu3GyFo3UGd5MCSw6\/view\">Dossier Informativo sobre Planes y Programas 2025\/2026<\/a><\/p>\n<p><iframe loading=\"lazy\" src=\"https:\/\/drive.google.com\/file\/d\/13yUd3qYrT9Zsa8VMecNDEdTV-0G3oxJI\/preview\" width=\"600\" height=\"400\"><\/iframe>&nbsp;<\/p>\n","protected":false},"excerpt":{"rendered":"<p>Nuestro instituto tambi\u00e9n se suma voluntariamente a los programas educativos Tipo B, aquellos en los que solicitamos participar de forma proactiva para reforzar \u00e1mbitos como la cultura, el emprendimiento, la&#46;&#46;&#46;<\/p>\n","protected":false},"author":15560,"featured_media":0,"parent":0,"menu_order":0,"comment_status":"closed","ping_status":"closed","template":"","meta":{"ngg_post_thumbnail":0,"footnotes":"","_mc_calendar":[]},"aioseo_notices":[],"_links":{"self":[{"href":"https:\/\/blogsaverroes.juntadeandalucia.es\/iescaballerobonald\/wp-json\/wp\/v2\/pages\/12598"}],"collection":[{"href":"https:\/\/blogsaverroes.juntadeandalucia.es\/iescaballerobonald\/wp-json\/wp\/v2\/pages"}],"about":[{"href":"https:\/\/blogsaverroes.juntadeandalucia.es\/iescaballerobonald\/wp-json\/wp\/v2\/types\/page"}],"author":[{"embeddable":true,"href":"https:\/\/blogsaverroes.juntadeandalucia.es\/iescaballerobonald\/wp-json\/wp\/v2\/users\/15560"}],"replies":[{"embeddable":true,"href":"https:\/\/blogsaverroes.juntadeandalucia.es\/iescaballerobonald\/wp-json\/wp\/v2\/comments?post=12598"}],"version-history":[{"count":6,"href":"https:\/\/blogsaverroes.juntadeandalucia.es\/iescaballerobonald\/wp-json\/wp\/v2\/pages\/12598\/revisions"}],"predecessor-version":[{"id":12678,"href":"https:\/\/blogsaverroes.juntadeandalucia.es\/iescaballerobonald\/wp-json\/wp\/v2\/pages\/12598\/revisions\/12678"}],"wp:attachment":[{"href":"https:\/\/blogsaverroes.juntadeandalucia.es\/iescaballerobonald\/wp-json\/wp\/v2\/media?parent=12598"}],"curies":[{"name":"wp","href":"https:\/\/api.w.org\/{rel}","templated":true}]}}