{"id":12601,"date":"2025-10-26T18:45:31","date_gmt":"2025-10-26T17:45:31","guid":{"rendered":"https:\/\/blogsaverroes.juntadeandalucia.es\/iescaballerobonald\/?page_id=12601"},"modified":"2025-10-26T22:31:53","modified_gmt":"2025-10-26T21:31:53","slug":"procedimiento-tipo-c","status":"publish","type":"page","link":"https:\/\/blogsaverroes.juntadeandalucia.es\/iescaballerobonald\/procedimiento-tipo-c\/","title":{"rendered":"PROCEDIMIENTO TIPO C"},"content":{"rendered":"<p data-start=\"239\" data-end=\"1185\">Nuestro instituto participa de manera selectiva en los Programas Tipo C, es decir, aquellos proyectos educativos que exigen <strong data-start=\"363\" data-end=\"394\">una convocatoria espec\u00edfica<\/strong> para que el centro solicite su inclusi\u00f3n. Estos programas ofrecen oportunidades de innovaci\u00f3n, mejora y cooperaci\u00f3n que van m\u00e1s all\u00e1 de lo habitual: pueden implicar al alumnado en retos de investigaci\u00f3n, medio ambiente, participaci\u00f3n activa, deporte, consumo responsable o apertura de centros en periodos especiales. Al tratarse de convocatorias puntuales, requieren planificaci\u00f3n, presentaci\u00f3n de proyecto y compromiso institucional para ejecutarlos adecuadamente. La ventaja es que permiten que nuestro centro eleve su impacto, fortalezca su identidad educativa y conecte con iniciativas externas relevantes. En definitiva, los Programas Tipo C son instrumentos para que nuestra comunidad educativa d\u00e9 un paso m\u00e1s: m\u00e1s all\u00e1 del aula, hacia la acci\u00f3n, la colaboraci\u00f3n y la mejora continua.<\/p>\n<p data-start=\"1187\" data-end=\"1221\"><strong data-start=\"1187\" data-end=\"1219\">Listado de Programas Tipo C:<\/strong><\/p>\n<ol data-start=\"1222\" data-end=\"1768\">\n<li data-start=\"1458\" data-end=\"1483\">\n<p data-start=\"1461\" data-end=\"1483\">Investiga y Descubre<\/p>\n<\/li>\n<li data-start=\"1621\" data-end=\"1641\">\n<p data-start=\"1625\" data-end=\"1641\">PROA Andaluc\u00eda<\/p>\n<\/li>\n<li data-start=\"1642\" data-end=\"1701\">\n<p data-start=\"1646\" data-end=\"1701\">Pacto de Estado: Prevenci\u00f3n de la Violencia de G\u00e9nero<\/p>\n<\/li>\n<li data-start=\"1702\" data-end=\"1719\">\n<p data-start=\"1706\" data-end=\"1719\">ERASMUS +<a href=\"https:\/\/blogsaverroes.juntadeandalucia.es\/iescaballerobonald\/files\/2025\/10\/G0HYO3WXUAAQpp_.jpeg\"><img loading=\"lazy\" decoding=\"async\" class=\"aligncenter wp-image-12670 size-large\" src=\"https:\/\/blogsaverroes.juntadeandalucia.es\/iescaballerobonald\/files\/2025\/10\/G0HYO3WXUAAQpp_-e1761514285211-849x1024.jpeg\" alt=\"\" width=\"849\" height=\"1024\" srcset=\"https:\/\/blogsaverroes.juntadeandalucia.es\/iescaballerobonald\/files\/2025\/10\/G0HYO3WXUAAQpp_-e1761514285211-849x1024.jpeg 849w, https:\/\/blogsaverroes.juntadeandalucia.es\/iescaballerobonald\/files\/2025\/10\/G0HYO3WXUAAQpp_-e1761514285211-249x300.jpeg 249w, https:\/\/blogsaverroes.juntadeandalucia.es\/iescaballerobonald\/files\/2025\/10\/G0HYO3WXUAAQpp_-e1761514285211-768x926.jpeg 768w, https:\/\/blogsaverroes.juntadeandalucia.es\/iescaballerobonald\/files\/2025\/10\/G0HYO3WXUAAQpp_-e1761514285211.jpeg 1080w\" sizes=\"(max-width: 849px) 100vw, 849px\" \/><\/a><\/p>\n<\/li>\n<\/ol>\n<p><a href=\"https:\/\/drive.google.com\/file\/d\/1OX3LYakNzjExnKVRu3GyFo3UGd5MCSw6\/view\">Dossier Informativo sobre Planes y Programas 2025\/2026<\/a><\/p>\n<p><iframe loading=\"lazy\" src=\"https:\/\/drive.google.com\/file\/d\/13yUd3qYrT9Zsa8VMecNDEdTV-0G3oxJI\/preview\" width=\"600\" height=\"400\"><\/iframe>&nbsp;<\/p>\n","protected":false},"excerpt":{"rendered":"<p>Nuestro instituto participa de manera selectiva en los Programas Tipo C, es decir, aquellos proyectos educativos que exigen una convocatoria espec\u00edfica para que el centro solicite su inclusi\u00f3n. Estos programas&#46;&#46;&#46;<\/p>\n","protected":false},"author":15560,"featured_media":0,"parent":0,"menu_order":0,"comment_status":"closed","ping_status":"closed","template":"","meta":{"ngg_post_thumbnail":0,"footnotes":"","_mc_calendar":[]},"aioseo_notices":[],"_links":{"self":[{"href":"https:\/\/blogsaverroes.juntadeandalucia.es\/iescaballerobonald\/wp-json\/wp\/v2\/pages\/12601"}],"collection":[{"href":"https:\/\/blogsaverroes.juntadeandalucia.es\/iescaballerobonald\/wp-json\/wp\/v2\/pages"}],"about":[{"href":"https:\/\/blogsaverroes.juntadeandalucia.es\/iescaballerobonald\/wp-json\/wp\/v2\/types\/page"}],"author":[{"embeddable":true,"href":"https:\/\/blogsaverroes.juntadeandalucia.es\/iescaballerobonald\/wp-json\/wp\/v2\/users\/15560"}],"replies":[{"embeddable":true,"href":"https:\/\/blogsaverroes.juntadeandalucia.es\/iescaballerobonald\/wp-json\/wp\/v2\/comments?post=12601"}],"version-history":[{"count":6,"href":"https:\/\/blogsaverroes.juntadeandalucia.es\/iescaballerobonald\/wp-json\/wp\/v2\/pages\/12601\/revisions"}],"predecessor-version":[{"id":12672,"href":"https:\/\/blogsaverroes.juntadeandalucia.es\/iescaballerobonald\/wp-json\/wp\/v2\/pages\/12601\/revisions\/12672"}],"wp:attachment":[{"href":"https:\/\/blogsaverroes.juntadeandalucia.es\/iescaballerobonald\/wp-json\/wp\/v2\/media?parent=12601"}],"curies":[{"name":"wp","href":"https:\/\/api.w.org\/{rel}","templated":true}]}}