{"id":12653,"date":"2025-10-26T18:57:22","date_gmt":"2025-10-26T17:57:22","guid":{"rendered":"https:\/\/blogsaverroes.juntadeandalucia.es\/iescaballerobonald\/?page_id=12653"},"modified":"2026-01-13T14:16:49","modified_gmt":"2026-01-13T13:16:49","slug":"erasmus","status":"publish","type":"page","link":"https:\/\/blogsaverroes.juntadeandalucia.es\/iescaballerobonald\/erasmus\/","title":{"rendered":"ERASMUS +"},"content":{"rendered":"<p data-wp-editing=\"1\">Coordinadora: Mercedes Abell\u00e1n Alem\u00e1n<\/p>\n<p>\ud83d\udca7\ud83c\udf0d <strong data-start=\"289\" data-end=\"349\">Let\u2019s focus on water: un proyecto Erasmus+ en movimiento<\/strong><\/p>\n<p><a href=\"https:\/\/www.artsteps.com\/view\/66eb3849d88e9ad9819da7c7\" target=\"_blank\" rel=\"noopener\"><img loading=\"lazy\" decoding=\"async\" class=\"aligncenter wp-image-13145 size-full\" src=\"https:\/\/blogsaverroes.juntadeandalucia.es\/iescaballerobonald\/files\/2026\/01\/ie_68080366b169b540e056bfb3_4276efede7d45b-1.png\" alt=\"\" width=\"500\" height=\"500\" srcset=\"https:\/\/blogsaverroes.juntadeandalucia.es\/iescaballerobonald\/files\/2026\/01\/ie_68080366b169b540e056bfb3_4276efede7d45b-1.png 500w, https:\/\/blogsaverroes.juntadeandalucia.es\/iescaballerobonald\/files\/2026\/01\/ie_68080366b169b540e056bfb3_4276efede7d45b-1-300x300.png 300w, https:\/\/blogsaverroes.juntadeandalucia.es\/iescaballerobonald\/files\/2026\/01\/ie_68080366b169b540e056bfb3_4276efede7d45b-1-150x150.png 150w, https:\/\/blogsaverroes.juntadeandalucia.es\/iescaballerobonald\/files\/2026\/01\/ie_68080366b169b540e056bfb3_4276efede7d45b-1-80x80.png 80w, https:\/\/blogsaverroes.juntadeandalucia.es\/iescaballerobonald\/files\/2026\/01\/ie_68080366b169b540e056bfb3_4276efede7d45b-1-320x320.png 320w\" sizes=\"(max-width: 500px) 100vw, 500px\" \/><\/a><\/p>\n<p><a href=\"https:\/\/www.artsteps.com\/view\/66eb3849d88e9ad9819da7c7\">Esta exposici\u00f3n virtual en Artsteps<\/a> recoge el trabajo desarrollado en el marco del proyecto Erasmus+ \u201cLet\u2019s focus on water\u201d, en el que el alumnado ha participado en actividades educativas centradas en el agua como recurso esencial y reto global.<br data-start=\"632\" data-end=\"635\"\/>A lo largo del proyecto se han realizado visitas al Museo de la Sal, an\u00e1lisis de muestras de agua, trabajos de investigaci\u00f3n y actividades experimentales vinculadas a la sostenibilidad y el medio ambiente.<br data-start=\"848\" data-end=\"851\" data-is-only-node=\"\"\/>Todas estas experiencias se han llevado a cabo en distintos pa\u00edses europeos: Ruman\u00eda, Polonia, Grecia y Espa\u00f1a, favoreciendo el aprendizaje cooperativo y el intercambio cultural.<br data-start=\"1042\" data-end=\"1045\"\/>El recorrido virtual permite descubrir c\u00f3mo el agua ha sido estudiada desde una perspectiva cient\u00edfica, social y medioambiental, conectando el trabajo del aula con la realidad europea.<\/p>\n<p>&nbsp;<\/p>\n","protected":false},"excerpt":{"rendered":"<p>Coordinadora: Mercedes Abell\u00e1n Alem\u00e1n \ud83d\udca7\ud83c\udf0d Let\u2019s focus on water: un proyecto Erasmus+ en movimiento Esta exposici\u00f3n virtual en Artsteps recoge el trabajo desarrollado en el marco del proyecto Erasmus+ \u201cLet\u2019s&#46;&#46;&#46;<\/p>\n","protected":false},"author":15560,"featured_media":0,"parent":0,"menu_order":0,"comment_status":"closed","ping_status":"closed","template":"","meta":{"ngg_post_thumbnail":0,"footnotes":"","_mc_calendar":[]},"aioseo_notices":[],"_links":{"self":[{"href":"https:\/\/blogsaverroes.juntadeandalucia.es\/iescaballerobonald\/wp-json\/wp\/v2\/pages\/12653"}],"collection":[{"href":"https:\/\/blogsaverroes.juntadeandalucia.es\/iescaballerobonald\/wp-json\/wp\/v2\/pages"}],"about":[{"href":"https:\/\/blogsaverroes.juntadeandalucia.es\/iescaballerobonald\/wp-json\/wp\/v2\/types\/page"}],"author":[{"embeddable":true,"href":"https:\/\/blogsaverroes.juntadeandalucia.es\/iescaballerobonald\/wp-json\/wp\/v2\/users\/15560"}],"replies":[{"embeddable":true,"href":"https:\/\/blogsaverroes.juntadeandalucia.es\/iescaballerobonald\/wp-json\/wp\/v2\/comments?post=12653"}],"version-history":[{"count":8,"href":"https:\/\/blogsaverroes.juntadeandalucia.es\/iescaballerobonald\/wp-json\/wp\/v2\/pages\/12653\/revisions"}],"predecessor-version":[{"id":13154,"href":"https:\/\/blogsaverroes.juntadeandalucia.es\/iescaballerobonald\/wp-json\/wp\/v2\/pages\/12653\/revisions\/13154"}],"wp:attachment":[{"href":"https:\/\/blogsaverroes.juntadeandalucia.es\/iescaballerobonald\/wp-json\/wp\/v2\/media?parent=12653"}],"curies":[{"name":"wp","href":"https:\/\/api.w.org\/{rel}","templated":true}]}}