{"id":153,"date":"2015-03-17T07:48:56","date_gmt":"2015-03-17T06:48:56","guid":{"rendered":"http:\/\/blogsaverroes.juntadeandalucia.es\/pre\/ceip\/?page_id=153"},"modified":"2025-10-23T08:53:26","modified_gmt":"2025-10-23T07:53:26","slug":"geografia-e-historia","status":"publish","type":"page","link":"https:\/\/blogsaverroes.juntadeandalucia.es\/iescaballerobonald\/geografia-e-historia\/","title":{"rendered":"Geograf\u00eda e Historia"},"content":{"rendered":"<p>Durante el curso 2025\/2026, el Departamento de Geograf\u00eda e Historia est\u00e1 compuesto por:<\/p>\n<ul>\n<li>May Zayas Ruiz (Jefa de departamento)<\/li>\n<li>Carmen Pineda S\u00e1nchez&nbsp;<\/li>\n<li>Emilio Cerezuela Mart\u00ednez&nbsp;<\/li>\n<li>Manuel Rodr\u00edguez D\u00edaz&nbsp;<\/li>\n<li>Manuel Dionisio Ruiz Bueno<\/li>\n<\/ul>\n<p><a href=\"https:\/\/blogsaverroes.juntadeandalucia.es\/iescaballerobonald\/files\/2022\/12\/image_6483441-2.jpg\"><img loading=\"lazy\" decoding=\"async\" class=\"aligncenter size-full wp-image-7787\" src=\"https:\/\/blogsaverroes.juntadeandalucia.es\/iescaballerobonald\/files\/2022\/12\/image_6483441-2.jpg\" alt=\"\" width=\"932\" height=\"390\" srcset=\"https:\/\/blogsaverroes.juntadeandalucia.es\/iescaballerobonald\/files\/2022\/12\/image_6483441-2.jpg 932w, https:\/\/blogsaverroes.juntadeandalucia.es\/iescaballerobonald\/files\/2022\/12\/image_6483441-2-300x126.jpg 300w, https:\/\/blogsaverroes.juntadeandalucia.es\/iescaballerobonald\/files\/2022\/12\/image_6483441-2-768x321.jpg 768w\" sizes=\"(max-width: 932px) 100vw, 932px\" \/><\/a> <a href=\"https:\/\/blogsaverroes.juntadeandalucia.es\/iescaballerobonald\/files\/2022\/12\/image_6483441-1.jpg\"><img loading=\"lazy\" decoding=\"async\" class=\"aligncenter size-large wp-image-7788\" src=\"https:\/\/blogsaverroes.juntadeandalucia.es\/iescaballerobonald\/files\/2022\/12\/image_6483441-1.jpg\" alt=\"\" width=\"800\" height=\"450\" srcset=\"https:\/\/blogsaverroes.juntadeandalucia.es\/iescaballerobonald\/files\/2022\/12\/image_6483441-1.jpg 800w, https:\/\/blogsaverroes.juntadeandalucia.es\/iescaballerobonald\/files\/2022\/12\/image_6483441-1-300x169.jpg 300w, https:\/\/blogsaverroes.juntadeandalucia.es\/iescaballerobonald\/files\/2022\/12\/image_6483441-1-768x432.jpg 768w\" sizes=\"(max-width: 800px) 100vw, 800px\" \/><\/a><\/p>\n<p><strong><span style=\"font-family: sans-serif\"><span style=\"font-size: medium\">Geograf\u00eda e Historia <\/span><\/span><\/strong><\/p>\n<p style=\"text-align: justify\"><span style=\"font-family: sans-serif\"><span style=\"font-size: medium\">El conocimiento de la sociedad, su organizaci\u00f3n y funcionamiento a lo largo del tiempo es esencial para poder entender el mundo actual. Conocer el espacio donde se desarrollan las sociedades, los recursos naturales y el uso que se ha dado a \u00e9stos, nos aporta datos sobre el pasado y nos permiten vislumbrar algunos de los problemas del futuro. <\/span><\/span><\/p>\n<p style=\"text-align: justify\"><span style=\"font-family: sans-serif\"><span style=\"font-size: medium\">Las disciplinas de la Geograf\u00eda y la Historia son dos importantes ejes vertebradores para el conocimiento de la sociedad, ya que contemplan la realidad humana y social desde una perspectiva global e integradora y ofrecen una mayor capacidad para la estructuraci\u00f3n de los hechos sociales; no obstante la sociedad actual, cada vez m\u00e1s compleja, requiere de la intervenci\u00f3n de otras disciplinas como la Econom\u00eda, Sociolog\u00eda, Ecolog\u00eda o Historia del Arte, que aportan an\u00e1lisis diferentes y complementarios, para la mejor comprensi\u00f3n de la realidad social.<\/span><\/span><\/p>\n<p><a href=\"https:\/\/blogsaverroes.juntadeandalucia.es\/iescaballerobonald\/files\/2025\/10\/ChatGPT-Image-13-oct-2025-08_14_37.png\"><img loading=\"lazy\" decoding=\"async\" class=\"aligncenter wp-image-12492 size-medium\" src=\"https:\/\/blogsaverroes.juntadeandalucia.es\/iescaballerobonald\/files\/2025\/10\/ChatGPT-Image-13-oct-2025-08_14_37-300x300.png\" alt=\"\" width=\"300\" height=\"300\" srcset=\"https:\/\/blogsaverroes.juntadeandalucia.es\/iescaballerobonald\/files\/2025\/10\/ChatGPT-Image-13-oct-2025-08_14_37-300x300.png 300w, https:\/\/blogsaverroes.juntadeandalucia.es\/iescaballerobonald\/files\/2025\/10\/ChatGPT-Image-13-oct-2025-08_14_37-150x150.png 150w, https:\/\/blogsaverroes.juntadeandalucia.es\/iescaballerobonald\/files\/2025\/10\/ChatGPT-Image-13-oct-2025-08_14_37-768x768.png 768w, https:\/\/blogsaverroes.juntadeandalucia.es\/iescaballerobonald\/files\/2025\/10\/ChatGPT-Image-13-oct-2025-08_14_37-80x80.png 80w, https:\/\/blogsaverroes.juntadeandalucia.es\/iescaballerobonald\/files\/2025\/10\/ChatGPT-Image-13-oct-2025-08_14_37-320x320.png 320w, https:\/\/blogsaverroes.juntadeandalucia.es\/iescaballerobonald\/files\/2025\/10\/ChatGPT-Image-13-oct-2025-08_14_37.png 1024w\" sizes=\"(max-width: 300px) 100vw, 300px\" \/><\/a><\/p>\n<p style=\"text-align: center\"><a href=\"https:\/\/docs.google.com\/document\/d\/1_U_UrB8l3vp0kmVpvJe1m9dacrLsdDRc\/edit?usp=drive_link&amp;ouid=102350141973160184469&amp;rtpof=true&amp;sd=true\" rel=\"attachment wp-att-9937\">Criterios Geograf\u00eda e Historia 1\u00baESO<\/a><\/p>\n<p style=\"text-align: center\"><a href=\"https:\/\/docs.google.com\/document\/d\/1-vvEPWJGfG93M5cFRmeedNJpKIjP29TO\/edit?usp=drive_link&amp;ouid=102350141973160184469&amp;rtpof=true&amp;sd=true\" rel=\"attachment wp-att-9936\">Criterios Geograf\u00eda e Historia 2\u00baESO<\/a><\/p>\n<p style=\"text-align: center\"><a href=\"https:\/\/docs.google.com\/document\/d\/1llOGpSEYKcJiQHJXOeOcfEvfWwKXYtWT\/edit?usp=drive_link&amp;ouid=102350141973160184469&amp;rtpof=true&amp;sd=true\" rel=\"attachment wp-att-9938\">Criterios Geograf\u00eda e Historia 3\u00baESO<\/a><\/p>\n<p style=\"text-align: center\"><a href=\"https:\/\/docs.google.com\/document\/d\/12uNl46d2MOilEuhKqr51MiaiOLSu8Sl4\/edit?usp=drive_link&amp;ouid=102350141973160184469&amp;rtpof=true&amp;sd=true\" rel=\"attachment wp-att-9939\">Criterios Geograf\u00eda e Historia 4\u00baESO<\/a><\/p>\n<p style=\"text-align: center\"><a href=\"https:\/\/docs.google.com\/document\/d\/1X7AriFB7-PFYta9GdcPeTIPI7hH9drkt\/edit?usp=drive_link&amp;ouid=102350141973160184469&amp;rtpof=true&amp;sd=true\">Criterios Educaci\u00f3n en Valores 2\u00ba ESO<\/a><\/p>\n<p style=\"text-align: center\"><a href=\"https:\/\/docs.google.com\/document\/d\/1SpompSRt49lmidZl8SWwMGzL32ksChOj\/edit?usp=drive_link&amp;ouid=102350141973160184469&amp;rtpof=true&amp;sd=true\">Criterios Formaci\u00f3n y Orientaci\u00f3n Personal y Profesional (FOPP)<\/a><\/p>\n<p style=\"text-align: center\"><a href=\"https:\/\/docs.google.com\/document\/d\/1-cO7DXNAzop_gYIpDArGFoyqHVlREkOU\/edit?usp=drive_link&amp;ouid=102350141973160184469&amp;rtpof=true&amp;sd=true\">Criterios de Econom\u00eda y Emprendimiento<\/a><\/p>\n<p style=\"text-align: center\"><a href=\"https:\/\/docs.google.com\/document\/d\/1156xT92vmT31RScYSEFt4es5FPMIBxAv\/edit?usp=drive_link&amp;ouid=102350141973160184469&amp;rtpof=true&amp;sd=true\" rel=\"attachment wp-att-9941\">Criterios Historia del Mundo Contempor\u00e1neo 1\u00baBach HMC<\/a><\/p>\n<p style=\"text-align: center\"><a href=\"https:\/\/docs.google.com\/document\/d\/1QoVdBGPH6l05qzncJfCiFhSDDkSpFcoQ\/edit?usp=drive_link&amp;ouid=102350141973160184469&amp;rtpof=true&amp;sd=true\" rel=\"attachment wp-att-9942\">Criterios Patrimonio Art\u00edstico y Cultural 1\u00baBach<\/a><\/p>\n<p style=\"text-align: center\"><a href=\"https:\/\/docs.google.com\/document\/d\/1EOlY-yf8G090zxsvnoSy3IphIbXQx5wH\/edit?usp=drive_link&amp;ouid=102350141973160184469&amp;rtpof=true&amp;sd=true\" rel=\"attachment wp-att-9943\">Criterios Geograf\u00eda 2\u00ba Bach<\/a><\/p>\n<p style=\"text-align: center\"><a href=\"https:\/\/docs.google.com\/document\/d\/1IBId9YoTewuxVQjYzRQqm6axwOLW_DY3\/edit?usp=drive_link&amp;ouid=102350141973160184469&amp;rtpof=true&amp;sd=true\" rel=\"attachment wp-att-9944\">Criterios Historia de Espa\u00f1a 2\u00ba Bach<\/a><\/p>\n<p style=\"text-align: center\"><a href=\"https:\/\/docs.google.com\/document\/d\/1Bv1h3d3SZYm1WwXAZCF4CpnU2Trty81N\/edit?usp=drive_link&amp;ouid=102350141973160184469&amp;rtpof=true&amp;sd=true\" rel=\"attachment wp-att-9945\">Criterios Historia del Arte 2\u00ba Bach<\/a><\/p>\n<p style=\"text-align: center\"><a href=\"https:\/\/docs.google.com\/document\/d\/1vZEvJLSRs9_tleHBIvCDKWc4phcFOsQA\/edit?usp=drive_link&amp;ouid=102350141973160184469&amp;rtpof=true&amp;sd=true\">Criterios Econom\u00eda 1\u00baBach<\/a><\/p>\n<p style=\"text-align: center\"><a href=\"https:\/\/docs.google.com\/document\/d\/14APSUvDsa4VVz1YF-stImdhT3gEpLcxZ\/edit?usp=drive_link&amp;ouid=102350141973160184469&amp;rtpof=true&amp;sd=true\">Criterios de evaluaci\u00f3n Empresa y Dise\u00f1o de Modelos de Negocios<\/a><\/p>\n<p>&nbsp;<\/p>\n<p>&nbsp;<\/p>\n<p>&nbsp;<\/p>\n","protected":false},"excerpt":{"rendered":"<p>Durante el curso 2025\/2026, el Departamento de Geograf\u00eda e Historia est\u00e1 compuesto por: May Zayas Ruiz (Jefa de departamento) Carmen Pineda S\u00e1nchez&nbsp; Emilio Cerezuela Mart\u00ednez&nbsp; Manuel Rodr\u00edguez D\u00edaz&nbsp; Manuel Dionisio&#46;&#46;&#46;<\/p>\n","protected":false},"author":1,"featured_media":0,"parent":0,"menu_order":0,"comment_status":"closed","ping_status":"closed","template":"","meta":{"ngg_post_thumbnail":0,"footnotes":"","_mc_calendar":[]},"aioseo_notices":[],"_links":{"self":[{"href":"https:\/\/blogsaverroes.juntadeandalucia.es\/iescaballerobonald\/wp-json\/wp\/v2\/pages\/153"}],"collection":[{"href":"https:\/\/blogsaverroes.juntadeandalucia.es\/iescaballerobonald\/wp-json\/wp\/v2\/pages"}],"about":[{"href":"https:\/\/blogsaverroes.juntadeandalucia.es\/iescaballerobonald\/wp-json\/wp\/v2\/types\/page"}],"author":[{"embeddable":true,"href":"https:\/\/blogsaverroes.juntadeandalucia.es\/iescaballerobonald\/wp-json\/wp\/v2\/users\/1"}],"replies":[{"embeddable":true,"href":"https:\/\/blogsaverroes.juntadeandalucia.es\/iescaballerobonald\/wp-json\/wp\/v2\/comments?post=153"}],"version-history":[{"count":32,"href":"https:\/\/blogsaverroes.juntadeandalucia.es\/iescaballerobonald\/wp-json\/wp\/v2\/pages\/153\/revisions"}],"predecessor-version":[{"id":12577,"href":"https:\/\/blogsaverroes.juntadeandalucia.es\/iescaballerobonald\/wp-json\/wp\/v2\/pages\/153\/revisions\/12577"}],"wp:attachment":[{"href":"https:\/\/blogsaverroes.juntadeandalucia.es\/iescaballerobonald\/wp-json\/wp\/v2\/media?parent=153"}],"curies":[{"name":"wp","href":"https:\/\/api.w.org\/{rel}","templated":true}]}}