{"id":155,"date":"2015-03-17T07:49:21","date_gmt":"2015-03-17T06:49:21","guid":{"rendered":"http:\/\/blogsaverroes.juntadeandalucia.es\/pre\/ceip\/?page_id=155"},"modified":"2025-11-20T09:38:12","modified_gmt":"2025-11-20T08:38:12","slug":"lengua","status":"publish","type":"page","link":"https:\/\/blogsaverroes.juntadeandalucia.es\/iescaballerobonald\/lengua\/","title":{"rendered":"Lengua Castellana y Literatura"},"content":{"rendered":"<p>Durante el presente curso 2025\/2026, el Departamento estar\u00e1 formado por:&nbsp;<\/p>\n<ul>\n<li>M\u00aa Isabel Iglesias Mateos (Jefa de departamento)<\/li>\n<li>\u00c1ngela Figueroa Abrio<\/li>\n<li>Mois\u00e9s Braulio Saborido<\/li>\n<li>Carla Belaustegui Estrugo<\/li>\n<li>M\u00aa Carmen Soriano Cordero<\/li>\n<li>Roc\u00edo Toledo Mira.<a href=\"https:\/\/blogsaverroes.juntadeandalucia.es\/iescaballerobonald\/files\/2025\/10\/IMG_5864.jpg\"><img loading=\"lazy\" decoding=\"async\" class=\"aligncenter wp-image-12772 size-large\" src=\"https:\/\/blogsaverroes.juntadeandalucia.es\/iescaballerobonald\/files\/2025\/10\/IMG_5864-768x1024.jpg\" alt=\"\" width=\"768\" height=\"1024\" srcset=\"https:\/\/blogsaverroes.juntadeandalucia.es\/iescaballerobonald\/files\/2025\/10\/IMG_5864-768x1024.jpg 768w, https:\/\/blogsaverroes.juntadeandalucia.es\/iescaballerobonald\/files\/2025\/10\/IMG_5864-225x300.jpg 225w, https:\/\/blogsaverroes.juntadeandalucia.es\/iescaballerobonald\/files\/2025\/10\/IMG_5864-1152x1536.jpg 1152w, https:\/\/blogsaverroes.juntadeandalucia.es\/iescaballerobonald\/files\/2025\/10\/IMG_5864-1536x2048.jpg 1536w, https:\/\/blogsaverroes.juntadeandalucia.es\/iescaballerobonald\/files\/2025\/10\/IMG_5864.jpg 1200w\" sizes=\"(max-width: 768px) 100vw, 768px\" \/><\/a> <a href=\"https:\/\/blogsaverroes.juntadeandalucia.es\/iescaballerobonald\/files\/2025\/10\/ChatGPT-Image-13-oct-2025-08_14_37.png\"><img loading=\"lazy\" decoding=\"async\" class=\"aligncenter wp-image-12492 size-medium\" src=\"https:\/\/blogsaverroes.juntadeandalucia.es\/iescaballerobonald\/files\/2025\/10\/ChatGPT-Image-13-oct-2025-08_14_37-300x300.png\" alt=\"\" width=\"300\" height=\"300\" srcset=\"https:\/\/blogsaverroes.juntadeandalucia.es\/iescaballerobonald\/files\/2025\/10\/ChatGPT-Image-13-oct-2025-08_14_37-300x300.png 300w, https:\/\/blogsaverroes.juntadeandalucia.es\/iescaballerobonald\/files\/2025\/10\/ChatGPT-Image-13-oct-2025-08_14_37-150x150.png 150w, https:\/\/blogsaverroes.juntadeandalucia.es\/iescaballerobonald\/files\/2025\/10\/ChatGPT-Image-13-oct-2025-08_14_37-768x768.png 768w, https:\/\/blogsaverroes.juntadeandalucia.es\/iescaballerobonald\/files\/2025\/10\/ChatGPT-Image-13-oct-2025-08_14_37-80x80.png 80w, https:\/\/blogsaverroes.juntadeandalucia.es\/iescaballerobonald\/files\/2025\/10\/ChatGPT-Image-13-oct-2025-08_14_37-320x320.png 320w, https:\/\/blogsaverroes.juntadeandalucia.es\/iescaballerobonald\/files\/2025\/10\/ChatGPT-Image-13-oct-2025-08_14_37.png 1024w\" sizes=\"(max-width: 300px) 100vw, 300px\" \/><\/a><\/li>\n<\/ul>\n<p style=\"text-align: center\"><a href=\"https:\/\/drive.google.com\/file\/d\/1Dlh9Gqr65xw2MLRnG84aDTUPRU4niGk1\/view?usp=drive_link\" rel=\"attachment wp-att-9916\">1\u00ba ESO CRITERIOS LENGUA<\/a><\/p>\n<p style=\"text-align: center\"><a href=\"https:\/\/drive.google.com\/file\/d\/1MTdeH-EdYzec29dtPUt29QtJWLLuMHUD\/view?usp=drive_link\" rel=\"attachment wp-att-9919\">2\u00baESO CRITERIOS LENGUA&nbsp;<\/a><\/p>\n<p style=\"text-align: center\"><a href=\"https:\/\/drive.google.com\/file\/d\/1vg9pv5_POw5AuVQYP-H0zOVikDXCyX71\/view?usp=drive_link\" rel=\"attachment wp-att-9920\">3\u00ba ESO CRITEROS LENGUA&nbsp;<\/a><\/p>\n<p style=\"text-align: center\"><a href=\"https:\/\/drive.google.com\/file\/d\/1bbod-yR0JPlAxc3tm3d2JAsvOsB_62Hv\/view?usp=drive_link\" rel=\"attachment wp-att-9922\">4\u00ba ESO CRITERIOS LENGUA&nbsp;<\/a><\/p>\n<p style=\"text-align: center\"><a href=\"https:\/\/drive.google.com\/file\/d\/1bqPqxDKUSaWL5x8TfMAGtY282M3zxaE9\/view?usp=drive_link\" rel=\"attachment wp-att-9917\">1\u00ba ESO CRITERIOS ORATORIA Y DEBATE&nbsp;<\/a><\/p>\n<p style=\"text-align: center\"><a href=\"https:\/\/drive.google.com\/file\/d\/1IJGL7ZU45W6XM0aXZNe3OkJzr3n1xUCJ\/view?usp=drive_link\">2\u00ba ESO CRITERIOS ORATORIA Y DEBATE<\/a><\/p>\n<p style=\"text-align: center\"><a href=\"https:\/\/drive.google.com\/file\/d\/1bqX5pFazYjgkx1wlWVs23D5ZBSFZ08Xe\/view?usp=drive_link\" rel=\"attachment wp-att-9921\">4\u00ba ESO CRITERIOS ARTES ESC\u00c9NICAS&nbsp;<\/a><\/p>\n<p style=\"text-align: center\"><a href=\"https:\/\/drive.google.com\/file\/d\/1jmz4z4ZsBLe8cxJdWri1O-mXJr6oAmZq\/view?usp=drive_link\">1\u00ba BACHILLERATO CRITERIOS LENGUA&nbsp;<\/a><\/p>\n<p style=\"text-align: center\"><a href=\"https:\/\/drive.google.com\/file\/d\/1_jljPIUkBf-esNrjJyt-GwS_usSkDdI1\/view?usp=drive_link\" rel=\"attachment wp-att-9915\">1\u00ba BACHILLERATO CRITERIOS LITERATURA UNIVERSAL&nbsp;<\/a><\/p>\n<p style=\"text-align: center\"><a href=\"https:\/\/drive.google.com\/file\/d\/1vpHPohfCPBNv3yxrcZklQy3cCh6CZ8um\/view?usp=drive_link\" rel=\"attachment wp-att-9918\">2\u00ba BACHILLERATO LENGUA&nbsp;<\/a><\/p>\n<p style=\"text-align: center\"><a href=\"https:\/\/drive.google.com\/file\/d\/1spDXAid_ud_W6dH8MLAYPMqoL3n5C_MX\/view?usp=drive_link\">2\u00ba BACHILLERATO. COMENTARIO DE TEXTOS<\/a><\/p>\n<p><img loading=\"lazy\" decoding=\"async\" class=\"aligncenter size-medium wp-image-2126\" src=\"http:\/\/blogsaverroes.juntadeandalucia.es\/iescaballerobonald\/files\/2015\/03\/lengua-300x200.jpg\" alt=\"lengua\" width=\"300\" height=\"200\" srcset=\"https:\/\/blogsaverroes.juntadeandalucia.es\/iescaballerobonald\/files\/2015\/03\/lengua-300x200.jpg 300w, https:\/\/blogsaverroes.juntadeandalucia.es\/iescaballerobonald\/files\/2015\/03\/lengua.jpg 640w\" sizes=\"(max-width: 300px) 100vw, 300px\" \/><\/p>\n<p><strong><span style=\"font-family: sans-serif\"><span style=\"font-size: medium\">Lengua Castellana y Literatura <\/span><\/span><\/strong><\/p>\n<p style=\"text-align: justify\"><span style=\"font-family: sans-serif\"><span style=\"font-size: medium\">La materia Lengua Castellana y Literatura tiene como objetivo el desarrollo de la competencia comunicativa del alumnado, entendida en todas sus vertientes: pragm\u00e1tica, ling\u00fc\u00edstica, socioling\u00fc\u00edstica y literaria. Debe tambi\u00e9n aportar las herramientas y los conocimientos necesarios para desenvolverse satisfactoriamente en cualquier situaci\u00f3n comunicativa de la vida familiar, social y profesional. Esos conocimientos son los que articulan los procesos de comprensi\u00f3n y expresi\u00f3n oral por un lado, y de comprensi\u00f3n y expresi\u00f3n escrita por otro. La estructuraci\u00f3n del pensamiento del ser humano se hace a trav\u00e9s del lenguaje, de ah\u00ed que esa capacidad de comprender y de expresarse sea el mejor y el m\u00e1s eficaz instrumento de aprendizaje.<\/span><\/span><\/p>\n<p><a href=\"https:\/\/blogsaverroes.juntadeandalucia.es\/iescaballerobonald\/files\/2025\/10\/IMG_5866.jpg\"><img loading=\"lazy\" decoding=\"async\" class=\"aligncenter size-full wp-image-12773\" src=\"https:\/\/blogsaverroes.juntadeandalucia.es\/iescaballerobonald\/files\/2025\/10\/IMG_5866.jpg\" alt=\"\" width=\"4032\" height=\"3024\" srcset=\"https:\/\/blogsaverroes.juntadeandalucia.es\/iescaballerobonald\/files\/2025\/10\/IMG_5866.jpg 4032w, https:\/\/blogsaverroes.juntadeandalucia.es\/iescaballerobonald\/files\/2025\/10\/IMG_5866-300x225.jpg 300w, https:\/\/blogsaverroes.juntadeandalucia.es\/iescaballerobonald\/files\/2025\/10\/IMG_5866-1024x768.jpg 1024w, https:\/\/blogsaverroes.juntadeandalucia.es\/iescaballerobonald\/files\/2025\/10\/IMG_5866-768x576.jpg 768w, https:\/\/blogsaverroes.juntadeandalucia.es\/iescaballerobonald\/files\/2025\/10\/IMG_5866-1536x1152.jpg 1536w, https:\/\/blogsaverroes.juntadeandalucia.es\/iescaballerobonald\/files\/2025\/10\/IMG_5866-2048x1536.jpg 2048w\" sizes=\"(max-width: 4032px) 100vw, 4032px\" \/><\/a><\/p>\n<p>&nbsp;<\/p>\n<p style=\"text-align: center\">&nbsp;<\/p>\n<p>&nbsp;<\/p>\n<p>&nbsp;<\/p>\n<p>&nbsp;<\/p>\n<p>&nbsp;<\/p>\n<p>&nbsp;<\/p>\n<p>&nbsp;<\/p>\n","protected":false},"excerpt":{"rendered":"<p>Durante el presente curso 2025\/2026, el Departamento estar\u00e1 formado por:&nbsp; M\u00aa Isabel Iglesias Mateos (Jefa de departamento) \u00c1ngela Figueroa Abrio Mois\u00e9s Braulio Saborido Carla Belaustegui Estrugo M\u00aa Carmen Soriano Cordero&#46;&#46;&#46;<\/p>\n","protected":false},"author":1,"featured_media":0,"parent":0,"menu_order":0,"comment_status":"closed","ping_status":"closed","template":"","meta":{"ngg_post_thumbnail":0,"footnotes":"","_mc_calendar":[]},"aioseo_notices":[],"_links":{"self":[{"href":"https:\/\/blogsaverroes.juntadeandalucia.es\/iescaballerobonald\/wp-json\/wp\/v2\/pages\/155"}],"collection":[{"href":"https:\/\/blogsaverroes.juntadeandalucia.es\/iescaballerobonald\/wp-json\/wp\/v2\/pages"}],"about":[{"href":"https:\/\/blogsaverroes.juntadeandalucia.es\/iescaballerobonald\/wp-json\/wp\/v2\/types\/page"}],"author":[{"embeddable":true,"href":"https:\/\/blogsaverroes.juntadeandalucia.es\/iescaballerobonald\/wp-json\/wp\/v2\/users\/1"}],"replies":[{"embeddable":true,"href":"https:\/\/blogsaverroes.juntadeandalucia.es\/iescaballerobonald\/wp-json\/wp\/v2\/comments?post=155"}],"version-history":[{"count":47,"href":"https:\/\/blogsaverroes.juntadeandalucia.es\/iescaballerobonald\/wp-json\/wp\/v2\/pages\/155\/revisions"}],"predecessor-version":[{"id":12988,"href":"https:\/\/blogsaverroes.juntadeandalucia.es\/iescaballerobonald\/wp-json\/wp\/v2\/pages\/155\/revisions\/12988"}],"wp:attachment":[{"href":"https:\/\/blogsaverroes.juntadeandalucia.es\/iescaballerobonald\/wp-json\/wp\/v2\/media?parent=155"}],"curies":[{"name":"wp","href":"https:\/\/api.w.org\/{rel}","templated":true}]}}