{"id":174,"date":"2015-03-17T07:56:14","date_gmt":"2015-03-17T06:56:14","guid":{"rendered":"http:\/\/blogsaverroes.juntadeandalucia.es\/pre\/ceip\/?page_id=174"},"modified":"2025-10-27T06:59:59","modified_gmt":"2025-10-27T05:59:59","slug":"dibujo","status":"publish","type":"page","link":"https:\/\/blogsaverroes.juntadeandalucia.es\/iescaballerobonald\/dibujo\/","title":{"rendered":"Dibujo"},"content":{"rendered":"<p>Durante el curso 2025\/2026, el departamento de Dibujo estar\u00e1 compuesto por:<\/p>\n<ul>\n<li>D\u00f1a. Ester F\u00e1lder Dugo (Jefa del departamento)<\/li>\n<li>D\u00f1a. Raquel Pav\u00f3n Gonz\u00e1lez<a href=\"https:\/\/blogsaverroes.juntadeandalucia.es\/iescaballerobonald\/files\/2025\/10\/ChatGPT-Image-13-oct-2025-08_14_37.png\"><img loading=\"lazy\" decoding=\"async\" class=\"aligncenter wp-image-12492 size-medium\" src=\"https:\/\/blogsaverroes.juntadeandalucia.es\/iescaballerobonald\/files\/2025\/10\/ChatGPT-Image-13-oct-2025-08_14_37-300x300.png\" alt=\"\" width=\"300\" height=\"300\" srcset=\"https:\/\/blogsaverroes.juntadeandalucia.es\/iescaballerobonald\/files\/2025\/10\/ChatGPT-Image-13-oct-2025-08_14_37-300x300.png 300w, https:\/\/blogsaverroes.juntadeandalucia.es\/iescaballerobonald\/files\/2025\/10\/ChatGPT-Image-13-oct-2025-08_14_37-150x150.png 150w, https:\/\/blogsaverroes.juntadeandalucia.es\/iescaballerobonald\/files\/2025\/10\/ChatGPT-Image-13-oct-2025-08_14_37-768x768.png 768w, https:\/\/blogsaverroes.juntadeandalucia.es\/iescaballerobonald\/files\/2025\/10\/ChatGPT-Image-13-oct-2025-08_14_37-80x80.png 80w, https:\/\/blogsaverroes.juntadeandalucia.es\/iescaballerobonald\/files\/2025\/10\/ChatGPT-Image-13-oct-2025-08_14_37-320x320.png 320w, https:\/\/blogsaverroes.juntadeandalucia.es\/iescaballerobonald\/files\/2025\/10\/ChatGPT-Image-13-oct-2025-08_14_37.png 1024w\" sizes=\"(max-width: 300px) 100vw, 300px\" \/><\/a><\/li>\n<\/ul>\n<p style=\"text-align: center\"><a href=\"https:\/\/drive.google.com\/file\/d\/1qFuVNAd4D3M2rVYfyfqku1UcHSK21Tqg\/view?usp=drive_link\">Criterios de evaluaci\u00f3n 1\u00ba ESO EPVA<\/a><\/p>\n<p style=\"text-align: center\"><a href=\"https:\/\/drive.google.com\/file\/d\/1qAvsCS7WZeVwi8IBIZnvQJS__o4Af53U\/view?usp=drive_link\">Criterios de evaluaci\u00f3n 3\u00ba ESO EPVA<\/a><\/p>\n<p style=\"text-align: center\"><a href=\"https:\/\/drive.google.com\/file\/d\/1IBqcmKs2le2dZyrZlcBFWEOPS15g4eWw\/view?usp=drive_link\">Criterios de evaluaci\u00f3n 4\u00ba ESO Expresi\u00f3n Art\u00edstica<\/a><\/p>\n<p style=\"text-align: center\"><a href=\"https:\/\/drive.google.com\/file\/d\/1MXH-mqVhtVyMQnunmKI_zsL2M9gq5Oke\/view?usp=drive_link\">Criterios de evaluaci\u00f3n 4\u00ba ESO Dibujo T\u00e9cnico<\/a><\/p>\n<p style=\"text-align: center\"><a href=\"https:\/\/drive.google.com\/file\/d\/1rLsnpupXfVNH4Q2votIGVkvUCYQm26je\/view?usp=drive_link\">Criterios de evaluaci\u00f3n 1\u00ba Bach DIBUJO T\u00c9CNICO<\/a><\/p>\n<p style=\"text-align: center\"><a href=\"https:\/\/drive.google.com\/file\/d\/172zN10nl9JZg_ZzdXZHXDKdbe3SRkoQy\/view?usp=drive_link\">Criterios de evaluaci\u00f3n DIBUJO T\u00c9CNICO II&nbsp;<\/a><\/p>\n<p><a href=\"https:\/\/blogsaverroes.juntadeandalucia.es\/iescaballerobonald\/files\/2023\/12\/IMG-20231214-WA0001.jpg\"><img loading=\"lazy\" decoding=\"async\" class=\"aligncenter size-full wp-image-10286\" src=\"https:\/\/blogsaverroes.juntadeandalucia.es\/iescaballerobonald\/files\/2023\/12\/IMG-20231214-WA0001.jpg\" alt=\"\" width=\"1196\" height=\"1600\" srcset=\"https:\/\/blogsaverroes.juntadeandalucia.es\/iescaballerobonald\/files\/2023\/12\/IMG-20231214-WA0001.jpg 1196w, https:\/\/blogsaverroes.juntadeandalucia.es\/iescaballerobonald\/files\/2023\/12\/IMG-20231214-WA0001-224x300.jpg 224w, https:\/\/blogsaverroes.juntadeandalucia.es\/iescaballerobonald\/files\/2023\/12\/IMG-20231214-WA0001-765x1024.jpg 765w, https:\/\/blogsaverroes.juntadeandalucia.es\/iescaballerobonald\/files\/2023\/12\/IMG-20231214-WA0001-768x1027.jpg 768w, https:\/\/blogsaverroes.juntadeandalucia.es\/iescaballerobonald\/files\/2023\/12\/IMG-20231214-WA0001-1148x1536.jpg 1148w\" sizes=\"(max-width: 1196px) 100vw, 1196px\" \/><\/a><\/p>\n<p style=\"text-align: justify\"><b>\u00bfPara qu\u00e9 sirve el Dibujo?<\/b><\/p>\n<p style=\"text-align: justify\"><span style=\"font-weight: 400\">El dibujo es un medio de expresi\u00f3n presente en nuestra vida diaria, m\u00e1s all\u00e1 de lo que nos podemos imaginar.<a href=\"https:\/\/blogsaverroes.juntadeandalucia.es\/iescaballerobonald\/files\/2021\/06\/1.jpg\"><img loading=\"lazy\" decoding=\"async\" class=\"aligncenter size-full wp-image-6224\" src=\"https:\/\/blogsaverroes.juntadeandalucia.es\/iescaballerobonald\/files\/2021\/06\/1.jpg\" alt=\"\" width=\"211\" height=\"320\" srcset=\"https:\/\/blogsaverroes.juntadeandalucia.es\/iescaballerobonald\/files\/2021\/06\/1.jpg 211w, https:\/\/blogsaverroes.juntadeandalucia.es\/iescaballerobonald\/files\/2021\/06\/1-198x300.jpg 198w\" sizes=\"(max-width: 211px) 100vw, 211px\" \/><\/a> <\/span><\/p>\n<p style=\"text-align: justify\"><span style=\"font-weight: 400\">Para empezar, est\u00e1 presente en todos los objetos que nos rodean\u2026 el bol\u00edgrafo con el que escribimos, las gafas con las que algunos est\u00e1is leyendo esta p\u00e1gina web o la taza en la que nos bebemos el caf\u00e9, antes de ser fabricadas han sido proyectadas, utilizando el Dibujo T\u00e9cnico.<a href=\"https:\/\/blogsaverroes.juntadeandalucia.es\/iescaballerobonald\/files\/2021\/06\/2.jpg\"><img loading=\"lazy\" decoding=\"async\" class=\"aligncenter wp-image-6225\" src=\"https:\/\/blogsaverroes.juntadeandalucia.es\/iescaballerobonald\/files\/2021\/06\/2.jpg\" alt=\"\" width=\"519\" height=\"373\" srcset=\"https:\/\/blogsaverroes.juntadeandalucia.es\/iescaballerobonald\/files\/2021\/06\/2.jpg 1600w, https:\/\/blogsaverroes.juntadeandalucia.es\/iescaballerobonald\/files\/2021\/06\/2-300x215.jpg 300w, https:\/\/blogsaverroes.juntadeandalucia.es\/iescaballerobonald\/files\/2021\/06\/2-1024x735.jpg 1024w, https:\/\/blogsaverroes.juntadeandalucia.es\/iescaballerobonald\/files\/2021\/06\/2-768x552.jpg 768w, https:\/\/blogsaverroes.juntadeandalucia.es\/iescaballerobonald\/files\/2021\/06\/2-1536x1103.jpg 1536w, https:\/\/blogsaverroes.juntadeandalucia.es\/iescaballerobonald\/files\/2021\/06\/2-2048x1471.jpg 2048w\" sizes=\"(max-width: 519px) 100vw, 519px\" \/><\/a><\/span><\/p>\n<p style=\"text-align: justify\"><span style=\"font-weight: 400\">Nuestra casa, antes de ser construida, ha sido dibujada por un Arquitecto, una Arquitecta. Primero el boceto, despu\u00e9s los planos t\u00e9cnicos para dar paso a la construcci\u00f3n de la vivienda.<a href=\"https:\/\/blogsaverroes.juntadeandalucia.es\/iescaballerobonald\/files\/2021\/06\/4.jpg\"><img loading=\"lazy\" decoding=\"async\" class=\"aligncenter wp-image-6227\" src=\"https:\/\/blogsaverroes.juntadeandalucia.es\/iescaballerobonald\/files\/2021\/06\/4.jpg\" alt=\"\" width=\"455\" height=\"321\" srcset=\"https:\/\/blogsaverroes.juntadeandalucia.es\/iescaballerobonald\/files\/2021\/06\/4.jpg 320w, https:\/\/blogsaverroes.juntadeandalucia.es\/iescaballerobonald\/files\/2021\/06\/4-300x212.jpg 300w\" sizes=\"(max-width: 455px) 100vw, 455px\" \/><\/a><\/span><\/p>\n<p style=\"text-align: justify\"><span style=\"font-weight: 400\">La Ingeniera Industrial dise\u00f1a los coches, o mejora aspectos de otros ya fabricados. Tambi\u00e9n dise\u00f1a la silla en la que te sientas, o el ordenador o el m\u00f3vil en los que navegas por internet.&nbsp;<\/span><\/p>\n<p style=\"text-align: justify\"><span style=\"font-weight: 400\">Pero si nos fijamos en los objetos m\u00e1s peque\u00f1os, tambi\u00e9n se ha necesitado el Dibujo T\u00e9cnico para su construcci\u00f3n o fabricaci\u00f3n. El grifo, el circuito el\u00e9ctrico o la cuchara lo han necesitado par su existencia y buen uso.<a href=\"https:\/\/blogsaverroes.juntadeandalucia.es\/iescaballerobonald\/files\/2021\/06\/3.jpg\"><img loading=\"lazy\" decoding=\"async\" class=\"aligncenter wp-image-6226\" src=\"https:\/\/blogsaverroes.juntadeandalucia.es\/iescaballerobonald\/files\/2021\/06\/3.jpg\" alt=\"\" width=\"454\" height=\"662\" srcset=\"https:\/\/blogsaverroes.juntadeandalucia.es\/iescaballerobonald\/files\/2021\/06\/3.jpg 600w, https:\/\/blogsaverroes.juntadeandalucia.es\/iescaballerobonald\/files\/2021\/06\/3-206x300.jpg 206w\" sizes=\"(max-width: 454px) 100vw, 454px\" \/><\/a><\/span><\/p>\n<p style=\"text-align: justify\"><span style=\"font-weight: 400\">Pero no acabamos aqu\u00ed.<\/span><\/p>\n<p style=\"text-align: justify\"><span style=\"font-weight: 400\">El Dibujo es la base del Dise\u00f1o Gr\u00e1fico, que inventa nuevos iconos para la pantalla de tu m\u00f3vil, o tu tablet. Dise\u00f1ador o Dise\u00f1adora, dibujan la etiqueta de tu refresco favorito, la apariencia visual gr\u00e1fica de tu videojuego o la portada del c\u00f3mic que est\u00e1s leyendo.<\/span><\/p>\n<p><a href=\"https:\/\/blogsaverroes.juntadeandalucia.es\/iescaballerobonald\/files\/2021\/06\/7.jpg\"><img loading=\"lazy\" decoding=\"async\" class=\"aligncenter size-full wp-image-6228\" src=\"https:\/\/blogsaverroes.juntadeandalucia.es\/iescaballerobonald\/files\/2021\/06\/7.jpg\" alt=\"\" width=\"580\" height=\"315\" srcset=\"https:\/\/blogsaverroes.juntadeandalucia.es\/iescaballerobonald\/files\/2021\/06\/7.jpg 580w, https:\/\/blogsaverroes.juntadeandalucia.es\/iescaballerobonald\/files\/2021\/06\/7-300x163.jpg 300w\" sizes=\"(max-width: 580px) 100vw, 580px\" \/><\/a><\/p>\n<p style=\"text-align: justify\"><span style=\"font-weight: 400\">El Dibujo, las im\u00e1genes, son el recurso fundamental para poder explicar multitud de materias, como las Ciencias Naturales, la F\u00edsica, la Geograf\u00eda, la Anatom\u00eda, la Astronom\u00eda o las Matem\u00e1ticas\u2026 imaginemos los libros de texto sin dibujos explicativos, fotograf\u00edas, o ilustraciones, \u00bfc\u00f3mo quedar\u00edan?<\/span><\/p>\n<p style=\"text-align: justify\"><span style=\"font-weight: 400\">\u00bfNos gustar\u00edan?<\/span><\/p>\n<p style=\"text-align: justify\"><span style=\"font-weight: 400\">\u00bfEntender\u00edamos los contenidos con la misma facilidad?<\/span><\/p>\n<p><a href=\"https:\/\/blogsaverroes.juntadeandalucia.es\/iescaballerobonald\/files\/2021\/06\/8.jpg\"><img loading=\"lazy\" decoding=\"async\" class=\"aligncenter wp-image-6229\" src=\"https:\/\/blogsaverroes.juntadeandalucia.es\/iescaballerobonald\/files\/2021\/06\/8.jpg\" alt=\"\" width=\"586\" height=\"380\" srcset=\"https:\/\/blogsaverroes.juntadeandalucia.es\/iescaballerobonald\/files\/2021\/06\/8.jpg 400w, https:\/\/blogsaverroes.juntadeandalucia.es\/iescaballerobonald\/files\/2021\/06\/8-300x194.jpg 300w\" sizes=\"(max-width: 586px) 100vw, 586px\" \/><\/a><\/p>\n<p style=\"text-align: justify\"><span style=\"font-weight: 400\">Y a\u00fan hay m\u00e1s.<\/span><\/p>\n<p style=\"text-align: justify\"><span style=\"font-weight: 400\">Una de las razones por las que se mueve el turismo en Espa\u00f1a es el arte: Picasso, Vel\u00e1zquez, Goya, Sorolla, Zurbar\u00e1n\u2026 grandes pintores y dibujantes que con sus pinceles supieron plasmar sobre el lienzo el mundo que les rodeaba. <a href=\"https:\/\/blogsaverroes.juntadeandalucia.es\/iescaballerobonald\/files\/2021\/06\/9-scaled.jpg\"><img loading=\"lazy\" decoding=\"async\" class=\"aligncenter wp-image-6230\" src=\"https:\/\/blogsaverroes.juntadeandalucia.es\/iescaballerobonald\/files\/2021\/06\/9-scaled.jpg\" alt=\"\" width=\"504\" height=\"581\" srcset=\"https:\/\/blogsaverroes.juntadeandalucia.es\/iescaballerobonald\/files\/2021\/06\/9-scaled.jpg 1390w, https:\/\/blogsaverroes.juntadeandalucia.es\/iescaballerobonald\/files\/2021\/06\/9-261x300.jpg 261w, https:\/\/blogsaverroes.juntadeandalucia.es\/iescaballerobonald\/files\/2021\/06\/9-890x1024.jpg 890w, https:\/\/blogsaverroes.juntadeandalucia.es\/iescaballerobonald\/files\/2021\/06\/9-768x884.jpg 768w, https:\/\/blogsaverroes.juntadeandalucia.es\/iescaballerobonald\/files\/2021\/06\/9-1334x1536.jpg 1334w, https:\/\/blogsaverroes.juntadeandalucia.es\/iescaballerobonald\/files\/2021\/06\/9-1779x2048.jpg 1779w\" sizes=\"(max-width: 504px) 100vw, 504px\" \/><\/a><\/span><\/p>\n<p style=\"text-align: justify\"><span style=\"font-weight: 400\">Vivimos en la \u201cEra de la Imagen\u201d, en la que todo lo que nos rodea es imagen: televisi\u00f3n, cine, ordenador, tablet, m\u00f3vil, fotograf\u00eda, carteles, redes sociales\u2026<a href=\"https:\/\/blogsaverroes.juntadeandalucia.es\/iescaballerobonald\/files\/2021\/06\/10.jpg\"><img loading=\"lazy\" decoding=\"async\" class=\"aligncenter size-full wp-image-6231\" src=\"https:\/\/blogsaverroes.juntadeandalucia.es\/iescaballerobonald\/files\/2021\/06\/10.jpg\" alt=\"\" width=\"450\" height=\"235\" srcset=\"https:\/\/blogsaverroes.juntadeandalucia.es\/iescaballerobonald\/files\/2021\/06\/10.jpg 450w, https:\/\/blogsaverroes.juntadeandalucia.es\/iescaballerobonald\/files\/2021\/06\/10-300x157.jpg 300w\" sizes=\"(max-width: 450px) 100vw, 450px\" \/><\/a><\/span><\/p>\n<p style=\"text-align: justify\"><span style=\"font-weight: 400\">Miremos donde miremos siempre vemos una imagen, una fotograf\u00eda, o un cuadro. Una pel\u00edcula, un anuncio, el icono de una app, las instrucciones de montaje de un mueble. Miremos donde miremos siempre est\u00e1 el Dibujo, Lenguaje Gr\u00e1fico que traspasa todas las fronteras e idiomas (\u00bf\u2026has visto las instrucciones de montaje de un mueble de Ikea? (<\/span><a href=\"https:\/\/www.ikea.com\/es\/es\/assembly_instructions\/billy-bookcase-white__AA-1823127-8_pub.pdf\"><span style=\"font-weight: 400\">https:\/\/www.ikea.com\/es\/es\/assembly_instructions\/billy-bookcase-white__AA-1823127-8_pub.pdf<\/span><\/a><span style=\"font-weight: 400\"> ) \u00bfCu\u00e1ntos idiomas aparecen? \u00bfInfluyen en los dibujos?)<\/span><\/p>\n<p style=\"text-align: justify\"><span style=\"font-weight: 400\">Todas estas razones nos hacen considerar al Dibujo, al Lenguaje Gr\u00e1fico,&nbsp; como uno de los grandes medios de expresi\u00f3n, como una habilidad instrumental b\u00e1sica, presente en todos los aspectos de la vida, igual que el lenguaje matem\u00e1tico, el lenguaje oral y escrito y el lenguaje gr\u00e1fico.<\/span><\/p>\n<p>&nbsp;<\/p>\n<p>&nbsp;<\/p>\n<p>Pulsa en la imagen para entrar en la p\u00e1gina de Educaci\u00f3n Pl\u00e1stica y Visual:<\/p>\n<p><a href=\"http:\/\/compasycolor.blogspot.com.es\/\" target=\"_blank\" rel=\"noopener noreferrer\"><img loading=\"lazy\" decoding=\"async\" class=\"alignnone wp-image-3722 size-full\" src=\"http:\/\/blogsaverroes.juntadeandalucia.es\/iescaballerobonald\/files\/2015\/03\/blog-color-y-comp\u00e1s.png\" alt=\"blog color y comp\u00e1s\" width=\"897\" height=\"201\" srcset=\"https:\/\/blogsaverroes.juntadeandalucia.es\/iescaballerobonald\/files\/2015\/03\/blog-color-y-comp\u00e1s.png 897w, https:\/\/blogsaverroes.juntadeandalucia.es\/iescaballerobonald\/files\/2015\/03\/blog-color-y-comp\u00e1s-300x67.png 300w, https:\/\/blogsaverroes.juntadeandalucia.es\/iescaballerobonald\/files\/2015\/03\/blog-color-y-comp\u00e1s-24x5.png 24w, https:\/\/blogsaverroes.juntadeandalucia.es\/iescaballerobonald\/files\/2015\/03\/blog-color-y-comp\u00e1s-36x8.png 36w, https:\/\/blogsaverroes.juntadeandalucia.es\/iescaballerobonald\/files\/2015\/03\/blog-color-y-comp\u00e1s-48x11.png 48w\" sizes=\"(max-width: 897px) 100vw, 897px\" \/><\/a><\/p>\n<p>&nbsp;<\/p>\n","protected":false},"excerpt":{"rendered":"<p>Durante el curso 2025\/2026, el departamento de Dibujo estar\u00e1 compuesto por: D\u00f1a. Ester F\u00e1lder Dugo (Jefa del departamento) D\u00f1a. Raquel Pav\u00f3n Gonz\u00e1lez Criterios de evaluaci\u00f3n 1\u00ba ESO EPVA Criterios de&#46;&#46;&#46;<\/p>\n","protected":false},"author":1,"featured_media":0,"parent":0,"menu_order":0,"comment_status":"closed","ping_status":"closed","template":"","meta":{"ngg_post_thumbnail":0,"footnotes":"","_mc_calendar":[]},"aioseo_notices":[],"_links":{"self":[{"href":"https:\/\/blogsaverroes.juntadeandalucia.es\/iescaballerobonald\/wp-json\/wp\/v2\/pages\/174"}],"collection":[{"href":"https:\/\/blogsaverroes.juntadeandalucia.es\/iescaballerobonald\/wp-json\/wp\/v2\/pages"}],"about":[{"href":"https:\/\/blogsaverroes.juntadeandalucia.es\/iescaballerobonald\/wp-json\/wp\/v2\/types\/page"}],"author":[{"embeddable":true,"href":"https:\/\/blogsaverroes.juntadeandalucia.es\/iescaballerobonald\/wp-json\/wp\/v2\/users\/1"}],"replies":[{"embeddable":true,"href":"https:\/\/blogsaverroes.juntadeandalucia.es\/iescaballerobonald\/wp-json\/wp\/v2\/comments?post=174"}],"version-history":[{"count":39,"href":"https:\/\/blogsaverroes.juntadeandalucia.es\/iescaballerobonald\/wp-json\/wp\/v2\/pages\/174\/revisions"}],"predecessor-version":[{"id":12679,"href":"https:\/\/blogsaverroes.juntadeandalucia.es\/iescaballerobonald\/wp-json\/wp\/v2\/pages\/174\/revisions\/12679"}],"wp:attachment":[{"href":"https:\/\/blogsaverroes.juntadeandalucia.es\/iescaballerobonald\/wp-json\/wp\/v2\/media?parent=174"}],"curies":[{"name":"wp","href":"https:\/\/api.w.org\/{rel}","templated":true}]}}