{"id":198,"date":"2015-03-17T09:55:36","date_gmt":"2015-03-17T08:55:36","guid":{"rendered":"http:\/\/blogsaverroes.juntadeandalucia.es\/pre\/ceip\/?page_id=198"},"modified":"2025-10-29T17:13:55","modified_gmt":"2025-10-29T16:13:55","slug":"que-es-el-ampa","status":"publish","type":"page","link":"https:\/\/blogsaverroes.juntadeandalucia.es\/iescaballerobonald\/que-es-el-ampa\/","title":{"rendered":"AMPA Delicias"},"content":{"rendered":"<p>Este curso, nuestro AMPA \u00abDelicias\u00bb est\u00e1 formado por:&nbsp;<\/p>\n<p><a href=\"https:\/\/blogsaverroes.juntadeandalucia.es\/iescaballerobonald\/files\/2025\/10\/WhatsApp-Image-2025-10-29-at-08.45.32-2.jpeg\"><img loading=\"lazy\" decoding=\"async\" class=\"aligncenter size-full wp-image-12782\" src=\"https:\/\/blogsaverroes.juntadeandalucia.es\/iescaballerobonald\/files\/2025\/10\/WhatsApp-Image-2025-10-29-at-08.45.32-2.jpeg\" alt=\"\" width=\"448\" height=\"305\" srcset=\"https:\/\/blogsaverroes.juntadeandalucia.es\/iescaballerobonald\/files\/2025\/10\/WhatsApp-Image-2025-10-29-at-08.45.32-2.jpeg 448w, https:\/\/blogsaverroes.juntadeandalucia.es\/iescaballerobonald\/files\/2025\/10\/WhatsApp-Image-2025-10-29-at-08.45.32-2-300x204.jpeg 300w\" sizes=\"(max-width: 448px) 100vw, 448px\" \/><\/a><a href=\"https:\/\/blogsaverroes.juntadeandalucia.es\/iescaballerobonald\/files\/2025\/10\/WhatsApp-Image-2025-10-29-at-08.45.32.jpeg\"><img loading=\"lazy\" decoding=\"async\" class=\"aligncenter wp-image-12778 size-large\" src=\"https:\/\/blogsaverroes.juntadeandalucia.es\/iescaballerobonald\/files\/2025\/10\/WhatsApp-Image-2025-10-29-at-08.45.32-e1761754406161-1024x935.jpeg\" alt=\"\" width=\"1024\" height=\"935\" srcset=\"https:\/\/blogsaverroes.juntadeandalucia.es\/iescaballerobonald\/files\/2025\/10\/WhatsApp-Image-2025-10-29-at-08.45.32-e1761754406161-1024x935.jpeg 1024w, https:\/\/blogsaverroes.juntadeandalucia.es\/iescaballerobonald\/files\/2025\/10\/WhatsApp-Image-2025-10-29-at-08.45.32-e1761754406161-300x274.jpeg 300w, https:\/\/blogsaverroes.juntadeandalucia.es\/iescaballerobonald\/files\/2025\/10\/WhatsApp-Image-2025-10-29-at-08.45.32-e1761754406161-768x701.jpeg 768w, https:\/\/blogsaverroes.juntadeandalucia.es\/iescaballerobonald\/files\/2025\/10\/WhatsApp-Image-2025-10-29-at-08.45.32-e1761754406161.jpeg 1293w\" sizes=\"(max-width: 1024px) 100vw, 1024px\" \/><\/a><\/p>\n<p><a href=\"https:\/\/blogsaverroes.juntadeandalucia.es\/iescaballerobonald\/files\/2025\/10\/IMG20251029120106.jpg\"><img loading=\"lazy\" decoding=\"async\" class=\"aligncenter wp-image-12776 size-large\" src=\"https:\/\/blogsaverroes.juntadeandalucia.es\/iescaballerobonald\/files\/2025\/10\/IMG20251029120106-768x1024.jpg\" alt=\"\" width=\"768\" height=\"1024\" srcset=\"https:\/\/blogsaverroes.juntadeandalucia.es\/iescaballerobonald\/files\/2025\/10\/IMG20251029120106-768x1024.jpg 768w, https:\/\/blogsaverroes.juntadeandalucia.es\/iescaballerobonald\/files\/2025\/10\/IMG20251029120106-225x300.jpg 225w, https:\/\/blogsaverroes.juntadeandalucia.es\/iescaballerobonald\/files\/2025\/10\/IMG20251029120106-1152x1536.jpg 1152w, https:\/\/blogsaverroes.juntadeandalucia.es\/iescaballerobonald\/files\/2025\/10\/IMG20251029120106-1536x2048.jpg 1536w\" sizes=\"(max-width: 768px) 100vw, 768px\" \/><\/a><\/p>\n<p>&nbsp;<\/p>\n<p><a href=\"https:\/\/blogsaverroes.juntadeandalucia.es\/iescaballerobonald\/2023\/10\/04\/conoces-nuestro-ampa-delicias\/fb_img_1694779856804\/\" rel=\"attachment wp-att-9781\"><img loading=\"lazy\" decoding=\"async\" class=\"aligncenter size-full wp-image-9781\" src=\"https:\/\/blogsaverroes.juntadeandalucia.es\/iescaballerobonald\/files\/2023\/10\/FB_IMG_1694779856804.jpg\" alt=\"\" width=\"1080\" height=\"1440\" srcset=\"https:\/\/blogsaverroes.juntadeandalucia.es\/iescaballerobonald\/files\/2023\/10\/FB_IMG_1694779856804.jpg 1080w, https:\/\/blogsaverroes.juntadeandalucia.es\/iescaballerobonald\/files\/2023\/10\/FB_IMG_1694779856804-225x300.jpg 225w, https:\/\/blogsaverroes.juntadeandalucia.es\/iescaballerobonald\/files\/2023\/10\/FB_IMG_1694779856804-768x1024.jpg 768w\" sizes=\"(max-width: 1080px) 100vw, 1080px\" \/><\/a><\/p>\n<p style=\"text-align: justify\">El AMPA (Asociaci\u00f3n de madres y padres de alumnos\/as) es un punto de encuentro y de trabajo independiente, abierto y plural.<\/p>\n<p style=\"text-align: justify\">Desde el AMPA podemos contribuir a la mejora de la calidad de la educaci\u00f3n, la convivencia del centro y de las instalaciones.<\/p>\n<p><a href=\"https:\/\/blogsaverroes.juntadeandalucia.es\/iescaballerobonald\/files\/2022\/12\/images-_3_.jpg\"><img loading=\"lazy\" decoding=\"async\" class=\"size-full wp-image-7966 alignleft\" src=\"https:\/\/blogsaverroes.juntadeandalucia.es\/iescaballerobonald\/files\/2022\/12\/images-_3_.jpg\" alt=\"\" width=\"332\" height=\"152\" srcset=\"https:\/\/blogsaverroes.juntadeandalucia.es\/iescaballerobonald\/files\/2022\/12\/images-_3_.jpg 332w, https:\/\/blogsaverroes.juntadeandalucia.es\/iescaballerobonald\/files\/2022\/12\/images-_3_-300x137.jpg 300w\" sizes=\"(max-width: 332px) 100vw, 332px\" \/><\/a><\/p>\n<h3 style=\"text-align: justify\">\u00bfPor qu\u00e9 es importante vuestra participaci\u00f3n?<\/h3>\n<p style=\"text-align: justify\">En el instituto existen espacios de participaci\u00f3n, siendo el AMPA el \u00fanico espacio de participaci\u00f3n aut\u00f3nomo de padres y madres. El AMPA es importante porque:<\/p>\n<ul style=\"text-align: justify\">\n<li>Somos corresponsables de la educaci\u00f3n que nuestros hijos\/as reciben en el instituto.<\/li>\n<li>Es un espacio para aportar iniciativas y trabajar con la direcci\u00f3n del Centro, sin depender de esta.<\/li>\n<\/ul>\n<h3 style=\"text-align: justify\">\u00bfC\u00f3mo puedes participar?<\/h3>\n<p style=\"text-align: justify\">Participar en el AMPA es muy f\u00e1cil y cada uno decide el nivel de implicaci\u00f3n.<\/p>\n<ul style=\"text-align: justify\">\n<li>Podemos asociarnos en cualquier momento, aunque se entrega a las familias una ficha de inscripci\u00f3n con la matr\u00edcula en la que se indica la cuota anual por cada familia (la cuota es por familia no por ni\u00f1o\/a)<\/li>\n<li>Podemos tambi\u00e9n participar a trav\u00e9s de las asambleas, incorpor\u00e1ndote a las reuniones&nbsp;abiertas que se convoquen.<\/li>\n<li>Podemos colaborar en los diferentes grupos de trabajo o en actividades puntuales que se organizan desde el AMPA a lo largo del curso.<\/li>\n<li>Podemos proponer iniciativas, plantear temas de debate, organizar actividades, etc., &nbsp;dirigi\u00e9ndote a cualquier miembro de la junta directiva o a trav\u00e9s del blog.<\/li>\n<\/ul>\n<p style=\"text-align: justify\">Como ves, hay muchas formas de participar y es muy importante que m\u00e1s padres y madres pasemos a la participa-ACCI\u00d3N,&nbsp;&nbsp;de forma activa y colectiva.<\/p>\n<h3 style=\"text-align: justify\">\u00bfPara qu\u00e9 sirve?<\/h3>\n<ul style=\"text-align: justify\">\n<li>Para defender y velar por el derecho a una educaci\u00f3n de calidad, democr\u00e1tica, atendiendo a las necesidades de todos los ni\u00f1os\/as &nbsp;y cr\u00edtica.<\/li>\n<li>Para promover la participaci\u00f3n de padres y madres en la vida del centro, defendiendo los intereses del alumnado y de toda la comunidad educativa.<\/li>\n<li>Para buscar soluciones de forma colectiva a temas relacionados con la ense\u00f1anza y educaci\u00f3n de nuestros hijos\/as.<\/li>\n<li>Para crear espacios de encuentro y trabajo en el resto de la comunidad educativa y con el entorno.<\/li>\n<li>Para crear espacios de reflexi\u00f3n y participaci\u00f3n compartida sobre la educaci\u00f3n de nuestros hijos\/as<br \/>\nPara participar en la gesti\u00f3n del colegio.<\/li>\n<\/ul>\n<h3 style=\"text-align: justify\">\u00bfC\u00f3mo se financia?<a href=\"https:\/\/blogsaverroes.juntadeandalucia.es\/iescaballerobonald\/files\/2022\/12\/images-_4_.jpg\"><img loading=\"lazy\" decoding=\"async\" class=\"size-full wp-image-7968 alignright\" src=\"https:\/\/blogsaverroes.juntadeandalucia.es\/iescaballerobonald\/files\/2022\/12\/images-_4_.jpg\" alt=\"\" width=\"310\" height=\"163\" srcset=\"https:\/\/blogsaverroes.juntadeandalucia.es\/iescaballerobonald\/files\/2022\/12\/images-_4_.jpg 310w, https:\/\/blogsaverroes.juntadeandalucia.es\/iescaballerobonald\/files\/2022\/12\/images-_4_-300x158.jpg 300w\" sizes=\"(max-width: 310px) 100vw, 310px\" \/><\/a><\/h3>\n<p style=\"text-align: justify\">El AMPA se financia a trav\u00e9s de las cuotas de socios\/as.<br \/>\nLa cuota de socios\/as es el \u00fanico pago que realizan las familias y que gestiona el AMPA para el beneficio exclusivo de la comunidad educativa y en definitiva de la educaci\u00f3n que reciben&nbsp; nuestros hijos\/as en el centro.<\/p>\n","protected":false},"excerpt":{"rendered":"<p>Este curso, nuestro AMPA \u00abDelicias\u00bb est\u00e1 formado por:&nbsp; &nbsp; El AMPA (Asociaci\u00f3n de madres y padres de alumnos\/as) es un punto de encuentro y de trabajo independiente, abierto y plural.&#46;&#46;&#46;<\/p>\n","protected":false},"author":1,"featured_media":0,"parent":0,"menu_order":0,"comment_status":"closed","ping_status":"closed","template":"","meta":{"ngg_post_thumbnail":0,"footnotes":"","_mc_calendar":[]},"aioseo_notices":[],"_links":{"self":[{"href":"https:\/\/blogsaverroes.juntadeandalucia.es\/iescaballerobonald\/wp-json\/wp\/v2\/pages\/198"}],"collection":[{"href":"https:\/\/blogsaverroes.juntadeandalucia.es\/iescaballerobonald\/wp-json\/wp\/v2\/pages"}],"about":[{"href":"https:\/\/blogsaverroes.juntadeandalucia.es\/iescaballerobonald\/wp-json\/wp\/v2\/types\/page"}],"author":[{"embeddable":true,"href":"https:\/\/blogsaverroes.juntadeandalucia.es\/iescaballerobonald\/wp-json\/wp\/v2\/users\/1"}],"replies":[{"embeddable":true,"href":"https:\/\/blogsaverroes.juntadeandalucia.es\/iescaballerobonald\/wp-json\/wp\/v2\/comments?post=198"}],"version-history":[{"count":27,"href":"https:\/\/blogsaverroes.juntadeandalucia.es\/iescaballerobonald\/wp-json\/wp\/v2\/pages\/198\/revisions"}],"predecessor-version":[{"id":12783,"href":"https:\/\/blogsaverroes.juntadeandalucia.es\/iescaballerobonald\/wp-json\/wp\/v2\/pages\/198\/revisions\/12783"}],"wp:attachment":[{"href":"https:\/\/blogsaverroes.juntadeandalucia.es\/iescaballerobonald\/wp-json\/wp\/v2\/media?parent=198"}],"curies":[{"name":"wp","href":"https:\/\/api.w.org\/{rel}","templated":true}]}}