{"id":35,"date":"2015-03-13T08:21:43","date_gmt":"2015-03-13T07:21:43","guid":{"rendered":"http:\/\/blogsaverroes.juntadeandalucia.es\/pre\/ceip\/?page_id=35"},"modified":"2025-10-22T07:45:37","modified_gmt":"2025-10-22T06:45:37","slug":"el-centro-2","status":"publish","type":"page","link":"https:\/\/blogsaverroes.juntadeandalucia.es\/iescaballerobonald\/el-centro\/el-centro-2\/","title":{"rendered":"Con\u00f3cenos"},"content":{"rendered":"<p style=\"text-align: justify\"><a href=\"https:\/\/blogsaverroes.juntadeandalucia.es\/iescaballerobonald\/files\/2022\/10\/LOGOAZUL.png\"><img loading=\"lazy\" decoding=\"async\" class=\"aligncenter size-full wp-image-7061\" src=\"https:\/\/blogsaverroes.juntadeandalucia.es\/iescaballerobonald\/files\/2022\/10\/LOGOAZUL.png\" alt=\"\" width=\"487\" height=\"169\" srcset=\"https:\/\/blogsaverroes.juntadeandalucia.es\/iescaballerobonald\/files\/2022\/10\/LOGOAZUL.png 487w, https:\/\/blogsaverroes.juntadeandalucia.es\/iescaballerobonald\/files\/2022\/10\/LOGOAZUL-300x104.png 300w\" sizes=\"(max-width: 487px) 100vw, 487px\" \/><\/a>Nuestro centro est\u00e1 situado en Jerez de la Frontera (C\u00e1diz). Se inaugur\u00f3 en Septiembre de 1986 como Instituto de Bachillerato Mixto n\u00ba 4. Es en el curso 1988-89 cuando adquiere el nombre actual, el del ilustre escritor jerezano Jos\u00e9 Manuel Caballero Bonald, presente en la inauguraci\u00f3n y siempre vinculado al centro a lo largo de todos estos a\u00f1os hasta su fallecimiento en 2021.<\/p>\n<p>&nbsp;<\/p>\n<div id=\"attachment_7961\" style=\"width: 310px\" class=\"wp-caption alignleft\"><a href=\"https:\/\/blogsaverroes.juntadeandalucia.es\/iescaballerobonald\/files\/2015\/03\/Historia_del_Instituto.pdf\" target=\"_blank\" rel=\"noopener noreferrer\"><img loading=\"lazy\" decoding=\"async\" aria-describedby=\"caption-attachment-7961\" class=\"wp-image-7961\" src=\"https:\/\/blogsaverroes.juntadeandalucia.es\/iescaballerobonald\/files\/2022\/12\/descarga-_3_.jpg\" alt=\"\" width=\"300\" height=\"260\"\/><\/a><p id=\"caption-attachment-7961\" class=\"wp-caption-text\">Pincha para conocer nuestra historia<\/p><\/div>\n<p style=\"text-align: justify\">Situado en la zona este de Jerez, una zona en continua expansi\u00f3n que ha visto en pocos a\u00f1os surgir nuevos institutos como Almunia, Seritium o Fernando Savater, el IES Caballero Bonald imparte en la actualidad las ense\u00f1anzas de Secundaria Obligatoria y Bachillerato, y tiene una Unidad Espec\u00edfica de Educaci\u00f3n Basica Especial (TEA).<\/p>\n<h2 style=\"text-align: center\"><span style=\"text-decoration: underline\">Datos de contacto<\/span><\/h2>\n<p>IES J.M. Caballero Bonald<\/p>\n<p>Direcci\u00f3n:&nbsp; Calle Ntra. Sra. del Traspaso, s\/n, 11406 Jerez de la Frontera, C\u00e1diz<\/p>\n<p>Tel\u00e9fonos:<\/p>\n<p>Conserjer\u00eda: 856 811 817<\/p>\n<p>Secretar\u00eda: 856 811 823.<\/p>\n<p>FAX: 856 811 823<\/p>\n<p>Email: 11008483.edu@juntadeandalucia.es<\/p>\n<p>&nbsp;<\/p>\n<p><span style=\"text-decoration: underline\"><a href=\"https:\/\/blogsaverroes.juntadeandalucia.es\/iescaballerobonald\/files\/2022\/12\/images.jpg\"><img loading=\"lazy\" decoding=\"async\" class=\"wp-image-7959 alignleft\" src=\"https:\/\/blogsaverroes.juntadeandalucia.es\/iescaballerobonald\/files\/2022\/12\/images.jpg\" alt=\"\" width=\"333\" height=\"236\"\/><\/a><\/span><\/p>\n<p>Horario Lectivo: de 8:15 a 14:45<\/p>\n<p>Apertura del centro por las tardes: Martes de 17:00 a 19:00<\/p>\n<p>Horario de atenci\u00f3n al p\u00fablico de Secretar\u00eda:&nbsp;Lunes a Viernes de 10 a 12<\/p>\n<h2 style=\"text-align: left\"><span style=\"text-decoration: underline\">Oferta educativa<\/span><\/h2>\n<p>&#8211; EDUCACI\u00d3N SECUNDARIA OBLIGATORIA:&nbsp;1\u00ba a 4\u00ba de ESO<\/p>\n<p>&#8211; BACHILLERATO: Bachillerato de Ciencias y Tecnolog\u00eda \/ Bachillerato de Humanidades y Ciencias Sociales.<\/p>\n<p><a href=\"https:\/\/blogsaverroes.juntadeandalucia.es\/iescaballerobonald\/files\/2025\/10\/ORGANIZACION-25-26.docx_page-0001.jpg\"><img loading=\"lazy\" decoding=\"async\" class=\"aligncenter wp-image-12525 size-full\" src=\"https:\/\/blogsaverroes.juntadeandalucia.es\/iescaballerobonald\/files\/2025\/10\/ORGANIZACION-25-26.docx_page-0001.jpg\" alt=\"\" width=\"1242\" height=\"1755\" srcset=\"https:\/\/blogsaverroes.juntadeandalucia.es\/iescaballerobonald\/files\/2025\/10\/ORGANIZACION-25-26.docx_page-0001.jpg 1132w, https:\/\/blogsaverroes.juntadeandalucia.es\/iescaballerobonald\/files\/2025\/10\/ORGANIZACION-25-26.docx_page-0001-212x300.jpg 212w, https:\/\/blogsaverroes.juntadeandalucia.es\/iescaballerobonald\/files\/2025\/10\/ORGANIZACION-25-26.docx_page-0001-725x1024.jpg 725w, https:\/\/blogsaverroes.juntadeandalucia.es\/iescaballerobonald\/files\/2025\/10\/ORGANIZACION-25-26.docx_page-0001-768x1085.jpg 768w, https:\/\/blogsaverroes.juntadeandalucia.es\/iescaballerobonald\/files\/2025\/10\/ORGANIZACION-25-26.docx_page-0001-1087x1536.jpg 1087w\" sizes=\"(max-width: 1242px) 100vw, 1242px\" \/><\/a><\/p>\n<p>&nbsp;<\/p>\n<p><a href=\"http:\/\/iframe%20src=https:\/\/www.google.com\/maps\/embed?pb=!1m14!1m8!1m3!1d12798.449637770931!2d-6.1127367!3d36.6838191!3m2!1i1024!2i768!4f13.1!3m3!1m2!1s0x0%3A0xc7bbd0968059506a!2sIES%20Jos%C3%A9%20Manuel%20Caballero%20Bonald!5e0!3m2!1ses!2ses!4v1662639494247!5m2!1ses!2ses%20width=600%20height=450%20style=border:0;%20allowfullscreen=%20loading=lazy%20referrerpolicy=no-referrer-when-downgrade\/iframe\"><iframe loading=\"lazy\" src=\"https:\/\/www.google.com\/maps\/embed?pb=!1m14!1m8!1m3!1d12798.449637770931!2d-6.1127367!3d36.6838191!3m2!1i1024!2i768!4f13.1!3m3!1m2!1s0x0%3A0xc7bbd0968059506a!2sIES%20Jos%C3%A9%20Manuel%20Caballero%20Bonald!5e0!3m2!1ses!2ses!4v1662639494247!5m2!1ses!2ses\" width=\"600\" height=\"450\"><\/iframe><\/a><a href=\"https:\/\/blogsaverroes.juntadeandalucia.es\/iescaballerobonald\/files\/2022\/12\/descarga-_4_.jpg\"><img loading=\"lazy\" decoding=\"async\" class=\"wp-image-7958 alignleft\" src=\"https:\/\/blogsaverroes.juntadeandalucia.es\/iescaballerobonald\/files\/2022\/12\/descarga-_4_.jpg\" alt=\"\" width=\"359\" height=\"244\"\/><\/a><\/p>\n","protected":false},"excerpt":{"rendered":"<p>Nuestro centro est\u00e1 situado en Jerez de la Frontera (C\u00e1diz). Se inaugur\u00f3 en Septiembre de 1986 como Instituto de Bachillerato Mixto n\u00ba 4. Es en el curso 1988-89 cuando adquiere&#46;&#46;&#46;<\/p>\n","protected":false},"author":1,"featured_media":0,"parent":2403,"menu_order":0,"comment_status":"closed","ping_status":"closed","template":"","meta":{"ngg_post_thumbnail":0,"footnotes":"","_mc_calendar":[]},"aioseo_notices":[],"_links":{"self":[{"href":"https:\/\/blogsaverroes.juntadeandalucia.es\/iescaballerobonald\/wp-json\/wp\/v2\/pages\/35"}],"collection":[{"href":"https:\/\/blogsaverroes.juntadeandalucia.es\/iescaballerobonald\/wp-json\/wp\/v2\/pages"}],"about":[{"href":"https:\/\/blogsaverroes.juntadeandalucia.es\/iescaballerobonald\/wp-json\/wp\/v2\/types\/page"}],"author":[{"embeddable":true,"href":"https:\/\/blogsaverroes.juntadeandalucia.es\/iescaballerobonald\/wp-json\/wp\/v2\/users\/1"}],"replies":[{"embeddable":true,"href":"https:\/\/blogsaverroes.juntadeandalucia.es\/iescaballerobonald\/wp-json\/wp\/v2\/comments?post=35"}],"version-history":[{"count":74,"href":"https:\/\/blogsaverroes.juntadeandalucia.es\/iescaballerobonald\/wp-json\/wp\/v2\/pages\/35\/revisions"}],"predecessor-version":[{"id":12526,"href":"https:\/\/blogsaverroes.juntadeandalucia.es\/iescaballerobonald\/wp-json\/wp\/v2\/pages\/35\/revisions\/12526"}],"up":[{"embeddable":true,"href":"https:\/\/blogsaverroes.juntadeandalucia.es\/iescaballerobonald\/wp-json\/wp\/v2\/pages\/2403"}],"wp:attachment":[{"href":"https:\/\/blogsaverroes.juntadeandalucia.es\/iescaballerobonald\/wp-json\/wp\/v2\/media?parent=35"}],"curies":[{"name":"wp","href":"https:\/\/api.w.org\/{rel}","templated":true}]}}