{"id":3710,"date":"2016-12-16T13:27:41","date_gmt":"2016-12-16T12:27:41","guid":{"rendered":"http:\/\/blogsaverroes.juntadeandalucia.es\/iescaballerobonald\/?page_id=3710"},"modified":"2022-10-26T09:57:37","modified_gmt":"2022-10-26T08:57:37","slug":"religion-catolica","status":"publish","type":"page","link":"https:\/\/blogsaverroes.juntadeandalucia.es\/iescaballerobonald\/religion-catolica\/","title":{"rendered":"Religi\u00f3n"},"content":{"rendered":"<p>Durante el curso 2022\/2023, los profesores\/as de religi\u00f3n son:<\/p>\n<ul>\n<li>Manuel Guill\u00e9n Monje<\/li>\n<li>Nuria Garc\u00eda Delgado<\/li>\n<\/ul>\n<p><b><u>CRITERIOS DE EVALUACI\u00d3N Y CALIFICACI\u00d3N RELIGI\u00d3N CAT\u00d3LICA CURSO 2021-22<\/u><\/b><\/p>\n<p><a href=\"https:\/\/drive.google.com\/file\/d\/1Bh52r2wjcWnckSThVDUq7uOJb354LUS1\/view?usp=sharing\" target=\"_blank\" rel=\"noopener noreferrer\">RELIGI\u00d3N CAT\u00d3LICA 1\u00ba ESO<\/a><\/p>\n<p><a href=\"https:\/\/drive.google.com\/file\/d\/162KRsGIr_mLvFOf--qVuIdmYYTum-rAE\/view?usp=sharing\" target=\"_blank\" rel=\"noopener noreferrer\">RELIGI\u00d3N CAT\u00d3LICA 2\u00ba ESO<\/a><\/p>\n<p><a href=\"https:\/\/drive.google.com\/file\/d\/1wMzTpxOZNmoavnsQPDAtIuyYRrzBLjCv\/view?usp=sharing\" target=\"_blank\" rel=\"noopener noreferrer\">RELIGI\u00d3N CAT\u00d3LICA 3\u00ba ESO<\/a><\/p>\n<p><a href=\"https:\/\/drive.google.com\/file\/d\/1Fslk595WHq6-uV-0-bH7Tu2tzQY7K9pP\/view?usp=sharing\" target=\"_blank\" rel=\"noopener noreferrer\">RELIGI\u00d3N CAT\u00d3LICA 4\u00ba ESO<\/a><\/p>\n<p><a href=\"https:\/\/drive.google.com\/file\/d\/1uZJRjRzEusMiWZFl_rKrus14u3RW1xTa\/view?usp=sharing\" target=\"_blank\" rel=\"noopener noreferrer\">RELIGI\u00d3N CAT\u00d3LICA BACHILLERATO<\/a><\/p>\n<p>&nbsp;<\/p>\n","protected":false},"excerpt":{"rendered":"<p>Durante el curso 2022\/2023, los profesores\/as de religi\u00f3n son: Manuel Guill\u00e9n Monje Nuria Garc\u00eda Delgado CRITERIOS DE EVALUACI\u00d3N Y CALIFICACI\u00d3N RELIGI\u00d3N CAT\u00d3LICA CURSO 2021-22 RELIGI\u00d3N CAT\u00d3LICA 1\u00ba ESO RELIGI\u00d3N CAT\u00d3LICA&#46;&#46;&#46;<\/p>\n","protected":false},"author":3841,"featured_media":0,"parent":0,"menu_order":0,"comment_status":"closed","ping_status":"closed","template":"","meta":{"ngg_post_thumbnail":0,"footnotes":"","_mc_calendar":[]},"aioseo_notices":[],"_links":{"self":[{"href":"https:\/\/blogsaverroes.juntadeandalucia.es\/iescaballerobonald\/wp-json\/wp\/v2\/pages\/3710"}],"collection":[{"href":"https:\/\/blogsaverroes.juntadeandalucia.es\/iescaballerobonald\/wp-json\/wp\/v2\/pages"}],"about":[{"href":"https:\/\/blogsaverroes.juntadeandalucia.es\/iescaballerobonald\/wp-json\/wp\/v2\/types\/page"}],"author":[{"embeddable":true,"href":"https:\/\/blogsaverroes.juntadeandalucia.es\/iescaballerobonald\/wp-json\/wp\/v2\/users\/3841"}],"replies":[{"embeddable":true,"href":"https:\/\/blogsaverroes.juntadeandalucia.es\/iescaballerobonald\/wp-json\/wp\/v2\/comments?post=3710"}],"version-history":[{"count":14,"href":"https:\/\/blogsaverroes.juntadeandalucia.es\/iescaballerobonald\/wp-json\/wp\/v2\/pages\/3710\/revisions"}],"predecessor-version":[{"id":7376,"href":"https:\/\/blogsaverroes.juntadeandalucia.es\/iescaballerobonald\/wp-json\/wp\/v2\/pages\/3710\/revisions\/7376"}],"wp:attachment":[{"href":"https:\/\/blogsaverroes.juntadeandalucia.es\/iescaballerobonald\/wp-json\/wp\/v2\/media?parent=3710"}],"curies":[{"name":"wp","href":"https:\/\/api.w.org\/{rel}","templated":true}]}}