{"id":6656,"date":"2022-09-07T20:16:06","date_gmt":"2022-09-07T19:16:06","guid":{"rendered":"https:\/\/blogsaverroes.juntadeandalucia.es\/iescaballerobonald\/?page_id=6656"},"modified":"2022-09-07T20:16:06","modified_gmt":"2022-09-07T19:16:06","slug":"area-socio-linguistica","status":"publish","type":"page","link":"https:\/\/blogsaverroes.juntadeandalucia.es\/iescaballerobonald\/area-socio-linguistica\/","title":{"rendered":"\u00c1rea socio-ling\u00fc\u00edstica"},"content":{"rendered":"","protected":false},"excerpt":{"rendered":"","protected":false},"author":15560,"featured_media":0,"parent":0,"menu_order":0,"comment_status":"closed","ping_status":"closed","template":"","meta":{"ngg_post_thumbnail":0,"footnotes":"","_mc_calendar":[]},"aioseo_notices":[],"_links":{"self":[{"href":"https:\/\/blogsaverroes.juntadeandalucia.es\/iescaballerobonald\/wp-json\/wp\/v2\/pages\/6656"}],"collection":[{"href":"https:\/\/blogsaverroes.juntadeandalucia.es\/iescaballerobonald\/wp-json\/wp\/v2\/pages"}],"about":[{"href":"https:\/\/blogsaverroes.juntadeandalucia.es\/iescaballerobonald\/wp-json\/wp\/v2\/types\/page"}],"author":[{"embeddable":true,"href":"https:\/\/blogsaverroes.juntadeandalucia.es\/iescaballerobonald\/wp-json\/wp\/v2\/users\/15560"}],"replies":[{"embeddable":true,"href":"https:\/\/blogsaverroes.juntadeandalucia.es\/iescaballerobonald\/wp-json\/wp\/v2\/comments?post=6656"}],"version-history":[{"count":1,"href":"https:\/\/blogsaverroes.juntadeandalucia.es\/iescaballerobonald\/wp-json\/wp\/v2\/pages\/6656\/revisions"}],"predecessor-version":[{"id":6660,"href":"https:\/\/blogsaverroes.juntadeandalucia.es\/iescaballerobonald\/wp-json\/wp\/v2\/pages\/6656\/revisions\/6660"}],"wp:attachment":[{"href":"https:\/\/blogsaverroes.juntadeandalucia.es\/iescaballerobonald\/wp-json\/wp\/v2\/media?parent=6656"}],"curies":[{"name":"wp","href":"https:\/\/api.w.org\/{rel}","templated":true}]}}