{"id":6724,"date":"2022-09-08T09:56:51","date_gmt":"2022-09-08T08:56:51","guid":{"rendered":"https:\/\/blogsaverroes.juntadeandalucia.es\/iescaballerobonald\/?page_id=6724"},"modified":"2025-10-30T18:30:29","modified_gmt":"2025-10-30T17:30:29","slug":"conserjeria","status":"publish","type":"page","link":"https:\/\/blogsaverroes.juntadeandalucia.es\/iescaballerobonald\/conserjeria\/","title":{"rendered":"Mantenimiento, Conserjer\u00eda y Limpieza"},"content":{"rendered":"<h4 data-start=\"274\" data-end=\"345\">\ud83d\udd27 Juan Antonio Braza Guti\u00e9rrez, alma del mantenimiento del IES<\/h4>\n<p data-start=\"347\" data-end=\"588\"><a href=\"https:\/\/blogsaverroes.juntadeandalucia.es\/iescaballerobonald\/files\/2025\/10\/IMG20251029100620.jpg\"><img loading=\"lazy\" decoding=\"async\" class=\"wp-image-12770 size-medium alignleft\" src=\"https:\/\/blogsaverroes.juntadeandalucia.es\/iescaballerobonald\/files\/2025\/10\/IMG20251029100620-225x300.jpg\" alt=\"\" width=\"225\" height=\"300\" srcset=\"https:\/\/blogsaverroes.juntadeandalucia.es\/iescaballerobonald\/files\/2025\/10\/IMG20251029100620-225x300.jpg 225w, https:\/\/blogsaverroes.juntadeandalucia.es\/iescaballerobonald\/files\/2025\/10\/IMG20251029100620-768x1024.jpg 768w, https:\/\/blogsaverroes.juntadeandalucia.es\/iescaballerobonald\/files\/2025\/10\/IMG20251029100620-1152x1536.jpg 1152w, https:\/\/blogsaverroes.juntadeandalucia.es\/iescaballerobonald\/files\/2025\/10\/IMG20251029100620-1536x2048.jpg 1536w, https:\/\/blogsaverroes.juntadeandalucia.es\/iescaballerobonald\/files\/2025\/10\/IMG20251029100620.jpg 1200w\" sizes=\"(max-width: 225px) 100vw, 225px\" \/><\/a>Siempre con un destornillador en el bolsillo y un plan en la cabeza, Juan es el Jefe de Mantenimiento de nuestro instituto. Y no exageramos si decimos que sin \u00e9l, el Caballero Bonald no funcionar\u00eda tan bien como lo hace. Con sus taladros, cables, martillos y herramientas, recorre pasillos, aulas y talleres resolviendo aver\u00edas, montando pizarras digitales, instalando equipos y solucionando lo que parece imposible antes de que suene el timbre. Nada se le resiste: una puerta que chirr\u00eda, una l\u00e1mpara rebelde o un enchufe que decide jubilarse antes de tiempo.<\/p>\n<p data-start=\"347\" data-end=\"588\">&nbsp;<\/p>\n<p data-start=\"1251\" data-end=\"1436\">&nbsp;<\/p>\n<p>En nuestra <strong>CONSERJER\u00cdA<\/strong> encontrar\u00e1s soluci\u00f3n r\u00e1pida a todas tus necesidades gracias a nuestras \u00abni\u00f1as\u00bb:<\/p>\n<ul>\n<li>To\u00f1i Navarro Ja\u00e9n<\/li>\n<li>Chari Jim\u00e9nez Herrera<\/li>\n<li>Yolanda Camacho Rodr\u00edguez<\/li>\n<li>Aurora Qui\u00f1ones Moreno<\/li>\n<\/ul>\n<p><a href=\"https:\/\/blogsaverroes.juntadeandalucia.es\/iescaballerobonald\/files\/2022\/09\/IMG20220908103924-scaled.jpg\"><img loading=\"lazy\" decoding=\"async\" class=\"alignnone size-large wp-image-6725\" src=\"https:\/\/blogsaverroes.juntadeandalucia.es\/iescaballerobonald\/files\/2022\/09\/IMG20220908103924-1024x768.jpg\" alt=\"\" width=\"1024\" height=\"768\" srcset=\"https:\/\/blogsaverroes.juntadeandalucia.es\/iescaballerobonald\/files\/2022\/09\/IMG20220908103924-1024x768.jpg 1024w, https:\/\/blogsaverroes.juntadeandalucia.es\/iescaballerobonald\/files\/2022\/09\/IMG20220908103924-300x225.jpg 300w, https:\/\/blogsaverroes.juntadeandalucia.es\/iescaballerobonald\/files\/2022\/09\/IMG20220908103924-768x576.jpg 768w, https:\/\/blogsaverroes.juntadeandalucia.es\/iescaballerobonald\/files\/2022\/09\/IMG20220908103924-1536x1152.jpg 1536w, https:\/\/blogsaverroes.juntadeandalucia.es\/iescaballerobonald\/files\/2022\/09\/IMG20220908103924-2048x1536.jpg 2048w, https:\/\/blogsaverroes.juntadeandalucia.es\/iescaballerobonald\/files\/2022\/09\/IMG20220908103924-scaled.jpg 1600w\" sizes=\"(max-width: 1024px) 100vw, 1024px\" \/><\/a><\/p>\n<p>Nuestros eficaces <strong>SERVICIOS DE LIMPIEZA<\/strong> cuentan con los siguientes profesionales:&nbsp;<\/p>\n<ul>\n<li>Juani Rodr\u00edguez G\u00f3mez<\/li>\n<li>M\u00aa del Mar L\u00f3pez Reina<\/li>\n<li>Isabel Gal\u00e1n Estrada<\/li>\n<li>Isabel M\u00aa Jim\u00e9nez Acu\u00f1a<\/li>\n<li>M\u00aa del Carmen Gonz\u00e1lez Cebada<a href=\"https:\/\/blogsaverroes.juntadeandalucia.es\/iescaballerobonald\/files\/2025\/10\/IMG20251030134438.jpg\"><img loading=\"lazy\" decoding=\"async\" class=\"aligncenter wp-image-12801 size-large\" src=\"https:\/\/blogsaverroes.juntadeandalucia.es\/iescaballerobonald\/files\/2025\/10\/IMG20251030134438-1024x768.jpg\" alt=\"\" width=\"1024\" height=\"768\" srcset=\"https:\/\/blogsaverroes.juntadeandalucia.es\/iescaballerobonald\/files\/2025\/10\/IMG20251030134438-1024x768.jpg 1024w, https:\/\/blogsaverroes.juntadeandalucia.es\/iescaballerobonald\/files\/2025\/10\/IMG20251030134438-300x225.jpg 300w, https:\/\/blogsaverroes.juntadeandalucia.es\/iescaballerobonald\/files\/2025\/10\/IMG20251030134438-768x576.jpg 768w, https:\/\/blogsaverroes.juntadeandalucia.es\/iescaballerobonald\/files\/2025\/10\/IMG20251030134438-1536x1152.jpg 1536w, https:\/\/blogsaverroes.juntadeandalucia.es\/iescaballerobonald\/files\/2025\/10\/IMG20251030134438-2048x1536.jpg 2048w, https:\/\/blogsaverroes.juntadeandalucia.es\/iescaballerobonald\/files\/2025\/10\/IMG20251030134438.jpg 1600w\" sizes=\"(max-width: 1024px) 100vw, 1024px\" \/><\/a> <a href=\"https:\/\/blogsaverroes.juntadeandalucia.es\/iescaballerobonald\/files\/2025\/10\/IMG20251030134427.jpg\"><img loading=\"lazy\" decoding=\"async\" class=\"aligncenter wp-image-12802 size-large\" src=\"https:\/\/blogsaverroes.juntadeandalucia.es\/iescaballerobonald\/files\/2025\/10\/IMG20251030134427-1024x768.jpg\" alt=\"\" width=\"1024\" height=\"768\" srcset=\"https:\/\/blogsaverroes.juntadeandalucia.es\/iescaballerobonald\/files\/2025\/10\/IMG20251030134427-1024x768.jpg 1024w, https:\/\/blogsaverroes.juntadeandalucia.es\/iescaballerobonald\/files\/2025\/10\/IMG20251030134427-300x225.jpg 300w, https:\/\/blogsaverroes.juntadeandalucia.es\/iescaballerobonald\/files\/2025\/10\/IMG20251030134427-768x576.jpg 768w, https:\/\/blogsaverroes.juntadeandalucia.es\/iescaballerobonald\/files\/2025\/10\/IMG20251030134427-1536x1152.jpg 1536w, https:\/\/blogsaverroes.juntadeandalucia.es\/iescaballerobonald\/files\/2025\/10\/IMG20251030134427-2048x1536.jpg 2048w\" sizes=\"(max-width: 1024px) 100vw, 1024px\" \/><\/a><\/li>\n<\/ul>\n<p><a href=\"https:\/\/blogsaverroes.juntadeandalucia.es\/iescaballerobonald\/files\/2025\/10\/IMG20251022095354.jpg\"><img loading=\"lazy\" decoding=\"async\" class=\"aligncenter wp-image-12539 size-medium\" src=\"https:\/\/blogsaverroes.juntadeandalucia.es\/iescaballerobonald\/files\/2025\/10\/IMG20251022095354-225x300.jpg\" alt=\"\" width=\"225\" height=\"300\" srcset=\"https:\/\/blogsaverroes.juntadeandalucia.es\/iescaballerobonald\/files\/2025\/10\/IMG20251022095354-225x300.jpg 225w, https:\/\/blogsaverroes.juntadeandalucia.es\/iescaballerobonald\/files\/2025\/10\/IMG20251022095354-768x1024.jpg 768w, https:\/\/blogsaverroes.juntadeandalucia.es\/iescaballerobonald\/files\/2025\/10\/IMG20251022095354-1152x1536.jpg 1152w, https:\/\/blogsaverroes.juntadeandalucia.es\/iescaballerobonald\/files\/2025\/10\/IMG20251022095354-1536x2048.jpg 1536w, https:\/\/blogsaverroes.juntadeandalucia.es\/iescaballerobonald\/files\/2025\/10\/IMG20251022095354.jpg 1200w\" sizes=\"(max-width: 225px) 100vw, 225px\" \/><\/a><\/p>\n<p>&nbsp;<\/p>\n","protected":false},"excerpt":{"rendered":"<p>\ud83d\udd27 Juan Antonio Braza Guti\u00e9rrez, alma del mantenimiento del IES Siempre con un destornillador en el bolsillo y un plan en la cabeza, Juan es el Jefe de Mantenimiento de&#46;&#46;&#46;<\/p>\n","protected":false},"author":15560,"featured_media":0,"parent":0,"menu_order":0,"comment_status":"closed","ping_status":"closed","template":"","meta":{"ngg_post_thumbnail":0,"footnotes":"","_mc_calendar":[]},"aioseo_notices":[],"_links":{"self":[{"href":"https:\/\/blogsaverroes.juntadeandalucia.es\/iescaballerobonald\/wp-json\/wp\/v2\/pages\/6724"}],"collection":[{"href":"https:\/\/blogsaverroes.juntadeandalucia.es\/iescaballerobonald\/wp-json\/wp\/v2\/pages"}],"about":[{"href":"https:\/\/blogsaverroes.juntadeandalucia.es\/iescaballerobonald\/wp-json\/wp\/v2\/types\/page"}],"author":[{"embeddable":true,"href":"https:\/\/blogsaverroes.juntadeandalucia.es\/iescaballerobonald\/wp-json\/wp\/v2\/users\/15560"}],"replies":[{"embeddable":true,"href":"https:\/\/blogsaverroes.juntadeandalucia.es\/iescaballerobonald\/wp-json\/wp\/v2\/comments?post=6724"}],"version-history":[{"count":16,"href":"https:\/\/blogsaverroes.juntadeandalucia.es\/iescaballerobonald\/wp-json\/wp\/v2\/pages\/6724\/revisions"}],"predecessor-version":[{"id":12803,"href":"https:\/\/blogsaverroes.juntadeandalucia.es\/iescaballerobonald\/wp-json\/wp\/v2\/pages\/6724\/revisions\/12803"}],"wp:attachment":[{"href":"https:\/\/blogsaverroes.juntadeandalucia.es\/iescaballerobonald\/wp-json\/wp\/v2\/media?parent=6724"}],"curies":[{"name":"wp","href":"https:\/\/api.w.org\/{rel}","templated":true}]}}