{"id":6857,"date":"2022-09-14T08:28:29","date_gmt":"2022-09-14T07:28:29","guid":{"rendered":"https:\/\/blogsaverroes.juntadeandalucia.es\/iescaballerobonald\/?page_id=6857"},"modified":"2023-10-14T16:56:01","modified_gmt":"2023-10-14T15:56:01","slug":"antiguo-alumnado","status":"publish","type":"page","link":"https:\/\/blogsaverroes.juntadeandalucia.es\/iescaballerobonald\/antiguo-alumnado\/","title":{"rendered":"Antiguo alumnado"},"content":{"rendered":"<p>\u00bfEres un antiguo alumno\/a? Pues aqu\u00ed tendr\u00e1s oportunidad de recordar antiguas an\u00e9cdotas, saber de tus profesores, de tus compa\u00f1eros y contarnos todo lo que quieras.&nbsp;<\/p>\n<p>CONTAMOS CONTIGO!!!!<\/p>\n<p>Fco Jos\u00e9 Rom\u00e1n Ram\u00edrez ya es Ingeniero Mec\u00e1nico!!!<\/p>\n<p><a href=\"https:\/\/blogsaverroes.juntadeandalucia.es\/iescaballerobonald\/2023\/10\/14\/francisco-jose-roman-ramirez-ingeniero-mecanico\/img20231013114142\/\" rel=\"attachment wp-att-9820\"><img loading=\"lazy\" decoding=\"async\" class=\"aligncenter size-full wp-image-9820\" src=\"https:\/\/blogsaverroes.juntadeandalucia.es\/iescaballerobonald\/files\/2023\/10\/IMG20231013114142-scaled.jpg\" alt=\"\" width=\"1200\" height=\"1600\" srcset=\"https:\/\/blogsaverroes.juntadeandalucia.es\/iescaballerobonald\/files\/2023\/10\/IMG20231013114142-scaled.jpg 1200w, https:\/\/blogsaverroes.juntadeandalucia.es\/iescaballerobonald\/files\/2023\/10\/IMG20231013114142-225x300.jpg 225w, https:\/\/blogsaverroes.juntadeandalucia.es\/iescaballerobonald\/files\/2023\/10\/IMG20231013114142-768x1024.jpg 768w, https:\/\/blogsaverroes.juntadeandalucia.es\/iescaballerobonald\/files\/2023\/10\/IMG20231013114142-1152x1536.jpg 1152w, https:\/\/blogsaverroes.juntadeandalucia.es\/iescaballerobonald\/files\/2023\/10\/IMG20231013114142-1536x2048.jpg 1536w\" sizes=\"(max-width: 1200px) 100vw, 1200px\" \/><\/a><\/p>\n<p>Qu\u00e9 alegr\u00eda ver c\u00f3mo excelentes exalumnos como Francisco Jos\u00e9 Rom\u00e1n Ram\u00edrez vuelven al Caballero Bonald!! Y qu\u00e9 orgullosos nos sentimos cuando nos ense\u00f1an su trabajo de fin de grado de Ingenier\u00eda Mec\u00e1nica. Gracias por acordarte de tu IES. Nos alegramos de que haber contribuido a que consigas tus objetivos!!&nbsp;<\/p>\n<p>&nbsp;<\/p>\n<p>En el siguiente v\u00eddeo encontrar\u00e1s a antiguos compa\u00f1eros\/as contando sus experiencias:<br \/>\n<iframe loading=\"lazy\" src=\"https:\/\/www.youtube.com\/embed\/go7xqNXXpm8\" width=\"560\" height=\"315\" frameborder=\"0\"><\/iframe><\/p>\n<p>\u00a1Qu\u00e9 tiempos aquellos en que hac\u00edamos \u00abfilosof\u00eda del coronavirus\u00bb!!!<\/p>\n<p><iframe loading=\"lazy\" src=\"https:\/\/www.youtube.com\/embed\/mJQA2xAHCwc\" width=\"560\" height=\"315\" frameborder=\"0\"><\/iframe>&nbsp;<\/p>\n<p>Nunca pens\u00e9&#8230;&#8230;<\/p>\n<p><iframe loading=\"lazy\" src=\"https:\/\/www.youtube.com\/embed\/MSqZUfGh-V4\" width=\"560\" height=\"315\" frameborder=\"0\"><\/iframe>&nbsp;<\/p>\n","protected":false},"excerpt":{"rendered":"<p>\u00bfEres un antiguo alumno\/a? Pues aqu\u00ed tendr\u00e1s oportunidad de recordar antiguas an\u00e9cdotas, saber de tus profesores, de tus compa\u00f1eros y contarnos todo lo que quieras.&nbsp; CONTAMOS CONTIGO!!!! Fco Jos\u00e9 Rom\u00e1n&#46;&#46;&#46;<\/p>\n","protected":false},"author":15560,"featured_media":0,"parent":0,"menu_order":0,"comment_status":"closed","ping_status":"closed","template":"","meta":{"ngg_post_thumbnail":0,"footnotes":"","_mc_calendar":[]},"aioseo_notices":[],"_links":{"self":[{"href":"https:\/\/blogsaverroes.juntadeandalucia.es\/iescaballerobonald\/wp-json\/wp\/v2\/pages\/6857"}],"collection":[{"href":"https:\/\/blogsaverroes.juntadeandalucia.es\/iescaballerobonald\/wp-json\/wp\/v2\/pages"}],"about":[{"href":"https:\/\/blogsaverroes.juntadeandalucia.es\/iescaballerobonald\/wp-json\/wp\/v2\/types\/page"}],"author":[{"embeddable":true,"href":"https:\/\/blogsaverroes.juntadeandalucia.es\/iescaballerobonald\/wp-json\/wp\/v2\/users\/15560"}],"replies":[{"embeddable":true,"href":"https:\/\/blogsaverroes.juntadeandalucia.es\/iescaballerobonald\/wp-json\/wp\/v2\/comments?post=6857"}],"version-history":[{"count":13,"href":"https:\/\/blogsaverroes.juntadeandalucia.es\/iescaballerobonald\/wp-json\/wp\/v2\/pages\/6857\/revisions"}],"predecessor-version":[{"id":9824,"href":"https:\/\/blogsaverroes.juntadeandalucia.es\/iescaballerobonald\/wp-json\/wp\/v2\/pages\/6857\/revisions\/9824"}],"wp:attachment":[{"href":"https:\/\/blogsaverroes.juntadeandalucia.es\/iescaballerobonald\/wp-json\/wp\/v2\/media?parent=6857"}],"curies":[{"name":"wp","href":"https:\/\/api.w.org\/{rel}","templated":true}]}}