{"id":2145,"date":"2024-12-05T08:50:42","date_gmt":"2024-12-05T08:50:42","guid":{"rendered":"https:\/\/blogsaverroes.juntadeandalucia.es\/iescabeza\/?page_id=2145"},"modified":"2025-02-24T10:57:55","modified_gmt":"2025-02-24T10:57:55","slug":"ampa","status":"publish","type":"page","link":"https:\/\/blogsaverroes.juntadeandalucia.es\/iescabeza\/ampa\/","title":{"rendered":"AMPA"},"content":{"rendered":"<h1 style=\"text-align: center\"><span style=\"color: #ff0000;font-family: helvetica, arial, sans-serif;font-size: 36px\">Asociaci\u00f3n de Madres y Padres de alumnos<\/span><\/h1>\n<h1 style=\"text-align: center\"><span style=\"color: #ff0000;font-family: helvetica, arial, sans-serif;font-size: 36px\">\u201cInstituto Viejo\u201d<\/span><\/h1>\n<p style=\"text-align: center\"><span style=\"font-family: verdana, geneva, sans-serif\"><span style=\"font-size: 18px\">Os damos la bienvenida y os invitamos a participar en favor de la <\/span><span style=\"font-size: 18px\">mejora de la educaci\u00f3n de nuestros hijos e hijas.<\/span><\/span><\/p>\n<p style=\"text-align: center\"><span style=\"font-family: verdana, geneva, sans-serif\"><span style=\"font-size: 18px\">Pod\u00e9is hacer llegar <\/span><span style=\"font-size: 18px\">vuestras sugerencias al mail:<\/span><\/span><\/p>\n<p style=\"text-align: center\"><span style=\"font-size: 21px;font-family: verdana, geneva, sans-serif\"><strong><a href=\"mailto:ampa@iescabeza.es\">ampa@iescabeza.es<\/a><\/strong><\/span><\/p>\n<h2><span style=\"font-family: verdana, geneva, sans-serif;color: #000000\">Actividades y beneficios<\/span><\/h2>\n<p style=\"text-align: justify\"><span style=\"font-family: verdana, geneva, sans-serif\">El alumnado socio del tiene una bonificaci\u00f3n en el viaje anual del IES. Organizamos adem\u00e1s la venta de productos para recaudar dinero para el viaje fin de curso de 2\u00ba de bachillerato.<\/span><\/p>\n<p style=\"text-align: justify\"><span style=\"font-family: verdana, geneva, sans-serif\">Financiamos y organizamos, para todos los alumnos del IES, diversas iniciativas a lo largo del curso: concurso de villancicos y tarjetas navide\u00f1as; chocolatada de Navidad; concurso de poes\u00eda d\u00eda de San Valent\u00edn; canto andaluz d\u00eda de Andaluc\u00eda; colaboraci\u00f3n con el instituto en la celebraci\u00f3n del D\u00eda Internacional de la mujer del 8 de marzo; colaboraci\u00f3n con el taller de Radio;&nbsp; colaboraci\u00f3n con las graduaciones de 4\u00ba de ESO y 2\u00ba de bachillerato; as\u00ed como charlas formativas sobre temas de inter\u00e9s del alumnado (mundo laboral, ciberseguridad, adicciones,).<\/span><\/p>\n<p style=\"text-align: justify\"><span style=\"font-family: verdana, geneva, sans-serif\">Adem\u00e1s, estamos en continuo contacto con los padres\/madres delegadas de clase para hacerles llegar informaci\u00f3n de su inter\u00e9s, y para ofrecerles a las familias nuestro asesoramiento, apoyo y&nbsp; acompa\u00f1amiento en cualquier asunto relacionado con la educaci\u00f3n de sus hijos e hijas.<\/span><\/p>\n<h2><span style=\"font-family: verdana, geneva, sans-serif;color: #000000\">\u00bfC\u00f3mo ser miembro del AMPA?<\/span><\/h2>\n<p style=\"text-align: justify\"><span style=\"font-family: verdana, geneva, sans-serif\">La <span style=\"text-decoration: underline\"><strong>cuota es de 15 euros por curso y familia<\/strong><\/span>, independientemente de si una familia tiene m\u00e1s de un hijo o hija en el IES. Deben ingresar al n\u00famero de cuenta abajo indicado y hacer llegar el&nbsp; recibo o pantallazo del ingreso a: <strong>oficina@iescabeza.es<\/strong>, detallando el\/los nombre\/s de su hijo\/a y curso.<\/span><\/p>\n<h2 style=\"text-align: justify\"><span style=\"font-family: verdana, geneva, sans-serif;color: #000000\">Datos de inter\u00e9s:<\/span><\/h2>\n<ul>\n<li style=\"text-align: justify\"><span style=\"font-family: verdana, geneva, sans-serif\">email: <span style=\"font-size: 18px\"><a href=\"mailto:ampa@iescabeza.es\"><strong>ampa@iescabeza.es<\/strong><\/a><\/span><\/span><\/li>\n<li style=\"text-align: justify\"><span style=\"font-family: verdana, geneva, sans-serif\">Tel\u00e9fono\/whatsapp: <strong><span style=\"font-size: 18px\">685780017<\/span><\/strong><\/span><\/li>\n<li style=\"text-align: justify\"><span style=\"font-family: verdana, geneva, sans-serif\">Cuenta: Sabadell:&nbsp; <span style=\"font-size: 18px\"><strong>ES18-0081-0419-8200-0197-7898<\/strong><\/span> (AMPA INSTITUTO VIEJO)<\/span><\/li>\n<li style=\"text-align: justify\"><span style=\"font-family: verdana, geneva, sans-serif\">BIZUM: <span style=\"font-size: 18px\"><strong>09654<\/strong><\/span> (en el apartado de donaciones)<\/span><\/li>\n<li style=\"text-align: justify\"><span style=\"font-family: verdana, geneva, sans-serif\">Cuota ampa: <span style=\"font-size: 18px\"><strong>15 euros\/ a\u00f1o por familia<\/strong><\/span>.<\/span><\/li>\n<li><span style=\"font-family: verdana, geneva, sans-serif\">Miembros directiva:<\/span>\n<ul>\n<li style=\"text-align: justify\"><span style=\"font-family: verdana, geneva, sans-serif\">Presidenta: Encarnaci\u00f3n Puig Mena (madre de alumno 1\u00ba Bach.)<\/span><\/li>\n<li style=\"text-align: justify\"><span style=\"font-family: verdana, geneva, sans-serif\">Vicepresidente: Juan Jos\u00e9 Mendoza Sacasa (padre alumnas 2\u00ba Bach y 2\u00ba Eso)<\/span><\/li>\n<li style=\"text-align: justify\"><span style=\"font-family: verdana, geneva, sans-serif\">Secretaria: Inmaculada Exp\u00f3sito Alcaraz (madre de alumno de 2\u00ba Bach.)<\/span><\/li>\n<li style=\"text-align: justify\"><span style=\"font-family: verdana, geneva, sans-serif\">Tesorera: Raquel Puentes Poyatos (madre alumnos de 2\u00ba Bach y 3\u00ba eso)<\/span><\/li>\n<li><span style=\"font-family: verdana, geneva, sans-serif\">Vocales:<\/span>\n<ul>\n<li style=\"text-align: justify\"><span style=\"font-family: verdana, geneva, sans-serif\">Tamara D\u00edaz Garrido (madre alumnos 1\u00ba Bach y 1\u00ba eso)<\/span><\/li>\n<li style=\"text-align: justify\"><span style=\"font-family: verdana, geneva, sans-serif\">Antonia Ruiz Caler (madre alumna 1\u00ba Bach.)<\/span><\/li>\n<li style=\"text-align: justify\"><span style=\"font-family: verdana, geneva, sans-serif\">Antonio Sirvent Exp\u00f3sito (padre alumnos 2\u00ba y 4\u00ba eso)<\/span><\/li>\n<li style=\"text-align: justify\"><span style=\"font-family: verdana, geneva, sans-serif\">M\u00aa Pilar Exp\u00f3sito Contreras ( madre alumna 2\u00ba eso)<\/span><\/li>\n<li style=\"text-align: justify\"><span style=\"font-family: verdana, geneva, sans-serif\">M\u00aa Mar Gonz\u00e1lez Fuentes (madre alumna 3\u00ba eso)<\/span><\/li>\n<li style=\"text-align: justify\"><span style=\"font-family: verdana, geneva, sans-serif\">M\u00aa Jes\u00fas Alcalde G\u00f3mez (madre alumnos 1\u00ba Bach y 3\u00ba eso)<\/span><\/li>\n<\/ul>\n<\/li>\n<\/ul>\n<\/li>\n<\/ul>\n","protected":false},"excerpt":{"rendered":"<p>Asociaci\u00f3n de Madres y Padres de alumnos \u201cInstituto Viejo\u201d Os damos la bienvenida y os invitamos a participar en favor de la mejora de la educaci\u00f3n de nuestros hijos e hijas. Pod\u00e9is hacer llegar&#46;&#46;&#46;<\/p>\n","protected":false},"author":18412,"featured_media":0,"parent":0,"menu_order":0,"comment_status":"closed","ping_status":"closed","template":"","meta":{"ngg_post_thumbnail":0,"footnotes":""},"aioseo_notices":[],"_links":{"self":[{"href":"https:\/\/blogsaverroes.juntadeandalucia.es\/iescabeza\/wp-json\/wp\/v2\/pages\/2145"}],"collection":[{"href":"https:\/\/blogsaverroes.juntadeandalucia.es\/iescabeza\/wp-json\/wp\/v2\/pages"}],"about":[{"href":"https:\/\/blogsaverroes.juntadeandalucia.es\/iescabeza\/wp-json\/wp\/v2\/types\/page"}],"author":[{"embeddable":true,"href":"https:\/\/blogsaverroes.juntadeandalucia.es\/iescabeza\/wp-json\/wp\/v2\/users\/18412"}],"replies":[{"embeddable":true,"href":"https:\/\/blogsaverroes.juntadeandalucia.es\/iescabeza\/wp-json\/wp\/v2\/comments?post=2145"}],"version-history":[{"count":12,"href":"https:\/\/blogsaverroes.juntadeandalucia.es\/iescabeza\/wp-json\/wp\/v2\/pages\/2145\/revisions"}],"predecessor-version":[{"id":2438,"href":"https:\/\/blogsaverroes.juntadeandalucia.es\/iescabeza\/wp-json\/wp\/v2\/pages\/2145\/revisions\/2438"}],"wp:attachment":[{"href":"https:\/\/blogsaverroes.juntadeandalucia.es\/iescabeza\/wp-json\/wp\/v2\/media?parent=2145"}],"curies":[{"name":"wp","href":"https:\/\/api.w.org\/{rel}","templated":true}]}}