{"id":2169,"date":"2025-01-17T11:04:50","date_gmt":"2025-01-17T11:04:50","guid":{"rendered":"https:\/\/blogsaverroes.juntadeandalucia.es\/iescabeza\/?page_id=2169"},"modified":"2025-01-17T11:19:40","modified_gmt":"2025-01-17T11:19:40","slug":"jean-monnet-programme","status":"publish","type":"page","link":"https:\/\/blogsaverroes.juntadeandalucia.es\/iescabeza\/jean-monnet-programme\/","title":{"rendered":"Jean Monnet Programme"},"content":{"rendered":"<p style=\"text-align: justify\">La Iniciativa <strong>Jean Monnet de Erasmus+<\/strong> en el IES Nuestra Se\u00f1ora de la Cabeza se basa en un proyecto denominado \u201c<em>Head to Europe<\/em>\u201d, que se desarrolla durante 3 a\u00f1os consecutivos en los que el centro se ha comprometido a implantar una o varias materias espec\u00edficas que aborden la ense\u00f1anza de la Uni\u00f3n Europea, como valores, historia, funcionamiento o diversidad cultural entre otras.<\/p>\n<p><a href=\"https:\/\/erasmus-plus.ec.europa.eu\/es\/programme-guide\/part-b\/jean-monnet-actions\"><img fetchpriority=\"high\" decoding=\"async\" class=\"wp-image-2237 alignright\" src=\"https:\/\/blogsaverroes.juntadeandalucia.es\/iescabeza\/files\/2025\/01\/Jean-Monnet-Programme--300x157.jpg\" alt=\"\" width=\"413\" height=\"216\" srcset=\"https:\/\/blogsaverroes.juntadeandalucia.es\/iescabeza\/files\/2025\/01\/Jean-Monnet-Programme--300x157.jpg 300w, https:\/\/blogsaverroes.juntadeandalucia.es\/iescabeza\/files\/2025\/01\/Jean-Monnet-Programme-.jpg 620w\" sizes=\"(max-width: 413px) 100vw, 413px\" \/><\/a><\/p>\n<p style=\"text-align: justify\">La Iniciativa Jean Monnet para los centros escolares tiene una duraci\u00f3n de tres a\u00f1os consecutivos con 40 horas de ense\u00f1anza anual como m\u00ednimo, en nuestro IES cumplimos sobradamente este m\u00ednimo pues adem\u00e1s de las actividades que se generan, se cre\u00f3 la materia de Uni\u00f3n Europea como optativa en 4\u00ba de ESO con dos horas semanales.<\/p>\n<p style=\"text-align: justify\">La subvenci\u00f3n recibida para conseguir los objetivos de la iniciativa ha sido de 30.000\u20ac, que se destinan a la elaboraci\u00f3n de la programaci\u00f3n did\u00e1ctica de la materia en varias lenguas, visitas a sedes del Parlamento Europeo tanto en Espa\u00f1a como en Bruselas y Estrasburgo as\u00ed como a la realizaci\u00f3n de actividades que difundan los valores europeistas en el centro como la \u201cCelebraci\u00f3n del d\u00eda 9 de Mayo\u201d, charlas, jornadas de formaci\u00f3n, elaboraci\u00f3n de un Infopoint permanente en el centro y complementar las actividades del centro en su programa de Escuelas Embajadoras del Parlamento Europeo.<\/p>\n<p style=\"text-align: justify\">Con la Iniciativa Jean Monnet se busca:<\/p>\n<ul style=\"list-style-type: disc\">\n<li style=\"text-align: justify\">Capacitar a los profesores para transmitir a los alumnos y alumnas hechos y conocimientos sobre la Uni\u00f3n Europea utilizando m\u00e9todos atractivos.<\/li>\n<li style=\"text-align: justify\">Mejorar los resultados del aprendizaje en asuntos relacionados con la UE.<\/li>\n<li style=\"text-align: justify\">Reforzar los conocimientos b\u00e1sicos sobre la UE.<\/li>\n<li style=\"text-align: justify\">Suscitar inter\u00e9s en la Uni\u00f3n Europea y constituir una base para aumentar la participaci\u00f3n de los alumnos y estudiantes en el proceso democr\u00e1tico y prepararlos mejor para convertirse en ciudadanos activos.<\/li>\n<\/ul>\nngg_shortcode_0_placeholder\n","protected":false},"excerpt":{"rendered":"<p>La Iniciativa Jean Monnet de Erasmus+ en el IES Nuestra Se\u00f1ora de la Cabeza se basa en un proyecto denominado \u201cHead to Europe\u201d, que se desarrolla durante 3 a\u00f1os consecutivos en los que el&#46;&#46;&#46;<\/p>\n","protected":false},"author":18412,"featured_media":0,"parent":0,"menu_order":0,"comment_status":"closed","ping_status":"closed","template":"","meta":{"ngg_post_thumbnail":0,"footnotes":""},"aioseo_notices":[],"_links":{"self":[{"href":"https:\/\/blogsaverroes.juntadeandalucia.es\/iescabeza\/wp-json\/wp\/v2\/pages\/2169"}],"collection":[{"href":"https:\/\/blogsaverroes.juntadeandalucia.es\/iescabeza\/wp-json\/wp\/v2\/pages"}],"about":[{"href":"https:\/\/blogsaverroes.juntadeandalucia.es\/iescabeza\/wp-json\/wp\/v2\/types\/page"}],"author":[{"embeddable":true,"href":"https:\/\/blogsaverroes.juntadeandalucia.es\/iescabeza\/wp-json\/wp\/v2\/users\/18412"}],"replies":[{"embeddable":true,"href":"https:\/\/blogsaverroes.juntadeandalucia.es\/iescabeza\/wp-json\/wp\/v2\/comments?post=2169"}],"version-history":[{"count":8,"href":"https:\/\/blogsaverroes.juntadeandalucia.es\/iescabeza\/wp-json\/wp\/v2\/pages\/2169\/revisions"}],"predecessor-version":[{"id":2239,"href":"https:\/\/blogsaverroes.juntadeandalucia.es\/iescabeza\/wp-json\/wp\/v2\/pages\/2169\/revisions\/2239"}],"wp:attachment":[{"href":"https:\/\/blogsaverroes.juntadeandalucia.es\/iescabeza\/wp-json\/wp\/v2\/media?parent=2169"}],"curies":[{"name":"wp","href":"https:\/\/api.w.org\/{rel}","templated":true}]}}