{"id":2181,"date":"2025-01-16T09:34:05","date_gmt":"2025-01-16T09:34:05","guid":{"rendered":"https:\/\/blogsaverroes.juntadeandalucia.es\/iescabeza\/?page_id=2181"},"modified":"2026-01-12T15:14:02","modified_gmt":"2026-01-12T15:14:02","slug":"departamento-de-fisica-y-quimica","status":"publish","type":"page","link":"https:\/\/blogsaverroes.juntadeandalucia.es\/iescabeza\/departamento-de-fisica-y-quimica\/","title":{"rendered":"Departamento de F\u00cdSICA Y QU\u00cdMICA"},"content":{"rendered":"<ul>\n<li>D. Diego Jes\u00fas L\u00f3pez Luna. (Jefe de Departamento)<\/li>\n<li>D. Francisco Bernal Ruiz.<\/li>\n<li>D. Juan Carlos Gasc\u00f3n Morente.<\/li>\n<li>D\u00f1a. Manuela S\u00e1nchez Reca.<\/li>\n<li>D. Antonio Sequera Amaro.<\/li>\n<li>D\u00f1a. Mar\u00eda del Pilar Ram\u00edrez Palomino.<\/li>\n<\/ul>\n<p style=\"text-align: center\"><a href=\"https:\/\/blogsaverroes.juntadeandalucia.es\/iescabeza\/files\/2025\/09\/FISICA-Y-QUIMICA-scaled.jpg\"><img fetchpriority=\"high\" decoding=\"async\" class=\"aligncenter wp-image-2798 \" src=\"https:\/\/blogsaverroes.juntadeandalucia.es\/iescabeza\/files\/2025\/09\/FISICA-Y-QUIMICA-1024x683.jpg\" alt=\"\" width=\"521\" height=\"347\" srcset=\"https:\/\/blogsaverroes.juntadeandalucia.es\/iescabeza\/files\/2025\/09\/FISICA-Y-QUIMICA-1024x683.jpg 1024w, https:\/\/blogsaverroes.juntadeandalucia.es\/iescabeza\/files\/2025\/09\/FISICA-Y-QUIMICA-300x200.jpg 300w, https:\/\/blogsaverroes.juntadeandalucia.es\/iescabeza\/files\/2025\/09\/FISICA-Y-QUIMICA-768x512.jpg 768w, https:\/\/blogsaverroes.juntadeandalucia.es\/iescabeza\/files\/2025\/09\/FISICA-Y-QUIMICA-1536x1024.jpg 1536w, https:\/\/blogsaverroes.juntadeandalucia.es\/iescabeza\/files\/2025\/09\/FISICA-Y-QUIMICA-2048x1365.jpg 2048w\" sizes=\"(max-width: 521px) 100vw, 521px\" \/><\/a><\/p>\n<h3 style=\"text-align: center\"><a href=\"https:\/\/blogsaverroes.juntadeandalucia.es\/iescabeza\/files\/2026\/01\/FISICA-Y-QUIMICA.pdf\" target=\"_blank\" rel=\"noopener\">CRITERIOS DE EVALUACI\u00d3N 25\/26<\/a><\/h3>\n","protected":false},"excerpt":{"rendered":"<p>D. Diego Jes\u00fas L\u00f3pez Luna. (Jefe de Departamento) D. Francisco Bernal Ruiz. D. Juan Carlos Gasc\u00f3n Morente. D\u00f1a. Manuela S\u00e1nchez Reca. D. Antonio Sequera Amaro. D\u00f1a. Mar\u00eda del Pilar Ram\u00edrez Palomino. CRITERIOS DE EVALUACI\u00d3N&#46;&#46;&#46;<\/p>\n","protected":false},"author":18412,"featured_media":0,"parent":0,"menu_order":0,"comment_status":"closed","ping_status":"closed","template":"","meta":{"ngg_post_thumbnail":0,"footnotes":""},"aioseo_notices":[],"_links":{"self":[{"href":"https:\/\/blogsaverroes.juntadeandalucia.es\/iescabeza\/wp-json\/wp\/v2\/pages\/2181"}],"collection":[{"href":"https:\/\/blogsaverroes.juntadeandalucia.es\/iescabeza\/wp-json\/wp\/v2\/pages"}],"about":[{"href":"https:\/\/blogsaverroes.juntadeandalucia.es\/iescabeza\/wp-json\/wp\/v2\/types\/page"}],"author":[{"embeddable":true,"href":"https:\/\/blogsaverroes.juntadeandalucia.es\/iescabeza\/wp-json\/wp\/v2\/users\/18412"}],"replies":[{"embeddable":true,"href":"https:\/\/blogsaverroes.juntadeandalucia.es\/iescabeza\/wp-json\/wp\/v2\/comments?post=2181"}],"version-history":[{"count":5,"href":"https:\/\/blogsaverroes.juntadeandalucia.es\/iescabeza\/wp-json\/wp\/v2\/pages\/2181\/revisions"}],"predecessor-version":[{"id":2917,"href":"https:\/\/blogsaverroes.juntadeandalucia.es\/iescabeza\/wp-json\/wp\/v2\/pages\/2181\/revisions\/2917"}],"wp:attachment":[{"href":"https:\/\/blogsaverroes.juntadeandalucia.es\/iescabeza\/wp-json\/wp\/v2\/media?parent=2181"}],"curies":[{"name":"wp","href":"https:\/\/api.w.org\/{rel}","templated":true}]}}