{"id":2193,"date":"2025-01-16T09:54:44","date_gmt":"2025-01-16T09:54:44","guid":{"rendered":"https:\/\/blogsaverroes.juntadeandalucia.es\/iescabeza\/?page_id=2193"},"modified":"2026-01-12T15:20:28","modified_gmt":"2026-01-12T15:20:28","slug":"departamento-de-ingles","status":"publish","type":"page","link":"https:\/\/blogsaverroes.juntadeandalucia.es\/iescabeza\/departamento-de-ingles\/","title":{"rendered":"Departamento de IDIOMAS"},"content":{"rendered":"<ul>\n<li style=\"text-align: left\">D\u00f1a. Marta Ben\u00edtez Fern\u00e1ndez-Espartero. (Jefa de Departamento)<\/li>\n<li style=\"text-align: left\">D\u00f1a. Eva G\u00e1lvez Exp\u00f3sito. (Ingl\u00e9s)<\/li>\n<li style=\"text-align: left\">D. Jos\u00e9 Luis R\u00edsquez Madridejos.&nbsp;(Ingl\u00e9s)<\/li>\n<li style=\"text-align: left\">D. Daniel S\u00e1nchez Melero.&nbsp;(Ingl\u00e9s)<\/li>\n<li style=\"text-align: left\">D. Javier Luis Torres Guti\u00e9rrez. (Ingl\u00e9s &#8211; Alem\u00e1n)<\/li>\n<li style=\"text-align: left\">D. Jos\u00e9 Torres Mart\u00ednez. (Ingl\u00e9s)<\/li>\n<li>D\u00f1a. Marina Laguia Cuenca.&nbsp;(Ingl\u00e9s)<\/li>\n<li>D. Juan Carlos P\u00e9rez Mart\u00edn. (Ingl\u00e9s)<\/li>\n<li>D\u00f1a. Mar\u00eda Teresa Cuesta Calzada. (Franc\u00e9s)<\/li>\n<\/ul>\n<p><a href=\"https:\/\/blogsaverroes.juntadeandalucia.es\/iescabeza\/files\/2025\/09\/INGLES-scaled.jpg\"><img fetchpriority=\"high\" decoding=\"async\" class=\"aligncenter wp-image-2803 \" src=\"https:\/\/blogsaverroes.juntadeandalucia.es\/iescabeza\/files\/2025\/09\/INGLES-1024x683.jpg\" alt=\"\" width=\"503\" height=\"336\" srcset=\"https:\/\/blogsaverroes.juntadeandalucia.es\/iescabeza\/files\/2025\/09\/INGLES-1024x683.jpg 1024w, https:\/\/blogsaverroes.juntadeandalucia.es\/iescabeza\/files\/2025\/09\/INGLES-300x200.jpg 300w, https:\/\/blogsaverroes.juntadeandalucia.es\/iescabeza\/files\/2025\/09\/INGLES-768x512.jpg 768w, https:\/\/blogsaverroes.juntadeandalucia.es\/iescabeza\/files\/2025\/09\/INGLES-1536x1024.jpg 1536w, https:\/\/blogsaverroes.juntadeandalucia.es\/iescabeza\/files\/2025\/09\/INGLES-2048x1365.jpg 2048w\" sizes=\"(max-width: 503px) 100vw, 503px\" \/><\/a><a href=\"https:\/\/blogsaverroes.juntadeandalucia.es\/iescabeza\/files\/2026\/01\/FRANCES-1024x683-1.jpg\"><img decoding=\"async\" class=\"aligncenter size-medium wp-image-2920\" src=\"https:\/\/blogsaverroes.juntadeandalucia.es\/iescabeza\/files\/2026\/01\/FRANCES-1024x683-1-300x200.jpg\" alt=\"\" width=\"300\" height=\"200\" srcset=\"https:\/\/blogsaverroes.juntadeandalucia.es\/iescabeza\/files\/2026\/01\/FRANCES-1024x683-1-300x200.jpg 300w, https:\/\/blogsaverroes.juntadeandalucia.es\/iescabeza\/files\/2026\/01\/FRANCES-1024x683-1-768x512.jpg 768w, https:\/\/blogsaverroes.juntadeandalucia.es\/iescabeza\/files\/2026\/01\/FRANCES-1024x683-1.jpg 1024w\" sizes=\"(max-width: 300px) 100vw, 300px\" \/><\/a><\/p>\n<h3 style=\"text-align: center\"><a href=\"https:\/\/blogsaverroes.juntadeandalucia.es\/iescabeza\/files\/2026\/01\/INGLES.pdf\" target=\"_blank\" rel=\"noopener\">CRITERIOS DE EVALUACI\u00d3N 25\/26 &#8211; Ingl\u00e9s<\/a><\/h3>\n<h3 style=\"text-align: center\"><a href=\"https:\/\/blogsaverroes.juntadeandalucia.es\/iescabeza\/files\/2026\/01\/FRANCES.pdf\" target=\"_blank\" rel=\"noopener\">CRITERIOS DE EVALUACI\u00d3N 25\/26 &#8211; Franc\u00e9s<\/a><\/h3>\n<h3 style=\"text-align: center\"><a href=\"https:\/\/blogsaverroes.juntadeandalucia.es\/iescabeza\/files\/2026\/01\/ALEMAN-25-26.pdf\" target=\"_blank\" rel=\"noopener\">CRITERIOS DE EVALUACI\u00d3N 25\/26 &#8211; Alem\u00e1n<\/a><\/h3>\n","protected":false},"excerpt":{"rendered":"<p>D\u00f1a. Marta Ben\u00edtez Fern\u00e1ndez-Espartero. (Jefa de Departamento) D\u00f1a. Eva G\u00e1lvez Exp\u00f3sito. (Ingl\u00e9s) D. Jos\u00e9 Luis R\u00edsquez Madridejos.&nbsp;(Ingl\u00e9s) D. Daniel S\u00e1nchez Melero.&nbsp;(Ingl\u00e9s) D. Javier Luis Torres Guti\u00e9rrez. (Ingl\u00e9s &#8211; Alem\u00e1n) D. Jos\u00e9 Torres Mart\u00ednez. (Ingl\u00e9s)&#46;&#46;&#46;<\/p>\n","protected":false},"author":18412,"featured_media":0,"parent":0,"menu_order":0,"comment_status":"closed","ping_status":"closed","template":"","meta":{"ngg_post_thumbnail":0,"footnotes":""},"aioseo_notices":[],"_links":{"self":[{"href":"https:\/\/blogsaverroes.juntadeandalucia.es\/iescabeza\/wp-json\/wp\/v2\/pages\/2193"}],"collection":[{"href":"https:\/\/blogsaverroes.juntadeandalucia.es\/iescabeza\/wp-json\/wp\/v2\/pages"}],"about":[{"href":"https:\/\/blogsaverroes.juntadeandalucia.es\/iescabeza\/wp-json\/wp\/v2\/types\/page"}],"author":[{"embeddable":true,"href":"https:\/\/blogsaverroes.juntadeandalucia.es\/iescabeza\/wp-json\/wp\/v2\/users\/18412"}],"replies":[{"embeddable":true,"href":"https:\/\/blogsaverroes.juntadeandalucia.es\/iescabeza\/wp-json\/wp\/v2\/comments?post=2193"}],"version-history":[{"count":9,"href":"https:\/\/blogsaverroes.juntadeandalucia.es\/iescabeza\/wp-json\/wp\/v2\/pages\/2193\/revisions"}],"predecessor-version":[{"id":2921,"href":"https:\/\/blogsaverroes.juntadeandalucia.es\/iescabeza\/wp-json\/wp\/v2\/pages\/2193\/revisions\/2921"}],"wp:attachment":[{"href":"https:\/\/blogsaverroes.juntadeandalucia.es\/iescabeza\/wp-json\/wp\/v2\/media?parent=2193"}],"curies":[{"name":"wp","href":"https:\/\/api.w.org\/{rel}","templated":true}]}}