{"id":2224,"date":"2025-01-16T18:09:10","date_gmt":"2025-01-16T18:09:10","guid":{"rendered":"https:\/\/blogsaverroes.juntadeandalucia.es\/iescabeza\/?page_id=2224"},"modified":"2026-01-19T09:34:42","modified_gmt":"2026-01-19T09:34:42","slug":"departamento-de-dibujo","status":"publish","type":"page","link":"https:\/\/blogsaverroes.juntadeandalucia.es\/iescabeza\/departamento-de-dibujo\/","title":{"rendered":"Departamento de DIBUJO"},"content":{"rendered":"<ul>\n<li>D\u00f1a. Elisa de Torres Mart\u00ednez. (Jefa de Departamento).<\/li>\n<li>D\u00f1a. Mar\u00eda Teresa G\u00f3mez L\u00f3pez.<\/li>\n<li>D. Jos\u00e9 Reinoso Garc\u00eda.<\/li>\n<li>D\u00f1a. Roc\u00edo Gonz\u00e1lez S\u00e1nchez<\/li>\n<\/ul>\n<p style=\"text-align: center\"><a href=\"https:\/\/blogsaverroes.juntadeandalucia.es\/iescabeza\/files\/2025\/09\/DIBUJO-scaled.jpg\"><img fetchpriority=\"high\" decoding=\"async\" class=\"aligncenter wp-image-2794 \" src=\"https:\/\/blogsaverroes.juntadeandalucia.es\/iescabeza\/files\/2025\/09\/DIBUJO-1024x683.jpg\" alt=\"\" width=\"584\" height=\"390\" srcset=\"https:\/\/blogsaverroes.juntadeandalucia.es\/iescabeza\/files\/2025\/09\/DIBUJO-1024x683.jpg 1024w, https:\/\/blogsaverroes.juntadeandalucia.es\/iescabeza\/files\/2025\/09\/DIBUJO-300x200.jpg 300w, https:\/\/blogsaverroes.juntadeandalucia.es\/iescabeza\/files\/2025\/09\/DIBUJO-768x512.jpg 768w, https:\/\/blogsaverroes.juntadeandalucia.es\/iescabeza\/files\/2025\/09\/DIBUJO-1536x1024.jpg 1536w, https:\/\/blogsaverroes.juntadeandalucia.es\/iescabeza\/files\/2025\/09\/DIBUJO-2048x1365.jpg 2048w\" sizes=\"(max-width: 584px) 100vw, 584px\" \/><\/a><\/p>\n<h3 style=\"text-align: center\"><a href=\"https:\/\/blogsaverroes.juntadeandalucia.es\/iescabeza\/files\/2026\/01\/Dpto.-Dibujo-25-26.pdf\" target=\"_blank\" rel=\"noopener\">CRITERIOS DE EVALUACI\u00d3N 25\/26<\/a><\/h3>\n","protected":false},"excerpt":{"rendered":"<p>D\u00f1a. Elisa de Torres Mart\u00ednez. (Jefa de Departamento). D\u00f1a. Mar\u00eda Teresa G\u00f3mez L\u00f3pez. D. Jos\u00e9 Reinoso Garc\u00eda. D\u00f1a. Roc\u00edo Gonz\u00e1lez S\u00e1nchez CRITERIOS DE EVALUACI\u00d3N 25\/26<\/p>\n","protected":false},"author":18412,"featured_media":0,"parent":0,"menu_order":0,"comment_status":"closed","ping_status":"closed","template":"","meta":{"ngg_post_thumbnail":0,"footnotes":""},"aioseo_notices":[],"_links":{"self":[{"href":"https:\/\/blogsaverroes.juntadeandalucia.es\/iescabeza\/wp-json\/wp\/v2\/pages\/2224"}],"collection":[{"href":"https:\/\/blogsaverroes.juntadeandalucia.es\/iescabeza\/wp-json\/wp\/v2\/pages"}],"about":[{"href":"https:\/\/blogsaverroes.juntadeandalucia.es\/iescabeza\/wp-json\/wp\/v2\/types\/page"}],"author":[{"embeddable":true,"href":"https:\/\/blogsaverroes.juntadeandalucia.es\/iescabeza\/wp-json\/wp\/v2\/users\/18412"}],"replies":[{"embeddable":true,"href":"https:\/\/blogsaverroes.juntadeandalucia.es\/iescabeza\/wp-json\/wp\/v2\/comments?post=2224"}],"version-history":[{"count":5,"href":"https:\/\/blogsaverroes.juntadeandalucia.es\/iescabeza\/wp-json\/wp\/v2\/pages\/2224\/revisions"}],"predecessor-version":[{"id":2937,"href":"https:\/\/blogsaverroes.juntadeandalucia.es\/iescabeza\/wp-json\/wp\/v2\/pages\/2224\/revisions\/2937"}],"wp:attachment":[{"href":"https:\/\/blogsaverroes.juntadeandalucia.es\/iescabeza\/wp-json\/wp\/v2\/media?parent=2224"}],"curies":[{"name":"wp","href":"https:\/\/api.w.org\/{rel}","templated":true}]}}