{"id":2226,"date":"2025-01-16T18:10:05","date_gmt":"2025-01-16T18:10:05","guid":{"rendered":"https:\/\/blogsaverroes.juntadeandalucia.es\/iescabeza\/?page_id=2226"},"modified":"2026-01-12T15:26:40","modified_gmt":"2026-01-12T15:26:40","slug":"departamento-de-tecnologia","status":"publish","type":"page","link":"https:\/\/blogsaverroes.juntadeandalucia.es\/iescabeza\/departamento-de-tecnologia\/","title":{"rendered":"Departamento de TECNOLOG\u00cdA"},"content":{"rendered":"<ul>\n<li>D\u00f1a. G\u00f3mez Serrano, Francisco. (Jefe de Departamento).<\/li>\n<li>D. Guti\u00e9rrez Garz\u00f3n, Jos\u00e9 Nicol\u00e1s<\/li>\n<\/ul>\n<p style=\"text-align: center\"><a href=\"https:\/\/blogsaverroes.juntadeandalucia.es\/iescabeza\/files\/2025\/09\/TECNOLOGIA-scaled.jpg\"><img fetchpriority=\"high\" decoding=\"async\" class=\"aligncenter wp-image-2789 \" src=\"https:\/\/blogsaverroes.juntadeandalucia.es\/iescabeza\/files\/2025\/09\/TECNOLOGIA-1024x683.jpg\" alt=\"\" width=\"638\" height=\"425\" srcset=\"https:\/\/blogsaverroes.juntadeandalucia.es\/iescabeza\/files\/2025\/09\/TECNOLOGIA-1024x683.jpg 1024w, https:\/\/blogsaverroes.juntadeandalucia.es\/iescabeza\/files\/2025\/09\/TECNOLOGIA-300x200.jpg 300w, https:\/\/blogsaverroes.juntadeandalucia.es\/iescabeza\/files\/2025\/09\/TECNOLOGIA-768x512.jpg 768w, https:\/\/blogsaverroes.juntadeandalucia.es\/iescabeza\/files\/2025\/09\/TECNOLOGIA-1536x1024.jpg 1536w, https:\/\/blogsaverroes.juntadeandalucia.es\/iescabeza\/files\/2025\/09\/TECNOLOGIA-2048x1365.jpg 2048w\" sizes=\"(max-width: 638px) 100vw, 638px\" \/><\/a><\/p>\n<h3 style=\"text-align: center\"><a href=\"https:\/\/blogsaverroes.juntadeandalucia.es\/iescabeza\/files\/2026\/01\/TECNOLOGIA-25-26.pdf\" target=\"_blank\" rel=\"noopener\">CRITERIOS DE EVALUACI\u00d3N 25\/26<\/a><\/h3>\n","protected":false},"excerpt":{"rendered":"<p>D\u00f1a. G\u00f3mez Serrano, Francisco. (Jefe de Departamento). D. Guti\u00e9rrez Garz\u00f3n, Jos\u00e9 Nicol\u00e1s CRITERIOS DE EVALUACI\u00d3N 25\/26<\/p>\n","protected":false},"author":18412,"featured_media":0,"parent":0,"menu_order":0,"comment_status":"closed","ping_status":"closed","template":"","meta":{"ngg_post_thumbnail":0,"footnotes":""},"aioseo_notices":[],"_links":{"self":[{"href":"https:\/\/blogsaverroes.juntadeandalucia.es\/iescabeza\/wp-json\/wp\/v2\/pages\/2226"}],"collection":[{"href":"https:\/\/blogsaverroes.juntadeandalucia.es\/iescabeza\/wp-json\/wp\/v2\/pages"}],"about":[{"href":"https:\/\/blogsaverroes.juntadeandalucia.es\/iescabeza\/wp-json\/wp\/v2\/types\/page"}],"author":[{"embeddable":true,"href":"https:\/\/blogsaverroes.juntadeandalucia.es\/iescabeza\/wp-json\/wp\/v2\/users\/18412"}],"replies":[{"embeddable":true,"href":"https:\/\/blogsaverroes.juntadeandalucia.es\/iescabeza\/wp-json\/wp\/v2\/comments?post=2226"}],"version-history":[{"count":5,"href":"https:\/\/blogsaverroes.juntadeandalucia.es\/iescabeza\/wp-json\/wp\/v2\/pages\/2226\/revisions"}],"predecessor-version":[{"id":2926,"href":"https:\/\/blogsaverroes.juntadeandalucia.es\/iescabeza\/wp-json\/wp\/v2\/pages\/2226\/revisions\/2926"}],"wp:attachment":[{"href":"https:\/\/blogsaverroes.juntadeandalucia.es\/iescabeza\/wp-json\/wp\/v2\/media?parent=2226"}],"curies":[{"name":"wp","href":"https:\/\/api.w.org\/{rel}","templated":true}]}}